{"id":1750,"date":"2023-11-12T17:50:12","date_gmt":"2023-11-12T16:50:12","guid":{"rendered":"https:\/\/medi-smile.com\/medi-smile-24\/?page_id=1750"},"modified":"2024-08-11T08:25:07","modified_gmt":"2024-08-11T06:25:07","slug":"aligner-therapie","status":"publish","type":"page","link":"https:\/\/medi-smile.com\/de\/schoene-zaehne\/aligner-therapie","title":{"rendered":"Aligner-Therapie"},"content":{"rendered":"<p><section data-bb-version=\"4.7.6\" id=\"bt_bb_section69dac38b6c64e\" class=\"bt_bb_section bt_bb_color_scheme_1 bt_bb_layout_boxed_1200 bt_bb_vertical_align_top bt_bb_background_overlay_alternate_solid bt_bb_top_spacing_none bt_bb_bottom_spacing_none bt_bb_section_show_left_boxed_content\" style=\"; --section-primary-color:#ffffff; --section-secondary-color:#191919;;background-color:rgb(12,153,77);\" data-bt-override-class=\"{&quot;bt_bb_top_spacing_&quot;:{&quot;current_class&quot;:&quot;bt_bb_top_spacing_none&quot;,&quot;def&quot;:&quot;none&quot;},&quot;bt_bb_bottom_spacing_&quot;:{&quot;current_class&quot;:&quot;bt_bb_bottom_spacing_none&quot;,&quot;def&quot;:&quot;none&quot;}}\"><div class=\"bt_bb_port\"><div class=\"bt_bb_cell\"><div class=\"bt_bb_cell_inner\"><div class=\"bt_bb_row  bt_bb_column_gap_25\" style=\"; --column-gap:25px;\" data-bt-override-class=\"{}\"><div class=\"bt_bb_row_holder\" ><div data-bb-version=\"4.7.6\"  class=\"bt_bb_column col-xxl-6 col-xl-6 bt_bb_vertical_align_middle bt_bb_align_left bt_bb_padding_double bt_bb_animation_fade_in animate\" style=\"background-color:rgba(0,219,255,0.63);\" data-width=\"6\" data-bt-override-class=\"{&quot;bt_bb_align_&quot;:{&quot;current_class&quot;:&quot;bt_bb_align_left&quot;,&quot;def&quot;:&quot;left&quot;},&quot;bt_bb_padding_&quot;:{&quot;current_class&quot;:&quot;bt_bb_padding_double&quot;,&quot;def&quot;:&quot;double&quot;}}\"><div class=\"bt_bb_column_content\"><div class=\"bt_bb_separator bt_bb_border_style_none bt_bb_top_spacing_small bt_bb_bottom_spacing_normal\" data-bt-override-class=\"null\"><\/div><div data-bb-version=\"4.7.6\"  class=\"bt_bb_text content-pre\" ><\/p>\n<p>MEDISMILE Budapest<\/p>\n<p>\n<\/div><header data-bb-version=\"4.7.6\" class=\"bt_bb_headline content-h1 bt_bb_font_weight_bolder bt_bb_subheadline_text_transform_default bt_bb_dash_none bt_bb_size_huge bt_bb_align_inherit bt_bb_dash_type_none content-h1\" data-bt-override-class=\"{&quot;bt_bb_size_&quot;:{&quot;current_class&quot;:&quot;bt_bb_size_huge&quot;,&quot;def&quot;:&quot;huge&quot;},&quot;bt_bb_align_&quot;:{&quot;current_class&quot;:&quot;bt_bb_align_inherit&quot;,&quot;def&quot;:&quot;inherit&quot;}}\"><h1 class=\"bt_bb_headline_tag\"><span class=\"bt_bb_headline_content\"><span>Aligner-Therapie<\/span><\/span><\/h1><\/header><div class=\"bt_bb_separator bt_bb_border_style_none bt_bb_bottom_spacing_small\" data-bt-override-class=\"null\"><\/div><header data-bb-version=\"4.7.6\" class=\"bt_bb_headline content-h2 bt_bb_font_weight_bolder bt_bb_subheadline_text_transform_default bt_bb_dash_none bt_bb_size_huge bt_bb_align_inherit bt_bb_dash_type_none content-h2\" data-bt-override-class=\"{&quot;bt_bb_size_&quot;:{&quot;current_class&quot;:&quot;bt_bb_size_huge&quot;,&quot;def&quot;:&quot;huge&quot;},&quot;bt_bb_align_&quot;:{&quot;current_class&quot;:&quot;bt_bb_align_inherit&quot;,&quot;def&quot;:&quot;inherit&quot;}}\"><h2 class=\"bt_bb_headline_tag\"><span class=\"bt_bb_headline_content\"><span>Aligner-Therapie \u2013 die unsichtbare Zahnkorrektur ganz ohne Klammern, Schrauben oder Brackets<\/span><\/span><\/h2><\/header><\/div><\/div><div data-bb-version=\"4.7.6\"  class=\"bt_bb_column col-xxl-6 col-xl-6 bt_bb_vertical_align_middle bt_bb_align_left btLazyLoadBackground bt_bb_column_background_image bt_bb_mobile_align_to_both_edges bt_bb_padding_normal bt_bb_animation_fade_in animate\" style=\"padding: 0;background-image:url(&#039;https:\/\/medi-smile.com\/wp-content\/plugins\/bold-page-builder\/img\/blank.gif&#039;);\" data-background_image_src='https:\/\/medi-smile.com\/wp-content\/uploads\/2023\/11\/Aligner-Therapie-Zahnkorrektur-Medi-Smile-Budapest-Ungarn.jpg' data-width=\"6\" data-bt-override-class=\"{&quot;bt_bb_align_&quot;:{&quot;current_class&quot;:&quot;bt_bb_align_left&quot;,&quot;def&quot;:&quot;left&quot;},&quot;bt_bb_padding_&quot;:{&quot;current_class&quot;:&quot;bt_bb_padding_normal&quot;,&quot;def&quot;:&quot;normal&quot;}}\"><div class=\"bt_bb_column_content\"><div class=\"bt_bb_separator bt_bb_border_style_none bt_bb_top_spacing_extra_large bt_bb_bottom_spacing_extra_large\" data-bt-override-class=\"null\"><\/div><div class=\"bt_bb_separator bt_bb_border_style_none bt_bb_top_spacing_extra_large bt_bb_bottom_spacing_extra_large\" data-bt-override-class=\"null\"><\/div><\/div><\/div><\/div><\/div><\/div><!-- cell_inner --><\/div><!-- cell --><\/div><!-- port --><\/section><section data-bb-version=\"4.7.6\" id=\"bt_bb_section69dac38b6cfc1\" class=\"bt_bb_section bt_bb_layout_boxed_1200 bt_bb_vertical_align_top bt_bb_top_spacing_none bt_bb_bottom_spacing_none\" style=\"z-index: 2;;background-color:rgb(252,253,255);background-size:100% auto;\" data-bt-override-class=\"{&quot;bt_bb_top_spacing_&quot;:{&quot;current_class&quot;:&quot;bt_bb_top_spacing_none&quot;,&quot;def&quot;:&quot;none&quot;},&quot;bt_bb_bottom_spacing_&quot;:{&quot;current_class&quot;:&quot;bt_bb_bottom_spacing_none&quot;,&quot;def&quot;:&quot;none&quot;}}\"><div class=\"bt_bb_port\"><div class=\"bt_bb_cell\"><div class=\"bt_bb_cell_inner\"><div class=\"bt_bb_row  bt_bb_column_gap_25\" style=\"margin-top: -3em;; --column-gap:25px;\" data-bt-override-class=\"{}\"><div class=\"bt_bb_row_holder\" ><div  class=\"bt_bb_column col-xxl-8 col-xl-8 bt_bb_vertical_align_top bt_bb_align_left bt_bb_padding_normal bt_bb_animation_fade_in animate\"  data-width=\"8\" data-bt-override-class=\"{}\"><div class=\"bt_bb_column_content\"><div data-bb-version=\"4.7.6\" class=\"bt_bb_separator bt_bb_border_style_none bt_bb_top_spacing_normal bt_bb_bottom_spacing_normal\" data-bt-override-class=\"{&quot;bt_bb_top_spacing_&quot;:{&quot;current_class&quot;:&quot;bt_bb_top_spacing_normal&quot;,&quot;def&quot;:&quot;normal&quot;},&quot;bt_bb_bottom_spacing_&quot;:{&quot;current_class&quot;:&quot;bt_bb_bottom_spacing_normal&quot;,&quot;def&quot;:&quot;normal&quot;}}\"><\/div><header data-bb-version=\"4.7.6\" class=\"bt_bb_headline content-h3 bt_bb_font_weight_bolder bt_bb_subheadline_text_transform_default bt_bb_color_scheme_17 bt_bb_dash_none bt_bb_size_large bt_bb_align_inherit bt_bb_dash_type_none content-h3\" style=\"; --primary-color:#353535; --secondary-color:#d6a82a;\" data-bt-override-class=\"{&quot;bt_bb_size_&quot;:{&quot;current_class&quot;:&quot;bt_bb_size_large&quot;,&quot;def&quot;:&quot;large&quot;},&quot;bt_bb_align_&quot;:{&quot;current_class&quot;:&quot;bt_bb_align_inherit&quot;,&quot;def&quot;:&quot;inherit&quot;}}\"><h3 class=\"bt_bb_headline_tag\"><span class=\"bt_bb_headline_content\"><span><small>Was genau ist<\/small><br \/><br \/>\nAligner-Therapie?<\/span><\/span><\/h3><\/header><div class=\"bt_bb_separator bt_bb_border_style_none bt_bb_bottom_spacing_small\" data-bt-override-class=\"null\"><\/div><div  class=\"bt_bb_text\" ><\/p>\n<p>Die Aligner-Therapie ist eine innovative und sanfte Methode, um ein perfektes und harmonisches Zahnbild zu erzielen. Bei dieser modernen Form der Zahnkorrektur nutzen wir durchsichtige, ma\u00dfgefertigte Schienen, um die Z\u00e4hne diskret und komfortabel in die ideale Position zu bewegen.<\/p>\n<p>Im Gegensatz zu herk\u00f6mmlichen Zahnspangen bieten Aligner eine nahezu unsichtbare L\u00f6sung, die sich perfekt in Ihren Alltag integrieren l\u00e4sst. Sie k\u00f6nnen die Schienen zum Essen, Trinken, Z\u00e4hneputzen und f\u00fcr besondere Anl\u00e4sse einfach herausnehmen.<\/p>\n<p>Das Verfahren beginnt mit einer detaillierten Untersuchung und digitalen Abbildung Ihrer Z\u00e4hne. Basierend darauf werden individuelle Aligner in unserem hauseigenen Labor angefertigt, die Schritt f\u00fcr Schritt Ihre Z\u00e4hne sanft in die gew\u00fcnschte Position f\u00fchren. Jedes Aligner-Set wird f\u00fcr eine bestimmte Zeit getragen, bevor zum n\u00e4chsten \u00fcbergegangen wird, um den Prozess fortzusetzen.<\/p>\n<p>\n<\/div><div class=\"bt_bb_separator bt_bb_border_style_none bt_bb_top_spacing_extra_small bt_bb_bottom_spacing_small\" data-bt-override-class=\"null\"><\/div><div data-bb-version=\"4.7.6\" class=\"bt_bb_css_image_grid bt_bb_columns_2 bt_bb_gap_normal bt_bb_shape_inherit bt_bb_no_lightbox\" data-columns=\"2\"><div class=\"bt_bb_css_image_grid_content\"><div class=\"bt_bb_css_image_grid_item bt_bb_tile_format_11\" data-src-full=\"https:\/\/medi-smile.com\/wp-content\/uploads\/2023\/11\/Zahnkorrektur-Einsatz-Medi-Smile-Budapest-Ungarn.jpg\" title=\"Zahnkorrektur - Einsatz - MEDI-SMILE - Budapest - Ungarn\"><div class=\"bt_bb_css_image_grid_item_inner\"><div class=\"bt_bb_css_image_grid_item_inner_image\"><img decoding=\"async\" src=\"https:\/\/medi-smile.com\/wp-content\/uploads\/2023\/11\/Zahnkorrektur-Einsatz-Medi-Smile-Budapest-Ungarn.jpg\" data-src-full=\"https:\/\/medi-smile.com\/wp-content\/uploads\/2023\/11\/Zahnkorrektur-Einsatz-Medi-Smile-Budapest-Ungarn.jpg\" title=\"Zahnkorrektur - Einsatz - MEDI-SMILE - Budapest - Ungarn\" alt=\"Zahnkorrektur - Einsatz - MEDI-SMILE - Budapest - Ungarn\"\/><\/div><div class=\"bt_bb_css_image_grid_item_inner_content\"><\/div><\/div><\/div><div class=\"bt_bb_css_image_grid_item bt_bb_tile_format_11\" data-src-full=\"https:\/\/medi-smile.com\/wp-content\/uploads\/2023\/11\/Zahnkorrektur-Gebiss-Medi-Smile-Budapest-Ungarn.jpg\" title=\"Zahnkorrektur - Gebiss - MEDI-SMILE - Budapest - Ungarn\"><div class=\"bt_bb_css_image_grid_item_inner\"><div class=\"bt_bb_css_image_grid_item_inner_image\"><img decoding=\"async\" src=\"https:\/\/medi-smile.com\/wp-content\/uploads\/2023\/11\/Zahnkorrektur-Gebiss-Medi-Smile-Budapest-Ungarn.jpg\" data-src-full=\"https:\/\/medi-smile.com\/wp-content\/uploads\/2023\/11\/Zahnkorrektur-Gebiss-Medi-Smile-Budapest-Ungarn.jpg\" title=\"Zahnkorrektur - Gebiss - MEDI-SMILE - Budapest - Ungarn\" alt=\"Zahnkorrektur - Gebiss - MEDI-SMILE - Budapest - Ungarn\"\/><\/div><div class=\"bt_bb_css_image_grid_item_inner_content\"><\/div><\/div><\/div><\/div><\/div><div class=\"bt_bb_separator bt_bb_border_style_none bt_bb_top_spacing_extra_small bt_bb_bottom_spacing_small\" data-bt-override-class=\"null\"><\/div><header data-bb-version=\"4.7.6\" class=\"bt_bb_headline content-h4 bt_bb_font_weight_bolder bt_bb_subheadline_text_transform_default bt_bb_color_scheme_17 bt_bb_dash_none bt_bb_size_normal bt_bb_align_inherit bt_bb_dash_type_none content-h4\" style=\"; --primary-color:#353535; --secondary-color:#d6a82a;\" data-bt-override-class=\"{&quot;bt_bb_size_&quot;:{&quot;current_class&quot;:&quot;bt_bb_size_normal&quot;,&quot;def&quot;:&quot;normal&quot;},&quot;bt_bb_align_&quot;:{&quot;current_class&quot;:&quot;bt_bb_align_inherit&quot;,&quot;def&quot;:&quot;inherit&quot;}}\"><h4 class=\"bt_bb_headline_tag\"><span class=\"bt_bb_headline_content\"><span>Aligner-Therapie: Sch\u00f6ne Z\u00e4hne, die auch Ihrer Gesundheit dienen<\/span><\/span><\/h4><\/header><div class=\"bt_bb_separator bt_bb_border_style_none bt_bb_bottom_spacing_small\" data-bt-override-class=\"null\"><\/div><div class=\" bt_bb_row_inner\"   data-bt-override-class=\"{}\"><div class=\"bt_bb_row_inner_holder\"  ><div  class=\"bt_bb_column_inner col-xxl-12 col-xl-12 col-xs-12 col-sm-12 col-md-12 col-lg-12 bt_bb_align_left bt_bb_vertical_align_top\"  data-width=\"12\" data-bt-override-class=\"{}\"><div class=\"bt_bb_column_inner_content\"><div  class=\"bt_bb_text\" ><\/p>\n<p>Neben dem \u00e4sthetischen Vorteil eines geraden Gebisses verbessert die Aligner-Therapie auch Ihre orale Gesundheit. Gerade Z\u00e4hne lassen sich einfacher reinigen und verringern das Risiko von Karies und Zahnfleischerkrankungen.<\/p>\n<p>Die Aligner-Therapie ist eine hervorragende Option f\u00fcr Erwachsene und Jugendliche, die Wert auf \u00c4sthetik und Komfort legen. Mit dieser Methode k\u00f6nnen Sie Ihre Z\u00e4hne korrigieren, ohne dass es andere bemerken. Freuen Sie sich auf ein strahlendes L\u00e4cheln und das Selbstvertrauen, das es mit sich bringt.<\/p>\n<p>Lassen Sie sich von uns beraten, um zu erfahren, ob die Aligner-Therapie f\u00fcr Sie geeignet ist. Gemeinsam verwirklichen wir Ihren Traum von einem perfekten L\u00e4cheln!<\/p>\n<p>\n<\/div><div class=\"bt_bb_column_inner_highlight\"><\/div><\/div><\/div><\/div><\/div><div class=\"bt_bb_separator bt_bb_border_style_none bt_bb_bottom_spacing_small\" data-bt-override-class=\"null\"><\/div><div data-bb-version=\"4.7.6\" class=\"bt_bb_separator bt_bb_border_style_none bt_bb_top_spacing_normal bt_bb_bottom_spacing_large\" data-bt-override-class=\"{&quot;bt_bb_top_spacing_&quot;:{&quot;current_class&quot;:&quot;bt_bb_top_spacing_normal&quot;,&quot;def&quot;:&quot;normal&quot;},&quot;bt_bb_bottom_spacing_&quot;:{&quot;current_class&quot;:&quot;bt_bb_bottom_spacing_large&quot;,&quot;def&quot;:&quot;large&quot;}}\"><\/div><\/div><\/div><div data-bb-version=\"4.7.6\"  class=\"bt_bb_column col-xxl-4 col-xl-4 bt_bb_vertical_align_top bt_bb_align_left bt_bb_padding_normal bt_bb_animation_fade_in animate\"  data-width=\"4\" data-bt-override-class=\"{&quot;bt_bb_align_&quot;:{&quot;current_class&quot;:&quot;bt_bb_align_left&quot;,&quot;def&quot;:&quot;left&quot;},&quot;bt_bb_padding_&quot;:{&quot;current_class&quot;:&quot;bt_bb_padding_normal&quot;,&quot;def&quot;:&quot;normal&quot;}}\"><div class=\"bt_bb_column_content\"><div class=\" bt_bb_row_inner\"   data-bt-override-class=\"{}\"><div class=\"bt_bb_row_inner_holder\"  ><div data-bb-version=\"4.7.6\"  class=\"bt_bb_column_inner col-xxl-12 col-xl-12 btDarkSkin bt_bb_align_left bt_bb_vertical_align_top bt_bb_padding_text_indent\" style=\"background-color:rgb(242,242,242);\" data-width=\"12\" data-bt-override-class=\"{&quot;bt_bb_align_&quot;:{&quot;current_class&quot;:&quot;bt_bb_align_left&quot;,&quot;def&quot;:&quot;left&quot;},&quot;bt_bb_padding_&quot;:{&quot;current_class&quot;:&quot;bt_bb_padding_text_indent&quot;,&quot;def&quot;:&quot;text_indent&quot;}}\"><div class=\"bt_bb_column_inner_content\"><div class=\"bt_bb_separator bt_bb_border_style_none bt_bb_bottom_spacing_normal\" data-bt-override-class=\"null\"><\/div><header data-bb-version=\"4.7.6\" class=\"bt_bb_headline bt_bb_subheadline_text_transform_default bt_bb_dash_bottom bt_bb_size_normal bt_bb_align_inherit bt_bb_dash_type_none\" data-bt-override-class=\"{&quot;bt_bb_size_&quot;:{&quot;current_class&quot;:&quot;bt_bb_size_normal&quot;,&quot;def&quot;:&quot;normal&quot;},&quot;bt_bb_align_&quot;:{&quot;current_class&quot;:&quot;bt_bb_align_inherit&quot;,&quot;def&quot;:&quot;inherit&quot;}}\"><h4 class=\"bt_bb_headline_tag\"><span class=\"bt_bb_headline_content\"><span>Sch\u00f6ne Z\u00e4hne<\/span><\/span><\/h4><\/header><div class=\"bt_bb_separator bt_bb_border_style_none bt_bb_bottom_spacing_small\" data-bt-override-class=\"null\"><\/div><div data-bb-version=\"4.7.6\" class=\"bt_bb_custom_menu btMenuAsInSidebar sidenav bt_bb_direction_vertical\"><div class=\"menu-schoene-zaehne-container\"><ul id=\"menu-schoene-zaehne\" class=\"menu\"><li id=\"menu-item-4237\" class=\"menu-item menu-item-type-post_type menu-item-object-page menu-item-has-children menu-item-4237\"><a href=\"https:\/\/medi-smile.com\/de\/schoene-zaehne\">Sch\u00f6ne Z\u00e4hne<\/a>\n<ul class=\"sub-menu\">\n\t<li id=\"menu-item-2613\" class=\"menu-item menu-item-type-post_type menu-item-object-page menu-item-2613\"><a href=\"https:\/\/medi-smile.com\/de\/schoene-zaehne\/aligner-therapie\">Aligner-Therapie<\/a><\/li>\n\t<li id=\"menu-item-2612\" class=\"menu-item menu-item-type-post_type menu-item-object-page menu-item-2612\"><a href=\"https:\/\/medi-smile.com\/de\/schoene-zaehne\/bleaching\">Bleaching<\/a><\/li>\n\t<li id=\"menu-item-1718\" class=\"menu-item menu-item-type-post_type menu-item-object-page menu-item-1718\"><a href=\"https:\/\/medi-smile.com\/de\/schoene-zaehne\/veneers\">Veneers<\/a><\/li>\n<\/ul>\n<\/li>\n<\/ul><\/div><\/div><div class=\"bt_bb_separator bt_bb_border_style_none bt_bb_bottom_spacing_normal\" data-bt-override-class=\"null\"><\/div><div class=\"bt_bb_column_inner_highlight\"><\/div><\/div><\/div><\/div><\/div><div class=\"bt_bb_separator bt_bb_border_style_none bt_bb_bottom_spacing_normal\" data-bt-override-class=\"null\"><\/div><div data-bb-version=\"4.7.6\" class=\" bt_bb_row_inner sidecontact\"   data-bt-override-class=\"{}\"><div class=\"bt_bb_row_inner_holder\"  ><div  class=\"bt_bb_column_inner col-xxl-12 col-xl-12 bt_bb_align_left bt_bb_vertical_align_top bt_bb_padding_text_indent\" style=\"box-shadow: 0 0 0 8px #f2f2f2 inset;\" data-width=\"12\" data-bt-override-class=\"{}\"><div class=\"bt_bb_column_inner_content\"><div class=\"bt_bb_separator bt_bb_border_style_none bt_bb_bottom_spacing_normal\" data-bt-override-class=\"null\"><\/div><header data-bb-version=\"4.7.6\" class=\"bt_bb_headline bt_bb_subheadline_text_transform_default bt_bb_color_scheme_3 bt_bb_dash_none bt_bb_size_normal bt_bb_align_inherit bt_bb_dash_type_none\" style=\"; --primary-color:#d6a82a; --secondary-color:#191919;\" data-bt-override-class=\"{&quot;bt_bb_size_&quot;:{&quot;current_class&quot;:&quot;bt_bb_size_normal&quot;,&quot;def&quot;:&quot;normal&quot;},&quot;bt_bb_align_&quot;:{&quot;current_class&quot;:&quot;bt_bb_align_inherit&quot;,&quot;def&quot;:&quot;inherit&quot;}}\"><h4 class=\"bt_bb_headline_tag\"><span class=\"bt_bb_headline_content\"><span>Kontaktieren Sie uns<\/span><\/span><\/h4><\/header><div class=\"bt_bb_separator bt_bb_border_style_solid bt_bb_top_spacing_small bt_bb_bottom_spacing_small\" data-bt-override-class=\"null\"><\/div><div data-bb-version=\"4.7.6\" class=\"bt_bb_service bt_bb_color_scheme_7 bt_bb_style_borderless bt_bb_size_xlarge bt_bb_shape_circle bt_bb_target_self bt_bb_align_inherit\" style=\"; --primary-color:#353535; --secondary-color:#191919;\" data-bt-override-class=\"{&quot;bt_bb_size_&quot;:{&quot;current_class&quot;:&quot;bt_bb_size_xlarge&quot;,&quot;def&quot;:&quot;xlarge&quot;},&quot;bt_bb_align_&quot;:{&quot;current_class&quot;:&quot;bt_bb_align_inherit&quot;,&quot;def&quot;:&quot;inherit&quot;}}\"><a href=\"tel:0036301016510\"  target=\"_self\"  title=\"0036 (0) 30 101 6510\"  data-ico-dentistry=\"&#xe92c;\" class=\"bt_bb_icon_holder\"><\/a><div class=\"bt_bb_service_content\"><div class=\"bt_bb_service_content_title\"><a href=\"tel:0036301016510\" target=\"_self\" title=\"0036 (0) 30 101 6510\">0036 (0) 30 101 6510<\/a><\/div><div class=\"bt_bb_service_content_text\">MEDISMILE-Hotline<\/div><\/div><\/div><div class=\"bt_bb_separator bt_bb_border_style_solid bt_bb_top_spacing_small bt_bb_bottom_spacing_small\" data-bt-override-class=\"null\"><\/div><div data-bb-version=\"4.7.6\" class=\"bt_bb_service bt_bb_color_scheme_7 bt_bb_style_borderless bt_bb_size_xlarge bt_bb_shape_circle bt_bb_target_self bt_bb_align_inherit\" style=\"; --primary-color:#353535; --secondary-color:#191919;\" data-bt-override-class=\"{&quot;bt_bb_size_&quot;:{&quot;current_class&quot;:&quot;bt_bb_size_xlarge&quot;,&quot;def&quot;:&quot;xlarge&quot;},&quot;bt_bb_align_&quot;:{&quot;current_class&quot;:&quot;bt_bb_align_inherit&quot;,&quot;def&quot;:&quot;inherit&quot;}}\"><a href=\"mailto:info@medi-smile.com\"  target=\"_self\"  title=\"info@medi-smile.com\"  data-ico-icon7stroke=\"&#xe63b;\" class=\"bt_bb_icon_holder\"><\/a><div class=\"bt_bb_service_content\"><div class=\"bt_bb_service_content_title\"><a href=\"mailto:info@medi-smile.com\" target=\"_self\" title=\"info@medi-smile.com\">info@medi-smile.com<\/a><\/div><div class=\"bt_bb_service_content_text\">E-Mail<\/div><\/div><\/div><div class=\"bt_bb_separator bt_bb_border_style_none bt_bb_bottom_spacing_normal\" data-bt-override-class=\"null\"><\/div><div class=\"bt_bb_column_inner_highlight\"><\/div><\/div><\/div><\/div><\/div><\/div><\/div><\/div><\/div><\/div><!-- cell_inner --><\/div><!-- cell --><\/div><!-- port --><\/section><\/p>\n","protected":false},"excerpt":{"rendered":"","protected":false},"author":1,"featured_media":0,"parent":1722,"menu_order":2,"comment_status":"closed","ping_status":"closed","template":"","meta":{"footnotes":""},"class_list":["post-1750","page","type-page","status-publish","hentry"],"_links":{"self":[{"href":"https:\/\/medi-smile.com\/de\/wp-json\/wp\/v2\/pages\/1750","targetHints":{"allow":["GET"]}}],"collection":[{"href":"https:\/\/medi-smile.com\/de\/wp-json\/wp\/v2\/pages"}],"about":[{"href":"https:\/\/medi-smile.com\/de\/wp-json\/wp\/v2\/types\/page"}],"author":[{"embeddable":true,"href":"https:\/\/medi-smile.com\/de\/wp-json\/wp\/v2\/users\/1"}],"replies":[{"embeddable":true,"href":"https:\/\/medi-smile.com\/de\/wp-json\/wp\/v2\/comments?post=1750"}],"version-history":[{"count":10,"href":"https:\/\/medi-smile.com\/de\/wp-json\/wp\/v2\/pages\/1750\/revisions"}],"predecessor-version":[{"id":4844,"href":"https:\/\/medi-smile.com\/de\/wp-json\/wp\/v2\/pages\/1750\/revisions\/4844"}],"up":[{"embeddable":true,"href":"https:\/\/medi-smile.com\/de\/wp-json\/wp\/v2\/pages\/1722"}],"wp:attachment":[{"href":"https:\/\/medi-smile.com\/de\/wp-json\/wp\/v2\/media?parent=1750"}],"curies":[{"name":"wp","href":"https:\/\/api.w.org\/{rel}","templated":true}]}}