{"id":2245,"date":"2023-11-19T12:37:41","date_gmt":"2023-11-19T11:37:41","guid":{"rendered":"https:\/\/medi-smile.com\/medi-smile-24?page_id=2245"},"modified":"2024-08-11T08:58:50","modified_gmt":"2024-08-11T06:58:50","slug":"augenbrauenlifting","status":"publish","type":"page","link":"https:\/\/medi-smile.com\/de\/gesichtsaesthetik\/chirurgische-liftings\/augenbrauenlifting","title":{"rendered":"Augenbrauenlifting"},"content":{"rendered":"<p><section data-bb-version=\"4.7.6\" id=\"bt_bb_section69ea35acc874b\" class=\"bt_bb_section bt_bb_color_scheme_1 bt_bb_layout_boxed_1200 bt_bb_vertical_align_top bt_bb_background_overlay_alternate_solid bt_bb_top_spacing_none bt_bb_bottom_spacing_none bt_bb_section_show_left_boxed_content\" style=\"; --section-primary-color:#ffffff; --section-secondary-color:#191919;;background-color:rgb(153,129,12);\" data-bt-override-class=\"{&quot;bt_bb_top_spacing_&quot;:{&quot;current_class&quot;:&quot;bt_bb_top_spacing_none&quot;,&quot;def&quot;:&quot;none&quot;},&quot;bt_bb_bottom_spacing_&quot;:{&quot;current_class&quot;:&quot;bt_bb_bottom_spacing_none&quot;,&quot;def&quot;:&quot;none&quot;}}\"><div class=\"bt_bb_background_image_holder_wrapper\"><div class=\"bt_bb_background_image_holder btLazyLoadBackground\"  data-background_image_src=\"https:\/\/medi-smile.com\/wp-content\/uploads\/2023\/11\/Gesicht-Aesthetik-Lifting-Medismile-Budapest-Ungarn.jpg\" data-parallax-zoom-start=\"1\" data-parallax-zoom-end=\"1\" data-parallax-blur-start=\"0\" data-parallax-blur-end=\"0\" data-parallax-opacity-start=\"1\" data-parallax-opacity-end=\"1\" style=\" background-image: url(&#039;https:\/\/medi-smile.com\/wp-content\/plugins\/bold-page-builder\/img\/blank.gif&#039;);\"><\/div><\/div><div class=\"bt_bb_port\"><div class=\"bt_bb_cell\"><div class=\"bt_bb_cell_inner\"><div class=\"bt_bb_row  bt_bb_column_gap_25\" style=\"; --column-gap:25px;\" data-bt-override-class=\"{}\"><div class=\"bt_bb_row_holder\" ><div data-bb-version=\"4.7.6\"  class=\"bt_bb_column col-xxl-6 col-xl-6 bt_bb_vertical_align_middle bt_bb_align_left btLazyLoadBackground bt_bb_column_background_image bt_bb_mobile_align_to_both_edges bt_bb_padding_normal bt_bb_animation_fade_in animate\" style=\"padding: 0;background-image:url(&#039;https:\/\/medi-smile.com\/wp-content\/plugins\/bold-page-builder\/img\/blank.gif&#039;);\" data-background_image_src='https:\/\/medi-smile.com\/wp-content\/uploads\/2023\/11\/Augenbrauen-Lifting-Medi-Smile-Budapest-Ungarn.jpg' data-width=\"6\" data-bt-override-class=\"{&quot;bt_bb_align_&quot;:{&quot;current_class&quot;:&quot;bt_bb_align_left&quot;,&quot;def&quot;:&quot;left&quot;},&quot;bt_bb_padding_&quot;:{&quot;current_class&quot;:&quot;bt_bb_padding_normal&quot;,&quot;def&quot;:&quot;normal&quot;}}\"><div class=\"bt_bb_column_content\"><div class=\"bt_bb_separator bt_bb_border_style_none bt_bb_top_spacing_extra_large bt_bb_bottom_spacing_extra_large\" data-bt-override-class=\"null\"><\/div><div class=\"bt_bb_separator bt_bb_border_style_none bt_bb_top_spacing_extra_large bt_bb_bottom_spacing_extra_large\" data-bt-override-class=\"null\"><\/div><\/div><\/div><div data-bb-version=\"4.7.6\"  class=\"bt_bb_column col-xxl-6 col-xl-6 bt_bb_vertical_align_middle bt_bb_align_left bt_bb_padding_double bt_bb_animation_fade_in animate\" style=\"background-color:rgba(255,191,0,0.69);\" data-width=\"6\" data-bt-override-class=\"{&quot;bt_bb_align_&quot;:{&quot;current_class&quot;:&quot;bt_bb_align_left&quot;,&quot;def&quot;:&quot;left&quot;},&quot;bt_bb_padding_&quot;:{&quot;current_class&quot;:&quot;bt_bb_padding_double&quot;,&quot;def&quot;:&quot;double&quot;}}\"><div class=\"bt_bb_column_content\"><div data-bb-version=\"4.7.6\" class=\"bt_bb_separator bt_bb_border_style_none bt_bb_top_spacing_extra_small bt_bb_bottom_spacing_normal\" data-bt-override-class=\"{&quot;bt_bb_top_spacing_&quot;:{&quot;current_class&quot;:&quot;bt_bb_top_spacing_extra_small&quot;,&quot;def&quot;:&quot;extra_small&quot;},&quot;bt_bb_bottom_spacing_&quot;:{&quot;current_class&quot;:&quot;bt_bb_bottom_spacing_normal&quot;,&quot;def&quot;:&quot;normal&quot;}}\"><\/div><div data-bb-version=\"4.7.6\"  class=\"bt_bb_text content-pre\" ><\/p>\n<p>MEDISMILE Budapest<\/p>\n<p>\n<\/div><header data-bb-version=\"4.7.6\" class=\"bt_bb_headline content-h1 bt_bb_font_weight_bolder bt_bb_subheadline_text_transform_default bt_bb_dash_none bt_bb_size_huge bt_bb_align_inherit bt_bb_dash_type_none content-h1\" data-bt-override-class=\"{&quot;bt_bb_size_&quot;:{&quot;current_class&quot;:&quot;bt_bb_size_huge&quot;,&quot;def&quot;:&quot;huge&quot;},&quot;bt_bb_align_&quot;:{&quot;current_class&quot;:&quot;bt_bb_align_inherit&quot;,&quot;def&quot;:&quot;inherit&quot;}}\"><h1 class=\"bt_bb_headline_tag\"><span class=\"bt_bb_headline_content\"><span>Augenbrauenlifting<\/span><\/span><\/h1><\/header><div class=\"bt_bb_separator bt_bb_border_style_none bt_bb_bottom_spacing_small\" data-bt-override-class=\"null\"><\/div><header data-bb-version=\"4.7.6\" class=\"bt_bb_headline content-h2 bt_bb_font_weight_bolder bt_bb_subheadline_text_transform_default bt_bb_dash_none bt_bb_size_normal bt_bb_align_inherit bt_bb_dash_type_none content-h2\" data-bt-override-class=\"{&quot;bt_bb_size_&quot;:{&quot;current_class&quot;:&quot;bt_bb_size_normal&quot;,&quot;def&quot;:&quot;normal&quot;},&quot;bt_bb_align_&quot;:{&quot;current_class&quot;:&quot;bt_bb_align_inherit&quot;,&quot;def&quot;:&quot;inherit&quot;}}\"><h2 class=\"bt_bb_headline_tag\"><span class=\"bt_bb_headline_content\"><span>Augenbrauenlifting: Frischer Blick durch gezielte Anhebung<\/span><\/span><\/h2><\/header><\/div><\/div><\/div><\/div><\/div><!-- cell_inner --><\/div><!-- cell --><\/div><!-- port --><\/section><section data-bb-version=\"4.7.6\" id=\"bt_bb_section69ea35acc925b\" class=\"bt_bb_section bt_bb_layout_boxed_1200 bt_bb_vertical_align_top bt_bb_top_spacing_none bt_bb_bottom_spacing_none\" style=\"z-index: 2;;background-color:rgb(252,253,255);background-size:100% auto;\" data-bt-override-class=\"{&quot;bt_bb_top_spacing_&quot;:{&quot;current_class&quot;:&quot;bt_bb_top_spacing_none&quot;,&quot;def&quot;:&quot;none&quot;},&quot;bt_bb_bottom_spacing_&quot;:{&quot;current_class&quot;:&quot;bt_bb_bottom_spacing_none&quot;,&quot;def&quot;:&quot;none&quot;}}\"><div class=\"bt_bb_port\"><div class=\"bt_bb_cell\"><div class=\"bt_bb_cell_inner\"><div class=\"bt_bb_row  bt_bb_column_gap_25\" style=\"margin-top: -3em;; --column-gap:25px;\" data-bt-override-class=\"{}\"><div class=\"bt_bb_row_holder\" ><div  class=\"bt_bb_column col-xxl-8 col-xl-8 bt_bb_vertical_align_top bt_bb_align_left bt_bb_padding_normal bt_bb_animation_fade_in animate\"  data-width=\"8\" data-bt-override-class=\"{}\"><div class=\"bt_bb_column_content\"><div data-bb-version=\"4.7.6\" class=\"bt_bb_separator bt_bb_border_style_none bt_bb_top_spacing_normal bt_bb_bottom_spacing_normal\" data-bt-override-class=\"{&quot;bt_bb_top_spacing_&quot;:{&quot;current_class&quot;:&quot;bt_bb_top_spacing_normal&quot;,&quot;def&quot;:&quot;normal&quot;},&quot;bt_bb_bottom_spacing_&quot;:{&quot;current_class&quot;:&quot;bt_bb_bottom_spacing_normal&quot;,&quot;def&quot;:&quot;normal&quot;}}\"><\/div><header data-bb-version=\"4.7.6\" class=\"bt_bb_headline content-h3 bt_bb_font_weight_bolder bt_bb_subheadline_text_transform_default bt_bb_color_scheme_17 bt_bb_dash_none bt_bb_size_large bt_bb_align_inherit bt_bb_dash_type_none content-h3\" style=\"; --primary-color:#353535; --secondary-color:#d6a82a;\" data-bt-override-class=\"{&quot;bt_bb_size_&quot;:{&quot;current_class&quot;:&quot;bt_bb_size_large&quot;,&quot;def&quot;:&quot;large&quot;},&quot;bt_bb_align_&quot;:{&quot;current_class&quot;:&quot;bt_bb_align_inherit&quot;,&quot;def&quot;:&quot;inherit&quot;}}\"><h3 class=\"bt_bb_headline_tag\"><span class=\"bt_bb_headline_content\"><span><small>Augenbrauenlifting<\/small><br \/><br \/>\nF\u00fcr jugendlichere Augenbrauenform<\/span><\/span><\/h3><\/header><div class=\"bt_bb_separator bt_bb_border_style_none bt_bb_bottom_spacing_small\" data-bt-override-class=\"null\"><\/div><div  class=\"bt_bb_text\" ><\/p>\n<p>Das Augenbrauenlifting ist eine spezialisierte \u00e4sthetische Behandlung, die sich auf die Anhebung und Neuformung der Augenbrauen konzentriert. Diese Methode ist ideal f\u00fcr Personen, die das Erscheinungsbild ihrer Augenpartie verj\u00fcngen und einen offeneren, wacheren Blick erzielen m\u00f6chten. Es ist besonders effektiv, um abgesunkene oder asymmetrische Augenbrauen zu korrigieren und der gesamten Augenregion mehr Jugendlichkeit und Vitalit\u00e4t zu verleihen.<\/p>\n<p>Bei einem Augenbrauenlifting werden kleine, pr\u00e4zise Schnitte entlang der Haarlinie oder direkt oberhalb der Augenbrauen gesetzt. Durch diese Schnitte wird das Gewebe sanft angehoben und neu positioniert, um eine nat\u00fcrliche, jugendlichere Augenbrauenform zu schaffen. Der Eingriff kann auch dazu beitragen, die Erscheinung von tiefen Stirnfalten und \u201eZornesfalten\u201c zu reduzieren.<\/p>\n<p>Unsere erfahrenen \u00c4rzte legen gro\u00dfen Wert auf eine pr\u00e4zise und individuelle Vorgehensweise, um sicherzustellen, dass das Ergebnis des Augenbrauenliftings nat\u00fcrlich und harmonisch wirkt. Die Behandlung bietet eine lang anhaltende L\u00f6sung, die das gesamte Gesicht frischer und jugendlicher erscheinen l\u00e4sst.<\/p>\n<p>Die Erholungszeit nach einem Augenbrauenlifting ist im Vergleich zu anderen chirurgischen Eingriffen relativ kurz und die meisten Patienten k\u00f6nnen innerhalb von ein bis zwei Wochen zu ihren normalen Aktivit\u00e4ten zur\u00fcckkehren.<\/p>\n<p>\n<\/div><div class=\"bt_bb_separator bt_bb_border_style_none bt_bb_top_spacing_extra_small bt_bb_bottom_spacing_small\" data-bt-override-class=\"null\"><\/div><div data-bb-version=\"4.7.6\" class=\"bt_bb_separator bt_bb_border_style_none bt_bb_top_spacing_normal bt_bb_bottom_spacing_large\" data-bt-override-class=\"{&quot;bt_bb_top_spacing_&quot;:{&quot;current_class&quot;:&quot;bt_bb_top_spacing_normal&quot;,&quot;def&quot;:&quot;normal&quot;},&quot;bt_bb_bottom_spacing_&quot;:{&quot;current_class&quot;:&quot;bt_bb_bottom_spacing_large&quot;,&quot;def&quot;:&quot;large&quot;}}\"><\/div><\/div><\/div><div data-bb-version=\"4.7.6\"  class=\"bt_bb_column col-xxl-4 col-xl-4 bt_bb_vertical_align_top bt_bb_align_left bt_bb_padding_normal bt_bb_animation_fade_in animate\"  data-width=\"4\" data-bt-override-class=\"{&quot;bt_bb_align_&quot;:{&quot;current_class&quot;:&quot;bt_bb_align_left&quot;,&quot;def&quot;:&quot;left&quot;},&quot;bt_bb_padding_&quot;:{&quot;current_class&quot;:&quot;bt_bb_padding_normal&quot;,&quot;def&quot;:&quot;normal&quot;}}\"><div class=\"bt_bb_column_content\"><div class=\" bt_bb_row_inner\"   data-bt-override-class=\"{}\"><div class=\"bt_bb_row_inner_holder\"  ><div data-bb-version=\"4.7.6\"  class=\"bt_bb_column_inner col-xxl-12 col-xl-12 btDarkSkin bt_bb_align_left bt_bb_vertical_align_top bt_bb_padding_text_indent\" style=\"background-color:rgb(242,242,242);\" data-width=\"12\" data-bt-override-class=\"{&quot;bt_bb_align_&quot;:{&quot;current_class&quot;:&quot;bt_bb_align_left&quot;,&quot;def&quot;:&quot;left&quot;},&quot;bt_bb_padding_&quot;:{&quot;current_class&quot;:&quot;bt_bb_padding_text_indent&quot;,&quot;def&quot;:&quot;text_indent&quot;}}\"><div class=\"bt_bb_column_inner_content\"><div class=\"bt_bb_separator bt_bb_border_style_none bt_bb_bottom_spacing_normal\" data-bt-override-class=\"null\"><\/div><header data-bb-version=\"4.7.6\" class=\"bt_bb_headline bt_bb_subheadline_text_transform_default bt_bb_dash_bottom bt_bb_size_normal bt_bb_align_inherit bt_bb_dash_type_none\" data-bt-override-class=\"{&quot;bt_bb_size_&quot;:{&quot;current_class&quot;:&quot;bt_bb_size_normal&quot;,&quot;def&quot;:&quot;normal&quot;},&quot;bt_bb_align_&quot;:{&quot;current_class&quot;:&quot;bt_bb_align_inherit&quot;,&quot;def&quot;:&quot;inherit&quot;}}\"><h4 class=\"bt_bb_headline_tag\"><span class=\"bt_bb_headline_content\"><span>Chirurgische Liftings<\/span><\/span><\/h4><\/header><div class=\"bt_bb_separator bt_bb_border_style_none bt_bb_bottom_spacing_small\" data-bt-override-class=\"null\"><\/div><div data-bb-version=\"4.7.6\" class=\"bt_bb_custom_menu btMenuAsInSidebar sidenav bt_bb_direction_vertical\"><div class=\"menu-chirurgische-liftings-container\"><ul id=\"menu-chirurgische-liftings\" class=\"menu\"><li id=\"menu-item-4242\" class=\"menu-item menu-item-type-post_type menu-item-object-page menu-item-has-children menu-item-4242\"><a href=\"https:\/\/medi-smile.com\/de\/gesichtsaesthetik\/chirurgische-liftings\">Chirurgische Liftings<\/a>\n<ul class=\"sub-menu\">\n\t<li id=\"menu-item-2258\" class=\"menu-item menu-item-type-post_type menu-item-object-page menu-item-2258\"><a href=\"https:\/\/medi-smile.com\/de\/gesichtsaesthetik\/chirurgische-liftings\/facelifting\">Facelifting<\/a><\/li>\n\t<li id=\"menu-item-2217\" class=\"menu-item menu-item-type-post_type menu-item-object-page menu-item-2217\"><a href=\"https:\/\/medi-smile.com\/de\/gesichtsaesthetik\/chirurgische-liftings\/minilifting\">Minilifting<\/a><\/li>\n\t<li id=\"menu-item-2234\" class=\"menu-item menu-item-type-post_type menu-item-object-page menu-item-2234\"><a href=\"https:\/\/medi-smile.com\/de\/gesichtsaesthetik\/chirurgische-liftings\/stirnlifting\">Stirnlifting<\/a><\/li>\n\t<li id=\"menu-item-2252\" class=\"menu-item menu-item-type-post_type menu-item-object-page menu-item-2252\"><a href=\"https:\/\/medi-smile.com\/de\/gesichtsaesthetik\/chirurgische-liftings\/augenbrauenlifting\">Augenbrauenlifting<\/a><\/li>\n\t<li id=\"menu-item-2224\" class=\"menu-item menu-item-type-post_type menu-item-object-page menu-item-2224\"><a href=\"https:\/\/medi-smile.com\/de\/gesichtsaesthetik\/chirurgische-liftings\/halslifting\">Halslifting<\/a><\/li>\n<\/ul>\n<\/li>\n<\/ul><\/div><\/div><div class=\"bt_bb_separator bt_bb_border_style_none bt_bb_bottom_spacing_normal\" data-bt-override-class=\"null\"><\/div><div class=\"bt_bb_column_inner_highlight\"><\/div><\/div><\/div><\/div><\/div><div class=\"bt_bb_separator bt_bb_border_style_none bt_bb_bottom_spacing_normal\" data-bt-override-class=\"null\"><\/div><div data-bb-version=\"4.7.6\" class=\" bt_bb_row_inner sidecontact\"   data-bt-override-class=\"{}\"><div class=\"bt_bb_row_inner_holder\"  ><div  class=\"bt_bb_column_inner col-xxl-12 col-xl-12 bt_bb_align_left bt_bb_vertical_align_top bt_bb_padding_text_indent\" style=\"box-shadow: 0 0 0 8px #f2f2f2 inset;\" data-width=\"12\" data-bt-override-class=\"{}\"><div class=\"bt_bb_column_inner_content\"><div class=\"bt_bb_separator bt_bb_border_style_none bt_bb_bottom_spacing_normal\" data-bt-override-class=\"null\"><\/div><header data-bb-version=\"4.7.6\" class=\"bt_bb_headline bt_bb_subheadline_text_transform_default bt_bb_color_scheme_3 bt_bb_dash_none bt_bb_size_normal bt_bb_align_inherit bt_bb_dash_type_none\" style=\"; --primary-color:#d6a82a; --secondary-color:#191919;\" data-bt-override-class=\"{&quot;bt_bb_size_&quot;:{&quot;current_class&quot;:&quot;bt_bb_size_normal&quot;,&quot;def&quot;:&quot;normal&quot;},&quot;bt_bb_align_&quot;:{&quot;current_class&quot;:&quot;bt_bb_align_inherit&quot;,&quot;def&quot;:&quot;inherit&quot;}}\"><h4 class=\"bt_bb_headline_tag\"><span class=\"bt_bb_headline_content\"><span>Kontaktieren Sie uns<\/span><\/span><\/h4><\/header><div class=\"bt_bb_separator bt_bb_border_style_solid bt_bb_top_spacing_small bt_bb_bottom_spacing_small\" data-bt-override-class=\"null\"><\/div><div data-bb-version=\"4.7.6\" class=\"bt_bb_service bt_bb_color_scheme_7 bt_bb_style_borderless bt_bb_size_xlarge bt_bb_shape_circle bt_bb_target_self bt_bb_align_inherit\" style=\"; --primary-color:#353535; --secondary-color:#191919;\" data-bt-override-class=\"{&quot;bt_bb_size_&quot;:{&quot;current_class&quot;:&quot;bt_bb_size_xlarge&quot;,&quot;def&quot;:&quot;xlarge&quot;},&quot;bt_bb_align_&quot;:{&quot;current_class&quot;:&quot;bt_bb_align_inherit&quot;,&quot;def&quot;:&quot;inherit&quot;}}\"><a href=\"tel:0036301016510\"  target=\"_self\"  title=\"0036 (0) 30 101 6510\"  data-ico-dentistry=\"&#xe92c;\" class=\"bt_bb_icon_holder\"><\/a><div class=\"bt_bb_service_content\"><div class=\"bt_bb_service_content_title\"><a href=\"tel:0036301016510\" target=\"_self\" title=\"0036 (0) 30 101 6510\">0036 (0) 30 101 6510<\/a><\/div><div class=\"bt_bb_service_content_text\">MEDISMILE-Hotline<\/div><\/div><\/div><div class=\"bt_bb_separator bt_bb_border_style_solid bt_bb_top_spacing_small bt_bb_bottom_spacing_small\" data-bt-override-class=\"null\"><\/div><div data-bb-version=\"4.7.6\" class=\"bt_bb_service bt_bb_color_scheme_7 bt_bb_style_borderless bt_bb_size_xlarge bt_bb_shape_circle bt_bb_target_self bt_bb_align_inherit\" style=\"; --primary-color:#353535; --secondary-color:#191919;\" data-bt-override-class=\"{&quot;bt_bb_size_&quot;:{&quot;current_class&quot;:&quot;bt_bb_size_xlarge&quot;,&quot;def&quot;:&quot;xlarge&quot;},&quot;bt_bb_align_&quot;:{&quot;current_class&quot;:&quot;bt_bb_align_inherit&quot;,&quot;def&quot;:&quot;inherit&quot;}}\"><a href=\"mailto:info@medi-smile.com\"  target=\"_self\"  title=\"info@medi-smile.com\"  data-ico-icon7stroke=\"&#xe63b;\" class=\"bt_bb_icon_holder\"><\/a><div class=\"bt_bb_service_content\"><div class=\"bt_bb_service_content_title\"><a href=\"mailto:info@medi-smile.com\" target=\"_self\" title=\"info@medi-smile.com\">info@medi-smile.com<\/a><\/div><div class=\"bt_bb_service_content_text\">E-Mail<\/div><\/div><\/div><div class=\"bt_bb_separator bt_bb_border_style_none bt_bb_bottom_spacing_normal\" data-bt-override-class=\"null\"><\/div><div class=\"bt_bb_column_inner_highlight\"><\/div><\/div><\/div><\/div><\/div><\/div><\/div><\/div><\/div><\/div><!-- cell_inner --><\/div><!-- cell --><\/div><!-- port --><\/section><\/p>\n","protected":false},"excerpt":{"rendered":"","protected":false},"author":1,"featured_media":0,"parent":2197,"menu_order":5,"comment_status":"closed","ping_status":"closed","template":"","meta":{"footnotes":""},"class_list":["post-2245","page","type-page","status-publish","hentry"],"_links":{"self":[{"href":"https:\/\/medi-smile.com\/de\/wp-json\/wp\/v2\/pages\/2245","targetHints":{"allow":["GET"]}}],"collection":[{"href":"https:\/\/medi-smile.com\/de\/wp-json\/wp\/v2\/pages"}],"about":[{"href":"https:\/\/medi-smile.com\/de\/wp-json\/wp\/v2\/types\/page"}],"author":[{"embeddable":true,"href":"https:\/\/medi-smile.com\/de\/wp-json\/wp\/v2\/users\/1"}],"replies":[{"embeddable":true,"href":"https:\/\/medi-smile.com\/de\/wp-json\/wp\/v2\/comments?post=2245"}],"version-history":[{"count":10,"href":"https:\/\/medi-smile.com\/de\/wp-json\/wp\/v2\/pages\/2245\/revisions"}],"predecessor-version":[{"id":4862,"href":"https:\/\/medi-smile.com\/de\/wp-json\/wp\/v2\/pages\/2245\/revisions\/4862"}],"up":[{"embeddable":true,"href":"https:\/\/medi-smile.com\/de\/wp-json\/wp\/v2\/pages\/2197"}],"wp:attachment":[{"href":"https:\/\/medi-smile.com\/de\/wp-json\/wp\/v2\/media?parent=2245"}],"curies":[{"name":"wp","href":"https:\/\/api.w.org\/{rel}","templated":true}]}}