{"id":2387,"date":"2023-11-20T15:19:06","date_gmt":"2023-11-20T14:19:06","guid":{"rendered":"https:\/\/medi-smile.com\/medi-smile-24?page_id=2387"},"modified":"2024-08-11T09:50:58","modified_gmt":"2024-08-11T07:50:58","slug":"impressum","status":"publish","type":"page","link":"https:\/\/medi-smile.com\/de\/impressum","title":{"rendered":"Impressum"},"content":{"rendered":"<section data-bb-version=\"4.7.6\" id=\"bt_bb_section69d8389cac5b0\" class=\"bt_bb_section bt_bb_layout_boxed_1200\"  data-bt-override-class=\"null\"><div class=\"bt_bb_port\"><div class=\"bt_bb_cell\"><div class=\"bt_bb_cell_inner\"><div class=\"bt_bb_row \"  data-bt-override-class=\"{}\"><div class=\"bt_bb_row_holder\" ><div data-bb-version=\"4.7.6\"  class=\"bt_bb_column col-xxl-12 col-xl-12 col-xs-12 col-sm-12 col-md-12 col-lg-12 bt_bb_vertical_align_top bt_bb_align_left bt_bb_padding_normal\"  data-width=\"12\" data-bt-override-class=\"{}\"><div class=\"bt_bb_column_content\"><div data-bb-version=\"4.7.6\" class=\"bt_bb_separator bt_bb_border_style_none bt_bb_top_spacing_normal bt_bb_bottom_spacing_none\" data-bt-override-class=\"{&quot;bt_bb_top_spacing_&quot;:{&quot;current_class&quot;:&quot;bt_bb_top_spacing_normal&quot;,&quot;def&quot;:&quot;normal&quot;},&quot;bt_bb_bottom_spacing_&quot;:{&quot;current_class&quot;:&quot;bt_bb_bottom_spacing_none&quot;,&quot;def&quot;:&quot;none&quot;}}\"><\/div><header data-bb-version=\"4.7.6\" class=\"bt_bb_headline bt_bb_subheadline_text_transform_default bt_bb_color_scheme_4 bt_bb_dash_none bt_bb_size_inherit bt_bb_align_inherit bt_bb_dash_type_none\" style=\"; --primary-color:#d6a82a; --secondary-color:#ffffff;\" data-bt-override-class=\"{&quot;bt_bb_size_&quot;:{&quot;current_class&quot;:&quot;bt_bb_size_inherit&quot;,&quot;def&quot;:&quot;inherit&quot;},&quot;bt_bb_align_&quot;:{&quot;current_class&quot;:&quot;bt_bb_align_inherit&quot;,&quot;def&quot;:&quot;inherit&quot;}}\"><h1 class=\"bt_bb_headline_tag\"><span class=\"bt_bb_headline_content\"><span>Impressum - MEDISMILE<\/span><\/span><\/h1><\/header><div data-bb-version=\"4.7.6\" class=\"bt_bb_separator bt_bb_border_style_none bt_bb_top_spacing_normal bt_bb_bottom_spacing_none\" data-bt-override-class=\"{&quot;bt_bb_top_spacing_&quot;:{&quot;current_class&quot;:&quot;bt_bb_top_spacing_normal&quot;,&quot;def&quot;:&quot;normal&quot;},&quot;bt_bb_bottom_spacing_&quot;:{&quot;current_class&quot;:&quot;bt_bb_bottom_spacing_none&quot;,&quot;def&quot;:&quot;none&quot;}}\"><\/div><div data-bb-version=\"4.7.6\"  class=\"bt_bb_text\" ><\/p>\n<p><strong>IMPRESSUM UND URHEBERRECHTE<\/strong><\/p>\n<ol>\n<li><strong>DETAILS DES UNTERNEHMENS<\/strong><\/li>\n<\/ol>\n<p>Der Betreiber der Website https:\/\/medi-smile.com:<\/p>\n<ul>\n<li style=\"list-style-type: none\">\n<ul>\n<li>Firmenname: Medismile Korl\u00e1tolt Felel\u0151ss\u00e9g\u0171 T\u00e1rsas\u00e1g<\/li>\n<li>Standort. 1053 Imre Immanimir, 2, 2, Budapest, Ungarn<\/li>\n<\/ul>\n<\/li>\n<\/ul>\n<p>T\u00fcr 11A<\/p>\n<ul>\n<li>Steuernummer: 27487787-1-41<\/li>\n<li>Firmenregistrierungsnummer: 01-09-392078<\/li>\n<li>Eingetragen bei: Handelsgericht des Stadtgerichts Budapest<\/li>\n<li>Elektronische Postadresse: <a href=\"mailto:info@medi-smile.com\">info@medi-smile.com<\/a><\/li>\n<li>Telefonnummer: +36-30-101-6510<\/li>\n<\/ul>\n<ol start=\"2\">\n<li><strong>Dienstleistungsinformationen<\/strong><\/li>\n<\/ol>\n<p>Angaben zu dem Unternehmen, das die Website https:\/\/medi-smile.com hostet:<\/p>\n<ul>\n<li>Firmenname: SMB Best Admin Kft<\/li>\n<li>Firmenname: SMB Best Admin Kft<\/li>\n<li>Standort:1163 Budapest M\u00e1t\u00e9 utca 2<\/li>\n<li>Steuernummer: 11675-334-2-42<\/li>\n<li>Firmenregistrierungsnummer: 01 09 963033<\/li>\n<li>Eingetragen bei: Handelsgericht des Stadtgerichts Budapest<\/li>\n<li>Elektronische Postadresse: ceginfo@smbbest.hu<\/li>\n<li>Telefonnummer: +36-1-607-8139<\/li>\n<li>Website: http:\/\/smbbest.hu<\/li>\n<\/ul>\n<ol start=\"3\">\n<li><strong>DETAILS DER AUTORISIERENDEN BEH\u00d6RDE:<\/strong><\/li>\n<\/ol>\n<ul>\n<li>Name: Nationales Zentrum f\u00fcr \u00f6ffentliche Gesundheit<\/li>\n<li>Standort: 1097 Budapest, Albert Fl\u00f3ri\u00e1n \u00fat 2-6.<\/li>\n<li>Gesellschaftsanschrift: 1437 Budapest, Pf. 777<\/li>\n<li>Telefonnummer: +36 1 476 1100<\/li>\n<li>Elektronische Postadresse: <a href=\"mailto:tisztifoorvos@nnk.gov.hu\">tisztifoorvos@nnk.gov.hu<\/a><\/li>\n<\/ul>\n<ol start=\"4\">\n<li><strong>Pflichtangaben zum Bildungsbereich:<\/strong><\/li>\n<\/ol>\n<ul>\n<li>Name: Ungarische \u00c4rztekammer, Sektion Zahnmedizin<\/li>\n<li>Standort: 1068 Budapest, Szondi u. 100.<\/li>\n<li>Gesellschaftsanschrift: 1398 Budapest 62, Pf. 581<\/li>\n<li>Telefonnummer: +36 1 353 21 88<\/li>\n<li>Elektronische Postadresse: <a href=\"mailto:kamara@fogorvos.hu\">kamara@fogorvos.hu<\/a><\/li>\n<\/ul>\n<ol start=\"5\">\n<li><strong>SEKTORALE ANMELDUNG<\/strong><\/li>\n<\/ol>\n<ul>\n<li>Name: Nationaler Krankenversicherungsfonds<\/li>\n<li>Ort der Registrierung: 1139 Budapest, V\u00e1ci \u00fat 73\/A.<\/li>\n<li>Telefonnummer: +36 1 350 20 01<\/li>\n<li>Elektronische Postadresse: <a href=\"mailto:neak@neak.gov.hu\">neak@neak.gov.hu<\/a><\/li>\n<li>Website: <a href=\"http:\/\/www.neak.gov.hu\/\" target=\"_blank\" rel=\"noopener\">http:\/\/www.neak.gov.hu\/<\/a><\/li>\n<\/ul>\n<ol start=\"6\">\n<li><strong>STREITBEILEGUNG<\/strong><\/li>\n<\/ol>\n<p>Die Europ\u00e4ische Kommission hat eine Plattform zur Online-Streitbeilegung (OS) eingerichtet, um einen rechtlichen Mechanismus f\u00fcr die au\u00dfergerichtliche Beilegung von Verbraucherstreitigkeiten zu schaffen. Die Plattform ist verf\u00fcgbar unter <a href=\"https:\/\/ec.europa.eu\/consumers\/odr\/\" target=\"_blank\" rel=\"noopener\">https:\/\/ec.europa.eu\/consumers\/odr\/<\/a>.<\/p>\n<ol start=\"7\">\n<li><strong>JUSTIZSCHUTZ<\/strong><\/li>\n<\/ol>\n<ul>\n<li>Name: Integrierter Rechtsschutzdienst<\/li>\n<li>Standort: 1134 Budapest, T\u00fcz\u00e9r u. 33-35.<\/li>\n<li>Rechtsanschrift: 1365 Bp., Pf. 646<\/li>\n<li>Telefonnummer: +36 1 896 90 00<\/li>\n<li>Elektronische Postadresse: <a href=\"mailto:ijsz@ijsz.bm.gov.hu\">ijsz@ijsz.bm.gov.hu<\/a><\/li>\n<li>Website: <a href=\"https:\/\/www.ijsz.hu\/\" target=\"_blank\" rel=\"noopener\">https:\/\/www.ijsz.hu\/<\/a><\/li>\n<\/ul>\n<ol start=\"8\">\n<li><strong>PATIENTENBEAUFTRAGTER<\/strong><\/li>\n<\/ol>\n<ul>\n<li>Name: Dr. Andr\u00e1s Mina<\/li>\n<li>Standort: 1134 Budapest, T\u00fcz\u00e9r u. 33-35.<\/li>\n<li>Adresse: Szent R\u00f3kus Krankenhaus (1085 Bp. Gyulai P. u. 2-4.)<\/li>\n<li>Telefonnummer: +36 20 4899 577<\/li>\n<li>Elektronische Postadresse: <a href=\"mailto:andras.mina@ijb.emmi.gov.hu\">mina@ijb.emmi.gov.hu<\/a><\/li>\n<\/ul>\n<ol start=\"9\">\n<li><strong>VERBREITUNG<\/strong><\/li>\n<\/ol>\n<p>Mit dem Besuch dieser Website erkl\u00e4ren Sie sich damit einverstanden, dass wir nicht f\u00fcr den Inhalt der Websites, auf die wir verlinken, verantwortlich gemacht werden k\u00f6nnen. Die Aufnahme von verlinkten Inhalten oder die Bereitstellung eines Links zu einer verlinkten Website bedeutet nicht, dass wir die Produkte, die Werbung oder andere Materialien, die auf den verlinkten Websites angezeigt werden, guthei\u00dfen.<\/p>\n<p>Wir haben keine Kontrolle \u00fcber den Inhalt von Links zu externen Websites und k\u00f6nnen daher nicht f\u00fcr solche externen Inhalte verantwortlich gemacht werden. Durch die weitere Nutzung dieser Website erkl\u00e4ren Sie sich damit einverstanden, dass wir nicht f\u00fcr Sch\u00e4den, Verluste oder Kosten haften, die im Zusammenhang mit den auf den verlinkten Websites verf\u00fcgbaren Inhalten, Waren oder Dienstleistungen entstehen. Wir werden die verlinkten Seiten bei der Verlinkung stets \u00fcberpr\u00fcfen und nur solche Seiten ver\u00f6ffentlichen, bei denen wir zum Zeitpunkt der Verlinkung keine Kenntnis von rechtswidrigen Inhalten hatten.<\/p>\n<ol start=\"10\">\n<li><strong>RECHTE DES AUTORS<\/strong><\/li>\n<\/ol>\n<p>Mit dem Besuch von <a href=\"https:\/\/medi-smile.com\/\">https:\/\/medi-smile.com<\/a> erkennen Sie die folgenden Bedingungen an und stimmen ihnen zu.<\/p>\n<p>Bilder, Videos und Textinhalte auf dieser Website sind urheberrechtlich gesch\u00fctzt und sind Eigentum von Medismile Ltd.<\/p>\n<p>Sonstige Medien: <a href=\"https:\/\/www.freepik.com\/\" target=\"_blank\" rel=\"noopener\">FREEPIK<\/a>, Stefan Boekels<\/p>\n<p>Die Besucher der Website sind berechtigt, die Inhalte nur f\u00fcr private Zwecke zu betrachten und zu nutzen. Sie d\u00fcrfen die Inhalte ohne schriftliche Genehmigung des Rechteinhabers nicht \u00fcbertragen, vervielf\u00e4ltigen, anpassen, neu digitalisieren, weiterverbreiten oder anderweitig verwerten.<\/p>\n<p>Der Besucher erkennt an, dass der Rechteinhaber ihn auf Schadensersatz verklagen oder, wenn er durch seine Verletzung einen materiellen Schaden verursacht, strafrechtlich belangen kann.<\/p>\n<p>Soweit die Inhalte auf dieser Seite nicht vom Betreiber erstellt wurden, wird der Betreiber bem\u00fcht sein, die Urheberrechte Dritter zu beachten, insbesondere durch Nennung des Urhebers. Sollten Sie trotzdem auf eine Urheberrechtsverletzung aufmerksam werden, bitten wir um einen entsprechenden Hinweis. Wir verpflichten uns, derartige Inhalte unverz\u00fcglich nach Bekanntwerden von unserer Website zu entfernen.<\/p>\n<p>Budapest, 11.09.2023.<\/p>\n<p>Medismile GmbH.<\/p>\n<p>\n<\/div><div data-bb-version=\"4.7.6\" class=\"bt_bb_separator bt_bb_border_style_none bt_bb_top_spacing_normal bt_bb_bottom_spacing_none\" data-bt-override-class=\"{&quot;bt_bb_top_spacing_&quot;:{&quot;current_class&quot;:&quot;bt_bb_top_spacing_normal&quot;,&quot;def&quot;:&quot;normal&quot;},&quot;bt_bb_bottom_spacing_&quot;:{&quot;current_class&quot;:&quot;bt_bb_bottom_spacing_none&quot;,&quot;def&quot;:&quot;none&quot;}}\"><\/div><\/div><\/div><\/div><\/div><\/div><!-- cell_inner --><\/div><!-- cell --><\/div><!-- port --><\/section>\n","protected":false},"excerpt":{"rendered":"","protected":false},"author":1,"featured_media":3018,"parent":0,"menu_order":100,"comment_status":"closed","ping_status":"closed","template":"","meta":{"footnotes":""},"class_list":["post-2387","page","type-page","status-publish","has-post-thumbnail","hentry"],"_links":{"self":[{"href":"https:\/\/medi-smile.com\/de\/wp-json\/wp\/v2\/pages\/2387","targetHints":{"allow":["GET"]}}],"collection":[{"href":"https:\/\/medi-smile.com\/de\/wp-json\/wp\/v2\/pages"}],"about":[{"href":"https:\/\/medi-smile.com\/de\/wp-json\/wp\/v2\/types\/page"}],"author":[{"embeddable":true,"href":"https:\/\/medi-smile.com\/de\/wp-json\/wp\/v2\/users\/1"}],"replies":[{"embeddable":true,"href":"https:\/\/medi-smile.com\/de\/wp-json\/wp\/v2\/comments?post=2387"}],"version-history":[{"count":6,"href":"https:\/\/medi-smile.com\/de\/wp-json\/wp\/v2\/pages\/2387\/revisions"}],"predecessor-version":[{"id":4870,"href":"https:\/\/medi-smile.com\/de\/wp-json\/wp\/v2\/pages\/2387\/revisions\/4870"}],"wp:featuredmedia":[{"embeddable":true,"href":"https:\/\/medi-smile.com\/de\/wp-json\/wp\/v2\/media\/3018"}],"wp:attachment":[{"href":"https:\/\/medi-smile.com\/de\/wp-json\/wp\/v2\/media?parent=2387"}],"curies":[{"name":"wp","href":"https:\/\/api.w.org\/{rel}","templated":true}]}}