{"id":2644,"date":"2023-11-21T15:06:07","date_gmt":"2023-11-21T14:06:07","guid":{"rendered":"https:\/\/medi-smile.com\/medi-smile-24?page_id=2644"},"modified":"2024-08-11T09:44:42","modified_gmt":"2024-08-11T07:44:42","slug":"unsere-preise","status":"publish","type":"page","link":"https:\/\/medi-smile.com\/de\/unsere-preise","title":{"rendered":"Unsere Preise"},"content":{"rendered":"<p><section data-bb-version=\"4.7.6\" id=\"bt_bb_section69ea06603eac6\" class=\"bt_bb_section bt_bb_layout_boxed_1200\"  data-bt-override-class=\"null\"><div class=\"bt_bb_port\"><div class=\"bt_bb_cell\"><div class=\"bt_bb_cell_inner\"><div class=\"bt_bb_row \"  data-bt-override-class=\"{}\"><div class=\"bt_bb_row_holder\" ><div data-bb-version=\"4.7.6\"  class=\"bt_bb_column col-xxl-12 col-xl-12 col-xs-12 col-sm-12 col-md-12 col-lg-12 bt_bb_vertical_align_top bt_bb_align_left bt_bb_padding_normal\"  data-width=\"12\" data-bt-override-class=\"{}\"><div class=\"bt_bb_column_content\"><div data-bb-version=\"4.7.6\" class=\"bt_bb_separator bt_bb_border_style_none bt_bb_top_spacing_normal bt_bb_bottom_spacing_none\" data-bt-override-class=\"{&quot;bt_bb_top_spacing_&quot;:{&quot;current_class&quot;:&quot;bt_bb_top_spacing_normal&quot;,&quot;def&quot;:&quot;normal&quot;},&quot;bt_bb_bottom_spacing_&quot;:{&quot;current_class&quot;:&quot;bt_bb_bottom_spacing_none&quot;,&quot;def&quot;:&quot;none&quot;}}\"><\/div><header data-bb-version=\"4.7.6\" class=\"bt_bb_headline bt_bb_subheadline_text_transform_default bt_bb_color_scheme_4 bt_bb_dash_none bt_bb_size_inherit bt_bb_align_inherit bt_bb_dash_type_none\" style=\"; --primary-color:#d6a82a; --secondary-color:#ffffff;\" data-bt-override-class=\"{&quot;bt_bb_size_&quot;:{&quot;current_class&quot;:&quot;bt_bb_size_inherit&quot;,&quot;def&quot;:&quot;inherit&quot;},&quot;bt_bb_align_&quot;:{&quot;current_class&quot;:&quot;bt_bb_align_inherit&quot;,&quot;def&quot;:&quot;inherit&quot;}}\"><h1 class=\"bt_bb_headline_tag\"><span class=\"bt_bb_headline_content\"><span>Unsere Preise<\/span><\/span><\/h1><\/header><div data-bb-version=\"4.7.6\" class=\"bt_bb_separator bt_bb_border_style_none bt_bb_top_spacing_normal bt_bb_bottom_spacing_none\" data-bt-override-class=\"{&quot;bt_bb_top_spacing_&quot;:{&quot;current_class&quot;:&quot;bt_bb_top_spacing_normal&quot;,&quot;def&quot;:&quot;normal&quot;},&quot;bt_bb_bottom_spacing_&quot;:{&quot;current_class&quot;:&quot;bt_bb_bottom_spacing_none&quot;,&quot;def&quot;:&quot;none&quot;}}\"><\/div><header data-bb-version=\"4.7.6\" class=\"bt_bb_headline bt_bb_subheadline_text_transform_default bt_bb_dash_none bt_bb_size_inherit bt_bb_align_inherit bt_bb_dash_type_none\" data-bt-override-class=\"{&quot;bt_bb_size_&quot;:{&quot;current_class&quot;:&quot;bt_bb_size_inherit&quot;,&quot;def&quot;:&quot;inherit&quot;},&quot;bt_bb_align_&quot;:{&quot;current_class&quot;:&quot;bt_bb_align_inherit&quot;,&quot;def&quot;:&quot;inherit&quot;}}\"><h2 class=\"bt_bb_headline_tag\"><span class=\"bt_bb_headline_content\"><span>Exzellente Versorgung zu einzigartigen Preisen<\/span><\/span><\/h2><\/header><div data-bb-version=\"4.7.6\" class=\"bt_bb_separator bt_bb_border_style_none bt_bb_top_spacing_normal bt_bb_bottom_spacing_none\" data-bt-override-class=\"{&quot;bt_bb_top_spacing_&quot;:{&quot;current_class&quot;:&quot;bt_bb_top_spacing_normal&quot;,&quot;def&quot;:&quot;normal&quot;},&quot;bt_bb_bottom_spacing_&quot;:{&quot;current_class&quot;:&quot;bt_bb_bottom_spacing_none&quot;,&quot;def&quot;:&quot;none&quot;}}\"><\/div><div data-bb-version=\"4.7.6\"  class=\"bt_bb_text\" ><\/p>\n<p>Bei Medismile Budapest, Ungarn verbinden wir hochwertige zahn\u00e4rztliche und \u00e4sthetische Behandlungen mit einer Preisgestaltung, die sich nochmals deutlich abhebt \u2013 im positiven f\u00fcr Sie! Durch die Nutzung unseres eigenen High-End-Labors, fortschrittlicher Digitaltechnologien und der effizienten Arbeitsweise unserer erfahrenen \u00c4rzte und Mitarbeiter sind wir in der Lage, Leistungen anzubieten, die in Qualit\u00e4t und Preis un\u00fcbertroffen sind. Wir glauben fest daran, dass exzellente medizinische Versorgung ein Recht f\u00fcr alle ist, nicht ein Privileg f\u00fcr wenige.<\/p>\n<p>Deshalb haben unsere \u00c4rzte das Credo, dass jeder Mensch Zugang zu erstklassiger zahn\u00e4rztlicher und \u00e4sthetischer Medizin haben sollte \u2013 unabh\u00e4ngig von den Beschr\u00e4nkungen der Krankenversicherung. Bei Medismile steht die Demokratisierung der Gesundheitsversorgung im Mittelpunkt unserer Mission, um sicherzustellen, dass jeder die Chance hat, die beste medizinische Behandlung zu erhalten.<\/p>\n<p>\n<\/div><div data-bb-version=\"4.7.6\" class=\"bt_bb_separator bt_bb_border_style_none bt_bb_top_spacing_normal bt_bb_bottom_spacing_none\" data-bt-override-class=\"{&quot;bt_bb_top_spacing_&quot;:{&quot;current_class&quot;:&quot;bt_bb_top_spacing_normal&quot;,&quot;def&quot;:&quot;normal&quot;},&quot;bt_bb_bottom_spacing_&quot;:{&quot;current_class&quot;:&quot;bt_bb_bottom_spacing_none&quot;,&quot;def&quot;:&quot;none&quot;}}\"><\/div><\/div><\/div><\/div><\/div><\/div><!-- cell_inner --><\/div><!-- cell --><\/div><!-- port --><\/section><section data-bb-version=\"4.7.6\" id=\"bt_bb_section69ea06603f1e0\" class=\"bt_bb_section bt_bb_layout_boxed_1200 bt_bb_vertical_align_top bt_bb_top_spacing_none bt_bb_bottom_spacing_none bt_bb_overlap_columns_left\" style=\"box-shadow: 0 -11.25em 0 0 #FFF inset;\" data-bt-override-class=\"{&quot;bt_bb_top_spacing_&quot;:{&quot;current_class&quot;:&quot;bt_bb_top_spacing_none&quot;,&quot;def&quot;:&quot;none&quot;},&quot;bt_bb_bottom_spacing_&quot;:{&quot;current_class&quot;:&quot;bt_bb_bottom_spacing_none&quot;,&quot;def&quot;:&quot;none&quot;}}\"><div class=\"bt_bb_port\"><div class=\"bt_bb_cell\"><div class=\"bt_bb_cell_inner\"><div class=\"bt_bb_row \"  data-bt-override-class=\"{}\"><div class=\"bt_bb_row_holder\" ><div  class=\"bt_bb_column col-xxl-12 col-xl-12 bt_bb_vertical_align_top bt_bb_align_left bt_bb_padding_normal\" style=\"margin-left: 0;\" data-width=\"12\" data-bt-override-class=\"{}\"><div class=\"bt_bb_column_content\"><div data-bb-version=\"4.7.6\" class=\" bt_bb_row_inner bt_bb_column_inner_gap_25\"   data-bt-override-class=\"{}\"><div class=\"bt_bb_row_inner_holder\"  ><div data-bb-version=\"4.7.5\"  class=\"bt_bb_column_inner col-xxl-3 col-xl-3 bt_bb_align_left bt_bb_vertical_align_top bt_bb_highlight bt_bb_padding_text_indent bt_bb_animation_fade_in move_up animate\" style=\"margin-bottom: 20px;\" data-width=\"3\" data-bt-override-class=\"{&quot;bt_bb_align_&quot;:{&quot;current_class&quot;:&quot;bt_bb_align_left&quot;,&quot;def&quot;:&quot;left&quot;},&quot;bt_bb_padding_&quot;:{&quot;current_class&quot;:&quot;bt_bb_padding_text_indent&quot;,&quot;def&quot;:&quot;text_indent&quot;}}\"><div class=\"bt_bb_column_inner_content\" style=\"background-color:rgb(19,166,198);\"><div data-bb-version=\"4.7.6\" class=\"bt_bb_image bt_bb_shape_square bt_bb_target_self bt_bb_align_inherit bt_bb_hover_style_simple bt_bb_content_display_show-on-hover bt_bb_content_align_middle bt_bb_content_exists\" data-bt-override-class=\"{&quot;bt_bb_align_&quot;:{&quot;current_class&quot;:&quot;bt_bb_align_inherit&quot;,&quot;def&quot;:&quot;inherit&quot;},&quot;bt_bb_content_display_&quot;:{&quot;current_class&quot;:&quot;bt_bb_content_display_show-on-hover&quot;,&quot;def&quot;:&quot;show-on-hover&quot;}}\"><a href=\"https:\/\/medi-smile.com\/de\/unsere-preise\/unser-kosten-konzept\"  target=\"_self\" title=\"Unser Kosten-Konzept - MEDI-SMILE - Budapest - Ungarn\"><img loading=\"lazy\" decoding=\"async\" width=\"360\" height=\"285\" src=\"https:\/\/medi-smile.com\/wp-content\/uploads\/2023\/11\/Unser-Kosten-Konzept-Medi-Smile-Budapest-Ungarn.jpg\" class=\"attachment-full size-full\" alt=\"Unser Kosten-Konzept - MEDI-SMILE - Budapest - Ungarn\" data-full_image_src=\"https:\/\/medi-smile.com\/wp-content\/uploads\/2023\/11\/Unser-Kosten-Konzept-Medi-Smile-Budapest-Ungarn.jpg\" title=\"Unser Kosten-Konzept - MEDI-SMILE - Budapest - Ungarn\" srcset=\"https:\/\/medi-smile.com\/wp-content\/uploads\/2023\/11\/Unser-Kosten-Konzept-Medi-Smile-Budapest-Ungarn.jpg 360w, https:\/\/medi-smile.com\/wp-content\/uploads\/2023\/11\/Unser-Kosten-Konzept-Medi-Smile-Budapest-Ungarn-320x253.jpg 320w\" sizes=\"auto, (max-width: 360px) 100vw, 360px\" \/><\/a><div class=\"bt_bb_image_content\"  style=\"background-color: rgba(255, 255, 255, 0.3);\"><div class=\"bt_bb_image_content_flex\"><div class=\"bt_bb_image_content_inner\"><div class=\"bt_bb_separator bt_bb_border_style_none\" data-bt-override-class=\"null\"><\/div><\/div><\/div><\/div><\/div><div data-bb-version=\"4.7.6\" class=\"bt_bb_icon bt_bb_color_scheme_8 bt_bb_style_filled bt_bb_size_large bt_bb_shape_square bt_bb_target_self bt_bb_text_empty bt_bb_align_inherit bt_bb_vertical_position_half_above\" style=\"box-shadow: 0 2px 10px rgba(0,0,0,.2); padding: 0;; --primary-color:#353535; --secondary-color:#ffffff;\" data-bt-override-class=\"{&quot;bt_bb_size_&quot;:{&quot;current_class&quot;:&quot;bt_bb_size_large&quot;,&quot;def&quot;:&quot;large&quot;},&quot;bt_bb_align_&quot;:{&quot;current_class&quot;:&quot;bt_bb_align_inherit&quot;,&quot;def&quot;:&quot;inherit&quot;}}\"><span  data-ico-dentistry=\"&#xe910;\" class=\"bt_bb_icon_holder\"><\/span><\/div><div class=\"bt_bb_separator bt_bb_border_style_none\" data-bt-override-class=\"null\"><\/div><div class=\"bt_bb_separator bt_bb_border_style_none bt_bb_top_spacing_extra_small bt_bb_bottom_spacing_small\" data-bt-override-class=\"null\"><\/div><header data-bb-version=\"4.7.6\" class=\"bt_bb_headline bt_bb_subheadline_text_transform_default bt_bb_color_scheme_1 bt_bb_dash_none bt_bb_size_small bt_bb_align_inherit bt_bb_dash_type_none\" style=\"; --primary-color:#ffffff; --secondary-color:#191919;\" data-bt-override-class=\"{&quot;bt_bb_size_&quot;:{&quot;current_class&quot;:&quot;bt_bb_size_small&quot;,&quot;def&quot;:&quot;small&quot;},&quot;bt_bb_align_&quot;:{&quot;current_class&quot;:&quot;bt_bb_align_inherit&quot;,&quot;def&quot;:&quot;inherit&quot;}}\"><h3 class=\"bt_bb_headline_tag\"><span class=\"bt_bb_headline_content\"><span>Unser Kosten-Konzept<\/span><\/span><\/h3><\/header><div class=\"bt_bb_separator bt_bb_border_style_none bt_bb_bottom_spacing_extra_small\" data-bt-override-class=\"null\"><\/div><div  class=\"bt_bb_text\" ><\/p>\n<p><span style=\"color: #ffffff\">Es erm\u00f6glicht uns, Ihnen erstklassige Behandlungen anzubieten.<\/span><\/p>\n<p>\n<\/div><div class=\"bt_bb_separator bt_bb_border_style_none bt_bb_top_spacing_extra_small bt_bb_bottom_spacing_small\" data-bt-override-class=\"null\"><\/div><div data-bb-version=\"4.7.6\" class=\"bt_bb_button bt_bb_color_scheme_2 bt_bb_icon_position_left bt_bb_style_filled bt_bb_size_normal bt_bb_width_full bt_bb_shape_inherit bt_bb_target_self bt_bb_text_transform_inherit bt_bb_align_inherit\" style=\"; --primary-color:#191919; --secondary-color:#ffffff;\" data-bt-override-class=\"{&quot;bt_bb_size_&quot;:{&quot;current_class&quot;:&quot;bt_bb_size_normal&quot;,&quot;def&quot;:&quot;normal&quot;},&quot;bt_bb_align_&quot;:{&quot;current_class&quot;:&quot;bt_bb_align_inherit&quot;,&quot;def&quot;:&quot;inherit&quot;}}\"><a href=\"https:\/\/medi-smile.com\/de\/unsere-preise\/unser-kosten-konzept\" target=\"_self\" class=\"bt_bb_link\" title=\"MEDISMILE - Konzept\"><span class=\"bt_bb_button_text\" >MEDISMILE - Konzept<\/span><span  data-ico-fontawesome=\"&#xf101;\" class=\"bt_bb_icon_holder\"><\/span><\/a><\/div><div class=\"bt_bb_separator bt_bb_border_style_none bt_bb_top_spacing_extra_small bt_bb_bottom_spacing_small\" data-bt-override-class=\"null\"><\/div><div class=\"bt_bb_column_inner_highlight\"><\/div><\/div><\/div><div data-bb-version=\"4.7.5\"  class=\"bt_bb_column_inner col-xxl-3 col-xl-3 bt_bb_align_left bt_bb_vertical_align_top bt_bb_highlight bt_bb_padding_text_indent bt_bb_animation_fade_in move_up animate\" style=\"margin-bottom: 20px;\" data-width=\"3\" data-bt-override-class=\"{&quot;bt_bb_align_&quot;:{&quot;current_class&quot;:&quot;bt_bb_align_left&quot;,&quot;def&quot;:&quot;left&quot;},&quot;bt_bb_padding_&quot;:{&quot;current_class&quot;:&quot;bt_bb_padding_text_indent&quot;,&quot;def&quot;:&quot;text_indent&quot;}}\"><div class=\"bt_bb_column_inner_content\" style=\"background-color:rgb(19,166,198);\"><div data-bb-version=\"4.7.6\" class=\"bt_bb_image bt_bb_shape_square bt_bb_target_self bt_bb_align_inherit bt_bb_hover_style_simple bt_bb_content_display_show-on-hover bt_bb_content_align_middle bt_bb_content_exists\" data-bt-override-class=\"{&quot;bt_bb_align_&quot;:{&quot;current_class&quot;:&quot;bt_bb_align_inherit&quot;,&quot;def&quot;:&quot;inherit&quot;},&quot;bt_bb_content_display_&quot;:{&quot;current_class&quot;:&quot;bt_bb_content_display_show-on-hover&quot;,&quot;def&quot;:&quot;show-on-hover&quot;}}\"><a href=\"https:\/\/medi-smile.com\/de\/unsere-preise\/medi-smile-kosten-preise\"  target=\"_self\" title=\"Unsere Preisliste - MEDI-SMILE - Budapest - Ungarn\"><img loading=\"lazy\" decoding=\"async\" width=\"360\" height=\"285\" src=\"https:\/\/medi-smile.com\/wp-content\/uploads\/2023\/11\/Unsere-Preisliste-Medi-Smile-Budapest-Ungarn.jpg\" class=\"attachment-full size-full\" alt=\"Unsere Preisliste - MEDI-SMILE - Budapest - Ungarn\" data-full_image_src=\"https:\/\/medi-smile.com\/wp-content\/uploads\/2023\/11\/Unsere-Preisliste-Medi-Smile-Budapest-Ungarn.jpg\" title=\"Unsere Preisliste - MEDI-SMILE - Budapest - Ungarn\" srcset=\"https:\/\/medi-smile.com\/wp-content\/uploads\/2023\/11\/Unsere-Preisliste-Medi-Smile-Budapest-Ungarn.jpg 360w, https:\/\/medi-smile.com\/wp-content\/uploads\/2023\/11\/Unsere-Preisliste-Medi-Smile-Budapest-Ungarn-320x253.jpg 320w\" sizes=\"auto, (max-width: 360px) 100vw, 360px\" \/><\/a><div class=\"bt_bb_image_content\"  style=\"background-color: rgba(255, 255, 255, 0.3);\"><div class=\"bt_bb_image_content_flex\"><div class=\"bt_bb_image_content_inner\"><div class=\"bt_bb_separator bt_bb_border_style_none\" data-bt-override-class=\"null\"><\/div><\/div><\/div><\/div><\/div><div data-bb-version=\"4.7.6\" class=\"bt_bb_icon bt_bb_color_scheme_8 bt_bb_style_filled bt_bb_size_large bt_bb_shape_square bt_bb_target_self bt_bb_text_empty bt_bb_align_inherit bt_bb_vertical_position_half_above\" style=\"box-shadow: 0 2px 10px rgba(0,0,0,.2); padding: 0;; --primary-color:#353535; --secondary-color:#ffffff;\" data-bt-override-class=\"{&quot;bt_bb_size_&quot;:{&quot;current_class&quot;:&quot;bt_bb_size_large&quot;,&quot;def&quot;:&quot;large&quot;},&quot;bt_bb_align_&quot;:{&quot;current_class&quot;:&quot;bt_bb_align_inherit&quot;,&quot;def&quot;:&quot;inherit&quot;}}\"><span  data-ico-dentistry=\"&#xe927;\" class=\"bt_bb_icon_holder\"><\/span><\/div><div class=\"bt_bb_separator bt_bb_border_style_none\" data-bt-override-class=\"null\"><\/div><div class=\"bt_bb_separator bt_bb_border_style_none bt_bb_top_spacing_extra_small bt_bb_bottom_spacing_small\" data-bt-override-class=\"null\"><\/div><header data-bb-version=\"4.7.6\" class=\"bt_bb_headline bt_bb_subheadline_text_transform_default bt_bb_color_scheme_1 bt_bb_dash_none bt_bb_size_small bt_bb_align_inherit bt_bb_dash_type_none\" style=\"; --primary-color:#ffffff; --secondary-color:#191919;\" data-bt-override-class=\"{&quot;bt_bb_size_&quot;:{&quot;current_class&quot;:&quot;bt_bb_size_small&quot;,&quot;def&quot;:&quot;small&quot;},&quot;bt_bb_align_&quot;:{&quot;current_class&quot;:&quot;bt_bb_align_inherit&quot;,&quot;def&quot;:&quot;inherit&quot;}}\"><h3 class=\"bt_bb_headline_tag\"><span class=\"bt_bb_headline_content\"><span>MEDISMILE - Unsere Preise<\/span><\/span><\/h3><\/header><div class=\"bt_bb_separator bt_bb_border_style_none bt_bb_bottom_spacing_extra_small\" data-bt-override-class=\"null\"><\/div><div  class=\"bt_bb_text\" ><\/p>\n<p><span style=\"color: #ffffff\">Transparenz \u00fcber unsere Leistungen und die damit verbundenen Kosten.<\/span><\/p>\n<p>\n<\/div><div class=\"bt_bb_separator bt_bb_border_style_none bt_bb_top_spacing_extra_small bt_bb_bottom_spacing_small\" data-bt-override-class=\"null\"><\/div><div data-bb-version=\"4.7.6\" class=\"bt_bb_button bt_bb_color_scheme_2 bt_bb_icon_position_left bt_bb_style_filled bt_bb_size_normal bt_bb_width_full bt_bb_shape_inherit bt_bb_target_self bt_bb_text_transform_inherit bt_bb_align_inherit\" style=\"; --primary-color:#191919; --secondary-color:#ffffff;\" data-bt-override-class=\"{&quot;bt_bb_size_&quot;:{&quot;current_class&quot;:&quot;bt_bb_size_normal&quot;,&quot;def&quot;:&quot;normal&quot;},&quot;bt_bb_align_&quot;:{&quot;current_class&quot;:&quot;bt_bb_align_inherit&quot;,&quot;def&quot;:&quot;inherit&quot;}}\"><a href=\"https:\/\/medi-smile.com\/de\/unsere-preise\/medi-smile-kosten-preise\" target=\"_self\" class=\"bt_bb_link\" title=\"MEDISMILE - Preise\"><span class=\"bt_bb_button_text\" >MEDISMILE - Preise<\/span><span  data-ico-fontawesome=\"&#xf101;\" class=\"bt_bb_icon_holder\"><\/span><\/a><\/div><div class=\"bt_bb_separator bt_bb_border_style_none bt_bb_top_spacing_extra_small bt_bb_bottom_spacing_small\" data-bt-override-class=\"null\"><\/div><div class=\"bt_bb_column_inner_highlight\"><\/div><\/div><\/div><div data-bb-version=\"4.7.6\"  class=\"bt_bb_column_inner col-xxl-3 col-xl-3 bt_bb_align_left bt_bb_vertical_align_top bt_bb_padding_text_indent bt_bb_animation_fade_in move_up animate\" style=\"margin-bottom: 20px;\" data-width=\"3\" data-bt-override-class=\"{&quot;bt_bb_align_&quot;:{&quot;current_class&quot;:&quot;bt_bb_align_left&quot;,&quot;def&quot;:&quot;left&quot;},&quot;bt_bb_padding_&quot;:{&quot;current_class&quot;:&quot;bt_bb_padding_text_indent&quot;,&quot;def&quot;:&quot;text_indent&quot;}}\"><div class=\"bt_bb_column_inner_content\" style=\"background-color:rgb(19,166,198);\"><div class=\"bt_bb_column_inner_highlight\"><\/div><\/div><\/div><div data-bb-version=\"4.7.6\"  class=\"bt_bb_column_inner col-xxl-3 col-xl-3 bt_bb_align_left bt_bb_vertical_align_top bt_bb_padding_text_indent bt_bb_animation_fade_in move_up animate\" style=\"margin-bottom: 20px;\" data-width=\"3\" data-bt-override-class=\"{&quot;bt_bb_align_&quot;:{&quot;current_class&quot;:&quot;bt_bb_align_left&quot;,&quot;def&quot;:&quot;left&quot;},&quot;bt_bb_padding_&quot;:{&quot;current_class&quot;:&quot;bt_bb_padding_text_indent&quot;,&quot;def&quot;:&quot;text_indent&quot;}}\"><div class=\"bt_bb_column_inner_content\" style=\"background-color:rgb(19,166,198);\"><div class=\"bt_bb_column_inner_highlight\"><\/div><\/div><\/div><\/div><\/div><\/div><\/div><\/div><\/div><\/div><!-- cell_inner --><\/div><!-- cell --><\/div><!-- port --><\/section><section data-bb-version=\"4.7.6\" id=\"bt_bb_section69ea0660411b7\" class=\"bt_bb_section bt_bb_layout_boxed_1200 bt_bb_vertical_align_top bt_bb_top_spacing_large bt_bb_bottom_spacing_large section-links-visible\" style=\";background-color:rgb(252,252,252);\" data-bt-override-class=\"{&quot;bt_bb_top_spacing_&quot;:{&quot;current_class&quot;:&quot;bt_bb_top_spacing_large&quot;,&quot;def&quot;:&quot;large&quot;},&quot;bt_bb_bottom_spacing_&quot;:{&quot;current_class&quot;:&quot;bt_bb_bottom_spacing_large&quot;,&quot;def&quot;:&quot;large&quot;}}\"><div class=\"bt_bb_port\"><div class=\"bt_bb_cell\"><div class=\"bt_bb_cell_inner\"><div class=\"bt_bb_row \"  data-bt-override-class=\"{}\"><div class=\"bt_bb_row_holder\" ><div  class=\"bt_bb_column col-xxl-3 col-xl-3 bt_bb_vertical_align_middle bt_bb_align_center bt_bb_padding_normal bt_bb_animation_fade_in move_up animate\" style=\"border-right: 1px solid rgba(34,34,34,.1);\" data-width=\"3\" data-bt-override-class=\"{}\"><div class=\"bt_bb_column_content\"><div data-bb-version=\"4.7.6\" class=\"bt_bb_service bt_bb_color_scheme_7 bt_bb_style_borderless bt_bb_size_xlarge bt_bb_shape_circle bt_bb_target_self bt_bb_align_inherit\" style=\"; --primary-color:#353535; --secondary-color:#191919;\" data-bt-override-class=\"{&quot;bt_bb_size_&quot;:{&quot;current_class&quot;:&quot;bt_bb_size_xlarge&quot;,&quot;def&quot;:&quot;xlarge&quot;},&quot;bt_bb_align_&quot;:{&quot;current_class&quot;:&quot;bt_bb_align_inherit&quot;,&quot;def&quot;:&quot;inherit&quot;}}\"><a href=\"tel:0036301016510\"  target=\"_self\"  title=\"0036 (0) 30 101 6510\"  data-ico-medical=\"&#xe915;\" class=\"bt_bb_icon_holder\"><\/a><div class=\"bt_bb_service_content\"><div class=\"bt_bb_service_content_title\"><a href=\"tel:0036301016510\" target=\"_self\" title=\"0036 (0) 30 101 6510\">0036 (0) 30 101 6510<\/a><\/div><div class=\"bt_bb_service_content_text\">Telefon-Hotline<br \/><br \/>\n<\/div><\/div><\/div><div class=\"bt_bb_separator bt_bb_border_style_none bt_bb_bottom_spacing_small bt_bb_hidden_md bt_bb_hidden_lg\" data-bt-override-class=\"null\"><\/div><\/div><\/div><div  class=\"bt_bb_column col-xxl-3 col-xl-3 bt_bb_vertical_align_middle bt_bb_align_center bt_bb_padding_normal bt_bb_animation_fade_in move_up animate\" style=\"border-right: 1px solid rgba(34,34,34,.1);\" data-width=\"3\" data-bt-override-class=\"{}\"><div class=\"bt_bb_column_content\"><div data-bb-version=\"4.7.6\" class=\"bt_bb_service bt_bb_color_scheme_7 bt_bb_style_borderless bt_bb_size_xlarge bt_bb_shape_circle bt_bb_target_blank bt_bb_align_inherit\" style=\"; --primary-color:#353535; --secondary-color:#191919;\" data-bt-override-class=\"{&quot;bt_bb_size_&quot;:{&quot;current_class&quot;:&quot;bt_bb_size_xlarge&quot;,&quot;def&quot;:&quot;xlarge&quot;},&quot;bt_bb_align_&quot;:{&quot;current_class&quot;:&quot;bt_bb_align_inherit&quot;,&quot;def&quot;:&quot;inherit&quot;}}\"><a href=\"https:\/\/maps.app.goo.gl\/CpjEMbhJDy9JAoMx5\" target=\"_blank\" title=\"Adresse\" data-ico-medical=\"&#xe929;\" class=\"bt_bb_icon_holder\" rel=\"noopener\"><\/a><div class=\"bt_bb_service_content\"><div class=\"bt_bb_service_content_title\"><a href=\"https:\/\/maps.app.goo.gl\/CpjEMbhJDy9JAoMx5\" target=\"_blank\" title=\"Adresse\" rel=\"noopener\">Adresse<\/a><\/div><div class=\"bt_bb_service_content_text\">Szervita t\u00e9r 8,<br \/><br \/>\n1052 Budapest, Ungarn<\/div><\/div><\/div><div class=\"bt_bb_separator bt_bb_border_style_none bt_bb_bottom_spacing_small bt_bb_hidden_md bt_bb_hidden_lg\" data-bt-override-class=\"null\"><\/div><\/div><\/div><div  class=\"bt_bb_column col-xxl-3 col-xl-3 bt_bb_vertical_align_middle bt_bb_align_center bt_bb_padding_normal bt_bb_animation_fade_in move_up animate\" style=\"border-right: 1px solid rgba(34,34,34,.1);\" data-width=\"3\" data-bt-override-class=\"{}\"><div class=\"bt_bb_column_content\"><div data-bb-version=\"4.7.5\" class=\"bt_bb_service bt_bb_color_scheme_7 bt_bb_style_borderless bt_bb_size_xlarge bt_bb_shape_circle bt_bb_target_self bt_bb_align_inherit\" style=\"; --primary-color:#353535; --secondary-color:#191919;\" data-bt-override-class=\"{&quot;bt_bb_size_&quot;:{&quot;current_class&quot;:&quot;bt_bb_size_xlarge&quot;,&quot;def&quot;:&quot;xlarge&quot;},&quot;bt_bb_align_&quot;:{&quot;current_class&quot;:&quot;bt_bb_align_inherit&quot;,&quot;def&quot;:&quot;inherit&quot;}}\"><span  data-ico-dentalcare=\"&#xe92e;\" class=\"bt_bb_icon_holder\"><\/span><div class=\"bt_bb_service_content\"><div class=\"bt_bb_service_content_title\">\u00d6ffnungszeiten<\/div><div class=\"bt_bb_service_content_text\">Montag bis Freitag:<br \/><br \/>\n09:00 - 17:00 Uhr<\/div><\/div><\/div><div class=\"bt_bb_separator bt_bb_border_style_none bt_bb_bottom_spacing_small bt_bb_hidden_md bt_bb_hidden_lg\" data-bt-override-class=\"null\"><\/div><\/div><\/div><div  class=\"bt_bb_column col-xxl-3 col-xl-3 bt_bb_vertical_align_middle bt_bb_align_center bt_bb_padding_normal bt_bb_animation_fade_in move_up animate\"  data-width=\"3\" data-bt-override-class=\"{}\"><div class=\"bt_bb_column_content\"><div data-bb-version=\"4.7.5\" class=\"bt_bb_service bt_bb_color_scheme_7 bt_bb_style_borderless bt_bb_size_xlarge bt_bb_shape_circle bt_bb_target_self bt_bb_align_inherit\" style=\"; --primary-color:#353535; --secondary-color:#191919;\" data-bt-override-class=\"{&quot;bt_bb_size_&quot;:{&quot;current_class&quot;:&quot;bt_bb_size_xlarge&quot;,&quot;def&quot;:&quot;xlarge&quot;},&quot;bt_bb_align_&quot;:{&quot;current_class&quot;:&quot;bt_bb_align_inherit&quot;,&quot;def&quot;:&quot;inherit&quot;}}\"><a href=\"mailto:info@medi-smile.com\"  target=\"_self\"  title=\"info@medi-smile.com\"  data-ico-medical=\"&#xe91b;\" class=\"bt_bb_icon_holder\"><\/a><div class=\"bt_bb_service_content\"><div class=\"bt_bb_service_content_title\"><a href=\"mailto:info@medi-smile.com\" target=\"_self\" title=\"info@medi-smile.com\">info@medi-smile.com<\/a><\/div><div class=\"bt_bb_service_content_text\">Schreiben Sie uns<\/div><\/div><\/div><\/div><\/div><\/div><\/div><\/div><!-- cell_inner --><\/div><!-- cell --><\/div><!-- port --><\/section><\/p>\n","protected":false},"excerpt":{"rendered":"","protected":false},"author":1,"featured_media":3016,"parent":0,"menu_order":6,"comment_status":"closed","ping_status":"closed","template":"","meta":{"footnotes":""},"class_list":["post-2644","page","type-page","status-publish","has-post-thumbnail","hentry"],"_links":{"self":[{"href":"https:\/\/medi-smile.com\/de\/wp-json\/wp\/v2\/pages\/2644","targetHints":{"allow":["GET"]}}],"collection":[{"href":"https:\/\/medi-smile.com\/de\/wp-json\/wp\/v2\/pages"}],"about":[{"href":"https:\/\/medi-smile.com\/de\/wp-json\/wp\/v2\/types\/page"}],"author":[{"embeddable":true,"href":"https:\/\/medi-smile.com\/de\/wp-json\/wp\/v2\/users\/1"}],"replies":[{"embeddable":true,"href":"https:\/\/medi-smile.com\/de\/wp-json\/wp\/v2\/comments?post=2644"}],"version-history":[{"count":21,"href":"https:\/\/medi-smile.com\/de\/wp-json\/wp\/v2\/pages\/2644\/revisions"}],"predecessor-version":[{"id":4866,"href":"https:\/\/medi-smile.com\/de\/wp-json\/wp\/v2\/pages\/2644\/revisions\/4866"}],"wp:featuredmedia":[{"embeddable":true,"href":"https:\/\/medi-smile.com\/de\/wp-json\/wp\/v2\/media\/3016"}],"wp:attachment":[{"href":"https:\/\/medi-smile.com\/de\/wp-json\/wp\/v2\/media?parent=2644"}],"curies":[{"name":"wp","href":"https:\/\/api.w.org\/{rel}","templated":true}]}}