{"id":313,"date":"2019-12-30T11:14:59","date_gmt":"2019-12-30T11:14:59","guid":{"rendered":"http:\/\/denticare.bold-themes.com\/michelle\/?page_id=106"},"modified":"2024-08-11T08:15:52","modified_gmt":"2024-08-11T06:15:52","slug":"kontakt","status":"publish","type":"page","link":"https:\/\/medi-smile.com\/de\/ueber-medismile\/kontakt","title":{"rendered":"MEDISMILE-Kontakt"},"content":{"rendered":"<p><section id=\"bt_bb_section69dc1aa39e00a\" class=\"bt_bb_section bt_bb_layout_boxed_1200 bt_bb_vertical_align_top bt_bb_top_spacing_large bt_bb_bottom_spacing_large\"  data-bt-override-class=\"null\"><div class=\"bt_bb_port\"><div class=\"bt_bb_cell\"><div class=\"bt_bb_cell_inner\"><div class=\"bt_bb_row \"  data-bt-override-class=\"{}\"><div class=\"bt_bb_row_holder\" ><div  class=\"bt_bb_column col-xxl-3 col-xl-3 bt_bb_vertical_align_top bt_bb_align_center bt_bb_padding_normal bt_bb_animation_fade_in move_up animate\"  data-width=\"3\" data-bt-override-class=\"{}\"><div class=\"bt_bb_column_content\"><\/div><\/div><div  class=\"bt_bb_column col-xxl-6 col-xl-6 bt_bb_vertical_align_top bt_bb_align_center bt_bb_padding_normal bt_bb_animation_fade_in animate\"  data-width=\"6\" data-bt-override-class=\"{}\"><div class=\"bt_bb_column_content\"><header data-bb-version=\"4.7.6\" class=\"bt_bb_headline bt_bb_subheadline_text_transform_default bt_bb_color_scheme_8 bt_bb_dash_none bt_bb_size_extralarge bt_bb_align_inherit bt_bb_dash_type_none\" style=\"; --primary-color:#353535; --secondary-color:#ffffff;\" data-bt-override-class=\"{&quot;bt_bb_size_&quot;:{&quot;current_class&quot;:&quot;bt_bb_size_extralarge&quot;,&quot;def&quot;:&quot;extralarge&quot;},&quot;bt_bb_align_&quot;:{&quot;current_class&quot;:&quot;bt_bb_align_inherit&quot;,&quot;def&quot;:&quot;inherit&quot;}}\"><h1 class=\"bt_bb_headline_tag\"><span class=\"bt_bb_headline_content\"><span><b>Kontakt<\/b> - <strong>MEDISMILE<\/strong><\/span><\/span><\/h1><\/header><div class=\"bt_bb_separator bt_bb_border_style_none bt_bb_bottom_spacing_extra_small\" data-bt-override-class=\"null\"><\/div><div  class=\"bt_bb_text\" ><\/p>\n<p>Ihre Anliegen sind uns wichtig. Z\u00f6gern Sie nicht, uns zu kontaktieren, um gemeinsam das beste Angebot f\u00fcr Sie zu finden.<\/p>\n<p>\n<\/div><\/div><\/div><div  class=\"bt_bb_column col-xxl-3 col-xl-3 bt_bb_vertical_align_top bt_bb_align_center bt_bb_padding_normal bt_bb_animation_fade_in move_up animate\"  data-width=\"3\" data-bt-override-class=\"{}\"><div class=\"bt_bb_column_content\"><\/div><\/div><\/div><\/div><\/div><!-- cell_inner --><\/div><!-- cell --><\/div><!-- port --><\/section><section id=\"bt_bb_section69dc1aa39ecdb\" class=\"bt_bb_section bt_bb_layout_boxed_1200 bt_bb_vertical_align_top bt_bb_section_show_right_boxed_content bt_bb_overlap_columns_right_under\" style=\";background-color:#f2f2f2;\" data-bt-override-class=\"null\"><div class=\"bt_bb_port\"><div class=\"bt_bb_cell\"><div class=\"bt_bb_cell_inner\"><div class=\"bt_bb_row  bt_bb_column_gap_25\" style=\"; --column-gap:25px;\" data-bt-override-class=\"{}\"><div class=\"bt_bb_row_holder\" ><div  class=\"bt_bb_column col-xxl-6 col-xl-4 col-xs-12 col-sm-12 col-md-4 col-lg-4 bt_bb_vertical_align_middle bt_bb_align_left bt_bb_padding_normal bt_bb_animation_fade_in animate\" style=\"padding: 0;\" data-width=\"6\" data-bt-override-class=\"{}\"><div class=\"bt_bb_column_content\"><div data-bb-version=\"4.7.6\" class=\"bt_bb_image bt_bb_shape_square bt_bb_target_self bt_bb_align_inherit bt_bb_hover_style_simple bt_bb_content_display_always bt_bb_content_align_middle\" data-bt-override-class=\"{&quot;bt_bb_align_&quot;:{&quot;current_class&quot;:&quot;bt_bb_align_inherit&quot;,&quot;def&quot;:&quot;inherit&quot;},&quot;bt_bb_content_display_&quot;:{&quot;current_class&quot;:&quot;bt_bb_content_display_always&quot;,&quot;def&quot;:&quot;always&quot;}}\"><span><img loading=\"lazy\" decoding=\"async\" width=\"1400\" height=\"933\" src=\"https:\/\/medi-smile.com\/wp-content\/uploads\/2023\/11\/Medi-Smile-Kontakt-Zahn-Kiefer-Chirurgie-Budapest-Ungarn.jpg\" class=\"attachment-full size-full\" alt=\"MEDI-SMILE - Kontakt - Zahn - Kiefer-Chirurgie - Budapest - Ungarn\" data-full_image_src=\"https:\/\/medi-smile.com\/wp-content\/uploads\/2023\/11\/Medi-Smile-Kontakt-Zahn-Kiefer-Chirurgie-Budapest-Ungarn.jpg\" title=\"MEDI-SMILE - Kontakt - Zahn - Kiefer-Chirurgie - Budapest - Ungarn\" srcset=\"https:\/\/medi-smile.com\/wp-content\/uploads\/2023\/11\/Medi-Smile-Kontakt-Zahn-Kiefer-Chirurgie-Budapest-Ungarn.jpg 1400w, https:\/\/medi-smile.com\/wp-content\/uploads\/2023\/11\/Medi-Smile-Kontakt-Zahn-Kiefer-Chirurgie-Budapest-Ungarn-640x427.jpg 640w, https:\/\/medi-smile.com\/wp-content\/uploads\/2023\/11\/Medi-Smile-Kontakt-Zahn-Kiefer-Chirurgie-Budapest-Ungarn-1280x853.jpg 1280w, https:\/\/medi-smile.com\/wp-content\/uploads\/2023\/11\/Medi-Smile-Kontakt-Zahn-Kiefer-Chirurgie-Budapest-Ungarn-768x512.jpg 768w, https:\/\/medi-smile.com\/wp-content\/uploads\/2023\/11\/Medi-Smile-Kontakt-Zahn-Kiefer-Chirurgie-Budapest-Ungarn-320x213.jpg 320w\" sizes=\"auto, (max-width: 1400px) 100vw, 1400px\" \/><\/span><\/div><\/div><\/div><div  class=\"bt_bb_column col-xxl-6 col-xl-8 col-xs-12 col-sm-12 col-md-8 col-lg-8 bt_bb_vertical_align_middle bt_bb_align_left bt_bb_highlight bt_bb_padding_double bt_bb_animation_fade_in animate\"  data-width=\"6\" data-bt-override-class=\"{}\"><div class=\"bt_bb_column_content\" style=\"background-color:rgba(255, 255, 255, 1);\"><div class=\"bt_bb_separator bt_bb_border_style_none bt_bb_bottom_spacing_normal\" data-bt-override-class=\"null\"><\/div><header data-bb-version=\"4.7.6\" class=\"bt_bb_headline bt_bb_font_weight_bolder bt_bb_subheadline_text_transform_default bt_bb_color_scheme_17 bt_bb_dash_none bt_bb_size_large bt_bb_align_inherit bt_bb_dash_type_none\" style=\"; --primary-color:#353535; --secondary-color:#d6a82a;\" data-bt-override-class=\"{&quot;bt_bb_size_&quot;:{&quot;current_class&quot;:&quot;bt_bb_size_large&quot;,&quot;def&quot;:&quot;large&quot;},&quot;bt_bb_align_&quot;:{&quot;current_class&quot;:&quot;bt_bb_align_inherit&quot;,&quot;def&quot;:&quot;inherit&quot;}}\"><h2 class=\"bt_bb_headline_tag\"><span class=\"bt_bb_headline_content\"><span>Ihr Kontakt zu uns<\/span><\/span><\/h2><\/header><div class=\"bt_bb_separator bt_bb_border_style_none bt_bb_bottom_spacing_small\" data-bt-override-class=\"null\"><\/div><div  class=\"bt_bb_text\" ><\/p>\n<p>Wie k\u00f6nnen wir Ihnen behilflich sein? Gibt es spezielle Anliegen oder Fragen, die wir f\u00fcr Sie kl\u00e4ren k\u00f6nnen? Oder m\u00f6chten Sie einen Wunschtermin mit uns vereinbaren? Wir sind f\u00fcr Sie jederzeit da!<\/p>\n<p>\n<\/div><div class=\"bt_bb_separator bt_bb_border_style_none bt_bb_bottom_spacing_small\" data-bt-override-class=\"null\"><\/div><div data-bb-version=\"4.7.6\"  class=\"bt_bb_text\" ><\/p>\n<style id=\"wpforms-css-vars-2773\">\n\t\t\t\t#wpforms-2773 {<\/p>\n<p>\t\t\t}\n\t\t\t<\/style>\n<div class=\"wpforms-container wpforms-container-full wpforms-render-modern\" id=\"wpforms-2773\">\n<form id=\"wpforms-form-2773\" class=\"wpforms-validate wpforms-form wpforms-ajax-form\" data-formid=\"2773\" method=\"post\" enctype=\"multipart\/form-data\" action=\"\/de\/wp-json\/wp\/v2\/pages\/313\" data-token=\"59c7fb330bddcaa632ae33f8536f860f\" data-token-time=\"1776032419\"><noscript class=\"wpforms-error-noscript\">Bitte aktiviere JavaScript in deinem Browser, um dieses Formular fertigzustellen.<\/noscript><\/p>\n<div id=\"wpforms-error-noscript\" style=\"display: none;\">Bitte aktiviere JavaScript in deinem Browser, um dieses Formular fertigzustellen.<\/div>\n<div class=\"wpforms-field-container\">\n<div id=\"wpforms-2773-field_9-container\" class=\"wpforms-field wpforms-field-html\" data-field-id=\"9\">\n<div id=\"wpforms-2773-field_9\" aria-errormessage=\"wpforms-2773-field_9-error\"><span style=\"font-size:14px;\"><span style=\"color:red;\">*<\/span> Pflichtfelder bitte ausf\u00fcllen<\/span><\/div>\n<\/div>\n<div id=\"wpforms-2773-field_0-container\" class=\"wpforms-field wpforms-field-name\" data-field-id=\"0\"><label class=\"wpforms-field-label\" for=\"wpforms-2773-field_0\">Name <span class=\"wpforms-required-label\" aria-hidden=\"true\">*<\/span><\/label><input type=\"text\" id=\"wpforms-2773-field_0\" class=\"wpforms-field-medium wpforms-field-required\" name=\"wpforms[fields][0]\" aria-errormessage=\"wpforms-2773-field_0-error\" required><\/div>\n<div id=\"wpforms-2773-field_1-container\" class=\"wpforms-field wpforms-field-email\" data-field-id=\"1\"><label class=\"wpforms-field-label\" for=\"wpforms-2773-field_1\">E-Mail-Adresse <span class=\"wpforms-required-label\" aria-hidden=\"true\">*<\/span><\/label><input type=\"email\" id=\"wpforms-2773-field_1\" class=\"wpforms-field-medium wpforms-field-required\" name=\"wpforms[fields][1]\" spellcheck=\"false\" aria-errormessage=\"wpforms-2773-field_1-error\" required><\/div>\n<div id=\"wpforms-2773-field_3-container\" class=\"wpforms-field wpforms-field-phone\" data-field-id=\"3\"><label class=\"wpforms-field-label\" for=\"wpforms-2773-field_3\">Telefon (keine Pflichtangabe)<\/label><input type=\"tel\" id=\"wpforms-2773-field_3\" class=\"wpforms-field-medium wpforms-smart-phone-field\" data-rule-smart-phone-field=\"true\" name=\"wpforms[fields][3]\" aria-label=\"Telefon (keine Pflichtangabe)\" aria-errormessage=\"wpforms-2773-field_3-error\" ><\/div>\n<div id=\"wpforms-2773-field_2-container\" class=\"wpforms-field wpforms-field-textarea\" data-field-id=\"2\"><label class=\"wpforms-field-label\" for=\"wpforms-2773-field_2\">Ihre Nachricht an uns <span class=\"wpforms-required-label\" aria-hidden=\"true\">*<\/span><\/label><textarea id=\"wpforms-2773-field_2\" class=\"wpforms-field-medium wpforms-field-required\" name=\"wpforms[fields][2]\" aria-errormessage=\"wpforms-2773-field_2-error\" required><\/textarea><\/div>\n<div id=\"wpforms-2773-field_10-container\" class=\"wpforms-field wpforms-field-gdpr-checkbox\" data-field-id=\"10\"><label class=\"wpforms-field-label\">DSGVO-Einverst\u00e4ndnis <span class=\"wpforms-required-label\" aria-hidden=\"true\">*<\/span><\/label><\/p>\n<ul id=\"wpforms-2773-field_10\" class=\"wpforms-field-required\">\n<li class=\"choice-1\"><input type=\"checkbox\" id=\"wpforms-2773-field_10_1\" name=\"wpforms[fields][10][]\" value=\"Ich willige ein, dass diese Website meine \u00fcbermittelten Informationen speichert, sodass meine Anfrage beantwortet werden kann.\" aria-errormessage=\"wpforms-2773-field_10_1-error\" required ><label class=\"wpforms-field-label-inline\" for=\"wpforms-2773-field_10_1\">Ich willige ein, dass diese Website meine \u00fcbermittelten Informationen speichert, sodass meine Anfrage beantwortet werden kann.<\/label><\/li>\n<\/ul>\n<\/div>\n<\/div>\n<p><!-- .wpforms-field-container --><\/p>\n<div class=\"wpforms-recaptcha-container wpforms-is-turnstile\" >\n<div class=\"wpforms-turnstile\" data-sitekey=\"0x4AAAAAAANJ3KL6cPcicjFp\" data-action=\"FormID-2773\"><\/div>\n<p><input type=\"text\" name=\"g-recaptcha-hidden\" class=\"wpforms-recaptcha-hidden\" style=\"position:absolute!important;clip:rect(0,0,0,0)!important;height:1px!important;width:1px!important;border:0!important;overflow:hidden!important;padding:0!important;margin:0!important;\" data-rule-turnstile=\"1\"><\/div>\n<div class=\"wpforms-submit-container\" ><input type=\"hidden\" name=\"wpforms[id]\" value=\"2773\"><input type=\"hidden\" name=\"page_title\" value=\"\"><input type=\"hidden\" name=\"page_url\" value=\"https:\/\/medi-smile.com\/de\/wp-json\/wp\/v2\/pages\/313\"><input type=\"hidden\" name=\"url_referer\" value=\"\"><button type=\"submit\" name=\"wpforms[submit]\" id=\"wpforms-submit-2773\" class=\"wpforms-submit\" data-alt-text=\"Senden...\" data-submit-text=\"Nachricht senden\" aria-live=\"assertive\" value=\"wpforms-submit\">Nachricht senden<\/button><img loading=\"lazy\" decoding=\"async\" src=\"https:\/\/medi-smile.com\/wp-content\/plugins\/wpforms\/assets\/images\/submit-spin.svg\" class=\"wpforms-submit-spinner\" style=\"display: none;\" width=\"26\" height=\"26\" alt=\"Wird geladen\"><\/div>\n<\/form>\n<\/div>\n<p>  <!-- .wpforms-container --><\/p>\n<p>\n<\/div><div class=\"bt_bb_separator bt_bb_border_style_none bt_bb_bottom_spacing_normal\" data-bt-override-class=\"null\"><\/div><div class=\"bt_bb_column_highlight\"><\/div><\/div><\/div><\/div><\/div><div class=\"bt_bb_row \"  data-bt-override-class=\"{}\"><div class=\"bt_bb_row_holder\" ><\/div><\/div><\/div><!-- cell_inner --><\/div><!-- cell --><\/div><!-- port --><\/section><section data-bb-version=\"4.7.6\" id=\"bt_bb_section69dc1aa3a6085\" class=\"bt_bb_section bt_bb_layout_boxed_1200 bt_bb_vertical_align_top bt_bb_top_spacing_normal bt_bb_bottom_spacing_normal\"  data-bt-override-class=\"{&quot;bt_bb_top_spacing_&quot;:{&quot;current_class&quot;:&quot;bt_bb_top_spacing_normal&quot;,&quot;def&quot;:&quot;normal&quot;},&quot;bt_bb_bottom_spacing_&quot;:{&quot;current_class&quot;:&quot;bt_bb_bottom_spacing_normal&quot;,&quot;def&quot;:&quot;normal&quot;}}\"><div class=\"bt_bb_port\"><div class=\"bt_bb_cell\"><div class=\"bt_bb_cell_inner\"><div data-bb-version=\"4.7.6\" class=\"bt_bb_row  section-links-visible\"  data-bt-override-class=\"{}\"><div class=\"bt_bb_row_holder\" ><div  class=\"bt_bb_column col-xxl-3 col-xl-3 bt_bb_vertical_align_middle bt_bb_align_center bt_bb_padding_normal bt_bb_animation_fade_in move_up animate\" style=\"border-right: 1px solid rgba(34,34,34,.1);\" data-width=\"3\" data-bt-override-class=\"{}\"><div class=\"bt_bb_column_content\"><div data-bb-version=\"4.7.6\" class=\"bt_bb_service bt_bb_color_scheme_7 bt_bb_style_borderless bt_bb_size_xlarge bt_bb_shape_circle bt_bb_target_self bt_bb_align_inherit\" style=\"; --primary-color:#353535; --secondary-color:#191919;\" data-bt-override-class=\"{&quot;bt_bb_size_&quot;:{&quot;current_class&quot;:&quot;bt_bb_size_xlarge&quot;,&quot;def&quot;:&quot;xlarge&quot;},&quot;bt_bb_align_&quot;:{&quot;current_class&quot;:&quot;bt_bb_align_inherit&quot;,&quot;def&quot;:&quot;inherit&quot;}}\"><a href=\"tel:0036301016510\"  target=\"_self\"  title=\"0036 (0) 30 101 6510\"  data-ico-medical=\"&#xe915;\" class=\"bt_bb_icon_holder\"><\/a><div class=\"bt_bb_service_content\"><div class=\"bt_bb_service_content_title\"><a href=\"tel:0036301016510\" target=\"_self\" title=\"0036 (0) 30 101 6510\">0036 (0) 30 101 6510<\/a><\/div><div class=\"bt_bb_service_content_text\">Telefon-Hotline<br \/><br \/>\n<\/div><\/div><\/div><div class=\"bt_bb_separator bt_bb_border_style_none bt_bb_bottom_spacing_small bt_bb_hidden_md bt_bb_hidden_lg\" data-bt-override-class=\"null\"><\/div><\/div><\/div><div  class=\"bt_bb_column col-xxl-3 col-xl-3 bt_bb_vertical_align_middle bt_bb_align_center bt_bb_padding_normal bt_bb_animation_fade_in move_up animate\" style=\"border-right: 1px solid rgba(34,34,34,.1);\" data-width=\"3\" data-bt-override-class=\"{}\"><div class=\"bt_bb_column_content\"><div data-bb-version=\"4.7.6\" class=\"bt_bb_service bt_bb_color_scheme_7 bt_bb_style_borderless bt_bb_size_xlarge bt_bb_shape_circle bt_bb_target_blank bt_bb_align_inherit\" style=\"; --primary-color:#353535; --secondary-color:#191919;\" data-bt-override-class=\"{&quot;bt_bb_size_&quot;:{&quot;current_class&quot;:&quot;bt_bb_size_xlarge&quot;,&quot;def&quot;:&quot;xlarge&quot;},&quot;bt_bb_align_&quot;:{&quot;current_class&quot;:&quot;bt_bb_align_inherit&quot;,&quot;def&quot;:&quot;inherit&quot;}}\"><a href=\"https:\/\/maps.app.goo.gl\/CpjEMbhJDy9JAoMx5\" target=\"_blank\" title=\"Adresse\" data-ico-medical=\"&#xe929;\" class=\"bt_bb_icon_holder\" rel=\"noopener\"><\/a><div class=\"bt_bb_service_content\"><div class=\"bt_bb_service_content_title\"><a href=\"https:\/\/maps.app.goo.gl\/CpjEMbhJDy9JAoMx5\" target=\"_blank\" title=\"Adresse\" rel=\"noopener\">Adresse<\/a><\/div><div class=\"bt_bb_service_content_text\">Szervita t\u00e9r 8,<br \/><br \/>\n1052 Budapest, Ungarn<\/div><\/div><\/div><div class=\"bt_bb_separator bt_bb_border_style_none bt_bb_bottom_spacing_small bt_bb_hidden_md bt_bb_hidden_lg\" data-bt-override-class=\"null\"><\/div><\/div><\/div><div  class=\"bt_bb_column col-xxl-3 col-xl-3 bt_bb_vertical_align_middle bt_bb_align_center bt_bb_padding_normal bt_bb_animation_fade_in move_up animate\" style=\"border-right: 1px solid rgba(34,34,34,.1);\" data-width=\"3\" data-bt-override-class=\"{}\"><div class=\"bt_bb_column_content\"><div data-bb-version=\"4.7.5\" class=\"bt_bb_service bt_bb_color_scheme_7 bt_bb_style_borderless bt_bb_size_xlarge bt_bb_shape_circle bt_bb_target_self bt_bb_align_inherit\" style=\"; --primary-color:#353535; --secondary-color:#191919;\" data-bt-override-class=\"{&quot;bt_bb_size_&quot;:{&quot;current_class&quot;:&quot;bt_bb_size_xlarge&quot;,&quot;def&quot;:&quot;xlarge&quot;},&quot;bt_bb_align_&quot;:{&quot;current_class&quot;:&quot;bt_bb_align_inherit&quot;,&quot;def&quot;:&quot;inherit&quot;}}\"><span  data-ico-dentalcare=\"&#xe92e;\" class=\"bt_bb_icon_holder\"><\/span><div class=\"bt_bb_service_content\"><div class=\"bt_bb_service_content_title\">\u00d6ffnungszeiten<\/div><div class=\"bt_bb_service_content_text\">Montag bis Freitag:<br \/><br \/>\n09:00 - 17:00 Uhr<\/div><\/div><\/div><div class=\"bt_bb_separator bt_bb_border_style_none bt_bb_bottom_spacing_small bt_bb_hidden_md bt_bb_hidden_lg\" data-bt-override-class=\"null\"><\/div><\/div><\/div><div  class=\"bt_bb_column col-xxl-3 col-xl-3 bt_bb_vertical_align_middle bt_bb_align_center bt_bb_padding_normal bt_bb_animation_fade_in move_up animate\"  data-width=\"3\" data-bt-override-class=\"{}\"><div class=\"bt_bb_column_content\"><div data-bb-version=\"4.7.5\" class=\"bt_bb_service bt_bb_color_scheme_7 bt_bb_style_borderless bt_bb_size_xlarge bt_bb_shape_circle bt_bb_target_self bt_bb_align_inherit\" style=\"; --primary-color:#353535; --secondary-color:#191919;\" data-bt-override-class=\"{&quot;bt_bb_size_&quot;:{&quot;current_class&quot;:&quot;bt_bb_size_xlarge&quot;,&quot;def&quot;:&quot;xlarge&quot;},&quot;bt_bb_align_&quot;:{&quot;current_class&quot;:&quot;bt_bb_align_inherit&quot;,&quot;def&quot;:&quot;inherit&quot;}}\"><a href=\"mailto:info@medi-smile.com\"  target=\"_self\"  title=\"info@medi-smile.com\"  data-ico-medical=\"&#xe91b;\" class=\"bt_bb_icon_holder\"><\/a><div class=\"bt_bb_service_content\"><div class=\"bt_bb_service_content_title\"><a href=\"mailto:info@medi-smile.com\" target=\"_self\" title=\"info@medi-smile.com\">info@medi-smile.com<\/a><\/div><div class=\"bt_bb_service_content_text\">Schreiben Sie uns<\/div><\/div><\/div><\/div><\/div><\/div><\/div><div class=\"bt_bb_row \"  data-bt-override-class=\"{}\"><div class=\"bt_bb_row_holder\" ><\/div><\/div><\/div><!-- cell_inner --><\/div><!-- cell --><\/div><!-- port --><\/section><\/p>\n","protected":false},"excerpt":{"rendered":"","protected":false},"author":1,"featured_media":0,"parent":312,"menu_order":8,"comment_status":"closed","ping_status":"closed","template":"","meta":{"footnotes":""},"class_list":["post-313","page","type-page","status-publish","hentry"],"_links":{"self":[{"href":"https:\/\/medi-smile.com\/de\/wp-json\/wp\/v2\/pages\/313","targetHints":{"allow":["GET"]}}],"collection":[{"href":"https:\/\/medi-smile.com\/de\/wp-json\/wp\/v2\/pages"}],"about":[{"href":"https:\/\/medi-smile.com\/de\/wp-json\/wp\/v2\/types\/page"}],"author":[{"embeddable":true,"href":"https:\/\/medi-smile.com\/de\/wp-json\/wp\/v2\/users\/1"}],"replies":[{"embeddable":true,"href":"https:\/\/medi-smile.com\/de\/wp-json\/wp\/v2\/comments?post=313"}],"version-history":[{"count":45,"href":"https:\/\/medi-smile.com\/de\/wp-json\/wp\/v2\/pages\/313\/revisions"}],"predecessor-version":[{"id":4837,"href":"https:\/\/medi-smile.com\/de\/wp-json\/wp\/v2\/pages\/313\/revisions\/4837"}],"up":[{"embeddable":true,"href":"https:\/\/medi-smile.com\/de\/wp-json\/wp\/v2\/pages\/312"}],"wp:attachment":[{"href":"https:\/\/medi-smile.com\/de\/wp-json\/wp\/v2\/media?parent=313"}],"curies":[{"name":"wp","href":"https:\/\/api.w.org\/{rel}","templated":true}]}}