{"id":3735,"date":"2020-01-03T08:46:49","date_gmt":"2020-01-03T07:46:49","guid":{"rendered":"https:\/\/medi-smile.com\/about-medismile\/dr-dr-hans-krehn"},"modified":"2023-12-13T15:53:14","modified_gmt":"2023-12-13T14:53:14","slug":"dr-dr-hans-krehn","status":"publish","type":"page","link":"https:\/\/medi-smile.com\/en\/about-medismile\/dr-dr-hans-krehn","title":{"rendered":"Dr. Dr. Hans Krehn"},"content":{"rendered":"<p><section data-bb-version=\"4.7.6\" id=\"bt_bb_section69dad8f1dc610\" class=\"bt_bb_section bt_bb_layout_boxed_1200 bt_bb_vertical_align_top bt_bb_background_overlay_light_solid bt_bb_top_spacing_none bt_bb_bottom_spacing_none\" style=\"background-position:center top;\" data-bt-override-class=\"{&quot;bt_bb_top_spacing_&quot;:{&quot;current_class&quot;:&quot;bt_bb_top_spacing_none&quot;,&quot;def&quot;:&quot;none&quot;},&quot;bt_bb_bottom_spacing_&quot;:{&quot;current_class&quot;:&quot;bt_bb_bottom_spacing_none&quot;,&quot;def&quot;:&quot;none&quot;}}\"><div class=\"bt_bb_background_image_holder_wrapper\"><div class=\"bt_bb_background_image_holder btLazyLoadBackground\"  data-background_image_src=\"https:\/\/medi-smile.com\/wp-content\/uploads\/2023\/11\/Zahnarzt-Medismile-Budapest-Ungarn.jpg\" data-parallax-zoom-start=\"1\" data-parallax-zoom-end=\"1\" data-parallax-blur-start=\"0\" data-parallax-blur-end=\"0\" data-parallax-opacity-start=\"1\" data-parallax-opacity-end=\"1\" style=\" background-image: url(&#039;https:\/\/medi-smile.com\/wp-content\/plugins\/bold-page-builder\/img\/blank.gif&#039;);\"><\/div><\/div><div class=\"bt_bb_port\"><div class=\"bt_bb_cell\"><div class=\"bt_bb_cell_inner\"><div data-bb-version=\"4.7.6\" class=\"bt_bb_row  bt_bb_column_gap_medium\"  data-bt-override-class=\"{}\"><div class=\"bt_bb_row_holder\" ><div data-bb-version=\"4.7.6\"  class=\"bt_bb_column col-xxl-6 col-xl-6 bt_bb_vertical_align_bottom bt_bb_align_left bt_bb_padding_normal bt_bb_animation_fade_in animate\"  data-width=\"6\" data-bt-override-class=\"{&quot;bt_bb_align_&quot;:{&quot;current_class&quot;:&quot;bt_bb_align_left&quot;,&quot;def&quot;:&quot;left&quot;},&quot;bt_bb_padding_&quot;:{&quot;current_class&quot;:&quot;bt_bb_padding_normal&quot;,&quot;def&quot;:&quot;normal&quot;}}\"><div class=\"bt_bb_column_content\"><div data-bb-version=\"4.7.6\" class=\"bt_bb_separator bt_bb_border_style_none bt_bb_top_spacing_medium bt_bb_bottom_spacing_none bt_bb_hidden_sm bt_bb_hidden_md bt_bb_hidden_lg bt_bb_hidden_xl\" data-bt-override-class=\"{&quot;bt_bb_top_spacing_&quot;:{&quot;current_class&quot;:&quot;bt_bb_top_spacing_medium&quot;,&quot;def&quot;:&quot;medium&quot;},&quot;bt_bb_bottom_spacing_&quot;:{&quot;current_class&quot;:&quot;bt_bb_bottom_spacing_none&quot;,&quot;def&quot;:&quot;none&quot;}}\"><\/div><header data-bb-version=\"4.7.5\" class=\"bt_bb_headline bt_bb_font_weight_bolder bt_bb_subheadline_text_transform_default bt_bb_color_scheme_17 bt_bb_dash_none bt_bb_size_huge bt_bb_align_inherit bt_bb_dash_type_none\" style=\"; --primary-color:#353535; --secondary-color:#d6a82a;\" data-bt-override-class=\"{&quot;bt_bb_size_&quot;:{&quot;current_class&quot;:&quot;bt_bb_size_huge&quot;,&quot;def&quot;:&quot;huge&quot;},&quot;bt_bb_align_&quot;:{&quot;current_class&quot;:&quot;bt_bb_align_inherit&quot;,&quot;def&quot;:&quot;inherit&quot;}}\"><h1 class=\"bt_bb_headline_tag\"><span class=\"bt_bb_headline_content\"><span><small>Dr. Dr. Hans<\/small>Krehn<\/span><\/span><\/h1><\/header><div class=\"bt_bb_separator bt_bb_border_style_none bt_bb_bottom_spacing_small\" data-bt-override-class=\"null\"><\/div><div  class=\"bt_bb_text\" ><p><span style=\"font-size: 110%;\">We create your glowing smile with a high level of expertise and experience.<br \/>\nYour dental health and beauty are my passion.<\/span><\/p>\n<\/div><div data-bb-version=\"4.7.6\" class=\"bt_bb_separator bt_bb_border_style_none bt_bb_top_spacing_none bt_bb_bottom_spacing_medium bt_bb_hidden_xs bt_bb_hidden_ms\" data-bt-override-class=\"{&quot;bt_bb_top_spacing_&quot;:{&quot;current_class&quot;:&quot;bt_bb_top_spacing_none&quot;,&quot;def&quot;:&quot;none&quot;},&quot;bt_bb_bottom_spacing_&quot;:{&quot;current_class&quot;:&quot;bt_bb_bottom_spacing_medium&quot;,&quot;def&quot;:&quot;medium&quot;}}\"><\/div><div data-bb-version=\"4.7.6\" class=\"bt_bb_separator bt_bb_border_style_none bt_bb_top_spacing_none bt_bb_bottom_spacing_medium bt_bb_hidden_xs bt_bb_hidden_ms\" data-bt-override-class=\"{&quot;bt_bb_top_spacing_&quot;:{&quot;current_class&quot;:&quot;bt_bb_top_spacing_none&quot;,&quot;def&quot;:&quot;none&quot;},&quot;bt_bb_bottom_spacing_&quot;:{&quot;current_class&quot;:&quot;bt_bb_bottom_spacing_medium&quot;,&quot;def&quot;:&quot;medium&quot;}}\"><\/div><div data-bb-version=\"4.7.6\" class=\"bt_bb_separator bt_bb_border_style_none bt_bb_top_spacing_none bt_bb_bottom_spacing_medium bt_bb_hidden_xs bt_bb_hidden_ms\" data-bt-override-class=\"{&quot;bt_bb_top_spacing_&quot;:{&quot;current_class&quot;:&quot;bt_bb_top_spacing_none&quot;,&quot;def&quot;:&quot;none&quot;},&quot;bt_bb_bottom_spacing_&quot;:{&quot;current_class&quot;:&quot;bt_bb_bottom_spacing_medium&quot;,&quot;def&quot;:&quot;medium&quot;}}\"><\/div><\/div><\/div><div  class=\"bt_bb_column col-xxl-6 col-xl-6 bt_bb_vertical_align_bottom bt_bb_align_left bt_bb_padding_double bt_bb_animation_fade_in animate\"  data-width=\"6\" data-bt-override-class=\"{}\"><div class=\"bt_bb_column_content\"><div class=\"bt_bb_separator bt_bb_border_style_none bt_bb_top_spacing_normal\" data-bt-override-class=\"null\"><\/div><div data-bb-version=\"4.7.6\" class=\"bt_bb_image bt_bb_shape_square bt_bb_target_self bt_bb_align_inherit bt_bb_hover_style_simple bt_bb_content_display_always bt_bb_content_align_middle\" data-bt-override-class=\"{&quot;bt_bb_align_&quot;:{&quot;current_class&quot;:&quot;bt_bb_align_inherit&quot;,&quot;def&quot;:&quot;inherit&quot;},&quot;bt_bb_content_display_&quot;:{&quot;current_class&quot;:&quot;bt_bb_content_display_always&quot;,&quot;def&quot;:&quot;always&quot;}}\"><span><img loading=\"lazy\" decoding=\"async\" width=\"530\" height=\"618\" src=\"https:\/\/medi-smile.com\/wp-content\/uploads\/2023\/11\/Dr-Dr-Hans-Krehn-Zahnarzt-Medismile-Budapest-Ungarn.png\" class=\"attachment-full size-full\" alt=\"Dr. Dr. Hans Krehn - Zahnarzt - MEDI-SMILE - Budapest - Ungarn\" data-full_image_src=\"https:\/\/medi-smile.com\/wp-content\/uploads\/2023\/11\/Dr-Dr-Hans-Krehn-Zahnarzt-Medismile-Budapest-Ungarn.png\" title=\"Dr. Dr. Hans Krehn - Zahnarzt - MEDI-SMILE - Budapest - Ungarn\" srcset=\"https:\/\/medi-smile.com\/wp-content\/uploads\/2023\/11\/Dr-Dr-Hans-Krehn-Zahnarzt-Medismile-Budapest-Ungarn.png 530w, https:\/\/medi-smile.com\/wp-content\/uploads\/2023\/11\/Dr-Dr-Hans-Krehn-Zahnarzt-Medismile-Budapest-Ungarn-320x373.png 320w\" sizes=\"auto, (max-width: 530px) 100vw, 530px\" \/><\/span><\/div><\/div><\/div><\/div><\/div><\/div><!-- cell_inner --><\/div><!-- cell --><\/div><!-- port --><\/section><section id=\"bt_bb_section69dad8f1dd2b6\" class=\"bt_bb_section bt_bb_layout_boxed_1200 bt_bb_vertical_align_top bt_bb_overlap_columns_right\" style=\"z-index: 1;\" data-bt-override-class=\"null\"><div class=\"bt_bb_port\"><div class=\"bt_bb_cell\"><div class=\"bt_bb_cell_inner\"><div class=\"bt_bb_row \" style=\"margin-top: -85px;\" data-bt-override-class=\"{}\"><div class=\"bt_bb_row_holder\" ><div  class=\"bt_bb_column col-xxl-6 col-xl-6 bt_bb_vertical_align_middle bt_bb_align_left bt_bb_highlight bt_bb_padding_double bt_bb_animation_fade_in move_up animate\" style=\"background-color: rgba(242, 242, 242, 1);\" data-width=\"6\" data-bt-override-class=\"{}\"><div class=\"bt_bb_column_content\"><div class=\"bt_bb_separator bt_bb_border_style_none bt_bb_top_spacing_extra_small bt_bb_bottom_spacing_small\" data-bt-override-class=\"null\"><\/div><header data-bb-version=\"4.7.6\" class=\"bt_bb_headline bt_bb_subheadline_text_transform_default bt_bb_color_scheme_8 bt_bb_dash_none bt_bb_subheadline bt_bb_size_extrasmall bt_bb_align_inherit bt_bb_dash_type_none\" style=\"; --primary-color:#353535; --secondary-color:#ffffff;\" data-bt-override-class=\"{&quot;bt_bb_size_&quot;:{&quot;current_class&quot;:&quot;bt_bb_size_extrasmall&quot;,&quot;def&quot;:&quot;extrasmall&quot;},&quot;bt_bb_align_&quot;:{&quot;current_class&quot;:&quot;bt_bb_align_inherit&quot;,&quot;def&quot;:&quot;inherit&quot;}}\"><h2 class=\"bt_bb_headline_tag\"><span class=\"bt_bb_headline_content\"><span>Perfect smile guaranteed<\/span><\/span><\/h2><div class=\"bt_bb_headline_subheadline\">Do you wish a callback?<\/div><\/header><div class=\"bt_bb_separator bt_bb_border_style_solid bt_bb_top_spacing_small bt_bb_bottom_spacing_small\" style=\"; border-width: 1px\" data-bt-override-class=\"null\"><\/div><div class=\" bt_bb_row_inner\"   data-bt-override-class=\"{}\"><div class=\"bt_bb_row_inner_holder\"  ><div  class=\"bt_bb_column_inner col-xxl-12 col-xl-12 col-xs-12 col-sm-12 col-md-12 col-lg-12 bt_bb_align_left bt_bb_vertical_align_top\"  data-width=\"12\" data-bt-override-class=\"{}\"><div class=\"bt_bb_column_inner_content\"><div data-bb-version=\"4.7.6\"  class=\"bt_bb_text\" ><style id=\"wpforms-css-vars-3972\">\n\t\t\t\t#wpforms-3972 {\n\t\t\t\t\n\t\t\t}\n\t\t\t<\/style><div class=\"wpforms-container wpforms-container-full wpforms-render-modern\" id=\"wpforms-3972\"><form id=\"wpforms-form-3972\" class=\"wpforms-validate wpforms-form wpforms-ajax-form\" data-formid=\"3972\" method=\"post\" enctype=\"multipart\/form-data\" action=\"\/en\/wp-json\/wp\/v2\/pages\/3735\" data-token=\"3772bd5c82e9413ba3d95ba6053cdd9b\" data-token-time=\"1775950065\"><noscript class=\"wpforms-error-noscript\">Please enable JavaScript in your browser to complete this form.<\/noscript><div id=\"wpforms-error-noscript\" style=\"display: none;\">Please enable JavaScript in your browser to complete this form.<\/div><div class=\"wpforms-field-container\"><div id=\"wpforms-3972-field_0-container\" class=\"wpforms-field wpforms-field-name\" data-field-id=\"0\"><label class=\"wpforms-field-label\" for=\"wpforms-3972-field_0\">Your name <span class=\"wpforms-required-label\" aria-hidden=\"true\">*<\/span><\/label><input type=\"text\" id=\"wpforms-3972-field_0\" class=\"wpforms-field-medium wpforms-field-required\" name=\"wpforms[fields][0]\" aria-errormessage=\"wpforms-3972-field_0-error\" aria-describedby=\"wpforms-3972-field_0-description\" required><div id=\"wpforms-3972-field_0-description\" class=\"wpforms-field-description\">Please enter your first and last name...<\/div><\/div><div id=\"wpforms-3972-field_3-container\" class=\"wpforms-field wpforms-field-phone\" data-field-id=\"3\"><label class=\"wpforms-field-label\" for=\"wpforms-3972-field_3\">Phone number <span class=\"wpforms-required-label\" aria-hidden=\"true\">*<\/span><\/label><input type=\"tel\" id=\"wpforms-3972-field_3\" class=\"wpforms-field-medium wpforms-field-required wpforms-smart-phone-field\" data-rule-smart-phone-field=\"true\" name=\"wpforms[fields][3]\" aria-label=\"Phone number\" aria-errormessage=\"wpforms-3972-field_3-error\" aria-describedby=\"wpforms-3972-field_3-description\" required><div id=\"wpforms-3972-field_3-description\" class=\"wpforms-field-description\">Phone number where we may call you...<\/div><\/div><div id=\"wpforms-3972-field_4-container\" class=\"wpforms-field wpforms-field-gdpr-checkbox\" data-field-id=\"4\"><label class=\"wpforms-field-label\">Consent to the GDPR <span class=\"wpforms-required-label\" aria-hidden=\"true\">*<\/span><\/label><ul id=\"wpforms-3972-field_4\" class=\"wpforms-field-required\"><li class=\"choice-1\"><input type=\"checkbox\" id=\"wpforms-3972-field_4_1\" name=\"wpforms[fields][4][]\" value=\"I agree that this website may store my submitted information so that my request can be answered.\" aria-errormessage=\"wpforms-3972-field_4_1-error\" required ><label class=\"wpforms-field-label-inline\" for=\"wpforms-3972-field_4_1\">I agree that this website may store my submitted information so that my request can be answered.<\/label><\/li><\/ul><\/div><\/div><!-- .wpforms-field-container --><div class=\"wpforms-recaptcha-container wpforms-is-turnstile\" ><div class=\"wpforms-turnstile\" data-sitekey=\"0x4AAAAAAANJ3KL6cPcicjFp\" data-action=\"FormID-3972\"><\/div><input type=\"text\" name=\"g-recaptcha-hidden\" class=\"wpforms-recaptcha-hidden\" style=\"position:absolute!important;clip:rect(0,0,0,0)!important;height:1px!important;width:1px!important;border:0!important;overflow:hidden!important;padding:0!important;margin:0!important;\" data-rule-turnstile=\"1\"><\/div><div class=\"wpforms-submit-container\" ><input type=\"hidden\" name=\"wpforms[id]\" value=\"3972\"><input type=\"hidden\" name=\"page_title\" value=\"\"><input type=\"hidden\" name=\"page_url\" value=\"https:\/\/medi-smile.com\/en\/wp-json\/wp\/v2\/pages\/3735\"><input type=\"hidden\" name=\"url_referer\" value=\"\"><button type=\"submit\" name=\"wpforms[submit]\" id=\"wpforms-submit-3972\" class=\"wpforms-submit\" data-alt-text=\"Request will be sent...\" data-submit-text=\"Request a callback\" aria-live=\"assertive\" value=\"wpforms-submit\">Request a callback<\/button><img loading=\"lazy\" decoding=\"async\" src=\"https:\/\/medi-smile.com\/wp-content\/plugins\/wpforms\/assets\/images\/submit-spin.svg\" class=\"wpforms-submit-spinner\" style=\"display: none;\" width=\"26\" height=\"26\" alt=\"Loading\"><\/div><\/form><\/div>  <!-- .wpforms-container --><\/div><div class=\"bt_bb_column_inner_highlight\"><\/div><\/div><\/div><\/div><\/div><div class=\"bt_bb_separator bt_bb_border_style_none bt_bb_bottom_spacing_normal\" data-bt-override-class=\"null\"><\/div><div class=\"bt_bb_column_highlight\"><\/div><\/div><\/div><div data-bb-version=\"4.7.5\"  class=\"bt_bb_column col-xxl-6 col-xl-6 bt_bb_vertical_align_middle bt_bb_align_center bt_bb_padding_text_indent bt_bb_animation_fade_in move_up animate\"  data-width=\"6\" data-bt-override-class=\"{&quot;bt_bb_align_&quot;:{&quot;current_class&quot;:&quot;bt_bb_align_center&quot;,&quot;def&quot;:&quot;center&quot;},&quot;bt_bb_padding_&quot;:{&quot;current_class&quot;:&quot;bt_bb_padding_text_indent&quot;,&quot;def&quot;:&quot;text_indent&quot;}}\"><div class=\"bt_bb_column_content\" style=\"background-color:rgb(19,166,198);\"><div class=\"bt_bb_separator bt_bb_border_style_none bt_bb_top_spacing_normal bt_bb_bottom_spacing_extra_small\" data-bt-override-class=\"null\"><\/div><div  class=\"bt_bb_text btAccentQuote\" style=\"color: #FFF;\"><\/p>\n<blockquote>\n<p>Tell me what you want and together we will create your magical smile. See you soon!<\/p>\n<\/blockquote>\n<p>\n<\/div><div class=\"bt_bb_separator bt_bb_border_style_none bt_bb_top_spacing_small\" data-bt-override-class=\"null\"><\/div><div class=\"bt_bb_separator bt_bb_border_style_none bt_bb_top_spacing_normal bt_bb_bottom_spacing_extra_small\" data-bt-override-class=\"null\"><\/div><\/div><\/div><\/div><\/div><\/div><!-- cell_inner --><\/div><!-- cell --><\/div><!-- port --><\/section><section id=\"bt_bb_section69dad8f1dfb75\" class=\"bt_bb_section bt_bb_layout_boxed_1200 bt_bb_vertical_align_top bt_bb_top_spacing_medium bt_bb_bottom_spacing_large\"  data-bt-override-class=\"null\"><div class=\"bt_bb_port\"><div class=\"bt_bb_cell\"><div class=\"bt_bb_cell_inner\"><div class=\"bt_bb_row  bt_bb_column_gap_25\" style=\"; --column-gap:25px;\" data-bt-override-class=\"{}\"><div class=\"bt_bb_row_holder\" ><div  class=\"bt_bb_column col-xxl-12 col-xl-12 col-xs-12 col-sm-12 col-md-12 col-lg-12 bt_bb_vertical_align_top bt_bb_align_left bt_bb_padding_normal bt_bb_animation_fade_in animate\"  data-width=\"12\" data-bt-override-class=\"{}\"><div class=\"bt_bb_column_content\"><div class=\" bt_bb_row_inner\"   data-bt-override-class=\"{}\"><div class=\"bt_bb_row_inner_holder\"  ><div  class=\"bt_bb_column_inner col-xxl-12 col-xl-12 col-xs-12 col-sm-12 col-md-12 col-lg-12 bt_bb_align_left bt_bb_vertical_align_top\"  data-width=\"12\" data-bt-override-class=\"{}\"><div class=\"bt_bb_column_inner_content\"><header data-bb-version=\"4.7.6\" class=\"bt_bb_headline bt_bb_subheadline_text_transform_default bt_bb_color_scheme_4 bt_bb_dash_none bt_bb_size_medium bt_bb_align_inherit bt_bb_dash_type_none\" style=\"; --primary-color:#d6a82a; --secondary-color:#ffffff;\" data-bt-override-class=\"{&quot;bt_bb_size_&quot;:{&quot;current_class&quot;:&quot;bt_bb_size_medium&quot;,&quot;def&quot;:&quot;medium&quot;},&quot;bt_bb_align_&quot;:{&quot;current_class&quot;:&quot;bt_bb_align_inherit&quot;,&quot;def&quot;:&quot;inherit&quot;}}\"><h3 class=\"bt_bb_headline_tag\"><span class=\"bt_bb_headline_content\"><span>Dr. med. Dr. med. dent. Hans Krehn<\/span><\/span><\/h3><\/header><div data-bb-version=\"4.7.6\" class=\"bt_bb_separator bt_bb_border_style_none bt_bb_top_spacing_normal bt_bb_bottom_spacing_none\" data-bt-override-class=\"{&quot;bt_bb_top_spacing_&quot;:{&quot;current_class&quot;:&quot;bt_bb_top_spacing_normal&quot;,&quot;def&quot;:&quot;normal&quot;},&quot;bt_bb_bottom_spacing_&quot;:{&quot;current_class&quot;:&quot;bt_bb_bottom_spacing_none&quot;,&quot;def&quot;:&quot;none&quot;}}\"><\/div><div  class=\"bt_bb_text\" ><\/p>\n<p><img loading=\"lazy\" decoding=\"async\" class=\"wp-image-2992 size-full alignright\" src=\"https:\/\/medi-smile.com\/wp-content\/uploads\/2023\/11\/Dr-Dr-Hans-Krehn-Arzt-Zahn-Kiefer-Medismile-Budapest-Ungarn.jpg\" alt=\"Dr. Dr. Hans Krehn - Doctor - Tooth - Jaw - Medismile - Budapest - Hungary\" width=\"630\" height=\"420\" srcset=\"https:\/\/medi-smile.com\/wp-content\/uploads\/2023\/11\/Dr-Dr-Hans-Krehn-Arzt-Zahn-Kiefer-Medismile-Budapest-Ungarn.jpg 630w, https:\/\/medi-smile.com\/wp-content\/uploads\/2023\/11\/Dr-Dr-Hans-Krehn-Arzt-Zahn-Kiefer-Medismile-Budapest-Ungarn-320x213.jpg 320w\" sizes=\"auto, (max-width: 630px) 100vw, 630px\" \/>Dr. med. Dr. med. dent. Hans Krehn is a doctor and dentist as well as a specialist in oral and maxillofacial surgery with practices in Hamburg and Budapest. After studying human medicine and then dentistry at the Semmelwei\u00df University in Budapest, he completed his specialist training in oral and maxillofacial surgery at the Charit\u00e9 Berlin, Universit\u00e4tsmedizin Berlin Campus Virchow Klinikum under the direction of Prof. Dr. Dr. B. Hoffmeister.<\/p>\n<p>After various positions as an employed specialist and numerous further and advanced training courses, Dr. Dr. Hans Krehn founded his first private practice in the heart of Hamburg in 2019, which he runs very successfully together with his wife Dr. Dr. Veronika Krehn and a large staff.<\/p>\n<p>Dr. Dr. Krehn&#8217;s long-cherished wish was to make his innovative, unique treatment concepts and technologies, some of which he developed himself, available in Hungary as well. With MEDISMILE Budapest, an independent practice, Dr. Dr. Krehn offers his national and international patients and clients dentistry, surgery and aesthetic services at the highest level.<\/p>\n<p>\n<\/div><div data-bb-version=\"4.7.6\" class=\"bt_bb_separator bt_bb_border_style_none bt_bb_top_spacing_none bt_bb_bottom_spacing_small\" data-bt-override-class=\"{&quot;bt_bb_top_spacing_&quot;:{&quot;current_class&quot;:&quot;bt_bb_top_spacing_none&quot;,&quot;def&quot;:&quot;none&quot;},&quot;bt_bb_bottom_spacing_&quot;:{&quot;current_class&quot;:&quot;bt_bb_bottom_spacing_small&quot;,&quot;def&quot;:&quot;small&quot;}}\"><\/div><div class=\"bt_bb_column_inner_highlight\"><\/div><\/div><\/div><\/div><\/div><\/div><\/div><\/div><\/div><div class=\"bt_bb_row \"  data-bt-override-class=\"{}\"><div class=\"bt_bb_row_holder\" ><div  class=\"bt_bb_column col-xxl-12 col-xl-12 col-xs-12 col-sm-12 col-md-12 col-lg-12 bt_bb_vertical_align_top bt_bb_align_left bt_bb_padding_normal bt_bb_animation_fade_in animate\"  data-width=\"12\" data-bt-override-class=\"{}\"><div class=\"bt_bb_column_content\"><div data-bb-version=\"4.7.6\" class=\"bt_bb_separator bt_bb_border_style_none bt_bb_top_spacing_small bt_bb_bottom_spacing_none\" data-bt-override-class=\"{&quot;bt_bb_top_spacing_&quot;:{&quot;current_class&quot;:&quot;bt_bb_top_spacing_small&quot;,&quot;def&quot;:&quot;small&quot;},&quot;bt_bb_bottom_spacing_&quot;:{&quot;current_class&quot;:&quot;bt_bb_bottom_spacing_none&quot;,&quot;def&quot;:&quot;none&quot;}}\"><\/div><header data-bb-version=\"4.7.6\" class=\"bt_bb_headline bt_bb_subheadline_text_transform_default bt_bb_color_scheme_8 bt_bb_dash_none bt_bb_size_small bt_bb_align_inherit bt_bb_dash_type_none\" style=\"; --primary-color:#353535; --secondary-color:#ffffff;\" data-bt-override-class=\"{&quot;bt_bb_size_&quot;:{&quot;current_class&quot;:&quot;bt_bb_size_small&quot;,&quot;def&quot;:&quot;small&quot;},&quot;bt_bb_align_&quot;:{&quot;current_class&quot;:&quot;bt_bb_align_inherit&quot;,&quot;def&quot;:&quot;inherit&quot;}}\"><h4 class=\"bt_bb_headline_tag\"><span class=\"bt_bb_headline_content\"><span>Career history<\/span><\/span><\/h4><\/header><div class=\"bt_bb_separator bt_bb_border_style_none bt_bb_top_spacing_normal\" data-bt-override-class=\"null\"><\/div><div  class=\"bt_bb_text\" ><\/p>\n<ul>\n<li>2001-2008: Medical studies at Semmelweis University, Budapest<\/li>\n<li>2007-2011: Dental studies at Semmelweis University, Budapest<\/li>\n<li>2011-2013: Further training assistant for oral and maxillofacial surgery at the Nuremberg South Clinic, Nuremberg Medical Director: Prof. Dr. Dr. M. Farmand<\/li>\n<li>2013-2016: Further training assistant for oral and maxillofacial surgery &#8211; Charit\u00e9 Universit\u00e4tsmedizin Berlin Campus Virchow Klinikum, Medical Director: Prof. Dr. Dr. B. Hoffmeister<\/li>\n<li>2016-2017: Doctor and dentist in employment Practice Dr. R. Zerweck, Bremerhaven<\/li>\n<li>2017: Specialist in oral and maxillofacial surgery<\/li>\n<li>2018-2019: Specialist in oral and maxillofacial surgery in employment Maxillofacial surgery, practice for oral and maxillofacial surgery Hamburg-Innenstadt Dr. M. Suhr<\/li>\n<li>2019-2023: Establishment of MEDI-KUSS, facial surgery practice for oral and maxillofacial surgery, Hamburg-Innenstadt<\/li>\n<li>since 2023: Founding of MEDISMILE, facial surgery practice for oral and maxillofacial surgery, Budapest, Hungary<\/li>\n<\/ul>\n<p>\n<\/div><\/div><\/div><\/div><\/div><\/div><!-- cell_inner --><\/div><!-- cell --><\/div><!-- port --><\/section><\/p>\n","protected":false},"excerpt":{"rendered":"","protected":false},"author":1,"featured_media":0,"parent":3730,"menu_order":2,"comment_status":"closed","ping_status":"closed","template":"","meta":{"footnotes":""},"class_list":["post-3735","page","type-page","status-publish","hentry"],"_links":{"self":[{"href":"https:\/\/medi-smile.com\/en\/wp-json\/wp\/v2\/pages\/3735","targetHints":{"allow":["GET"]}}],"collection":[{"href":"https:\/\/medi-smile.com\/en\/wp-json\/wp\/v2\/pages"}],"about":[{"href":"https:\/\/medi-smile.com\/en\/wp-json\/wp\/v2\/types\/page"}],"author":[{"embeddable":true,"href":"https:\/\/medi-smile.com\/en\/wp-json\/wp\/v2\/users\/1"}],"replies":[{"embeddable":true,"href":"https:\/\/medi-smile.com\/en\/wp-json\/wp\/v2\/comments?post=3735"}],"version-history":[{"count":3,"href":"https:\/\/medi-smile.com\/en\/wp-json\/wp\/v2\/pages\/3735\/revisions"}],"predecessor-version":[{"id":3999,"href":"https:\/\/medi-smile.com\/en\/wp-json\/wp\/v2\/pages\/3735\/revisions\/3999"}],"up":[{"embeddable":true,"href":"https:\/\/medi-smile.com\/en\/wp-json\/wp\/v2\/pages\/3730"}],"wp:attachment":[{"href":"https:\/\/medi-smile.com\/en\/wp-json\/wp\/v2\/media?parent=3735"}],"curies":[{"name":"wp","href":"https:\/\/api.w.org\/{rel}","templated":true}]}}