{"id":3829,"date":"2023-11-20T15:19:06","date_gmt":"2023-11-20T14:19:06","guid":{"rendered":"https:\/\/medi-smile.com\/legal-notice"},"modified":"2024-08-11T09:51:50","modified_gmt":"2024-08-11T07:51:50","slug":"legal-notice","status":"publish","type":"page","link":"https:\/\/medi-smile.com\/en\/legal-notice","title":{"rendered":"Legal notice"},"content":{"rendered":"<section data-bb-version=\"4.7.6\" id=\"bt_bb_section69d77dd140dfe\" class=\"bt_bb_section bt_bb_layout_boxed_1200\"  data-bt-override-class=\"null\"><div class=\"bt_bb_port\"><div class=\"bt_bb_cell\"><div class=\"bt_bb_cell_inner\"><div class=\"bt_bb_row \"  data-bt-override-class=\"{}\"><div class=\"bt_bb_row_holder\" ><div data-bb-version=\"4.7.6\"  class=\"bt_bb_column col-xxl-12 col-xl-12 col-xs-12 col-sm-12 col-md-12 col-lg-12 bt_bb_vertical_align_top bt_bb_align_left bt_bb_padding_normal\"  data-width=\"12\" data-bt-override-class=\"{}\"><div class=\"bt_bb_column_content\"><div data-bb-version=\"4.7.6\" class=\"bt_bb_separator bt_bb_border_style_none bt_bb_top_spacing_normal bt_bb_bottom_spacing_none\" data-bt-override-class=\"{&quot;bt_bb_top_spacing_&quot;:{&quot;current_class&quot;:&quot;bt_bb_top_spacing_normal&quot;,&quot;def&quot;:&quot;normal&quot;},&quot;bt_bb_bottom_spacing_&quot;:{&quot;current_class&quot;:&quot;bt_bb_bottom_spacing_none&quot;,&quot;def&quot;:&quot;none&quot;}}\"><\/div><header data-bb-version=\"4.7.6\" class=\"bt_bb_headline bt_bb_subheadline_text_transform_default bt_bb_color_scheme_4 bt_bb_dash_none bt_bb_size_inherit bt_bb_align_inherit bt_bb_dash_type_none\" style=\"; --primary-color:#d6a82a; --secondary-color:#ffffff;\" data-bt-override-class=\"{&quot;bt_bb_size_&quot;:{&quot;current_class&quot;:&quot;bt_bb_size_inherit&quot;,&quot;def&quot;:&quot;inherit&quot;},&quot;bt_bb_align_&quot;:{&quot;current_class&quot;:&quot;bt_bb_align_inherit&quot;,&quot;def&quot;:&quot;inherit&quot;}}\"><h1 class=\"bt_bb_headline_tag\"><span class=\"bt_bb_headline_content\"><span>Legal notice - MEDISMILE<\/span><\/span><\/h1><\/header><div data-bb-version=\"4.7.6\" class=\"bt_bb_separator bt_bb_border_style_none bt_bb_top_spacing_normal bt_bb_bottom_spacing_none\" data-bt-override-class=\"{&quot;bt_bb_top_spacing_&quot;:{&quot;current_class&quot;:&quot;bt_bb_top_spacing_normal&quot;,&quot;def&quot;:&quot;normal&quot;},&quot;bt_bb_bottom_spacing_&quot;:{&quot;current_class&quot;:&quot;bt_bb_bottom_spacing_none&quot;,&quot;def&quot;:&quot;none&quot;}}\"><\/div><div data-bb-version=\"4.7.6\"  class=\"bt_bb_text\" ><\/p>\n<p><strong>IMPRINT AND COPYRIGHTS<\/strong><\/p>\n<ol>\n<li><strong>DETAILS OF THE COMPANY<\/strong><\/li>\n<\/ol>\n<p>The operator of the website https:\/\/medi-smile.com:<\/p>\n<ul>\n<li style=\"list-style-type: none\">\n<ul>\n<li>Company name: Medismile Korl\u00e1tolt Felel\u0151ss\u00e9g\u0171 T\u00e1rsas\u00e1g<\/li>\n<li>Location. 1053 Imre Immanimir, 2, 2, Budapest, Hungary<\/li>\n<\/ul>\n<\/li>\n<\/ul>\n<p>Door 11A<\/p>\n<ul>\n<li>Steuernummer: 27487787-1-41<\/li>\n<li>Company registration number: 01-09-392078<\/li>\n<li>Registered with: Commercial Court of the Municipal Court of Budapest<\/li>\n<li>Electronic mail address: <a href=\"mailto:info@medi-smile.com\">info@medi-smile.com<\/a><\/li>\n<li>Phone number: +36-30-101-6510<\/li>\n<\/ul>\n<ol start=\"2\">\n<li><strong>Service information<\/strong><\/li>\n<\/ol>\n<p>Details of the company hosting the website https:\/\/medi-smile.com<\/p>\n<ul>\n<li>Company name: SMB Best Admin Kft<\/li>\n<li>Company name: SMB Best Admin Kft<\/li>\n<li>Location:1163 Budapest M\u00e1t\u00e9 utca 2<\/li>\n<li>Steuernummer: 11675-334-2-42<\/li>\n<li>Company registration number: 01 09 963033<\/li>\n<li>Registered with: Commercial Court of the Municipal Court of Budapest<\/li>\n<li>Electronic postal address: ceginfo@smbbest.hu<\/li>\n<li>Telefonnummer: +36-1-607-8139<\/li>\n<li>Website: http:\/\/smbbest.hu<\/li>\n<\/ul>\n<ol start=\"3\">\n<li><strong>DETAILS OF THE AUTHORIZING AUTHORITY:<\/strong><\/li>\n<\/ol>\n<ul>\n<li>Name: National Center for Public Health<\/li>\n<li>Location: 1097 Budapest, Albert Fl\u00f3ri\u00e1n \u00fat 2-6.<\/li>\n<li>Company address: 1437 Budapest, Pf. 777<\/li>\n<li>Phone number: +36 1 476 1100<\/li>\n<li>Electronic postal address: <a href=\"mailto:tisztifoorvos@nnk.gov.hu\">tisztifoorvos@nnk.gov.hu<\/a><\/li>\n<\/ul>\n<ol start=\"4\">\n<li><strong>Mandatory information on the field of education:<\/strong><\/li>\n<\/ol>\n<ul>\n<li>Name: Hungarian Medical Association, Section of Dentistry<\/li>\n<li>Location: 1068 Budapest, Szondi u. 100.<\/li>\n<li>Corporate address: 1398 Budapest 62, Pf. 581<\/li>\n<li>Phone number: +36 1 353 21 88<\/li>\n<li>Electronic mail address: <a href=\"mailto:kamara@fogorvos.hu\">kamara@fogorvos.hu<\/a><\/li>\n<\/ul>\n<ol start=\"5\">\n<li><strong>SECTORAL REGISTRATION<\/strong><\/li>\n<\/ol>\n<ul>\n<li>Name: National Health Insurance Fund<\/li>\n<li>Place of registration: 1139 Budapest, V\u00e1ci \u00fat 73\/A.<\/li>\n<li>Phone number: +36 1 350 20 01<\/li>\n<li>Electronic mail address: <a href=\"mailto:neak@neak.gov.hu\">neak@neak.gov.hu<\/a><\/li>\n<li>Website: <a href=\"http:\/\/www.neak.gov.hu\/\" target=\"_blank\" rel=\"noopener\">http:\/\/www.neak.gov.hu\/<\/a><\/li>\n<\/ul>\n<ol start=\"6\">\n<li><strong>STREET PARTICIPATION<\/strong><\/li>\n<\/ol>\n<p>The European Commission has set up an Online Dispute Resolution (ODR) platform to provide a legal mechanism for the out-of-court settlement of consumer disputes. The platform is available at <a href=\"https:\/\/ec.europa.eu\/consumers\/odr\/\" target=\"_blank\" rel=\"noopener\">https:\/\/ec.europa.eu\/consumers\/odr\/<\/a>.<\/p>\n<ol start=\"7\">\n<li><strong>JUSTICE PROTECTION<\/strong><\/li>\n<\/ol>\n<ul>\n<li>Name: Integrated Legal Protection Service<\/li>\n<li>Location: 1134 Budapest, T\u00fcz\u00e9r u. 33-35.<\/li>\n<li>Legal address: 1365 Bp, Pf. 646<\/li>\n<li>Phone number: +36 1 896 90 00<\/li>\n<li>Electronic mail address: <a href=\"mailto:ijsz@ijsz.bm.gov.hu\">ijsz@ijsz.bm.gov.hu<\/a><\/li>\n<li>Website: <a href=\"https:\/\/www.ijsz.hu\/\" target=\"_blank\" rel=\"noopener\">https:\/\/www.ijsz.hu\/<\/a><\/li>\n<\/ul>\n<ol start=\"8\">\n<li><strong>PATIENT AUTHORIZED<\/strong><\/li>\n<\/ol>\n<ul>\n<li>Name: Dr. Andr\u00e1s Mina<\/li>\n<li>Location: 1134 Budapest, T\u00fcz\u00e9r u. 33-35.<\/li>\n<li>Address: Szent R\u00f3kus Hospital (1085 Bp. Gyulai P. u. 2-4.)<\/li>\n<li>Phone number: +36 20 4899 577<\/li>\n<li>Electronic mail address: <a href=\"mailto:andras.mina@ijb.emmi.gov.hu\">mina@ijb.emmi.gov.hu<\/a><\/li>\n<\/ul>\n<ol start=\"9\">\n<li><strong>DISTRIBUTION<\/strong><\/li>\n<\/ol>\n<p>By visiting this website, you agree that we cannot be held responsible for the content of the websites to which we link. The inclusion of any linked content or the provision of a link to a linked website does not imply endorsement by us of the products, advertising or other materials displayed on the linked websites.<\/p>\n<p>We have no control over the content of links to external websites and therefore cannot be held responsible for such external content. By continuing to use this website, you agree that we will not be liable for any damages, losses or costs incurred in connection with the content, goods or services available on the linked websites. We will always check the linked sites when linking and will only publish sites where we had no knowledge of illegal content at the time of linking.<\/p>\n<ol start=\"10\">\n<li><strong>RIGHTS OF THE AUTHOR<\/strong><\/li>\n<\/ol>\n<p>By visiting <a href=\"https:\/\/medi-smile.com\/\">https:\/\/medi-smile.com<\/a>, you acknowledge and agree to the following terms.<\/p>\n<p>Images, videos and text content on this website are protected by copyright and are the property of Medismile Ltd.<\/p>\n<p>Other media: <a href=\"https:\/\/www.freepik.com\/\" target=\"_blank\" rel=\"noopener\">FREEPIK<\/a>, Stefan Boekels<\/p>\n<p>Visitors to the website are entitled to view and use the content for private purposes only. They may not transfer, reproduce, adapt, re-digitize, redistribute or otherwise exploit the content without the written permission of the copyright holder.<\/p>\n<p>The visitor acknowledges that the rights holder may sue him for damages or, if he causes material damage through his infringement, prosecute him under criminal law.<\/p>\n<p>Insofar as the content on this site was not created by the operator, the operator will endeavor to respect the copyrights of third parties, in particular by naming the author. Should you nevertheless become aware of a copyright infringement, please notify us accordingly. We undertake to remove such content from our website as soon as we become aware of it.<\/p>\n<p>Budapest, 11.09.2023.<\/p>\n<p>Medismile Ltd.<\/p>\n<p>\n<\/div><div data-bb-version=\"4.7.6\" class=\"bt_bb_separator bt_bb_border_style_none bt_bb_top_spacing_normal bt_bb_bottom_spacing_none\" data-bt-override-class=\"{&quot;bt_bb_top_spacing_&quot;:{&quot;current_class&quot;:&quot;bt_bb_top_spacing_normal&quot;,&quot;def&quot;:&quot;normal&quot;},&quot;bt_bb_bottom_spacing_&quot;:{&quot;current_class&quot;:&quot;bt_bb_bottom_spacing_none&quot;,&quot;def&quot;:&quot;none&quot;}}\"><\/div><\/div><\/div><\/div><\/div><\/div><!-- cell_inner --><\/div><!-- cell --><\/div><!-- port --><\/section>\n","protected":false},"excerpt":{"rendered":"","protected":false},"author":1,"featured_media":3764,"parent":0,"menu_order":100,"comment_status":"closed","ping_status":"closed","template":"","meta":{"footnotes":""},"class_list":["post-3829","page","type-page","status-publish","has-post-thumbnail","hentry"],"_links":{"self":[{"href":"https:\/\/medi-smile.com\/en\/wp-json\/wp\/v2\/pages\/3829","targetHints":{"allow":["GET"]}}],"collection":[{"href":"https:\/\/medi-smile.com\/en\/wp-json\/wp\/v2\/pages"}],"about":[{"href":"https:\/\/medi-smile.com\/en\/wp-json\/wp\/v2\/types\/page"}],"author":[{"embeddable":true,"href":"https:\/\/medi-smile.com\/en\/wp-json\/wp\/v2\/users\/1"}],"replies":[{"embeddable":true,"href":"https:\/\/medi-smile.com\/en\/wp-json\/wp\/v2\/comments?post=3829"}],"version-history":[{"count":3,"href":"https:\/\/medi-smile.com\/en\/wp-json\/wp\/v2\/pages\/3829\/revisions"}],"predecessor-version":[{"id":4871,"href":"https:\/\/medi-smile.com\/en\/wp-json\/wp\/v2\/pages\/3829\/revisions\/4871"}],"wp:featuredmedia":[{"embeddable":true,"href":"https:\/\/medi-smile.com\/en\/wp-json\/wp\/v2\/media\/3764"}],"wp:attachment":[{"href":"https:\/\/medi-smile.com\/en\/wp-json\/wp\/v2\/media?parent=3829"}],"curies":[{"name":"wp","href":"https:\/\/api.w.org\/{rel}","templated":true}]}}