{"id":3516,"date":"2023-11-20T15:19:06","date_gmt":"2023-11-20T14:19:06","guid":{"rendered":"https:\/\/medi-smile.com\/medi-smile-24\/impresszum"},"modified":"2024-08-11T11:53:53","modified_gmt":"2024-08-11T09:53:53","slug":"impresszum","status":"publish","type":"page","link":"https:\/\/medi-smile.com\/hu\/impresszum","title":{"rendered":"Impresszum"},"content":{"rendered":"<section data-bb-version=\"4.7.6\" id=\"bt_bb_section69d764fe9e6a9\" class=\"bt_bb_section bt_bb_layout_boxed_1200\"  data-bt-override-class=\"null\"><div class=\"bt_bb_port\"><div class=\"bt_bb_cell\"><div class=\"bt_bb_cell_inner\"><div class=\"bt_bb_row \"  data-bt-override-class=\"{}\"><div class=\"bt_bb_row_holder\" ><div data-bb-version=\"4.7.6\"  class=\"bt_bb_column col-xxl-12 col-xl-12 col-xs-12 col-sm-12 col-md-12 col-lg-12 bt_bb_vertical_align_top bt_bb_align_left bt_bb_padding_normal\"  data-width=\"12\" data-bt-override-class=\"{}\"><div class=\"bt_bb_column_content\"><div data-bb-version=\"4.7.6\" class=\"bt_bb_separator bt_bb_border_style_none bt_bb_top_spacing_normal bt_bb_bottom_spacing_none\" data-bt-override-class=\"{&quot;bt_bb_top_spacing_&quot;:{&quot;current_class&quot;:&quot;bt_bb_top_spacing_normal&quot;,&quot;def&quot;:&quot;normal&quot;},&quot;bt_bb_bottom_spacing_&quot;:{&quot;current_class&quot;:&quot;bt_bb_bottom_spacing_none&quot;,&quot;def&quot;:&quot;none&quot;}}\"><\/div><header data-bb-version=\"4.7.6\" class=\"bt_bb_headline bt_bb_subheadline_text_transform_default bt_bb_color_scheme_4 bt_bb_dash_none bt_bb_size_inherit bt_bb_align_inherit bt_bb_dash_type_none\" style=\"; --primary-color:#d6a82a; --secondary-color:#ffffff;\" data-bt-override-class=\"{&quot;bt_bb_size_&quot;:{&quot;current_class&quot;:&quot;bt_bb_size_inherit&quot;,&quot;def&quot;:&quot;inherit&quot;},&quot;bt_bb_align_&quot;:{&quot;current_class&quot;:&quot;bt_bb_align_inherit&quot;,&quot;def&quot;:&quot;inherit&quot;}}\"><h1 class=\"bt_bb_headline_tag\"><span class=\"bt_bb_headline_content\"><span>Impresszum - MEDISMILE<\/span><\/span><\/h1><\/header><div data-bb-version=\"4.7.6\" class=\"bt_bb_separator bt_bb_border_style_none bt_bb_top_spacing_normal bt_bb_bottom_spacing_none\" data-bt-override-class=\"{&quot;bt_bb_top_spacing_&quot;:{&quot;current_class&quot;:&quot;bt_bb_top_spacing_normal&quot;,&quot;def&quot;:&quot;normal&quot;},&quot;bt_bb_bottom_spacing_&quot;:{&quot;current_class&quot;:&quot;bt_bb_bottom_spacing_none&quot;,&quot;def&quot;:&quot;none&quot;}}\"><\/div><div data-bb-version=\"4.7.6\"  class=\"bt_bb_text\" ><\/p>\n<div>\n<p><strong>IMPRESSZUM \u00c9S SZERZ\u0150I JOGOK<\/strong><\/p>\n<p><strong>\u00a0<\/strong><\/p>\n<ol>\n<li><strong> AZ \u00dcZEMELTET\u0150 ADATAI<\/strong><\/li>\n<\/ol>\n<p>A https:\/\/medi-smile.com weboldal \u00fczemeltet\u0151je:<\/p>\n<ul>\n<li>C\u00e9gn\u00e9v: Medismile Korl\u00e1tolt Felel\u0151ss\u00e9g\u0171 T\u00e1rsas\u00e1g<\/li>\n<li>Sz\u00e9khely: 1053 Budapest, Henszlmann Imre utca 7. 2. em. 11A. ajt\u00f3<\/li>\n<li>Ad\u00f3sz\u00e1m: 27487787-1-41<\/li>\n<li>C\u00e9gjegyz\u00e9ksz\u00e1m: 01-09-392078<\/li>\n<li>Nyilv\u00e1ntartja: F\u0151v\u00e1rosi T\u00f6rv\u00e9nysz\u00e9k C\u00e9gb\u00edr\u00f3s\u00e1ga<\/li>\n<li>Elektronikus lev\u00e9lc\u00edm: <a href=\"mailto:info@medi-smile.com\">info@medi-smile.com<\/a><\/li>\n<li>Telefonsz\u00e1m: +36 -30-101-6510<\/li>\n<\/ul>\n<p><strong><u>\u00a0<\/u><\/strong><\/p>\n<ol start=\"2\">\n<li><strong> A T\u00c1RHELY SZOLG\u00c1LTAT\u00d3 ADATAI<\/strong><\/li>\n<\/ol>\n<p>A https:\/\/medi-smile.com weboldal t\u00e1rhely\u00e9t biztos\u00edt\u00f3 c\u00e9g adatai:<\/p>\n<ul>\n<li>C\u00e9gn\u00e9v: SMB Best Admin Kft<\/li>\n<li>Sz\u00e9khely: 1163 Budapest M\u00e1t\u00e9 utca 2<\/li>\n<li>Ad\u00f3sz\u00e1m: 11675-334-2-42<\/li>\n<li>C\u00e9gjegyz\u00e9ksz\u00e1m: 01 09 963033<\/li>\n<li>Nyilv\u00e1ntartja: F\u0151v\u00e1rosi T\u00f6rv\u00e9nysz\u00e9k C\u00e9gb\u00edr\u00f3s\u00e1ga<\/li>\n<li>Elektronikus lev\u00e9lc\u00edm: ceginfo@smbbest.hu<\/li>\n<li>Telefonsz\u00e1m: +36-1-607-8139<\/li>\n<li>Weboldal: http:\/\/smbbest.hu<\/li>\n<\/ul>\n<p><strong><u>\u00a0<\/u><\/strong><\/p>\n<ol start=\"3\">\n<li><strong> M\u0170K\u00d6D\u00c9ST ENGED\u00c9LYEZ\u0150 HAT\u00d3S\u00c1G ADATAI:<\/strong><\/li>\n<\/ol>\n<ul>\n<li>N\u00e9v: Nemzeti N\u00e9peg\u00e9szs\u00e9g\u00fcgyi K\u00f6zpont<\/li>\n<li>Sz\u00e9khelye: 1097 Budapest, Albert Fl\u00f3ri\u00e1n \u00fat 2-6.<\/li>\n<li>Levelez\u00e9si c\u00edme: 1437 Budapest, Pf. 777<\/li>\n<li>Telefonsz\u00e1m: +36 1 476 1100<\/li>\n<li>Elektronikus lev\u00e9lc\u00edm: <a href=\"mailto:tisztifoorvos@nnk.gov.hu\">tisztifoorvos@nnk.gov.hu<\/a><\/li>\n<\/ul>\n<ol start=\"4\">\n<li><strong> K\u00d6TELEZ\u0150 SZAKMAI- \u00c9RDEKK\u00c9PVISELET ADATAI:<\/strong><\/li>\n<\/ol>\n<ul>\n<li>N\u00e9v: Magyar Orvosi Kamara Fogorvosi Tagozat<\/li>\n<li>Sz\u00e9khely: 1068 Budapest, Szondi u. 100.<\/li>\n<li>Levelez\u00e9si c\u00edme: 1398 Budapest 62, Pf. 581<\/li>\n<li>Telefonsz\u00e1m: +36 1 353 21 88<\/li>\n<li>Elektronikus lev\u00e9lc\u00edm: <a href=\"mailto:kamara@fogorvos.hu\">kamara@fogorvos.hu<\/a><\/li>\n<\/ul>\n<ol start=\"5\">\n<li><strong> SZAKMAI FELEL\u0150SS\u00c9GB\u00cdZOS\u00cdT\u00c1S<\/strong><\/li>\n<\/ol>\n<ul>\n<li>N\u00e9v: Nemzeti Eg\u00e9szs\u00e9gbiztos\u00edt\u00e1si Alapkezel\u0151<\/li>\n<li>Sz\u00e9khely: 1139 Budapest, V\u00e1ci \u00fat 73\/A.<\/li>\n<li>Telefonsz\u00e1m: +36 1\u00a0350 20 01<\/li>\n<li>Elektronikus lev\u00e9lc\u00edm: <a href=\"mailto:neak@neak.gov.hu\">neak@neak.gov.hu<\/a><\/li>\n<li>Weboldal: <a href=\"http:\/\/www.neak.gov.hu\/\" target=\"_blank\" rel=\"noopener\">http:\/\/www.neak.gov.hu\/<\/a><\/li>\n<\/ul>\n<ol start=\"6\">\n<li><strong> VITARENDEZ\u00c9S<\/strong><\/li>\n<\/ol>\n<p><strong>\u00a0<\/strong><\/p>\n<p>Az Eur\u00f3pai Bizotts\u00e1g online vitarendez\u00e9si platformot (Online Dispute Resolution) hozott l\u00e9tre annak \u00e9rdek\u00e9ben, hogy a fogyaszt\u00f3i jogvit\u00e1k peren k\u00edv\u00fcli rendez\u00e9s\u00e9hez jogi mechanizmust biztos\u00edtson. A platform a http:\/\/ec.europa.eu\/consumers\/odr\/ weboldalon \u00e9rhet\u0151 el.<\/p>\n<p><strong>\u00a0<\/strong><\/p>\n<ol start=\"7\">\n<li><strong> JOGV\u00c9DELEM<\/strong><\/li>\n<\/ol>\n<ul>\n<li>N\u00e9v: Integr\u00e1lt Jogv\u00e9delmi Szolg\u00e1lat<\/li>\n<li>Sz\u00e9khely: 1134 Budapest, T\u00fcz\u00e9r u. 33-35.<\/li>\n<li>Levelez\u00e9si c\u00edme: 1365 Bp., Pf. 646<\/li>\n<li>Telefonsz\u00e1m: +36 1\u00a0896 90 00<\/li>\n<li>Elektronikus lev\u00e9lc\u00edm: <a href=\"mailto:ijsz@ijsz.bm.gov.hu\">ijsz@ijsz.bm.gov.hu<\/a><\/li>\n<li>Weboldal: <a href=\"https:\/\/www.ijsz.hu\/\" target=\"_blank\" rel=\"noopener\">https:\/\/www.ijsz.hu\/<\/a><\/li>\n<\/ul>\n<ol start=\"8\">\n<li><strong> BETEGJOGI K\u00c9PVISEL\u0150<\/strong><\/li>\n<\/ol>\n<p><strong>\u00a0<\/strong><\/p>\n<ul>\n<li>N\u00e9v: Dr. Mina Andr\u00e1s<\/li>\n<li>Sz\u00e9khely: 1134 Budapest, T\u00fcz\u00e9r u. 33-35.<\/li>\n<li>Fogad\u00f3helye: Szent R\u00f3kus K\u00f3rh\u00e1z (1085 Bp. Gyulai P. u. 2-4.)<\/li>\n<li>Telefonsz\u00e1m: +36 20 4899 577<\/li>\n<li>Elektronikus lev\u00e9lc\u00edm: <a href=\"mailto:andras.mina@ijb.emmi.gov.hu\">mina@ijb.emmi.gov.hu<\/a><\/li>\n<\/ul>\n<ol start=\"9\">\n<li><strong> FELEL\u0150SS\u00c9G V\u00c1LLAL\u00c1S<\/strong><\/li>\n<\/ol>\n<p>A weboldal megl\u00e1togat\u00e1s\u00e1val tudom\u00e1sul veszi \u00e9s elfogadja, hogy nem \u00e1ll m\u00f3dunkban felel\u0151ss\u00e9get v\u00e1llalni az \u00e1ltalunk hivatkozott oldalakon szerepl\u0151 tartalmak\u00e9rt. A hivatkozott tartalom megjelen\u00edt\u00e9se vagy a hivatkozott weboldalra mutat\u00f3 link biztos\u00edt\u00e1sa nem jelenti a hivatkozott oldalakon bemutatott term\u00e9kekkel, hirdet\u00e9sekkel vagy egy\u00e9b anyagokkal t\u00f6rt\u00e9n\u0151 azonosul\u00e1sunkat.<\/p>\n<p>A k\u00fcls\u0151 webhelyekre mutat\u00f3 hivatkoz\u00e1sok tartalm\u00e1ra nem rendelkez\u00fcnk r\u00e1hat\u00e1ssal, ez\u00e9rt ezen k\u00fcls\u0151 tartalmak\u00e9rt felel\u0151ss\u00e9get v\u00e1llalni nem tudunk. A weboldal l\u00e1togat\u00f3ja, annak folytat\u00f3lagos haszn\u00e1lat\u00e1val tudom\u00e1sul veszi \u00e9s elfogadja, hogy nem v\u00e1llalunk felel\u0151ss\u00e9get semmilyen k\u00e1r\u00e9rt, vesztes\u00e9g\u00e9rt vagy k\u00f6lts\u00e9g\u00e9rt, amely a hivatkozott oldalakon el\u00e9rhet\u0151 tartalmak, \u00e1ruk vagy szolg\u00e1ltat\u00e1sokkal \u00f6sszef\u00fcgg\u00e9sben keletkezik. A hivatkozott oldalakat a linkel\u00e9skor minden esetben ellen\u0151rizz\u00fck, \u00e9s csak azokat tessz\u00fck k\u00f6zz\u00e9, amelyek vonatkoz\u00e1s\u00e1ban a linkel\u00e9s id\u0151pontj\u00e1ban illeg\u00e1lis tartalom nem volt sz\u00e1munkra felismerhet\u0151.<\/p>\n<p><strong><u>\u00a0<\/u><\/strong><\/p>\n<ol start=\"10\">\n<li><strong> SZERZ\u0150I JOGOK<\/strong><\/li>\n<\/ol>\n<p>Azzal, hogy megl\u00e1togatja a <a href=\"https:\/\/medi-smile.com\/\">https:\/\/medi-smile.com<\/a> weboldalt, tudom\u00e1sul veszi \u00e9s elfogadja az al\u00e1bbi felt\u00e9teleket.<\/p>\n<p>A weboldalon megjelen\u0151, valamennyi m\u00e9dia (k\u00e9p, vide\u00f3) \u00e9s sz\u00f6veg tartalom jogi v\u00e9delem alatt \u00e1ll, amelyek szerz\u0151i jogi jogosultja a Medismile Kft.<\/p>\n<p>Egy\u00e9b m\u00e9dia: <a href=\"https:\/\/www.freepik.com\/\" target=\"_blank\" rel=\"noopener\">FREEPIK<\/a>, Stefan Boekels<\/p>\n<p>Az oldal l\u00e1togat\u00f3ja kiz\u00e1r\u00f3lag a tartalmak megtekint\u00e9s\u00e9re \u00e9s mag\u00e1nc\u00e9l\u00fa haszn\u00e1lat\u00e1ra jogosult, \u00edgy a jogtulajdonos \u00edr\u00e1sos enged\u00e9lye n\u00e9lk\u00fcl azokat nyilv\u00e1noss\u00e1ghoz nem k\u00f6zvet\u00edtheti, nem sokszoros\u00edthatja, nem dolgozhatja \u00e1t, nem digitaliz\u00e1lhatja \u00fajra, nem terjesztheti \u00e9s semmilyen egy\u00e9b m\u00e1s m\u00f3d\u00fa felhaszn\u00e1l\u00e1sukra nem jogosult.<\/p>\n<p>A l\u00e1togat\u00f3 tudom\u00e1sul veszi, hogy a jelen fejezetben foglaltakkal ellent\u00e9tes jogs\u00e9rt\u0151 magatart\u00e1sa alapj\u00e1n a jogtulajdonos ellene peres \u00faton fell\u00e9phet \u00e9s k\u00e1rt\u00e9r\u00edt\u00e9st k\u00f6vetelhet, illetve amennyiben a jogs\u00e9rt\u00e9ssel vagyoni h\u00e1tr\u00e1nyt okoz, \u00fagy cselekm\u00e9nye b\u00fcntet\u0151jogi felel\u0151ss\u00e9gre von\u00e1st is megalapozhat.<\/p>\n<p>Amennyiben a weboldalon szerepl\u0151 tartalmat m\u00e9gsem az \u00fczemeltet\u0151 hozta l\u00e9tre, annyiban a felhaszn\u00e1l\u00e1s sor\u00e1n t\u00f6rekszik a harmadik szem\u00e9lyek szerz\u0151i jogainak \u00e9rv\u00e9nyes\u00edt\u00e9s\u00e9re, k\u00fcl\u00f6n\u00f6sen a szerz\u0151 nev\u00e9nek szerepeltet\u00e9s\u00e9vel. Ha mindezek ellen\u00e9re szerz\u0151i jogs\u00e9rt\u00e9sr\u0151l szerez tudom\u00e1st a weboldalon, k\u00e9rj\u00fck, hogy ennek megfelel\u0151en t\u00e1j\u00e9koztasson benn\u00fcnket. A tudom\u00e1sszerz\u00e9st k\u00f6vet\u0151en halad\u00e9ktalanul v\u00e1llaljuk az ilyen tartalmak elt\u00e1vol\u00edt\u00e1s\u00e1t weboldalunkr\u00f3l.<\/p>\n<p>Budapest, 2023. 09.11.<\/p>\n<p>Medismile Kft.<\/p>\n<\/div>\n<p>\n<\/div><div data-bb-version=\"4.7.6\" class=\"bt_bb_separator bt_bb_border_style_none bt_bb_top_spacing_normal bt_bb_bottom_spacing_none\" data-bt-override-class=\"{&quot;bt_bb_top_spacing_&quot;:{&quot;current_class&quot;:&quot;bt_bb_top_spacing_normal&quot;,&quot;def&quot;:&quot;normal&quot;},&quot;bt_bb_bottom_spacing_&quot;:{&quot;current_class&quot;:&quot;bt_bb_bottom_spacing_none&quot;,&quot;def&quot;:&quot;none&quot;}}\"><\/div><\/div><\/div><\/div><\/div><\/div><!-- cell_inner --><\/div><!-- cell --><\/div><!-- port --><\/section>\n","protected":false},"excerpt":{"rendered":"","protected":false},"author":1,"featured_media":3019,"parent":0,"menu_order":100,"comment_status":"closed","ping_status":"closed","template":"","meta":{"footnotes":""},"class_list":["post-3516","page","type-page","status-publish","has-post-thumbnail","hentry"],"_links":{"self":[{"href":"https:\/\/medi-smile.com\/hu\/wp-json\/wp\/v2\/pages\/3516","targetHints":{"allow":["GET"]}}],"collection":[{"href":"https:\/\/medi-smile.com\/hu\/wp-json\/wp\/v2\/pages"}],"about":[{"href":"https:\/\/medi-smile.com\/hu\/wp-json\/wp\/v2\/types\/page"}],"author":[{"embeddable":true,"href":"https:\/\/medi-smile.com\/hu\/wp-json\/wp\/v2\/users\/1"}],"replies":[{"embeddable":true,"href":"https:\/\/medi-smile.com\/hu\/wp-json\/wp\/v2\/comments?post=3516"}],"version-history":[{"count":10,"href":"https:\/\/medi-smile.com\/hu\/wp-json\/wp\/v2\/pages\/3516\/revisions"}],"predecessor-version":[{"id":4955,"href":"https:\/\/medi-smile.com\/hu\/wp-json\/wp\/v2\/pages\/3516\/revisions\/4955"}],"wp:featuredmedia":[{"embeddable":true,"href":"https:\/\/medi-smile.com\/hu\/wp-json\/wp\/v2\/media\/3019"}],"wp:attachment":[{"href":"https:\/\/medi-smile.com\/hu\/wp-json\/wp\/v2\/media?parent=3516"}],"curies":[{"name":"wp","href":"https:\/\/api.w.org\/{rel}","templated":true}]}}