{"id":4423,"date":"2023-11-15T11:28:09","date_gmt":"2023-11-15T10:28:09","guid":{"rendered":"https:\/\/medi-smile.com\/mezoterapia-rancterapia"},"modified":"2024-08-11T11:42:18","modified_gmt":"2024-08-11T09:42:18","slug":"mezoterapia-rancterapia","status":"publish","type":"page","link":"https:\/\/medi-smile.com\/hu\/arcesztetika\/mezoterapia-rancterapia","title":{"rendered":"Mezoter\u00e1pia \/ R\u00e1ncter\u00e1pia"},"content":{"rendered":"<p><section data-bb-version=\"4.7.6\" id=\"bt_bb_section69f1aaca4cca8\" class=\"bt_bb_section bt_bb_color_scheme_1 bt_bb_layout_boxed_1200 bt_bb_vertical_align_top bt_bb_background_overlay_alternate_solid bt_bb_top_spacing_none bt_bb_bottom_spacing_none bt_bb_section_show_left_boxed_content\" style=\"; --section-primary-color:#ffffff; --section-secondary-color:#191919;;background-color:rgb(153,129,12);\" data-bt-override-class=\"{&quot;bt_bb_top_spacing_&quot;:{&quot;current_class&quot;:&quot;bt_bb_top_spacing_none&quot;,&quot;def&quot;:&quot;none&quot;},&quot;bt_bb_bottom_spacing_&quot;:{&quot;current_class&quot;:&quot;bt_bb_bottom_spacing_none&quot;,&quot;def&quot;:&quot;none&quot;}}\"><div class=\"bt_bb_background_image_holder_wrapper\"><div class=\"bt_bb_background_image_holder btLazyLoadBackground\"  data-background_image_src=\"https:\/\/medi-smile.com\/wp-content\/uploads\/2023\/11\/Gesicht-Aesthetik-Lifting-Medismile-Budapest-Ungarn.jpg\" data-parallax-zoom-start=\"1\" data-parallax-zoom-end=\"1\" data-parallax-blur-start=\"0\" data-parallax-blur-end=\"0\" data-parallax-opacity-start=\"1\" data-parallax-opacity-end=\"1\" style=\" background-image: url(&#039;https:\/\/medi-smile.com\/wp-content\/plugins\/bold-page-builder\/img\/blank.gif&#039;);\"><\/div><\/div><div class=\"bt_bb_port\"><div class=\"bt_bb_cell\"><div class=\"bt_bb_cell_inner\"><div class=\"bt_bb_row  bt_bb_column_gap_25\" style=\"; --column-gap:25px;\" data-bt-override-class=\"{}\"><div class=\"bt_bb_row_holder\" ><div data-bb-version=\"4.7.6\"  class=\"bt_bb_column col-xxl-6 col-xl-6 bt_bb_vertical_align_middle bt_bb_align_left btLazyLoadBackground bt_bb_column_background_image bt_bb_mobile_align_to_both_edges bt_bb_padding_normal bt_bb_animation_fade_in animate\" style=\"padding: 0;background-image:url(&#039;https:\/\/medi-smile.com\/wp-content\/plugins\/bold-page-builder\/img\/blank.gif&#039;);\" data-background_image_src='https:\/\/medi-smile.com\/wp-content\/uploads\/2023\/11\/Mesotherapie-Medi-Smile-Budapest-Ungarn.jpg' data-width=\"6\" data-bt-override-class=\"{&quot;bt_bb_align_&quot;:{&quot;current_class&quot;:&quot;bt_bb_align_left&quot;,&quot;def&quot;:&quot;left&quot;},&quot;bt_bb_padding_&quot;:{&quot;current_class&quot;:&quot;bt_bb_padding_normal&quot;,&quot;def&quot;:&quot;normal&quot;}}\"><div class=\"bt_bb_column_content\"><div class=\"bt_bb_separator bt_bb_border_style_none bt_bb_top_spacing_extra_large bt_bb_bottom_spacing_extra_large\" data-bt-override-class=\"null\"><\/div><div class=\"bt_bb_separator bt_bb_border_style_none bt_bb_top_spacing_extra_large bt_bb_bottom_spacing_extra_large\" data-bt-override-class=\"null\"><\/div><\/div><\/div><div data-bb-version=\"4.7.6\"  class=\"bt_bb_column col-xxl-6 col-xl-6 bt_bb_vertical_align_middle bt_bb_align_left bt_bb_padding_double bt_bb_animation_fade_in animate\" style=\"background-color:rgba(255,191,0,0.69);\" data-width=\"6\" data-bt-override-class=\"{&quot;bt_bb_align_&quot;:{&quot;current_class&quot;:&quot;bt_bb_align_left&quot;,&quot;def&quot;:&quot;left&quot;},&quot;bt_bb_padding_&quot;:{&quot;current_class&quot;:&quot;bt_bb_padding_double&quot;,&quot;def&quot;:&quot;double&quot;}}\"><div class=\"bt_bb_column_content\"><div data-bb-version=\"4.7.6\" class=\"bt_bb_separator bt_bb_border_style_none bt_bb_top_spacing_extra_small bt_bb_bottom_spacing_normal\" data-bt-override-class=\"{&quot;bt_bb_top_spacing_&quot;:{&quot;current_class&quot;:&quot;bt_bb_top_spacing_extra_small&quot;,&quot;def&quot;:&quot;extra_small&quot;},&quot;bt_bb_bottom_spacing_&quot;:{&quot;current_class&quot;:&quot;bt_bb_bottom_spacing_normal&quot;,&quot;def&quot;:&quot;normal&quot;}}\"><\/div><div data-bb-version=\"4.7.6\"  class=\"bt_bb_text content-pre\" ><\/p>\n<p>MEDISMILE Budapest<\/p>\n<p>\n<\/div><header data-bb-version=\"4.7.6\" class=\"bt_bb_headline content-h1 bt_bb_font_weight_bolder bt_bb_subheadline_text_transform_default bt_bb_dash_none bt_bb_size_huge bt_bb_align_inherit bt_bb_dash_type_none content-h1\" data-bt-override-class=\"{&quot;bt_bb_size_&quot;:{&quot;current_class&quot;:&quot;bt_bb_size_huge&quot;,&quot;def&quot;:&quot;huge&quot;},&quot;bt_bb_align_&quot;:{&quot;current_class&quot;:&quot;bt_bb_align_inherit&quot;,&quot;def&quot;:&quot;inherit&quot;}}\"><h1 class=\"bt_bb_headline_tag\"><span class=\"bt_bb_headline_content\"><span>Mezoter\u00e1pia \/ r\u00e1ncter\u00e1pia<\/span><\/span><\/h1><\/header><div class=\"bt_bb_separator bt_bb_border_style_none bt_bb_bottom_spacing_small\" data-bt-override-class=\"null\"><\/div><header data-bb-version=\"4.7.6\" class=\"bt_bb_headline content-h2 bt_bb_font_weight_bolder bt_bb_subheadline_text_transform_default bt_bb_dash_none bt_bb_size_normal bt_bb_align_inherit bt_bb_dash_type_none content-h2\" data-bt-override-class=\"{&quot;bt_bb_size_&quot;:{&quot;current_class&quot;:&quot;bt_bb_size_normal&quot;,&quot;def&quot;:&quot;normal&quot;},&quot;bt_bb_align_&quot;:{&quot;current_class&quot;:&quot;bt_bb_align_inherit&quot;,&quot;def&quot;:&quot;inherit&quot;}}\"><h2 class=\"bt_bb_headline_tag\"><span class=\"bt_bb_headline_content\"><span>Mezo-ter\u00e1pia: Az eszt\u00e9tikai orvosl\u00e1s cs\u00facspontja<\/span><\/span><\/h2><\/header><\/div><\/div><\/div><\/div><\/div><!-- cell_inner --><\/div><!-- cell --><\/div><!-- port --><\/section><section data-bb-version=\"4.7.6\" id=\"bt_bb_section69f1aaca4d793\" class=\"bt_bb_section bt_bb_layout_boxed_1200 bt_bb_vertical_align_top bt_bb_top_spacing_none bt_bb_bottom_spacing_none\" style=\"z-index: 2;;background-color:rgb(252,253,255);background-size:100% auto;\" data-bt-override-class=\"{&quot;bt_bb_top_spacing_&quot;:{&quot;current_class&quot;:&quot;bt_bb_top_spacing_none&quot;,&quot;def&quot;:&quot;none&quot;},&quot;bt_bb_bottom_spacing_&quot;:{&quot;current_class&quot;:&quot;bt_bb_bottom_spacing_none&quot;,&quot;def&quot;:&quot;none&quot;}}\"><div class=\"bt_bb_port\"><div class=\"bt_bb_cell\"><div class=\"bt_bb_cell_inner\"><div class=\"bt_bb_row  bt_bb_column_gap_25\" style=\"margin-top: -3em;; --column-gap:25px;\" data-bt-override-class=\"{}\"><div class=\"bt_bb_row_holder\" ><div  class=\"bt_bb_column col-xxl-8 col-xl-8 bt_bb_vertical_align_top bt_bb_align_left bt_bb_padding_normal bt_bb_animation_fade_in animate\"  data-width=\"8\" data-bt-override-class=\"{}\"><div class=\"bt_bb_column_content\"><div data-bb-version=\"4.7.6\" class=\"bt_bb_separator bt_bb_border_style_none bt_bb_top_spacing_normal bt_bb_bottom_spacing_normal\" data-bt-override-class=\"{&quot;bt_bb_top_spacing_&quot;:{&quot;current_class&quot;:&quot;bt_bb_top_spacing_normal&quot;,&quot;def&quot;:&quot;normal&quot;},&quot;bt_bb_bottom_spacing_&quot;:{&quot;current_class&quot;:&quot;bt_bb_bottom_spacing_normal&quot;,&quot;def&quot;:&quot;normal&quot;}}\"><\/div><header data-bb-version=\"4.7.6\" class=\"bt_bb_headline content-h3 bt_bb_font_weight_bolder bt_bb_subheadline_text_transform_default bt_bb_color_scheme_17 bt_bb_dash_none bt_bb_size_large bt_bb_align_inherit bt_bb_dash_type_none content-h3\" style=\"; --primary-color:#353535; --secondary-color:#d6a82a;\" data-bt-override-class=\"{&quot;bt_bb_size_&quot;:{&quot;current_class&quot;:&quot;bt_bb_size_large&quot;,&quot;def&quot;:&quot;large&quot;},&quot;bt_bb_align_&quot;:{&quot;current_class&quot;:&quot;bt_bb_align_inherit&quot;,&quot;def&quot;:&quot;inherit&quot;}}\"><h3 class=\"bt_bb_headline_tag\"><span class=\"bt_bb_headline_content\"><span><small>Mi az<\/small>Mezoter\u00e1pia?<\/span><\/span><\/h3><\/header><div class=\"bt_bb_separator bt_bb_border_style_none bt_bb_bottom_spacing_small\" data-bt-override-class=\"null\"><\/div><div  class=\"bt_bb_text\" ><\/p>\n<p>Az eszt\u00e9tika \u00e9s sz\u00e9ps\u00e9g\u00e1pol\u00e1s vil\u00e1g\u00e1ban a mezoter\u00e1pia az innovat\u00edv kezel\u00e9sek \u00e9lvonal\u00e1ba tartozik, k\u00fcl\u00f6n\u00f6sen, ha a r\u00e1ncok hat\u00e9kony lek\u00fczd\u00e9s\u00e9r\u0151l van sz\u00f3. Ez a ter\u00e1piaforma a leg\u00fajabb orvosi ismereteket \u00f6tv\u00f6zi gyeng\u00e9d, paciensk\u00f6zpont\u00fa megk\u00f6zel\u00edt\u00e9ssel, hogy fokozza \u00e9s meg\u0151rizze a sz\u00e9ps\u00e9g\u00e9t.<\/p>\n<p>Mi az a mezoter\u00e1pia? Ez egy minim\u00e1lisan inv\u00e1ziv kezel\u00e9si m\u00f3dszer, amely mikroinjekci\u00f3k seg\u00edts\u00e9g\u00e9vel juttatja be az akt\u00edv \u00f6sszetev\u0151ket, p\u00e9ld\u00e1ul vitaminokat, \u00e1sv\u00e1nyi anyagokat, antioxid\u00e1nsokat \u00e9s hialuronsavat k\u00f6zvetlen\u00fcl a b\u0151r k\u00f6z\u00e9ps\u0151 r\u00e9teg\u00e9be. Ez a c\u00e9lzott alkalmaz\u00e1s lehet\u0151v\u00e9 teszi a b\u0151r bel\u00fclr\u0151l kifel\u00e9 t\u00f6rt\u00e9n\u0151 revitaliz\u00e1l\u00e1s\u00e1t, szerkezet\u00e9nek jav\u00edt\u00e1s\u00e1t \u00e9s az \u00f6reged\u00e9s jeleinek ellens\u00falyoz\u00e1s\u00e1t.<\/p>\n<p>A mezoter\u00e1pia hat\u00e1sa sokr\u00e9t\u0171: Serkenti a szervezet saj\u00e1t kollag\u00e9ntermel\u00e9s\u00e9t, jav\u00edtja a b\u0151r rugalmass\u00e1g\u00e1t, intenz\u00edv hidrat\u00e1l\u00e1st biztos\u00edt \u00e9s frissebb, fiatalosabb megjelen\u00e9shez vezet. Ott a kezel\u00e9s \u00e1ltal a finom vonalak \u00e9s r\u00e1ncok l\u00e1that\u00f3an cs\u00f6kkennek \u00e9s a b\u0151r feszess\u00e9 \u00e9s ragyog\u00f3v\u00e1 v\u00e1lik.<\/p>\n<p>\n<\/div><div class=\"bt_bb_separator bt_bb_border_style_none bt_bb_top_spacing_extra_small bt_bb_bottom_spacing_small\" data-bt-override-class=\"null\"><\/div><header data-bb-version=\"4.7.6\" class=\"bt_bb_headline content-h4 bt_bb_font_weight_bolder bt_bb_subheadline_text_transform_default bt_bb_color_scheme_17 bt_bb_dash_none bt_bb_size_large bt_bb_align_inherit bt_bb_dash_type_none content-h4\" style=\"; --primary-color:#353535; --secondary-color:#d6a82a;\" data-bt-override-class=\"{&quot;bt_bb_size_&quot;:{&quot;current_class&quot;:&quot;bt_bb_size_large&quot;,&quot;def&quot;:&quot;large&quot;},&quot;bt_bb_align_&quot;:{&quot;current_class&quot;:&quot;bt_bb_align_inherit&quot;,&quot;def&quot;:&quot;inherit&quot;}}\"><h4 class=\"bt_bb_headline_tag\"><span class=\"bt_bb_headline_content\"><span>Mezoter\u00e1pia \u2013 Egy\u00e9ni alkalmazkod\u00e1s p\u00e1cienseink egy\u00e9ni ig\u00e9nyeihez<\/span><\/span><\/h4><\/header><div class=\"bt_bb_separator bt_bb_border_style_none bt_bb_bottom_spacing_small\" data-bt-override-class=\"null\"><\/div><div class=\" bt_bb_row_inner\"   data-bt-override-class=\"{}\"><div class=\"bt_bb_row_inner_holder\"  ><div  class=\"bt_bb_column_inner col-xxl-12 col-xl-12 col-xs-12 col-sm-12 col-md-12 col-lg-12 bt_bb_align_left bt_bb_vertical_align_top\"  data-width=\"12\" data-bt-override-class=\"{}\"><div class=\"bt_bb_column_inner_content\"><div  class=\"bt_bb_text\" ><\/p>\n<p>Ennek a ter\u00e1pi\u00e1nak legnagyobb el\u0151nye az alkalmazkod\u00f3 k\u00e9pess\u00e9ge. Minden p\u00e1ciens egyedi ig\u00e9nyeihez igaz\u00edthat\u00f3, \u00edgy rendk\u00edv\u00fcl hat\u00e9kony m\u00f3dszer a legk\u00fcl\u00f6nb\u00f6z\u0151bb b\u0151rt\u00edpusok \u00e9s b\u0151rfelt\u00e9telek eset\u00e9n. A mezoter\u00e1pia az invaz\u00edvabb elj\u00e1r\u00e1sok k\u00edm\u00e9letes alternat\u00edv\u00e1ja is, \u00edgy k\u00fcl\u00f6n\u00f6sen vonz\u00f3 a kev\u00e9sb\u00e9 intenz\u00edv kezel\u00e9st kedvel\u0151 p\u00e1ciensek sz\u00e1m\u00e1ra.<\/p>\n<p>P\u00e1cienseink a mezoter\u00e1pi\u00e1t nem csak az azonnali, l\u00e1that\u00f3 eredm\u00e9nye, hanem hossz\u00fat\u00e1v\u00fa hat\u00e1sai miatt is \u00e9rt\u00e9kelik. R\u00f6vid kezel\u00e9ssorozat ut\u00e1n b\u0151rmin\u0151s\u00e9g\u00e9nek jelent\u0151s javul\u00e1s\u00e1t tapasztalja, ami a ragyog\u00f3, fiatalos megjelen\u00e9s\u0171 b\u0151rben is megmutatkozik.<\/p>\n<p>Sz\u00e1munkra az \u00d6n sz\u00e9ps\u00e9ge \u00e9s j\u00f3ll\u00e9te \u00e1ll a k\u00f6z\u00e9ppontban. A mezoter\u00e1pi\u00e1val testre szabott megold\u00e1st k\u00edn\u00e1lunk b\u0151re k\u00edm\u00e9letes, de hat\u00e9kony megfiatal\u00edt\u00e1s\u00e1ra \u00e9s \u00e1pol\u00e1s\u00e1ra. Tapasztalja meg, hogy ez a fejlett kezel\u00e9s hogyan \u00faj\u00edtja meg b\u0151r\u00e9t \u00e9s er\u0151s\u00edti \u00f6nbizalm\u00e1t.<\/p>\n<p>\n<\/div><div class=\"bt_bb_column_inner_highlight\"><\/div><\/div><\/div><\/div><\/div><div class=\"bt_bb_separator bt_bb_border_style_none bt_bb_bottom_spacing_small\" data-bt-override-class=\"null\"><\/div><div data-bb-version=\"4.7.6\" class=\"bt_bb_separator bt_bb_border_style_none bt_bb_top_spacing_normal bt_bb_bottom_spacing_large\" data-bt-override-class=\"{&quot;bt_bb_top_spacing_&quot;:{&quot;current_class&quot;:&quot;bt_bb_top_spacing_normal&quot;,&quot;def&quot;:&quot;normal&quot;},&quot;bt_bb_bottom_spacing_&quot;:{&quot;current_class&quot;:&quot;bt_bb_bottom_spacing_large&quot;,&quot;def&quot;:&quot;large&quot;}}\"><\/div><\/div><\/div><div data-bb-version=\"4.7.6\"  class=\"bt_bb_column col-xxl-4 col-xl-4 bt_bb_vertical_align_top bt_bb_align_left bt_bb_padding_normal bt_bb_animation_fade_in animate\"  data-width=\"4\" data-bt-override-class=\"{&quot;bt_bb_align_&quot;:{&quot;current_class&quot;:&quot;bt_bb_align_left&quot;,&quot;def&quot;:&quot;left&quot;},&quot;bt_bb_padding_&quot;:{&quot;current_class&quot;:&quot;bt_bb_padding_normal&quot;,&quot;def&quot;:&quot;normal&quot;}}\"><div class=\"bt_bb_column_content\"><div class=\" bt_bb_row_inner\"   data-bt-override-class=\"{}\"><div class=\"bt_bb_row_inner_holder\"  ><div data-bb-version=\"4.7.6\"  class=\"bt_bb_column_inner col-xxl-12 col-xl-12 btDarkSkin bt_bb_align_left bt_bb_vertical_align_top bt_bb_padding_text_indent\" style=\"background-color:rgb(242,242,242);\" data-width=\"12\" data-bt-override-class=\"{&quot;bt_bb_align_&quot;:{&quot;current_class&quot;:&quot;bt_bb_align_left&quot;,&quot;def&quot;:&quot;left&quot;},&quot;bt_bb_padding_&quot;:{&quot;current_class&quot;:&quot;bt_bb_padding_text_indent&quot;,&quot;def&quot;:&quot;text_indent&quot;}}\"><div class=\"bt_bb_column_inner_content\"><div class=\"bt_bb_separator bt_bb_border_style_none bt_bb_bottom_spacing_normal\" data-bt-override-class=\"null\"><\/div><header data-bb-version=\"4.7.6\" class=\"bt_bb_headline bt_bb_subheadline_text_transform_default bt_bb_dash_bottom bt_bb_size_normal bt_bb_align_inherit bt_bb_dash_type_none\" data-bt-override-class=\"{&quot;bt_bb_size_&quot;:{&quot;current_class&quot;:&quot;bt_bb_size_normal&quot;,&quot;def&quot;:&quot;normal&quot;},&quot;bt_bb_align_&quot;:{&quot;current_class&quot;:&quot;bt_bb_align_inherit&quot;,&quot;def&quot;:&quot;inherit&quot;}}\"><h4 class=\"bt_bb_headline_tag\"><span class=\"bt_bb_headline_content\"><span>Arceszt\u00e9tika<\/span><\/span><\/h4><\/header><div class=\"bt_bb_separator bt_bb_border_style_none bt_bb_bottom_spacing_small\" data-bt-override-class=\"null\"><\/div><div data-bb-version=\"4.7.6\" class=\"bt_bb_custom_menu btMenuAsInSidebar sidenav bt_bb_direction_vertical\"><div class=\"menu-gesichtsaesthetik-ungarisch-container\"><ul id=\"menu-gesichtsaesthetik-ungarisch\" class=\"menu\"><li id=\"menu-item-4588\" class=\"menu-item menu-item-type-post_type menu-item-object-page menu-item-has-children menu-item-4588\"><a href=\"https:\/\/medi-smile.com\/hu\/arcesztetika\">Arceszt\u00e9tika<\/a>\n<ul class=\"sub-menu\">\n\t<li id=\"menu-item-4589\" class=\"menu-item menu-item-type-post_type menu-item-object-page menu-item-4589\"><a href=\"https:\/\/medi-smile.com\/hu\/arcesztetika\/elethosszig-tarto-esztetika\">\u00c9lethosszig tart\u00f3 eszt\u00e9tika<\/a><\/li>\n\t<li id=\"menu-item-4590\" class=\"menu-item menu-item-type-post_type menu-item-object-page menu-item-4590\"><a href=\"https:\/\/medi-smile.com\/hu\/arcesztetika\/borerosito\">B\u0151rer\u0151s\u00edt\u0151<\/a><\/li>\n\t<li id=\"menu-item-4591\" class=\"menu-item menu-item-type-post_type menu-item-object-page menu-item-4591\"><a href=\"https:\/\/medi-smile.com\/hu\/arcesztetika\/mezoterapia-rancterapia\">Mezoter\u00e1pia \/ R\u00e1ncter\u00e1pia<\/a><\/li>\n\t<li id=\"menu-item-4592\" class=\"menu-item menu-item-type-post_type menu-item-object-page menu-item-4592\"><a href=\"https:\/\/medi-smile.com\/hu\/arcesztetika\/anti-aging-kezeles\">Anti-aging kezel\u00e9s<\/a><\/li>\n\t<li id=\"menu-item-4593\" class=\"menu-item menu-item-type-post_type menu-item-object-page menu-item-4593\"><a href=\"https:\/\/medi-smile.com\/hu\/arcesztetika\/hialuron-toeltoanyag\">Hialuron \/ t\u00f6lt\u0151anyag<\/a><\/li>\n\t<li id=\"menu-item-4594\" class=\"menu-item menu-item-type-post_type menu-item-object-page menu-item-4594\"><a href=\"https:\/\/medi-smile.com\/hu\/arcesztetika\/szalbefuzeses-emeles-folyekony-emeles\">Sz\u00e1lbef\u0171z\u00e9ses emel\u00e9s \/ foly\u00e9kony emel\u00e9s<\/a><\/li>\n\t<li id=\"menu-item-4595\" class=\"menu-item menu-item-type-post_type menu-item-object-page menu-item-4595\"><a href=\"https:\/\/medi-smile.com\/hu\/arcesztetika\/sebeszeti-emelesek\">Seb\u00e9szeti emel\u00e9sek<\/a><\/li>\n\t<li id=\"menu-item-4596\" class=\"menu-item menu-item-type-post_type menu-item-object-page menu-item-4596\"><a href=\"https:\/\/medi-smile.com\/hu\/arcesztetika\/vampiremeles-prp-plazmaemeles\">V\u00e1mp\u00edremel\u00e9s (PRP-plazmaemel\u00e9s)<\/a><\/li>\n\t<li id=\"menu-item-4597\" class=\"menu-item menu-item-type-post_type menu-item-object-page menu-item-4597\"><a href=\"https:\/\/medi-smile.com\/hu\/arcesztetika\/radiofrekvencias-terapia\">Radi\u00f3frekvenci\u00e1s ter\u00e1pia<\/a><\/li>\n<\/ul>\n<\/li>\n<\/ul><\/div><\/div><div class=\"bt_bb_separator bt_bb_border_style_none bt_bb_bottom_spacing_normal\" data-bt-override-class=\"null\"><\/div><div class=\"bt_bb_column_inner_highlight\"><\/div><\/div><\/div><\/div><\/div><div class=\"bt_bb_separator bt_bb_border_style_none bt_bb_bottom_spacing_normal\" data-bt-override-class=\"null\"><\/div><div data-bb-version=\"4.7.6\" class=\" bt_bb_row_inner sidecontact\"   data-bt-override-class=\"{}\"><div class=\"bt_bb_row_inner_holder\"  ><div  class=\"bt_bb_column_inner col-xxl-12 col-xl-12 bt_bb_align_left bt_bb_vertical_align_top bt_bb_padding_text_indent\" style=\"box-shadow: 0 0 0 8px #f2f2f2 inset;\" data-width=\"12\" data-bt-override-class=\"{}\"><div class=\"bt_bb_column_inner_content\"><div class=\"bt_bb_separator bt_bb_border_style_none bt_bb_bottom_spacing_normal\" data-bt-override-class=\"null\"><\/div><header data-bb-version=\"4.7.6\" class=\"bt_bb_headline bt_bb_subheadline_text_transform_default bt_bb_color_scheme_3 bt_bb_dash_none bt_bb_size_normal bt_bb_align_inherit bt_bb_dash_type_none\" style=\"; --primary-color:#d6a82a; --secondary-color:#191919;\" data-bt-override-class=\"{&quot;bt_bb_size_&quot;:{&quot;current_class&quot;:&quot;bt_bb_size_normal&quot;,&quot;def&quot;:&quot;normal&quot;},&quot;bt_bb_align_&quot;:{&quot;current_class&quot;:&quot;bt_bb_align_inherit&quot;,&quot;def&quot;:&quot;inherit&quot;}}\"><h4 class=\"bt_bb_headline_tag\"><span class=\"bt_bb_headline_content\"><span>L\u00e9pjen kapcsolatba vel\u00fcnk<\/span><\/span><\/h4><\/header><div class=\"bt_bb_separator bt_bb_border_style_solid bt_bb_top_spacing_small bt_bb_bottom_spacing_small\" data-bt-override-class=\"null\"><\/div><div data-bb-version=\"4.7.6\" class=\"bt_bb_service bt_bb_color_scheme_7 bt_bb_style_borderless bt_bb_size_xlarge bt_bb_shape_circle bt_bb_target_self bt_bb_align_inherit\" style=\"; --primary-color:#353535; --secondary-color:#191919;\" data-bt-override-class=\"{&quot;bt_bb_size_&quot;:{&quot;current_class&quot;:&quot;bt_bb_size_xlarge&quot;,&quot;def&quot;:&quot;xlarge&quot;},&quot;bt_bb_align_&quot;:{&quot;current_class&quot;:&quot;bt_bb_align_inherit&quot;,&quot;def&quot;:&quot;inherit&quot;}}\"><a href=\"tel:0036301016510\"  target=\"_self\"  title=\"0036 (0) 30 101 6510\"  data-ico-dentistry=\"&#xe92c;\" class=\"bt_bb_icon_holder\"><\/a><div class=\"bt_bb_service_content\"><div class=\"bt_bb_service_content_title\"><a href=\"tel:0036301016510\" target=\"_self\" title=\"0036 (0) 30 101 6510\">0036 (0) 30 101 6510<\/a><\/div><div class=\"bt_bb_service_content_text\">MEDISMILE-Hotline<\/div><\/div><\/div><div class=\"bt_bb_separator bt_bb_border_style_solid bt_bb_top_spacing_small bt_bb_bottom_spacing_small\" data-bt-override-class=\"null\"><\/div><div data-bb-version=\"4.7.6\" class=\"bt_bb_service bt_bb_color_scheme_7 bt_bb_style_borderless bt_bb_size_xlarge bt_bb_shape_circle bt_bb_target_self bt_bb_align_inherit\" style=\"; --primary-color:#353535; --secondary-color:#191919;\" data-bt-override-class=\"{&quot;bt_bb_size_&quot;:{&quot;current_class&quot;:&quot;bt_bb_size_xlarge&quot;,&quot;def&quot;:&quot;xlarge&quot;},&quot;bt_bb_align_&quot;:{&quot;current_class&quot;:&quot;bt_bb_align_inherit&quot;,&quot;def&quot;:&quot;inherit&quot;}}\"><a href=\"mailto:info@medi-smile.com\"  target=\"_self\"  title=\"info@medi-smile.com\"  data-ico-icon7stroke=\"&#xe63b;\" class=\"bt_bb_icon_holder\"><\/a><div class=\"bt_bb_service_content\"><div class=\"bt_bb_service_content_title\"><a href=\"mailto:info@medi-smile.com\" target=\"_self\" title=\"info@medi-smile.com\">info@medi-smile.com<\/a><\/div><div class=\"bt_bb_service_content_text\">E-Mail<\/div><\/div><\/div><div class=\"bt_bb_separator bt_bb_border_style_none bt_bb_bottom_spacing_normal\" data-bt-override-class=\"null\"><\/div><div class=\"bt_bb_column_inner_highlight\"><\/div><\/div><\/div><\/div><\/div><\/div><\/div><\/div><\/div><\/div><!-- cell_inner --><\/div><!-- cell --><\/div><!-- port --><\/section><\/p>\n","protected":false},"excerpt":{"rendered":"","protected":false},"author":1,"featured_media":0,"parent":4523,"menu_order":3,"comment_status":"closed","ping_status":"closed","template":"","meta":{"footnotes":""},"class_list":["post-4423","page","type-page","status-publish","hentry"],"_links":{"self":[{"href":"https:\/\/medi-smile.com\/hu\/wp-json\/wp\/v2\/pages\/4423","targetHints":{"allow":["GET"]}}],"collection":[{"href":"https:\/\/medi-smile.com\/hu\/wp-json\/wp\/v2\/pages"}],"about":[{"href":"https:\/\/medi-smile.com\/hu\/wp-json\/wp\/v2\/types\/page"}],"author":[{"embeddable":true,"href":"https:\/\/medi-smile.com\/hu\/wp-json\/wp\/v2\/users\/1"}],"replies":[{"embeddable":true,"href":"https:\/\/medi-smile.com\/hu\/wp-json\/wp\/v2\/comments?post=4423"}],"version-history":[{"count":5,"href":"https:\/\/medi-smile.com\/hu\/wp-json\/wp\/v2\/pages\/4423\/revisions"}],"predecessor-version":[{"id":4939,"href":"https:\/\/medi-smile.com\/hu\/wp-json\/wp\/v2\/pages\/4423\/revisions\/4939"}],"up":[{"embeddable":true,"href":"https:\/\/medi-smile.com\/hu\/wp-json\/wp\/v2\/pages\/4523"}],"wp:attachment":[{"href":"https:\/\/medi-smile.com\/hu\/wp-json\/wp\/v2\/media?parent=4423"}],"curies":[{"name":"wp","href":"https:\/\/api.w.org\/{rel}","templated":true}]}}