{"id":4428,"date":"2023-11-15T11:53:57","date_gmt":"2023-11-15T10:53:57","guid":{"rendered":"https:\/\/medi-smile.com\/anti-aging-kezeles"},"modified":"2024-08-11T11:43:40","modified_gmt":"2024-08-11T09:43:40","slug":"anti-aging-kezeles","status":"publish","type":"page","link":"https:\/\/medi-smile.com\/hu\/arcesztetika\/anti-aging-kezeles","title":{"rendered":"Anti-aging kezel\u00e9s"},"content":{"rendered":"<p><section data-bb-version=\"4.7.6\" id=\"bt_bb_section69d46b0fd14c5\" class=\"bt_bb_section bt_bb_color_scheme_1 bt_bb_layout_boxed_1200 bt_bb_vertical_align_top bt_bb_background_overlay_alternate_solid bt_bb_top_spacing_none bt_bb_bottom_spacing_none bt_bb_section_show_left_boxed_content\" style=\"; --section-primary-color:#ffffff; --section-secondary-color:#191919;;background-color:rgb(153,129,12);\" data-bt-override-class=\"{&quot;bt_bb_top_spacing_&quot;:{&quot;current_class&quot;:&quot;bt_bb_top_spacing_none&quot;,&quot;def&quot;:&quot;none&quot;},&quot;bt_bb_bottom_spacing_&quot;:{&quot;current_class&quot;:&quot;bt_bb_bottom_spacing_none&quot;,&quot;def&quot;:&quot;none&quot;}}\"><div class=\"bt_bb_background_image_holder_wrapper\"><div class=\"bt_bb_background_image_holder btLazyLoadBackground\"  data-background_image_src=\"https:\/\/medi-smile.com\/wp-content\/uploads\/2023\/11\/Gesicht-Aesthetik-Lifting-Medismile-Budapest-Ungarn.jpg\" data-parallax-zoom-start=\"1\" data-parallax-zoom-end=\"1\" data-parallax-blur-start=\"0\" data-parallax-blur-end=\"0\" data-parallax-opacity-start=\"1\" data-parallax-opacity-end=\"1\" style=\" background-image: url(&#039;https:\/\/medi-smile.com\/wp-content\/plugins\/bold-page-builder\/img\/blank.gif&#039;);\"><\/div><\/div><div class=\"bt_bb_port\"><div class=\"bt_bb_cell\"><div class=\"bt_bb_cell_inner\"><div class=\"bt_bb_row  bt_bb_column_gap_25\" style=\"; --column-gap:25px;\" data-bt-override-class=\"{}\"><div class=\"bt_bb_row_holder\" ><div data-bb-version=\"4.7.6\"  class=\"bt_bb_column col-xxl-6 col-xl-6 bt_bb_vertical_align_middle bt_bb_align_left btLazyLoadBackground bt_bb_column_background_image bt_bb_mobile_align_to_both_edges bt_bb_padding_normal bt_bb_animation_fade_in animate\" style=\"padding: 0;background-image:url(&#039;https:\/\/medi-smile.com\/wp-content\/plugins\/bold-page-builder\/img\/blank.gif&#039;);\" data-background_image_src='https:\/\/medi-smile.com\/wp-content\/uploads\/2023\/12\/Anti-Aging-Medismile-Budapest-Ungarn.jpg' data-width=\"6\" data-bt-override-class=\"{&quot;bt_bb_align_&quot;:{&quot;current_class&quot;:&quot;bt_bb_align_left&quot;,&quot;def&quot;:&quot;left&quot;},&quot;bt_bb_padding_&quot;:{&quot;current_class&quot;:&quot;bt_bb_padding_normal&quot;,&quot;def&quot;:&quot;normal&quot;}}\"><div class=\"bt_bb_column_content\"><div class=\"bt_bb_separator bt_bb_border_style_none bt_bb_top_spacing_extra_large bt_bb_bottom_spacing_extra_large\" data-bt-override-class=\"null\"><\/div><div class=\"bt_bb_separator bt_bb_border_style_none bt_bb_top_spacing_extra_large bt_bb_bottom_spacing_extra_large\" data-bt-override-class=\"null\"><\/div><\/div><\/div><div data-bb-version=\"4.7.6\"  class=\"bt_bb_column col-xxl-6 col-xl-6 bt_bb_vertical_align_middle bt_bb_align_left bt_bb_padding_double bt_bb_animation_fade_in animate\" style=\"background-color:rgba(255,191,0,0.69);\" data-width=\"6\" data-bt-override-class=\"{&quot;bt_bb_align_&quot;:{&quot;current_class&quot;:&quot;bt_bb_align_left&quot;,&quot;def&quot;:&quot;left&quot;},&quot;bt_bb_padding_&quot;:{&quot;current_class&quot;:&quot;bt_bb_padding_double&quot;,&quot;def&quot;:&quot;double&quot;}}\"><div class=\"bt_bb_column_content\"><div data-bb-version=\"4.7.6\" class=\"bt_bb_separator bt_bb_border_style_none bt_bb_top_spacing_extra_small bt_bb_bottom_spacing_normal\" data-bt-override-class=\"{&quot;bt_bb_top_spacing_&quot;:{&quot;current_class&quot;:&quot;bt_bb_top_spacing_extra_small&quot;,&quot;def&quot;:&quot;extra_small&quot;},&quot;bt_bb_bottom_spacing_&quot;:{&quot;current_class&quot;:&quot;bt_bb_bottom_spacing_normal&quot;,&quot;def&quot;:&quot;normal&quot;}}\"><\/div><div data-bb-version=\"4.7.6\"  class=\"bt_bb_text content-pre\" ><\/p>\n<p>MEDISMILE Budapest<\/p>\n<p>\n<\/div><header data-bb-version=\"4.7.6\" class=\"bt_bb_headline content-h1 bt_bb_font_weight_bolder bt_bb_subheadline_text_transform_default bt_bb_dash_none bt_bb_size_huge bt_bb_align_inherit bt_bb_dash_type_none content-h1\" data-bt-override-class=\"{&quot;bt_bb_size_&quot;:{&quot;current_class&quot;:&quot;bt_bb_size_huge&quot;,&quot;def&quot;:&quot;huge&quot;},&quot;bt_bb_align_&quot;:{&quot;current_class&quot;:&quot;bt_bb_align_inherit&quot;,&quot;def&quot;:&quot;inherit&quot;}}\"><h1 class=\"bt_bb_headline_tag\"><span class=\"bt_bb_headline_content\"><span>Anti-aging kezel\u00e9s<\/span><\/span><\/h1><\/header><div class=\"bt_bb_separator bt_bb_border_style_none bt_bb_bottom_spacing_small\" data-bt-override-class=\"null\"><\/div><header data-bb-version=\"4.7.6\" class=\"bt_bb_headline content-h2 bt_bb_font_weight_bolder bt_bb_subheadline_text_transform_default bt_bb_dash_none bt_bb_size_normal bt_bb_align_inherit bt_bb_dash_type_none content-h2\" data-bt-override-class=\"{&quot;bt_bb_size_&quot;:{&quot;current_class&quot;:&quot;bt_bb_size_normal&quot;,&quot;def&quot;:&quot;normal&quot;},&quot;bt_bb_align_&quot;:{&quot;current_class&quot;:&quot;bt_bb_align_inherit&quot;,&quot;def&quot;:&quot;inherit&quot;}}\"><h2 class=\"bt_bb_headline_tag\"><span class=\"bt_bb_headline_content\"><span>Gyeng\u00e9d fiatal\u00edt\u00e1s a term\u00e9szetes megjelen\u00e9s\u00e9rt<\/span><\/span><\/h2><\/header><\/div><\/div><\/div><\/div><\/div><!-- cell_inner --><\/div><!-- cell --><\/div><!-- port --><\/section><section data-bb-version=\"4.7.6\" id=\"bt_bb_section69d46b0fd1e31\" class=\"bt_bb_section bt_bb_layout_boxed_1200 bt_bb_vertical_align_top bt_bb_top_spacing_none bt_bb_bottom_spacing_none\" style=\"z-index: 2;;background-color:rgb(252,253,255);background-size:100% auto;\" data-bt-override-class=\"{&quot;bt_bb_top_spacing_&quot;:{&quot;current_class&quot;:&quot;bt_bb_top_spacing_none&quot;,&quot;def&quot;:&quot;none&quot;},&quot;bt_bb_bottom_spacing_&quot;:{&quot;current_class&quot;:&quot;bt_bb_bottom_spacing_none&quot;,&quot;def&quot;:&quot;none&quot;}}\"><div class=\"bt_bb_port\"><div class=\"bt_bb_cell\"><div class=\"bt_bb_cell_inner\"><div class=\"bt_bb_row  bt_bb_column_gap_25\" style=\"margin-top: -3em;; --column-gap:25px;\" data-bt-override-class=\"{}\"><div class=\"bt_bb_row_holder\" ><div  class=\"bt_bb_column col-xxl-8 col-xl-8 bt_bb_vertical_align_top bt_bb_align_left bt_bb_padding_normal bt_bb_animation_fade_in animate\"  data-width=\"8\" data-bt-override-class=\"{}\"><div class=\"bt_bb_column_content\"><div data-bb-version=\"4.7.6\" class=\"bt_bb_separator bt_bb_border_style_none bt_bb_top_spacing_normal bt_bb_bottom_spacing_normal\" data-bt-override-class=\"{&quot;bt_bb_top_spacing_&quot;:{&quot;current_class&quot;:&quot;bt_bb_top_spacing_normal&quot;,&quot;def&quot;:&quot;normal&quot;},&quot;bt_bb_bottom_spacing_&quot;:{&quot;current_class&quot;:&quot;bt_bb_bottom_spacing_normal&quot;,&quot;def&quot;:&quot;normal&quot;}}\"><\/div><header data-bb-version=\"4.7.6\" class=\"bt_bb_headline content-h3 bt_bb_font_weight_bolder bt_bb_subheadline_text_transform_default bt_bb_color_scheme_17 bt_bb_dash_none bt_bb_size_large bt_bb_align_inherit bt_bb_dash_type_none content-h3\" style=\"; --primary-color:#353535; --secondary-color:#d6a82a;\" data-bt-override-class=\"{&quot;bt_bb_size_&quot;:{&quot;current_class&quot;:&quot;bt_bb_size_large&quot;,&quot;def&quot;:&quot;large&quot;},&quot;bt_bb_align_&quot;:{&quot;current_class&quot;:&quot;bt_bb_align_inherit&quot;,&quot;def&quot;:&quot;inherit&quot;}}\"><h3 class=\"bt_bb_headline_tag\"><span class=\"bt_bb_headline_content\"><span>Anti-aging kezel\u00e9s<\/span><\/span><\/h3><\/header><div class=\"bt_bb_separator bt_bb_border_style_none bt_bb_bottom_spacing_small\" data-bt-override-class=\"null\"><\/div><div  class=\"bt_bb_text\" ><\/p>\n<p>Botulinum toxin, az eszt\u00e9tikai gy\u00f3gy\u00e1szat bev\u00e1lt eszk\u00f6ze, \u00e9s az arcfiatal\u00edt\u00e1s hat\u00e9kony megold\u00e1s\u00e1v\u00e1 v\u00e1lt. Ez egy term\u00e9szetesen el\u0151fordul\u00f3 feh\u00e9rje, amely ellen\u0151rz\u00f6tt adagban ker\u00fcl felhaszn\u00e1l\u00e1sra, hogy a finom vonalakat \u00e9s r\u00e1ncokat kisim\u00edtsa \u00e9s egy frissebb, fiatalosabb megjelen\u00e9st el\u00e9rjen.<\/p>\n<p>A anti-aging-ter\u00e1pi\u00e1ban a leg\u00fajabb fejl\u0151d\u00e9sek kifinomult technik\u00e1khoz vezettek, amelyek lehet\u0151v\u00e9 teszik sz\u00e1munkra, nagyon c\u00e9lzott \u00e9s term\u00e9szetes eredm\u00e9nyek el\u00e9r\u00e9s\u00e9t. A prec\u00edz alkalmaz\u00e1ssal ellaz\u00edthatjuk az arc bizonyos izmait, az\u00e1ltal a felette l\u00e9v\u0151 b\u0151r sim\u00e1bb lesz \u00e9s lelass\u00edtjuk az \u00faj r\u00e1ncok keletkez\u00e9s\u00e9t. Ez a megk\u00f6zel\u00edt\u00e9s lehet\u0151 teszi, hogy minden egyes p\u00e1ciens ig\u00e9nyeit kiel\u00e9g\u00edts\u00fck \u00e9s a megjelen\u00e9st ilyen m\u00f3don jav\u00edtsuk, \u00fagy finoman mint ahogy hat\u00e9konyan is.<\/p>\n<p>A anti-aging-injekci\u00f3k k\u00fcl\u00f6n\u00f6sen hat\u00e9konyak a homlokr\u00e1ncok, a szem\u00f6ld\u00f6k\u00f6k k\u00f6z\u00f6tti d\u00fchr\u00e1ncok \u00e9s a szemek k\u00f6r\u00fcli szarkal\u00e1bak kezel\u00e9s\u00e9ben. A kezel\u00e9s gyors, majdnem f\u00e1jdalommentes \u00e9s nem ig\u00e9nyel fel\u00e9p\u00fcl\u00e9si id\u0151t. Az azt jelenti, hogy a p\u00e1cienseink a kezel\u00e9s ut\u00e1n azonnal folytathatj\u00e1k napi tev\u00e9kenys\u00e9g\u00fcket.<\/p>\n<p>A anti-aging egyik legnagyobb el\u0151nye a kezel\u00e9s rugalmass\u00e1ga. Ha \u00d6n egy \u00e1tfog\u00f3 megfiatal\u00edt\u00e1st k\u00edv\u00e1n vagy csak bizonyos ter\u00fcleteket szeretne kezelni, anti-aging egy egy\u00e9nre szabott megold\u00e1st aj\u00e1nl. A hat\u00e1s n\u00e9h\u00e1ny napon bel\u00fcl jelentkezik \u00e9s \u00e1ltal\u00e1ban h\u00e1romt\u00f3l hat h\u00f3napig tart, az egy\u00e9ni t\u00e9nyekt\u0151l f\u00fcgg\u0151en, mint a b\u0151rt\u00edpust\u00f3l \u00e9s az \u00e9letm\u00f3dt\u00f3l.<\/p>\n<p>\n<\/div><div class=\"bt_bb_separator bt_bb_border_style_none bt_bb_top_spacing_extra_small bt_bb_bottom_spacing_small\" data-bt-override-class=\"null\"><\/div><header data-bb-version=\"4.7.6\" class=\"bt_bb_headline content-h4 bt_bb_font_weight_bolder bt_bb_subheadline_text_transform_default bt_bb_color_scheme_17 bt_bb_dash_none bt_bb_size_large bt_bb_align_inherit bt_bb_dash_type_none content-h4\" style=\"; --primary-color:#353535; --secondary-color:#d6a82a;\" data-bt-override-class=\"{&quot;bt_bb_size_&quot;:{&quot;current_class&quot;:&quot;bt_bb_size_large&quot;,&quot;def&quot;:&quot;large&quot;},&quot;bt_bb_align_&quot;:{&quot;current_class&quot;:&quot;bt_bb_align_inherit&quot;,&quot;def&quot;:&quot;inherit&quot;}}\"><h4 class=\"bt_bb_headline_tag\"><span class=\"bt_bb_headline_content\"><span>Elk\u00f6telezetts\u00e9g\u00fcnk a biztons\u00e1g \u00e9s a szak\u00e9rtelem ir\u00e1nt az \u00f6reged\u00e9sg\u00e1tl\u00f3 kezel\u00e9sek ter\u00e9n<\/span><\/span><\/h4><\/header><div class=\"bt_bb_separator bt_bb_border_style_none bt_bb_bottom_spacing_small\" data-bt-override-class=\"null\"><\/div><div class=\" bt_bb_row_inner\"   data-bt-override-class=\"{}\"><div class=\"bt_bb_row_inner_holder\"  ><div  class=\"bt_bb_column_inner col-xxl-12 col-xl-12 col-xs-12 col-sm-12 col-md-12 col-lg-12 bt_bb_align_left bt_bb_vertical_align_top\"  data-width=\"12\" data-bt-override-class=\"{}\"><div class=\"bt_bb_column_inner_content\"><div  class=\"bt_bb_text\" ><\/p>\n<p>Tiszt\u00e1ban vagyunk azzal, hogy egy anti-aging-kezel\u00e9s melletti d\u00f6nt\u00e9s megk\u00f6veteli a kezel\u0151 csapat k\u00e9pess\u00e9geibe \u00e9s tapasztalat\u00e1ba val\u00f3 bizalmat. \u00c9ppen az\u00e9rt, mert az eszt\u00e9tikai kezel\u00e9sek nem k\u00edv\u00e1nt eredm\u00e9nyekhez vezethetnek, nagy s\u00falyt helyez\u00fcnk a rendel\u0151nkben a min\u0151s\u00e9gre, precizit\u00e1sra \u00e9s gondoss\u00e1gra. Orvosaink \u00e9s az eg\u00e9sz csapatunk sz\u00e9lesk\u00f6r\u0171 tapasztalattal rendelkeznek a anti-aging-ter\u00e1pia ter\u00e9n \u00e9s abszol\u00fat szak\u00e9rt\u0151knek sz\u00e1m\u00edtanak ezen a ter\u00fcleten.<\/p>\n<p>P\u00e1cienseink biztons\u00e1ga \u00e9s el\u00e9gedetts\u00e9ge sz\u00e1munkra az els\u0151 helyen \u00e1ll. Minden anti-aging-kezel\u00e9s legnagyobb figyelmess\u00e9ggel \u00e9s az egy\u00e9ni arcvon\u00e1sok, valamint a p\u00e1cienseink speci\u00e1lis k\u00edv\u00e1ns\u00e1gai \u00e9s ig\u00e9nyei figyelembev\u00e9tel\u00e9vel t\u00f6rt\u00e9nik. Kiz\u00e1r\u00f3lag k\u00edv\u00e1l\u00f3 term\u00e9keket \u00e9s legmodernebb technik\u00e1kat haszn\u00e1lunk, a lehet\u0151 legjobb eredm\u00e9ny el\u00e9r\u00e9se \u00e9rdek\u00e9ben.<\/p>\n<p>A csapatunk id\u0151t sz\u00e1n arra, hogy minden p\u00e1ciensnek r\u00e9szletes tan\u00e1csot adjon \u00e9s egy egy\u00e9ni kezel\u00e9si strat\u00e9gi\u00e1t dolgozzon ki. Ez a megk\u00f6zel\u00edt\u00e9s biztos\u00edtja, hogy mi nem csak eszt\u00e9tikus, hanem biztos eredm\u00e9nyeket is ny\u00fajtunk. N\u00e1lunk biztos lehet abban, hogy a anti-aging-kezel\u00e9se a legtapasztaltabb \u00e9s legr\u00e1termettebb kezekben van.<\/p>\n<p>\n<\/div><div class=\"bt_bb_column_inner_highlight\"><\/div><\/div><\/div><\/div><\/div><div class=\"bt_bb_separator bt_bb_border_style_none bt_bb_bottom_spacing_small\" data-bt-override-class=\"null\"><\/div><div data-bb-version=\"4.7.6\" class=\"bt_bb_separator bt_bb_border_style_none bt_bb_top_spacing_normal bt_bb_bottom_spacing_large\" data-bt-override-class=\"{&quot;bt_bb_top_spacing_&quot;:{&quot;current_class&quot;:&quot;bt_bb_top_spacing_normal&quot;,&quot;def&quot;:&quot;normal&quot;},&quot;bt_bb_bottom_spacing_&quot;:{&quot;current_class&quot;:&quot;bt_bb_bottom_spacing_large&quot;,&quot;def&quot;:&quot;large&quot;}}\"><\/div><\/div><\/div><div data-bb-version=\"4.7.6\"  class=\"bt_bb_column col-xxl-4 col-xl-4 bt_bb_vertical_align_top bt_bb_align_left bt_bb_padding_normal bt_bb_animation_fade_in animate\"  data-width=\"4\" data-bt-override-class=\"{&quot;bt_bb_align_&quot;:{&quot;current_class&quot;:&quot;bt_bb_align_left&quot;,&quot;def&quot;:&quot;left&quot;},&quot;bt_bb_padding_&quot;:{&quot;current_class&quot;:&quot;bt_bb_padding_normal&quot;,&quot;def&quot;:&quot;normal&quot;}}\"><div class=\"bt_bb_column_content\"><div class=\" bt_bb_row_inner\"   data-bt-override-class=\"{}\"><div class=\"bt_bb_row_inner_holder\"  ><div data-bb-version=\"4.7.6\"  class=\"bt_bb_column_inner col-xxl-12 col-xl-12 btDarkSkin bt_bb_align_left bt_bb_vertical_align_top bt_bb_padding_text_indent\" style=\"background-color:rgb(242,242,242);\" data-width=\"12\" data-bt-override-class=\"{&quot;bt_bb_align_&quot;:{&quot;current_class&quot;:&quot;bt_bb_align_left&quot;,&quot;def&quot;:&quot;left&quot;},&quot;bt_bb_padding_&quot;:{&quot;current_class&quot;:&quot;bt_bb_padding_text_indent&quot;,&quot;def&quot;:&quot;text_indent&quot;}}\"><div class=\"bt_bb_column_inner_content\"><div class=\"bt_bb_separator bt_bb_border_style_none bt_bb_bottom_spacing_normal\" data-bt-override-class=\"null\"><\/div><header data-bb-version=\"4.7.6\" class=\"bt_bb_headline bt_bb_subheadline_text_transform_default bt_bb_dash_bottom bt_bb_size_normal bt_bb_align_inherit bt_bb_dash_type_none\" data-bt-override-class=\"{&quot;bt_bb_size_&quot;:{&quot;current_class&quot;:&quot;bt_bb_size_normal&quot;,&quot;def&quot;:&quot;normal&quot;},&quot;bt_bb_align_&quot;:{&quot;current_class&quot;:&quot;bt_bb_align_inherit&quot;,&quot;def&quot;:&quot;inherit&quot;}}\"><h4 class=\"bt_bb_headline_tag\"><span class=\"bt_bb_headline_content\"><span>Arceszt\u00e9tika<\/span><\/span><\/h4><\/header><div class=\"bt_bb_separator bt_bb_border_style_none bt_bb_bottom_spacing_small\" data-bt-override-class=\"null\"><\/div><div data-bb-version=\"4.7.6\" class=\"bt_bb_custom_menu btMenuAsInSidebar sidenav bt_bb_direction_vertical\"><div class=\"menu-gesichtsaesthetik-ungarisch-container\"><ul id=\"menu-gesichtsaesthetik-ungarisch\" class=\"menu\"><li id=\"menu-item-4588\" class=\"menu-item menu-item-type-post_type menu-item-object-page menu-item-has-children menu-item-4588\"><a href=\"https:\/\/medi-smile.com\/hu\/arcesztetika\">Arceszt\u00e9tika<\/a>\n<ul class=\"sub-menu\">\n\t<li id=\"menu-item-4589\" class=\"menu-item menu-item-type-post_type menu-item-object-page menu-item-4589\"><a href=\"https:\/\/medi-smile.com\/hu\/arcesztetika\/elethosszig-tarto-esztetika\">\u00c9lethosszig tart\u00f3 eszt\u00e9tika<\/a><\/li>\n\t<li id=\"menu-item-4590\" class=\"menu-item menu-item-type-post_type menu-item-object-page menu-item-4590\"><a href=\"https:\/\/medi-smile.com\/hu\/arcesztetika\/borerosito\">B\u0151rer\u0151s\u00edt\u0151<\/a><\/li>\n\t<li id=\"menu-item-4591\" class=\"menu-item menu-item-type-post_type menu-item-object-page menu-item-4591\"><a href=\"https:\/\/medi-smile.com\/hu\/arcesztetika\/mezoterapia-rancterapia\">Mezoter\u00e1pia \/ R\u00e1ncter\u00e1pia<\/a><\/li>\n\t<li id=\"menu-item-4592\" class=\"menu-item menu-item-type-post_type menu-item-object-page menu-item-4592\"><a href=\"https:\/\/medi-smile.com\/hu\/arcesztetika\/anti-aging-kezeles\">Anti-aging kezel\u00e9s<\/a><\/li>\n\t<li id=\"menu-item-4593\" class=\"menu-item menu-item-type-post_type menu-item-object-page menu-item-4593\"><a href=\"https:\/\/medi-smile.com\/hu\/arcesztetika\/hialuron-toeltoanyag\">Hialuron \/ t\u00f6lt\u0151anyag<\/a><\/li>\n\t<li id=\"menu-item-4594\" class=\"menu-item menu-item-type-post_type menu-item-object-page menu-item-4594\"><a href=\"https:\/\/medi-smile.com\/hu\/arcesztetika\/szalbefuzeses-emeles-folyekony-emeles\">Sz\u00e1lbef\u0171z\u00e9ses emel\u00e9s \/ foly\u00e9kony emel\u00e9s<\/a><\/li>\n\t<li id=\"menu-item-4595\" class=\"menu-item menu-item-type-post_type menu-item-object-page menu-item-4595\"><a href=\"https:\/\/medi-smile.com\/hu\/arcesztetika\/sebeszeti-emelesek\">Seb\u00e9szeti emel\u00e9sek<\/a><\/li>\n\t<li id=\"menu-item-4596\" class=\"menu-item menu-item-type-post_type menu-item-object-page menu-item-4596\"><a href=\"https:\/\/medi-smile.com\/hu\/arcesztetika\/vampiremeles-prp-plazmaemeles\">V\u00e1mp\u00edremel\u00e9s (PRP-plazmaemel\u00e9s)<\/a><\/li>\n\t<li id=\"menu-item-4597\" class=\"menu-item menu-item-type-post_type menu-item-object-page menu-item-4597\"><a href=\"https:\/\/medi-smile.com\/hu\/arcesztetika\/radiofrekvencias-terapia\">Radi\u00f3frekvenci\u00e1s ter\u00e1pia<\/a><\/li>\n<\/ul>\n<\/li>\n<\/ul><\/div><\/div><div class=\"bt_bb_separator bt_bb_border_style_none bt_bb_bottom_spacing_normal\" data-bt-override-class=\"null\"><\/div><div class=\"bt_bb_column_inner_highlight\"><\/div><\/div><\/div><\/div><\/div><div class=\"bt_bb_separator bt_bb_border_style_none bt_bb_bottom_spacing_normal\" data-bt-override-class=\"null\"><\/div><div data-bb-version=\"4.7.6\" class=\" bt_bb_row_inner sidecontact\"   data-bt-override-class=\"{}\"><div class=\"bt_bb_row_inner_holder\"  ><div  class=\"bt_bb_column_inner col-xxl-12 col-xl-12 bt_bb_align_left bt_bb_vertical_align_top bt_bb_padding_text_indent\" style=\"box-shadow: 0 0 0 8px #f2f2f2 inset;\" data-width=\"12\" data-bt-override-class=\"{}\"><div class=\"bt_bb_column_inner_content\"><div class=\"bt_bb_separator bt_bb_border_style_none bt_bb_bottom_spacing_normal\" data-bt-override-class=\"null\"><\/div><header data-bb-version=\"4.7.6\" class=\"bt_bb_headline bt_bb_subheadline_text_transform_default bt_bb_color_scheme_3 bt_bb_dash_none bt_bb_size_normal bt_bb_align_inherit bt_bb_dash_type_none\" style=\"; --primary-color:#d6a82a; --secondary-color:#191919;\" data-bt-override-class=\"{&quot;bt_bb_size_&quot;:{&quot;current_class&quot;:&quot;bt_bb_size_normal&quot;,&quot;def&quot;:&quot;normal&quot;},&quot;bt_bb_align_&quot;:{&quot;current_class&quot;:&quot;bt_bb_align_inherit&quot;,&quot;def&quot;:&quot;inherit&quot;}}\"><h4 class=\"bt_bb_headline_tag\"><span class=\"bt_bb_headline_content\"><span>L\u00e9pjen kapcsolatba vel\u00fcnk<\/span><\/span><\/h4><\/header><div class=\"bt_bb_separator bt_bb_border_style_solid bt_bb_top_spacing_small bt_bb_bottom_spacing_small\" data-bt-override-class=\"null\"><\/div><div data-bb-version=\"4.7.6\" class=\"bt_bb_service bt_bb_color_scheme_7 bt_bb_style_borderless bt_bb_size_xlarge bt_bb_shape_circle bt_bb_target_self bt_bb_align_inherit\" style=\"; --primary-color:#353535; --secondary-color:#191919;\" data-bt-override-class=\"{&quot;bt_bb_size_&quot;:{&quot;current_class&quot;:&quot;bt_bb_size_xlarge&quot;,&quot;def&quot;:&quot;xlarge&quot;},&quot;bt_bb_align_&quot;:{&quot;current_class&quot;:&quot;bt_bb_align_inherit&quot;,&quot;def&quot;:&quot;inherit&quot;}}\"><a href=\"tel:0036301016510\"  target=\"_self\"  title=\"0036 (0) 30 101 6510\"  data-ico-dentistry=\"&#xe92c;\" class=\"bt_bb_icon_holder\"><\/a><div class=\"bt_bb_service_content\"><div class=\"bt_bb_service_content_title\"><a href=\"tel:0036301016510\" target=\"_self\" title=\"0036 (0) 30 101 6510\">0036 (0) 30 101 6510<\/a><\/div><div class=\"bt_bb_service_content_text\">MEDISMILE-Hotline<\/div><\/div><\/div><div class=\"bt_bb_separator bt_bb_border_style_solid bt_bb_top_spacing_small bt_bb_bottom_spacing_small\" data-bt-override-class=\"null\"><\/div><div data-bb-version=\"4.7.6\" class=\"bt_bb_service bt_bb_color_scheme_7 bt_bb_style_borderless bt_bb_size_xlarge bt_bb_shape_circle bt_bb_target_self bt_bb_align_inherit\" style=\"; --primary-color:#353535; --secondary-color:#191919;\" data-bt-override-class=\"{&quot;bt_bb_size_&quot;:{&quot;current_class&quot;:&quot;bt_bb_size_xlarge&quot;,&quot;def&quot;:&quot;xlarge&quot;},&quot;bt_bb_align_&quot;:{&quot;current_class&quot;:&quot;bt_bb_align_inherit&quot;,&quot;def&quot;:&quot;inherit&quot;}}\"><a href=\"mailto:info@medi-smile.com\"  target=\"_self\"  title=\"info@medi-smile.com\"  data-ico-icon7stroke=\"&#xe63b;\" class=\"bt_bb_icon_holder\"><\/a><div class=\"bt_bb_service_content\"><div class=\"bt_bb_service_content_title\"><a href=\"mailto:info@medi-smile.com\" target=\"_self\" title=\"info@medi-smile.com\">info@medi-smile.com<\/a><\/div><div class=\"bt_bb_service_content_text\">E-Mail<\/div><\/div><\/div><div class=\"bt_bb_separator bt_bb_border_style_none bt_bb_bottom_spacing_normal\" data-bt-override-class=\"null\"><\/div><div class=\"bt_bb_column_inner_highlight\"><\/div><\/div><\/div><\/div><\/div><\/div><\/div><\/div><\/div><\/div><!-- cell_inner --><\/div><!-- cell --><\/div><!-- port --><\/section><\/p>\n","protected":false},"excerpt":{"rendered":"","protected":false},"author":1,"featured_media":0,"parent":4523,"menu_order":4,"comment_status":"closed","ping_status":"closed","template":"","meta":{"footnotes":""},"class_list":["post-4428","page","type-page","status-publish","hentry"],"_links":{"self":[{"href":"https:\/\/medi-smile.com\/hu\/wp-json\/wp\/v2\/pages\/4428","targetHints":{"allow":["GET"]}}],"collection":[{"href":"https:\/\/medi-smile.com\/hu\/wp-json\/wp\/v2\/pages"}],"about":[{"href":"https:\/\/medi-smile.com\/hu\/wp-json\/wp\/v2\/types\/page"}],"author":[{"embeddable":true,"href":"https:\/\/medi-smile.com\/hu\/wp-json\/wp\/v2\/users\/1"}],"replies":[{"embeddable":true,"href":"https:\/\/medi-smile.com\/hu\/wp-json\/wp\/v2\/comments?post=4428"}],"version-history":[{"count":3,"href":"https:\/\/medi-smile.com\/hu\/wp-json\/wp\/v2\/pages\/4428\/revisions"}],"predecessor-version":[{"id":4941,"href":"https:\/\/medi-smile.com\/hu\/wp-json\/wp\/v2\/pages\/4428\/revisions\/4941"}],"up":[{"embeddable":true,"href":"https:\/\/medi-smile.com\/hu\/wp-json\/wp\/v2\/pages\/4523"}],"wp:attachment":[{"href":"https:\/\/medi-smile.com\/hu\/wp-json\/wp\/v2\/media?parent=4428"}],"curies":[{"name":"wp","href":"https:\/\/api.w.org\/{rel}","templated":true}]}}