{"id":4453,"date":"2023-11-19T12:12:14","date_gmt":"2023-11-19T11:12:14","guid":{"rendered":"https:\/\/medi-smile.com\/vampiremeles-prp-plazmaemeles"},"modified":"2024-08-11T11:49:28","modified_gmt":"2024-08-11T09:49:28","slug":"vampiremeles-prp-plazmaemeles","status":"publish","type":"page","link":"https:\/\/medi-smile.com\/hu\/arcesztetika\/vampiremeles-prp-plazmaemeles","title":{"rendered":"V\u00e1mp\u00edremel\u00e9s (PRP-plazmaemel\u00e9s)"},"content":{"rendered":"<p><section data-bb-version=\"4.7.6\" id=\"bt_bb_section69e9f1c5c6c3d\" class=\"bt_bb_section bt_bb_color_scheme_1 bt_bb_layout_boxed_1200 bt_bb_vertical_align_top bt_bb_background_overlay_alternate_solid bt_bb_top_spacing_none bt_bb_bottom_spacing_none bt_bb_section_show_left_boxed_content\" style=\"; --section-primary-color:#ffffff; --section-secondary-color:#191919;;background-color:rgb(153,129,12);\" data-bt-override-class=\"{&quot;bt_bb_top_spacing_&quot;:{&quot;current_class&quot;:&quot;bt_bb_top_spacing_none&quot;,&quot;def&quot;:&quot;none&quot;},&quot;bt_bb_bottom_spacing_&quot;:{&quot;current_class&quot;:&quot;bt_bb_bottom_spacing_none&quot;,&quot;def&quot;:&quot;none&quot;}}\"><div class=\"bt_bb_background_image_holder_wrapper\"><div class=\"bt_bb_background_image_holder btLazyLoadBackground\"  data-background_image_src=\"https:\/\/medi-smile.com\/wp-content\/uploads\/2023\/11\/Gesicht-Aesthetik-Lifting-Medismile-Budapest-Ungarn.jpg\" data-parallax-zoom-start=\"1\" data-parallax-zoom-end=\"1\" data-parallax-blur-start=\"0\" data-parallax-blur-end=\"0\" data-parallax-opacity-start=\"1\" data-parallax-opacity-end=\"1\" style=\" background-image: url(&#039;https:\/\/medi-smile.com\/wp-content\/plugins\/bold-page-builder\/img\/blank.gif&#039;);\"><\/div><\/div><div class=\"bt_bb_port\"><div class=\"bt_bb_cell\"><div class=\"bt_bb_cell_inner\"><div class=\"bt_bb_row  bt_bb_column_gap_25\" style=\"; --column-gap:25px;\" data-bt-override-class=\"{}\"><div class=\"bt_bb_row_holder\" ><div data-bb-version=\"4.7.6\"  class=\"bt_bb_column col-xxl-6 col-xl-6 bt_bb_vertical_align_middle bt_bb_align_left btLazyLoadBackground bt_bb_column_background_image bt_bb_mobile_align_to_both_edges bt_bb_padding_normal bt_bb_animation_fade_in animate\" style=\"padding: 0;background-image:url(&#039;https:\/\/medi-smile.com\/wp-content\/plugins\/bold-page-builder\/img\/blank.gif&#039;);\" data-background_image_src='https:\/\/medi-smile.com\/wp-content\/uploads\/2023\/11\/Vampirlifting-Plasmalifting-PRP-Medi-Smile-Budapest-Ungarn.jpg' data-width=\"6\" data-bt-override-class=\"{&quot;bt_bb_align_&quot;:{&quot;current_class&quot;:&quot;bt_bb_align_left&quot;,&quot;def&quot;:&quot;left&quot;},&quot;bt_bb_padding_&quot;:{&quot;current_class&quot;:&quot;bt_bb_padding_normal&quot;,&quot;def&quot;:&quot;normal&quot;}}\"><div class=\"bt_bb_column_content\"><div class=\"bt_bb_separator bt_bb_border_style_none bt_bb_top_spacing_extra_large bt_bb_bottom_spacing_extra_large\" data-bt-override-class=\"null\"><\/div><div class=\"bt_bb_separator bt_bb_border_style_none bt_bb_top_spacing_extra_large bt_bb_bottom_spacing_extra_large\" data-bt-override-class=\"null\"><\/div><\/div><\/div><div data-bb-version=\"4.7.6\"  class=\"bt_bb_column col-xxl-6 col-xl-6 bt_bb_vertical_align_middle bt_bb_align_left bt_bb_padding_double bt_bb_animation_fade_in animate\" style=\"background-color:rgba(255,191,0,0.69);\" data-width=\"6\" data-bt-override-class=\"{&quot;bt_bb_align_&quot;:{&quot;current_class&quot;:&quot;bt_bb_align_left&quot;,&quot;def&quot;:&quot;left&quot;},&quot;bt_bb_padding_&quot;:{&quot;current_class&quot;:&quot;bt_bb_padding_double&quot;,&quot;def&quot;:&quot;double&quot;}}\"><div class=\"bt_bb_column_content\"><div data-bb-version=\"4.7.6\" class=\"bt_bb_separator bt_bb_border_style_none bt_bb_top_spacing_extra_small bt_bb_bottom_spacing_normal\" data-bt-override-class=\"{&quot;bt_bb_top_spacing_&quot;:{&quot;current_class&quot;:&quot;bt_bb_top_spacing_extra_small&quot;,&quot;def&quot;:&quot;extra_small&quot;},&quot;bt_bb_bottom_spacing_&quot;:{&quot;current_class&quot;:&quot;bt_bb_bottom_spacing_normal&quot;,&quot;def&quot;:&quot;normal&quot;}}\"><\/div><div data-bb-version=\"4.7.6\"  class=\"bt_bb_text content-pre\" ><\/p>\n<p>MEDISMILE Budapest<\/p>\n<p>\n<\/div><header data-bb-version=\"4.7.6\" class=\"bt_bb_headline content-h1 bt_bb_font_weight_bolder bt_bb_subheadline_text_transform_default bt_bb_dash_none bt_bb_size_huge bt_bb_align_inherit bt_bb_dash_type_none content-h1\" data-bt-override-class=\"{&quot;bt_bb_size_&quot;:{&quot;current_class&quot;:&quot;bt_bb_size_huge&quot;,&quot;def&quot;:&quot;huge&quot;},&quot;bt_bb_align_&quot;:{&quot;current_class&quot;:&quot;bt_bb_align_inherit&quot;,&quot;def&quot;:&quot;inherit&quot;}}\"><h1 class=\"bt_bb_headline_tag\"><span class=\"bt_bb_headline_content\"><span>V\u00e1mp\u00edremel\u00e9s (PRP-plazmaemel\u00e9s)<\/span><\/span><\/h1><\/header><div class=\"bt_bb_separator bt_bb_border_style_none bt_bb_bottom_spacing_small\" data-bt-override-class=\"null\"><\/div><header data-bb-version=\"4.7.6\" class=\"bt_bb_headline content-h2 bt_bb_font_weight_bolder bt_bb_subheadline_text_transform_default bt_bb_dash_none bt_bb_size_normal bt_bb_align_inherit bt_bb_dash_type_none content-h2\" data-bt-override-class=\"{&quot;bt_bb_size_&quot;:{&quot;current_class&quot;:&quot;bt_bb_size_normal&quot;,&quot;def&quot;:&quot;normal&quot;},&quot;bt_bb_align_&quot;:{&quot;current_class&quot;:&quot;bt_bb_align_inherit&quot;,&quot;def&quot;:&quot;inherit&quot;}}\"><h2 class=\"bt_bb_headline_tag\"><span class=\"bt_bb_headline_content\"><span>V\u00e1mp\u00edremel\u00e9s: Term\u00e9szetes fiatal\u00edt\u00e1s sejter\u0151vel<\/span><\/span><\/h2><\/header><\/div><\/div><\/div><\/div><\/div><!-- cell_inner --><\/div><!-- cell --><\/div><!-- port --><\/section><section data-bb-version=\"4.7.6\" id=\"bt_bb_section69e9f1c5c8f1c\" class=\"bt_bb_section bt_bb_layout_boxed_1200 bt_bb_vertical_align_top bt_bb_top_spacing_none bt_bb_bottom_spacing_none\" style=\"z-index: 2;;background-color:rgb(252,253,255);background-size:100% auto;\" data-bt-override-class=\"{&quot;bt_bb_top_spacing_&quot;:{&quot;current_class&quot;:&quot;bt_bb_top_spacing_none&quot;,&quot;def&quot;:&quot;none&quot;},&quot;bt_bb_bottom_spacing_&quot;:{&quot;current_class&quot;:&quot;bt_bb_bottom_spacing_none&quot;,&quot;def&quot;:&quot;none&quot;}}\"><div class=\"bt_bb_port\"><div class=\"bt_bb_cell\"><div class=\"bt_bb_cell_inner\"><div class=\"bt_bb_row  bt_bb_column_gap_25\" style=\"margin-top: -3em;; --column-gap:25px;\" data-bt-override-class=\"{}\"><div class=\"bt_bb_row_holder\" ><div  class=\"bt_bb_column col-xxl-8 col-xl-8 bt_bb_vertical_align_top bt_bb_align_left bt_bb_padding_normal bt_bb_animation_fade_in animate\"  data-width=\"8\" data-bt-override-class=\"{}\"><div class=\"bt_bb_column_content\"><div data-bb-version=\"4.7.6\" class=\"bt_bb_separator bt_bb_border_style_none bt_bb_top_spacing_normal bt_bb_bottom_spacing_normal\" data-bt-override-class=\"{&quot;bt_bb_top_spacing_&quot;:{&quot;current_class&quot;:&quot;bt_bb_top_spacing_normal&quot;,&quot;def&quot;:&quot;normal&quot;},&quot;bt_bb_bottom_spacing_&quot;:{&quot;current_class&quot;:&quot;bt_bb_bottom_spacing_normal&quot;,&quot;def&quot;:&quot;normal&quot;}}\"><\/div><header data-bb-version=\"4.7.6\" class=\"bt_bb_headline content-h3 bt_bb_font_weight_bolder bt_bb_subheadline_text_transform_default bt_bb_color_scheme_17 bt_bb_dash_none bt_bb_size_large bt_bb_align_inherit bt_bb_dash_type_none content-h3\" style=\"; --primary-color:#353535; --secondary-color:#d6a82a;\" data-bt-override-class=\"{&quot;bt_bb_size_&quot;:{&quot;current_class&quot;:&quot;bt_bb_size_large&quot;,&quot;def&quot;:&quot;large&quot;},&quot;bt_bb_align_&quot;:{&quot;current_class&quot;:&quot;bt_bb_align_inherit&quot;,&quot;def&quot;:&quot;inherit&quot;}}\"><h3 class=\"bt_bb_headline_tag\"><span class=\"bt_bb_headline_content\"><span><small>Vampirlifting<\/small>PRP plazmaemel\u00e9s<\/span><\/span><\/h3><\/header><div class=\"bt_bb_separator bt_bb_border_style_none bt_bb_bottom_spacing_small\" data-bt-override-class=\"null\"><\/div><div  class=\"bt_bb_text\" ><\/p>\n<p>A v\u00e1mp\u00edrlifting szakmai nev\u00e9n PRP plazmalifting, egy innovat\u00edv \u00e9s term\u00e9szetes m\u00f3dszer az eszt\u00e9tikai gy\u00f3gy\u00e1szatban, amely a saj\u00e1t test\u00e9nek gy\u00f3gy\u00edt\u00f3 erej\u00e9t haszn\u00e1lja fel. A PRP a \u201ePlatalet-Rich Plasma r\u00f6vid\u00edt\u00e9se, azaz a v\u00e9rlemezk\u00e9kben gazdag plazma, amelyet a p\u00e1ciens v\u00e9r\u00e9b\u0151l nyernek. Ez a kezel\u00e9s az elm\u00falt \u00e9vekben n\u00e9pszer\u0171v\u00e9 v\u00e1lt, \u00e9s gyakran a szt\u00e1rok \u00e9s csillagocsk\u00e1k ragyog\u00f3 megjelen\u00e9s\u00e9nek a titk\u00e1nak tartj\u00e1k.<\/p>\n<p>A folyamat egy egyszer\u0171 v\u00e9rv\u00e9tellel kezd\u0151dik. A v\u00e9rt ezut\u00e1n centrifug\u00e1lj\u00e1k, hogy izol\u00e1lj\u00e1k a PRP-t, amely gazdag n\u00f6veked\u00e9si faktorokban \u00e9s gy\u00f3gy\u00edt\u00f3 tulajdons\u00e1gokban. Ezt a koncentr\u00e1lt plazm\u00e1t ezut\u00e1n a b\u0151rbe fecskendezik, hogy \u00f6szt\u00f6n\u00f6zz\u00e9k a b\u0151rsejtek term\u00e9szetes regener\u00e1l\u00f3d\u00e1s\u00e1t \u00e9s megfiatalod\u00e1s\u00e1t.<\/p>\n<p>A v\u00e1mp\u00edrlifting k\u00fcl\u00f6n\u00f6sen hat\u00e9konyan jav\u00edtja a b\u0151r text\u00far\u00e1j\u00e1t, cs\u00f6kkenti a finom vonalakat \u00e9s r\u00e1ncokat, \u00e9s friss, fiatalos megjelen\u00e9st k\u00f6lcs\u00f6n\u00f6z a b\u0151rnek. Gyakran haszn\u00e1lj\u00e1k arc, nyak, dekolt\u00e1zs \u00e9s k\u00e9z kezel\u00e9s\u00e9re, de a fejb\u0151r jav\u00edt\u00e1s\u00e1ra \u00e9s a haj n\u00f6veked\u00e9s\u00e9nek el\u0151seg\u00edt\u00e9s\u00e9re is haszn\u00e1lhat\u00f3.<\/p>\n<p>\n<\/div><div class=\"bt_bb_separator bt_bb_border_style_none bt_bb_top_spacing_extra_small bt_bb_bottom_spacing_small\" data-bt-override-class=\"null\"><\/div><header data-bb-version=\"4.7.6\" class=\"bt_bb_headline content-h3 bt_bb_font_weight_bolder bt_bb_subheadline_text_transform_default bt_bb_color_scheme_17 bt_bb_dash_none bt_bb_size_normal bt_bb_align_inherit bt_bb_dash_type_none content-h3\" style=\"; --primary-color:#353535; --secondary-color:#d6a82a;\" data-bt-override-class=\"{&quot;bt_bb_size_&quot;:{&quot;current_class&quot;:&quot;bt_bb_size_normal&quot;,&quot;def&quot;:&quot;normal&quot;},&quot;bt_bb_align_&quot;:{&quot;current_class&quot;:&quot;bt_bb_align_inherit&quot;,&quot;def&quot;:&quot;inherit&quot;}}\"><h4 class=\"bt_bb_headline_tag\"><span class=\"bt_bb_headline_content\"><span>V\u00e1mp\u00edrlifting -term\u00e9szetes, biztons\u00e1gos \u00e9s hosszantart\u00f3 eredm\u00e9nyekkel<\/span><\/span><\/h4><\/header><div class=\"bt_bb_separator bt_bb_border_style_none bt_bb_bottom_spacing_small\" data-bt-override-class=\"null\"><\/div><div  class=\"bt_bb_text\" ><\/p>\n<p>A v\u00e1mp\u00edrlifting egyik legnagyobb er\u0151ss\u00e9ge a term\u00e9szetess\u00e9ge \u00e9s biztons\u00e1ga. Mivel a PRP-t a p\u00e1ciens v\u00e9r\u00e9b\u0151l nyerik, az allergi\u00e1s reakci\u00f3k vagy a kil\u00f6k\u0151d\u00e9s kock\u00e1zata rendk\u00edv\u00fcl csek\u00e9ly.<\/p>\n<p>A kezel\u00e9s el\u0151seg\u00edti a szervezet saj\u00e1t gy\u00f3gyul\u00e1s\u00e1t, sejtmeg\u00fajul\u00e1s\u00e1t, hosszantart\u00f3 \u00e9s term\u00e9szetes eredm\u00e9nyeket eredm\u00e9nyezve.<\/p>\n<p>A p\u00e1ciensek m\u00e1r az els\u0151 kezel\u00e9s ut\u00e1n \u00e9szrevehetik b\u0151r\u00fck megjelen\u00e9s\u00e9nek javul\u00e1s\u00e1t. Az optim\u00e1lis eredm\u00e9ny el\u00e9r\u00e9se \u00e9rdek\u00e9ben azonban egy adott id\u0151tartamon \u00e1t tart\u00f3 kezel\u00e9ssorozatot javaslunk. A v\u00e1mp\u00edremel\u00e9s egy k\u00edm\u00e9letes elj\u00e1r\u00e1s, amely kev\u00e9s kies\u00e9si id\u0151t ig\u00e9nyel, lehet\u0151v\u00e9 t\u00e9ve a p\u00e1ciensek sz\u00e1m\u00e1ra, hogy gyorsan folytathass\u00e1k napi tev\u00e9kenys\u00e9g\u00fcket.<\/p>\n<p>A Medismile Budapestn\u00e9l orvosaink magas szint\u0171 szak\u00e9rtelm\u00e9re \u00e9s tapasztalat\u00e1ra t\u00e1maszkodunk, hogy minden PRP kezel\u00e9st a legnagyobb gondoss\u00e1ggal \u00e9s precizit\u00e1ssal v\u00e9gezzenek. Arra t\u00f6reksz\u00fcnk, hogy jav\u00edtsuk p\u00e1cienseink term\u00e9szetes sz\u00e9ps\u00e9g\u00e9t \u00e9s seg\u00edts\u00fcnk nekik egy ragyog\u00f3, fiatalos megjelen\u00e9s el\u00e9r\u00e9s\u00e9ben, amely kiemeli egy\u00e9ni szem\u00e9lyis\u00e9g\u00fcket.<\/p>\n<p>\n<\/div><div data-bb-version=\"4.7.6\" class=\"bt_bb_separator bt_bb_border_style_none bt_bb_top_spacing_normal bt_bb_bottom_spacing_large\" data-bt-override-class=\"{&quot;bt_bb_top_spacing_&quot;:{&quot;current_class&quot;:&quot;bt_bb_top_spacing_normal&quot;,&quot;def&quot;:&quot;normal&quot;},&quot;bt_bb_bottom_spacing_&quot;:{&quot;current_class&quot;:&quot;bt_bb_bottom_spacing_large&quot;,&quot;def&quot;:&quot;large&quot;}}\"><\/div><\/div><\/div><div data-bb-version=\"4.7.6\"  class=\"bt_bb_column col-xxl-4 col-xl-4 bt_bb_vertical_align_top bt_bb_align_left bt_bb_padding_normal bt_bb_animation_fade_in animate\"  data-width=\"4\" data-bt-override-class=\"{&quot;bt_bb_align_&quot;:{&quot;current_class&quot;:&quot;bt_bb_align_left&quot;,&quot;def&quot;:&quot;left&quot;},&quot;bt_bb_padding_&quot;:{&quot;current_class&quot;:&quot;bt_bb_padding_normal&quot;,&quot;def&quot;:&quot;normal&quot;}}\"><div class=\"bt_bb_column_content\"><div class=\" bt_bb_row_inner\"   data-bt-override-class=\"{}\"><div class=\"bt_bb_row_inner_holder\"  ><div data-bb-version=\"4.7.6\"  class=\"bt_bb_column_inner col-xxl-12 col-xl-12 btDarkSkin bt_bb_align_left bt_bb_vertical_align_top bt_bb_padding_text_indent\" style=\"background-color:rgb(242,242,242);\" data-width=\"12\" data-bt-override-class=\"{&quot;bt_bb_align_&quot;:{&quot;current_class&quot;:&quot;bt_bb_align_left&quot;,&quot;def&quot;:&quot;left&quot;},&quot;bt_bb_padding_&quot;:{&quot;current_class&quot;:&quot;bt_bb_padding_text_indent&quot;,&quot;def&quot;:&quot;text_indent&quot;}}\"><div class=\"bt_bb_column_inner_content\"><div class=\"bt_bb_separator bt_bb_border_style_none bt_bb_bottom_spacing_normal\" data-bt-override-class=\"null\"><\/div><header data-bb-version=\"4.7.6\" class=\"bt_bb_headline bt_bb_subheadline_text_transform_default bt_bb_dash_bottom bt_bb_size_normal bt_bb_align_inherit bt_bb_dash_type_none\" data-bt-override-class=\"{&quot;bt_bb_size_&quot;:{&quot;current_class&quot;:&quot;bt_bb_size_normal&quot;,&quot;def&quot;:&quot;normal&quot;},&quot;bt_bb_align_&quot;:{&quot;current_class&quot;:&quot;bt_bb_align_inherit&quot;,&quot;def&quot;:&quot;inherit&quot;}}\"><h4 class=\"bt_bb_headline_tag\"><span class=\"bt_bb_headline_content\"><span>Arceszt\u00e9tika<\/span><\/span><\/h4><\/header><div class=\"bt_bb_separator bt_bb_border_style_none bt_bb_bottom_spacing_small\" data-bt-override-class=\"null\"><\/div><div data-bb-version=\"4.7.6\" class=\"bt_bb_custom_menu btMenuAsInSidebar sidenav bt_bb_direction_vertical\"><div class=\"menu-gesichtsaesthetik-ungarisch-container\"><ul id=\"menu-gesichtsaesthetik-ungarisch\" class=\"menu\"><li id=\"menu-item-4588\" class=\"menu-item menu-item-type-post_type menu-item-object-page menu-item-has-children menu-item-4588\"><a href=\"https:\/\/medi-smile.com\/hu\/arcesztetika\">Arceszt\u00e9tika<\/a>\n<ul class=\"sub-menu\">\n\t<li id=\"menu-item-4589\" class=\"menu-item menu-item-type-post_type menu-item-object-page menu-item-4589\"><a href=\"https:\/\/medi-smile.com\/hu\/arcesztetika\/elethosszig-tarto-esztetika\">\u00c9lethosszig tart\u00f3 eszt\u00e9tika<\/a><\/li>\n\t<li id=\"menu-item-4590\" class=\"menu-item menu-item-type-post_type menu-item-object-page menu-item-4590\"><a href=\"https:\/\/medi-smile.com\/hu\/arcesztetika\/borerosito\">B\u0151rer\u0151s\u00edt\u0151<\/a><\/li>\n\t<li id=\"menu-item-4591\" class=\"menu-item menu-item-type-post_type menu-item-object-page menu-item-4591\"><a href=\"https:\/\/medi-smile.com\/hu\/arcesztetika\/mezoterapia-rancterapia\">Mezoter\u00e1pia \/ R\u00e1ncter\u00e1pia<\/a><\/li>\n\t<li id=\"menu-item-4592\" class=\"menu-item menu-item-type-post_type menu-item-object-page menu-item-4592\"><a href=\"https:\/\/medi-smile.com\/hu\/arcesztetika\/anti-aging-kezeles\">Anti-aging kezel\u00e9s<\/a><\/li>\n\t<li id=\"menu-item-4593\" class=\"menu-item menu-item-type-post_type menu-item-object-page menu-item-4593\"><a href=\"https:\/\/medi-smile.com\/hu\/arcesztetika\/hialuron-toeltoanyag\">Hialuron \/ t\u00f6lt\u0151anyag<\/a><\/li>\n\t<li id=\"menu-item-4594\" class=\"menu-item menu-item-type-post_type menu-item-object-page menu-item-4594\"><a href=\"https:\/\/medi-smile.com\/hu\/arcesztetika\/szalbefuzeses-emeles-folyekony-emeles\">Sz\u00e1lbef\u0171z\u00e9ses emel\u00e9s \/ foly\u00e9kony emel\u00e9s<\/a><\/li>\n\t<li id=\"menu-item-4595\" class=\"menu-item menu-item-type-post_type menu-item-object-page menu-item-4595\"><a href=\"https:\/\/medi-smile.com\/hu\/arcesztetika\/sebeszeti-emelesek\">Seb\u00e9szeti emel\u00e9sek<\/a><\/li>\n\t<li id=\"menu-item-4596\" class=\"menu-item menu-item-type-post_type menu-item-object-page menu-item-4596\"><a href=\"https:\/\/medi-smile.com\/hu\/arcesztetika\/vampiremeles-prp-plazmaemeles\">V\u00e1mp\u00edremel\u00e9s (PRP-plazmaemel\u00e9s)<\/a><\/li>\n\t<li id=\"menu-item-4597\" class=\"menu-item menu-item-type-post_type menu-item-object-page menu-item-4597\"><a href=\"https:\/\/medi-smile.com\/hu\/arcesztetika\/radiofrekvencias-terapia\">Radi\u00f3frekvenci\u00e1s ter\u00e1pia<\/a><\/li>\n<\/ul>\n<\/li>\n<\/ul><\/div><\/div><div class=\"bt_bb_separator bt_bb_border_style_none bt_bb_bottom_spacing_normal\" data-bt-override-class=\"null\"><\/div><div class=\"bt_bb_column_inner_highlight\"><\/div><\/div><\/div><\/div><\/div><div class=\"bt_bb_separator bt_bb_border_style_none bt_bb_bottom_spacing_normal\" data-bt-override-class=\"null\"><\/div><div data-bb-version=\"4.7.6\" class=\" bt_bb_row_inner sidecontact\"   data-bt-override-class=\"{}\"><div class=\"bt_bb_row_inner_holder\"  ><div  class=\"bt_bb_column_inner col-xxl-12 col-xl-12 bt_bb_align_left bt_bb_vertical_align_top bt_bb_padding_text_indent\" style=\"box-shadow: 0 0 0 8px #f2f2f2 inset;\" data-width=\"12\" data-bt-override-class=\"{}\"><div class=\"bt_bb_column_inner_content\"><div class=\"bt_bb_separator bt_bb_border_style_none bt_bb_bottom_spacing_normal\" data-bt-override-class=\"null\"><\/div><header data-bb-version=\"4.7.6\" class=\"bt_bb_headline bt_bb_subheadline_text_transform_default bt_bb_color_scheme_3 bt_bb_dash_none bt_bb_size_normal bt_bb_align_inherit bt_bb_dash_type_none\" style=\"; --primary-color:#d6a82a; --secondary-color:#191919;\" data-bt-override-class=\"{&quot;bt_bb_size_&quot;:{&quot;current_class&quot;:&quot;bt_bb_size_normal&quot;,&quot;def&quot;:&quot;normal&quot;},&quot;bt_bb_align_&quot;:{&quot;current_class&quot;:&quot;bt_bb_align_inherit&quot;,&quot;def&quot;:&quot;inherit&quot;}}\"><h4 class=\"bt_bb_headline_tag\"><span class=\"bt_bb_headline_content\"><span>L\u00e9pjen kapcsolatba vel\u00fcnk<\/span><\/span><\/h4><\/header><div class=\"bt_bb_separator bt_bb_border_style_solid bt_bb_top_spacing_small bt_bb_bottom_spacing_small\" data-bt-override-class=\"null\"><\/div><div data-bb-version=\"4.7.6\" class=\"bt_bb_service bt_bb_color_scheme_7 bt_bb_style_borderless bt_bb_size_xlarge bt_bb_shape_circle bt_bb_target_self bt_bb_align_inherit\" style=\"; --primary-color:#353535; --secondary-color:#191919;\" data-bt-override-class=\"{&quot;bt_bb_size_&quot;:{&quot;current_class&quot;:&quot;bt_bb_size_xlarge&quot;,&quot;def&quot;:&quot;xlarge&quot;},&quot;bt_bb_align_&quot;:{&quot;current_class&quot;:&quot;bt_bb_align_inherit&quot;,&quot;def&quot;:&quot;inherit&quot;}}\"><a href=\"tel:0036301016510\"  target=\"_self\"  title=\"0036 (0) 30 101 6510\"  data-ico-dentistry=\"&#xe92c;\" class=\"bt_bb_icon_holder\"><\/a><div class=\"bt_bb_service_content\"><div class=\"bt_bb_service_content_title\"><a href=\"tel:0036301016510\" target=\"_self\" title=\"0036 (0) 30 101 6510\">0036 (0) 30 101 6510<\/a><\/div><div class=\"bt_bb_service_content_text\">MEDISMILE-Hotline<\/div><\/div><\/div><div class=\"bt_bb_separator bt_bb_border_style_solid bt_bb_top_spacing_small bt_bb_bottom_spacing_small\" data-bt-override-class=\"null\"><\/div><div data-bb-version=\"4.7.6\" class=\"bt_bb_service bt_bb_color_scheme_7 bt_bb_style_borderless bt_bb_size_xlarge bt_bb_shape_circle bt_bb_target_self bt_bb_align_inherit\" style=\"; --primary-color:#353535; --secondary-color:#191919;\" data-bt-override-class=\"{&quot;bt_bb_size_&quot;:{&quot;current_class&quot;:&quot;bt_bb_size_xlarge&quot;,&quot;def&quot;:&quot;xlarge&quot;},&quot;bt_bb_align_&quot;:{&quot;current_class&quot;:&quot;bt_bb_align_inherit&quot;,&quot;def&quot;:&quot;inherit&quot;}}\"><a href=\"mailto:info@medi-smile.com\"  target=\"_self\"  title=\"info@medi-smile.com\"  data-ico-icon7stroke=\"&#xe63b;\" class=\"bt_bb_icon_holder\"><\/a><div class=\"bt_bb_service_content\"><div class=\"bt_bb_service_content_title\"><a href=\"mailto:info@medi-smile.com\" target=\"_self\" title=\"info@medi-smile.com\">info@medi-smile.com<\/a><\/div><div class=\"bt_bb_service_content_text\">E-Mail<\/div><\/div><\/div><div class=\"bt_bb_separator bt_bb_border_style_none bt_bb_bottom_spacing_normal\" data-bt-override-class=\"null\"><\/div><div class=\"bt_bb_column_inner_highlight\"><\/div><\/div><\/div><\/div><\/div><\/div><\/div><\/div><\/div><\/div><!-- cell_inner --><\/div><!-- cell --><\/div><!-- port --><\/section><\/p>\n","protected":false},"excerpt":{"rendered":"","protected":false},"author":1,"featured_media":0,"parent":4523,"menu_order":8,"comment_status":"closed","ping_status":"closed","template":"","meta":{"footnotes":""},"class_list":["post-4453","page","type-page","status-publish","hentry"],"_links":{"self":[{"href":"https:\/\/medi-smile.com\/hu\/wp-json\/wp\/v2\/pages\/4453","targetHints":{"allow":["GET"]}}],"collection":[{"href":"https:\/\/medi-smile.com\/hu\/wp-json\/wp\/v2\/pages"}],"about":[{"href":"https:\/\/medi-smile.com\/hu\/wp-json\/wp\/v2\/types\/page"}],"author":[{"embeddable":true,"href":"https:\/\/medi-smile.com\/hu\/wp-json\/wp\/v2\/users\/1"}],"replies":[{"embeddable":true,"href":"https:\/\/medi-smile.com\/hu\/wp-json\/wp\/v2\/comments?post=4453"}],"version-history":[{"count":5,"href":"https:\/\/medi-smile.com\/hu\/wp-json\/wp\/v2\/pages\/4453\/revisions"}],"predecessor-version":[{"id":4949,"href":"https:\/\/medi-smile.com\/hu\/wp-json\/wp\/v2\/pages\/4453\/revisions\/4949"}],"up":[{"embeddable":true,"href":"https:\/\/medi-smile.com\/hu\/wp-json\/wp\/v2\/pages\/4523"}],"wp:attachment":[{"href":"https:\/\/medi-smile.com\/hu\/wp-json\/wp\/v2\/media?parent=4453"}],"curies":[{"name":"wp","href":"https:\/\/api.w.org\/{rel}","templated":true}]}}