{"id":4458,"date":"2023-11-19T13:12:47","date_gmt":"2023-11-19T12:12:47","guid":{"rendered":"https:\/\/medi-smile.com\/radiofrekvencias-terapia"},"modified":"2024-08-11T11:50:10","modified_gmt":"2024-08-11T09:50:10","slug":"radiofrekvencias-terapia","status":"publish","type":"page","link":"https:\/\/medi-smile.com\/hu\/arcesztetika\/radiofrekvencias-terapia","title":{"rendered":"Radi\u00f3frekvenci\u00e1s ter\u00e1pia"},"content":{"rendered":"<p><section data-bb-version=\"4.7.6\" id=\"bt_bb_section69f1ae2710a2b\" class=\"bt_bb_section bt_bb_color_scheme_1 bt_bb_layout_boxed_1200 bt_bb_vertical_align_top bt_bb_background_overlay_alternate_solid bt_bb_top_spacing_none bt_bb_bottom_spacing_none bt_bb_section_show_left_boxed_content\" style=\"; --section-primary-color:#ffffff; --section-secondary-color:#191919;;background-color:rgb(153,129,12);\" data-bt-override-class=\"{&quot;bt_bb_top_spacing_&quot;:{&quot;current_class&quot;:&quot;bt_bb_top_spacing_none&quot;,&quot;def&quot;:&quot;none&quot;},&quot;bt_bb_bottom_spacing_&quot;:{&quot;current_class&quot;:&quot;bt_bb_bottom_spacing_none&quot;,&quot;def&quot;:&quot;none&quot;}}\"><div class=\"bt_bb_background_image_holder_wrapper\"><div class=\"bt_bb_background_image_holder btLazyLoadBackground\"  data-background_image_src=\"https:\/\/medi-smile.com\/wp-content\/uploads\/2023\/11\/Gesicht-Aesthetik-Lifting-Medismile-Budapest-Ungarn.jpg\" data-parallax-zoom-start=\"1\" data-parallax-zoom-end=\"1\" data-parallax-blur-start=\"0\" data-parallax-blur-end=\"0\" data-parallax-opacity-start=\"1\" data-parallax-opacity-end=\"1\" style=\" background-image: url(&#039;https:\/\/medi-smile.com\/wp-content\/plugins\/bold-page-builder\/img\/blank.gif&#039;);\"><\/div><\/div><div class=\"bt_bb_port\"><div class=\"bt_bb_cell\"><div class=\"bt_bb_cell_inner\"><div class=\"bt_bb_row  bt_bb_column_gap_25\" style=\"; --column-gap:25px;\" data-bt-override-class=\"{}\"><div class=\"bt_bb_row_holder\" ><div data-bb-version=\"4.7.6\"  class=\"bt_bb_column col-xxl-6 col-xl-6 bt_bb_vertical_align_middle bt_bb_align_left btLazyLoadBackground bt_bb_column_background_image bt_bb_mobile_align_to_both_edges bt_bb_padding_normal bt_bb_animation_fade_in animate\" style=\"padding: 0;background-image:url(&#039;https:\/\/medi-smile.com\/wp-content\/plugins\/bold-page-builder\/img\/blank.gif&#039;);\" data-background_image_src='https:\/\/medi-smile.com\/wp-content\/uploads\/2023\/11\/Radiofrequenz-Therapie-Medi-Smile-Budapest-Ungarn.jpg' data-width=\"6\" data-bt-override-class=\"{&quot;bt_bb_align_&quot;:{&quot;current_class&quot;:&quot;bt_bb_align_left&quot;,&quot;def&quot;:&quot;left&quot;},&quot;bt_bb_padding_&quot;:{&quot;current_class&quot;:&quot;bt_bb_padding_normal&quot;,&quot;def&quot;:&quot;normal&quot;}}\"><div class=\"bt_bb_column_content\"><div class=\"bt_bb_separator bt_bb_border_style_none bt_bb_top_spacing_extra_large bt_bb_bottom_spacing_extra_large\" data-bt-override-class=\"null\"><\/div><div class=\"bt_bb_separator bt_bb_border_style_none bt_bb_top_spacing_extra_large bt_bb_bottom_spacing_extra_large\" data-bt-override-class=\"null\"><\/div><\/div><\/div><div data-bb-version=\"4.7.6\"  class=\"bt_bb_column col-xxl-6 col-xl-6 bt_bb_vertical_align_middle bt_bb_align_left bt_bb_padding_double bt_bb_animation_fade_in animate\" style=\"background-color:rgba(255,191,0,0.69);\" data-width=\"6\" data-bt-override-class=\"{&quot;bt_bb_align_&quot;:{&quot;current_class&quot;:&quot;bt_bb_align_left&quot;,&quot;def&quot;:&quot;left&quot;},&quot;bt_bb_padding_&quot;:{&quot;current_class&quot;:&quot;bt_bb_padding_double&quot;,&quot;def&quot;:&quot;double&quot;}}\"><div class=\"bt_bb_column_content\"><div data-bb-version=\"4.7.6\" class=\"bt_bb_separator bt_bb_border_style_none bt_bb_top_spacing_extra_small bt_bb_bottom_spacing_normal\" data-bt-override-class=\"{&quot;bt_bb_top_spacing_&quot;:{&quot;current_class&quot;:&quot;bt_bb_top_spacing_extra_small&quot;,&quot;def&quot;:&quot;extra_small&quot;},&quot;bt_bb_bottom_spacing_&quot;:{&quot;current_class&quot;:&quot;bt_bb_bottom_spacing_normal&quot;,&quot;def&quot;:&quot;normal&quot;}}\"><\/div><div data-bb-version=\"4.7.6\"  class=\"bt_bb_text content-pre\" ><\/p>\n<p>MEDISMILE Budapest<\/p>\n<p>\n<\/div><header data-bb-version=\"4.7.6\" class=\"bt_bb_headline content-h1 bt_bb_font_weight_bolder bt_bb_subheadline_text_transform_default bt_bb_dash_none bt_bb_size_huge bt_bb_align_inherit bt_bb_dash_type_none content-h1\" data-bt-override-class=\"{&quot;bt_bb_size_&quot;:{&quot;current_class&quot;:&quot;bt_bb_size_huge&quot;,&quot;def&quot;:&quot;huge&quot;},&quot;bt_bb_align_&quot;:{&quot;current_class&quot;:&quot;bt_bb_align_inherit&quot;,&quot;def&quot;:&quot;inherit&quot;}}\"><h1 class=\"bt_bb_headline_tag\"><span class=\"bt_bb_headline_content\"><span>Radi\u00f3frekvenci\u00e1s ter\u00e1pia<\/span><\/span><\/h1><\/header><div class=\"bt_bb_separator bt_bb_border_style_none bt_bb_bottom_spacing_small\" data-bt-override-class=\"null\"><\/div><header data-bb-version=\"4.7.6\" class=\"bt_bb_headline content-h2 bt_bb_font_weight_bolder bt_bb_subheadline_text_transform_default bt_bb_dash_none bt_bb_size_normal bt_bb_align_inherit bt_bb_dash_type_none content-h2\" data-bt-override-class=\"{&quot;bt_bb_size_&quot;:{&quot;current_class&quot;:&quot;bt_bb_size_normal&quot;,&quot;def&quot;:&quot;normal&quot;},&quot;bt_bb_align_&quot;:{&quot;current_class&quot;:&quot;bt_bb_align_inherit&quot;,&quot;def&quot;:&quot;inherit&quot;}}\"><h2 class=\"bt_bb_headline_tag\"><span class=\"bt_bb_headline_content\"><span>Radi\u00f3 frekvenci\u00e1s ter\u00e1pia: gyeng\u00e9d fiatal\u00edt\u00e1s a legmodernebb technol\u00f3gi\u00e1val<\/span><\/span><\/h2><\/header><\/div><\/div><\/div><\/div><\/div><!-- cell_inner --><\/div><!-- cell --><\/div><!-- port --><\/section><section data-bb-version=\"4.7.6\" id=\"bt_bb_section69f1ae2711a58\" class=\"bt_bb_section bt_bb_layout_boxed_1200 bt_bb_vertical_align_top bt_bb_top_spacing_none bt_bb_bottom_spacing_none\" style=\"z-index: 2;;background-color:rgb(252,253,255);background-size:100% auto;\" data-bt-override-class=\"{&quot;bt_bb_top_spacing_&quot;:{&quot;current_class&quot;:&quot;bt_bb_top_spacing_none&quot;,&quot;def&quot;:&quot;none&quot;},&quot;bt_bb_bottom_spacing_&quot;:{&quot;current_class&quot;:&quot;bt_bb_bottom_spacing_none&quot;,&quot;def&quot;:&quot;none&quot;}}\"><div class=\"bt_bb_port\"><div class=\"bt_bb_cell\"><div class=\"bt_bb_cell_inner\"><div class=\"bt_bb_row  bt_bb_column_gap_25\" style=\"margin-top: -3em;; --column-gap:25px;\" data-bt-override-class=\"{}\"><div class=\"bt_bb_row_holder\" ><div  class=\"bt_bb_column col-xxl-8 col-xl-8 bt_bb_vertical_align_top bt_bb_align_left bt_bb_padding_normal bt_bb_animation_fade_in animate\"  data-width=\"8\" data-bt-override-class=\"{}\"><div class=\"bt_bb_column_content\"><div data-bb-version=\"4.7.6\" class=\"bt_bb_separator bt_bb_border_style_none bt_bb_top_spacing_normal bt_bb_bottom_spacing_normal\" data-bt-override-class=\"{&quot;bt_bb_top_spacing_&quot;:{&quot;current_class&quot;:&quot;bt_bb_top_spacing_normal&quot;,&quot;def&quot;:&quot;normal&quot;},&quot;bt_bb_bottom_spacing_&quot;:{&quot;current_class&quot;:&quot;bt_bb_bottom_spacing_normal&quot;,&quot;def&quot;:&quot;normal&quot;}}\"><\/div><header data-bb-version=\"4.7.6\" class=\"bt_bb_headline content-h3 bt_bb_font_weight_bolder bt_bb_subheadline_text_transform_default bt_bb_color_scheme_17 bt_bb_dash_none bt_bb_size_large bt_bb_align_inherit bt_bb_dash_type_none content-h3\" style=\"; --primary-color:#353535; --secondary-color:#d6a82a;\" data-bt-override-class=\"{&quot;bt_bb_size_&quot;:{&quot;current_class&quot;:&quot;bt_bb_size_large&quot;,&quot;def&quot;:&quot;large&quot;},&quot;bt_bb_align_&quot;:{&quot;current_class&quot;:&quot;bt_bb_align_inherit&quot;,&quot;def&quot;:&quot;inherit&quot;}}\"><h3 class=\"bt_bb_headline_tag\"><span class=\"bt_bb_headline_content\"><span><small>R\u00e1di\u00f3frekvenci\u00e1s ter\u00e1pia<\/small>Nem invaz\u00edv kezel\u00e9si m\u00f3dszer<\/span><\/span><\/h3><\/header><div class=\"bt_bb_separator bt_bb_border_style_none bt_bb_bottom_spacing_small\" data-bt-override-class=\"null\"><\/div><div  class=\"bt_bb_text\" ><\/p>\n<p>R\u00e1di\u00f3frekvenci\u00e1s ter\u00e1pia az eszt\u00e9tikai orvoslat egy fejlett, nem invaz\u00edv kezel\u00e9si m\u00f3dszere, amely egy biztons\u00e1gos \u00e9s hat\u00e9kony megold\u00e1st k\u00edn\u00e1l a b\u0151r megfiatal\u00edt\u00e1s\u00e1hoz \u00e9s fesz\u00edt\u00e9s\u00e9hez. Ez a ter\u00e1pia nagyfrekvenci\u00e1s r\u00e1di\u00f3hull\u00e1mokat haszn\u00e1l a b\u0151r m\u00e9ly r\u00e9tegeinek felmeleg\u00edt\u00e9s\u00e9re \u00e9s a kollag\u00e9ntermel\u00e9s serkent\u00e9s\u00e9re. Az eredm\u00e9ny egy feszesebb, sim\u00e1bb \u00e9s fiatalosabb kin\u00e9z\u00e9s\u0171 b\u0151r.<\/p>\n<p>Ez a technol\u00f3gia ide\u00e1lis azoknak a p\u00e1cienseknek, akik f\u00e1jdalommentes \u00e9s minim\u00e1lisan invaz\u00edv megold\u00e1st keresnek a b\u0151r\u00fck megjelen\u00e9s\u00e9nek jav\u00edt\u00e1s\u00e1ra. K\u00fcl\u00f6n\u00f6sen hat\u00e9kony a finom vonalak \u00e9s r\u00e1ncok kezel\u00e9s\u00e9re, a megereszkedett b\u0151rre, valamint jav\u00edtja a b\u0151r \u00e1ltal\u00e1nos szerkezet\u00e9t \u00e9s rugalmass\u00e1g\u00e1t.<\/p>\n<p>\n<\/div><div class=\"bt_bb_separator bt_bb_border_style_none bt_bb_top_spacing_extra_small bt_bb_bottom_spacing_small\" data-bt-override-class=\"null\"><\/div><header data-bb-version=\"4.7.6\" class=\"bt_bb_headline content-h3 bt_bb_font_weight_bolder bt_bb_subheadline_text_transform_default bt_bb_color_scheme_17 bt_bb_dash_none bt_bb_size_normal bt_bb_align_inherit bt_bb_dash_type_none content-h3\" style=\"; --primary-color:#353535; --secondary-color:#d6a82a;\" data-bt-override-class=\"{&quot;bt_bb_size_&quot;:{&quot;current_class&quot;:&quot;bt_bb_size_normal&quot;,&quot;def&quot;:&quot;normal&quot;},&quot;bt_bb_align_&quot;:{&quot;current_class&quot;:&quot;bt_bb_align_inherit&quot;,&quot;def&quot;:&quot;inherit&quot;}}\"><h4 class=\"bt_bb_headline_tag\"><span class=\"bt_bb_headline_content\"><span>Radiofrekvenci\u00e1s ter\u00e1pia \u2013 term\u00e9szetes sz\u00e9ps\u00e9g a szervezet saj\u00e1t regener\u00e1ci\u00f3s folyamat\u00e1nak k\u00f6sz\u00f6nhet\u0151en<\/span><\/span><\/h4><\/header><div class=\"bt_bb_separator bt_bb_border_style_none bt_bb_bottom_spacing_small\" data-bt-override-class=\"null\"><\/div><div  class=\"bt_bb_text\" ><\/p>\n<p>Egy tipikus r\u00e1di\u00f3frekvenci\u00e1s ter\u00e1pi\u00e1s \u00fcl\u00e9s k\u00f6r\u00fclbel\u00fcl 30-60 percig tart. A r\u00e1di\u00f3frekvenci\u00e1s ter\u00e1pia sor\u00e1n egy speci\u00e1lis\u00a0 eszk\u00f6zt vezetnek \u00e1t a c\u00e9lter\u00fcleteken, \u00e9s szab\u00e1lyozott h\u0151t adnak le. Ez a melegs\u00e9g m\u00e9lyen behatol a b\u0151rbe \u00e9s serkenti a term\u00e9szetes gy\u00f3gyul\u00e1si \u00e9s regener\u00e1ci\u00f3s folyamatokat. A p\u00e1ciensek egy meleg, kellemes \u00e9rz\u00e9st \u00e9lnek \u00e1t, amit gyakran egy laz\u00edt\u00f3 massz\u00edroz\u00e1shoz hasonl\u00edtanak.<\/p>\n<p>A r\u00e1di\u00f3frekvenci\u00e1s ter\u00e1pi\u00e1nak egyik legnagyobb el\u0151nye, hogy nem ig\u00e9nyel kies\u00e9si id\u0151t. A p\u00e1ciensek a kezel\u00e9s ut\u00e1n azonnal folytathatj\u00e1k a szok\u00e1sos tev\u00e9kenys\u00e9g\u00fcket. Az eredm\u00e9nyek id\u0151vel fejl\u0151dnek, ahogy a b\u0151r elkezd t\u00f6bb kollag\u00e9nt termelni. A legt\u00f6bb p\u00e1ciens m\u00e1r n\u00e9h\u00e1ny kezel\u00e9s ut\u00e1n l\u00e1that\u00f3 javul\u00e1s\u00e1t tapasztal a b\u0151r\u00e9n. Az optim\u00e1lis eredm\u00e9ny \u00e9rdek\u00e9ben rendszeres id\u0151k\u00f6z\u00f6nk\u00e9nt 3-6 kezel\u00e9sb\u0151l \u00e1ll\u00f3 sorozatot aj\u00e1nlunk.<\/p>\n<p>A Medismile-n\u00e1l a legmodernebb r\u00e1di\u00f3frekvenci\u00e1s berendez\u00e9seket haszn\u00e1ljuk, \u00e9s kellemes, pihentet\u0151 kezel\u00e9si k\u00f6rnyezetet biztos\u00edtunk. Tapasztalt szakemberekb\u0151l \u00e1ll\u00f3 csapatunk minden p\u00e1ciensnek egy\u00e9nileg ad tan\u00e1csot annak \u00e9rdek\u00e9ben, hogy a kezel\u00e9s optim\u00e1lisan igazodjon az \u0151 speci\u00e1lis ig\u00e9nyeihez \u00e9s sz\u00e9ps\u00e9gc\u00e9ljaihoz.<\/p>\n<p>A r\u00e1di\u00f3frekvenci\u00e1s ter\u00e1pia kiv\u00e1l\u00f3 v\u00e1laszt\u00e1s mindazok sz\u00e1m\u00e1ra, akik egy gyeng\u00e9d, de hat\u00e1sos m\u00f3dszert keresnek, a b\u0151r\u00fck fiatalos \u00e9s ragyog\u00f3 meg\u0151rz\u00e9s\u00e9re. Ez egy biztons\u00e1gos \u00e9s hat\u00e9kony lehet\u0151s\u00e9g a term\u00e9szetes sz\u00e9ps\u00e9get kihangs\u00falyozni \u00e9s az\u00e1ltal\u00a0 p\u00e1cienseink \u00f6nbizalm\u00e1t er\u0151s\u00edteni.<\/p>\n<p>\n<\/div><div data-bb-version=\"4.7.6\" class=\"bt_bb_separator bt_bb_border_style_none bt_bb_top_spacing_normal bt_bb_bottom_spacing_large\" data-bt-override-class=\"{&quot;bt_bb_top_spacing_&quot;:{&quot;current_class&quot;:&quot;bt_bb_top_spacing_normal&quot;,&quot;def&quot;:&quot;normal&quot;},&quot;bt_bb_bottom_spacing_&quot;:{&quot;current_class&quot;:&quot;bt_bb_bottom_spacing_large&quot;,&quot;def&quot;:&quot;large&quot;}}\"><\/div><\/div><\/div><div data-bb-version=\"4.7.6\"  class=\"bt_bb_column col-xxl-4 col-xl-4 bt_bb_vertical_align_top bt_bb_align_left bt_bb_padding_normal bt_bb_animation_fade_in animate\"  data-width=\"4\" data-bt-override-class=\"{&quot;bt_bb_align_&quot;:{&quot;current_class&quot;:&quot;bt_bb_align_left&quot;,&quot;def&quot;:&quot;left&quot;},&quot;bt_bb_padding_&quot;:{&quot;current_class&quot;:&quot;bt_bb_padding_normal&quot;,&quot;def&quot;:&quot;normal&quot;}}\"><div class=\"bt_bb_column_content\"><div class=\" bt_bb_row_inner\"   data-bt-override-class=\"{}\"><div class=\"bt_bb_row_inner_holder\"  ><div data-bb-version=\"4.7.6\"  class=\"bt_bb_column_inner col-xxl-12 col-xl-12 btDarkSkin bt_bb_align_left bt_bb_vertical_align_top bt_bb_padding_text_indent\" style=\"background-color:rgb(242,242,242);\" data-width=\"12\" data-bt-override-class=\"{&quot;bt_bb_align_&quot;:{&quot;current_class&quot;:&quot;bt_bb_align_left&quot;,&quot;def&quot;:&quot;left&quot;},&quot;bt_bb_padding_&quot;:{&quot;current_class&quot;:&quot;bt_bb_padding_text_indent&quot;,&quot;def&quot;:&quot;text_indent&quot;}}\"><div class=\"bt_bb_column_inner_content\"><div class=\"bt_bb_separator bt_bb_border_style_none bt_bb_bottom_spacing_normal\" data-bt-override-class=\"null\"><\/div><header data-bb-version=\"4.7.6\" class=\"bt_bb_headline bt_bb_subheadline_text_transform_default bt_bb_dash_bottom bt_bb_size_normal bt_bb_align_inherit bt_bb_dash_type_none\" data-bt-override-class=\"{&quot;bt_bb_size_&quot;:{&quot;current_class&quot;:&quot;bt_bb_size_normal&quot;,&quot;def&quot;:&quot;normal&quot;},&quot;bt_bb_align_&quot;:{&quot;current_class&quot;:&quot;bt_bb_align_inherit&quot;,&quot;def&quot;:&quot;inherit&quot;}}\"><h4 class=\"bt_bb_headline_tag\"><span class=\"bt_bb_headline_content\"><span>Arceszt\u00e9tika<\/span><\/span><\/h4><\/header><div class=\"bt_bb_separator bt_bb_border_style_none bt_bb_bottom_spacing_small\" data-bt-override-class=\"null\"><\/div><div data-bb-version=\"4.7.6\" class=\"bt_bb_custom_menu btMenuAsInSidebar sidenav bt_bb_direction_vertical\"><div class=\"menu-gesichtsaesthetik-ungarisch-container\"><ul id=\"menu-gesichtsaesthetik-ungarisch\" class=\"menu\"><li id=\"menu-item-4588\" class=\"menu-item menu-item-type-post_type menu-item-object-page menu-item-has-children menu-item-4588\"><a href=\"https:\/\/medi-smile.com\/hu\/arcesztetika\">Arceszt\u00e9tika<\/a>\n<ul class=\"sub-menu\">\n\t<li id=\"menu-item-4589\" class=\"menu-item menu-item-type-post_type menu-item-object-page menu-item-4589\"><a href=\"https:\/\/medi-smile.com\/hu\/arcesztetika\/elethosszig-tarto-esztetika\">\u00c9lethosszig tart\u00f3 eszt\u00e9tika<\/a><\/li>\n\t<li id=\"menu-item-4590\" class=\"menu-item menu-item-type-post_type menu-item-object-page menu-item-4590\"><a href=\"https:\/\/medi-smile.com\/hu\/arcesztetika\/borerosito\">B\u0151rer\u0151s\u00edt\u0151<\/a><\/li>\n\t<li id=\"menu-item-4591\" class=\"menu-item menu-item-type-post_type menu-item-object-page menu-item-4591\"><a href=\"https:\/\/medi-smile.com\/hu\/arcesztetika\/mezoterapia-rancterapia\">Mezoter\u00e1pia \/ R\u00e1ncter\u00e1pia<\/a><\/li>\n\t<li id=\"menu-item-4592\" class=\"menu-item menu-item-type-post_type menu-item-object-page menu-item-4592\"><a href=\"https:\/\/medi-smile.com\/hu\/arcesztetika\/anti-aging-kezeles\">Anti-aging kezel\u00e9s<\/a><\/li>\n\t<li id=\"menu-item-4593\" class=\"menu-item menu-item-type-post_type menu-item-object-page menu-item-4593\"><a href=\"https:\/\/medi-smile.com\/hu\/arcesztetika\/hialuron-toeltoanyag\">Hialuron \/ t\u00f6lt\u0151anyag<\/a><\/li>\n\t<li id=\"menu-item-4594\" class=\"menu-item menu-item-type-post_type menu-item-object-page menu-item-4594\"><a href=\"https:\/\/medi-smile.com\/hu\/arcesztetika\/szalbefuzeses-emeles-folyekony-emeles\">Sz\u00e1lbef\u0171z\u00e9ses emel\u00e9s \/ foly\u00e9kony emel\u00e9s<\/a><\/li>\n\t<li id=\"menu-item-4595\" class=\"menu-item menu-item-type-post_type menu-item-object-page menu-item-4595\"><a href=\"https:\/\/medi-smile.com\/hu\/arcesztetika\/sebeszeti-emelesek\">Seb\u00e9szeti emel\u00e9sek<\/a><\/li>\n\t<li id=\"menu-item-4596\" class=\"menu-item menu-item-type-post_type menu-item-object-page menu-item-4596\"><a href=\"https:\/\/medi-smile.com\/hu\/arcesztetika\/vampiremeles-prp-plazmaemeles\">V\u00e1mp\u00edremel\u00e9s (PRP-plazmaemel\u00e9s)<\/a><\/li>\n\t<li id=\"menu-item-4597\" class=\"menu-item menu-item-type-post_type menu-item-object-page menu-item-4597\"><a href=\"https:\/\/medi-smile.com\/hu\/arcesztetika\/radiofrekvencias-terapia\">Radi\u00f3frekvenci\u00e1s ter\u00e1pia<\/a><\/li>\n<\/ul>\n<\/li>\n<\/ul><\/div><\/div><div class=\"bt_bb_separator bt_bb_border_style_none bt_bb_bottom_spacing_normal\" data-bt-override-class=\"null\"><\/div><div class=\"bt_bb_column_inner_highlight\"><\/div><\/div><\/div><\/div><\/div><div class=\"bt_bb_separator bt_bb_border_style_none bt_bb_bottom_spacing_normal\" data-bt-override-class=\"null\"><\/div><div data-bb-version=\"4.7.6\" class=\" bt_bb_row_inner sidecontact\"   data-bt-override-class=\"{}\"><div class=\"bt_bb_row_inner_holder\"  ><div  class=\"bt_bb_column_inner col-xxl-12 col-xl-12 bt_bb_align_left bt_bb_vertical_align_top bt_bb_padding_text_indent\" style=\"box-shadow: 0 0 0 8px #f2f2f2 inset;\" data-width=\"12\" data-bt-override-class=\"{}\"><div class=\"bt_bb_column_inner_content\"><div class=\"bt_bb_separator bt_bb_border_style_none bt_bb_bottom_spacing_normal\" data-bt-override-class=\"null\"><\/div><header data-bb-version=\"4.7.6\" class=\"bt_bb_headline bt_bb_subheadline_text_transform_default bt_bb_color_scheme_3 bt_bb_dash_none bt_bb_size_normal bt_bb_align_inherit bt_bb_dash_type_none\" style=\"; --primary-color:#d6a82a; --secondary-color:#191919;\" data-bt-override-class=\"{&quot;bt_bb_size_&quot;:{&quot;current_class&quot;:&quot;bt_bb_size_normal&quot;,&quot;def&quot;:&quot;normal&quot;},&quot;bt_bb_align_&quot;:{&quot;current_class&quot;:&quot;bt_bb_align_inherit&quot;,&quot;def&quot;:&quot;inherit&quot;}}\"><h4 class=\"bt_bb_headline_tag\"><span class=\"bt_bb_headline_content\"><span>L\u00e9pjen kapcsolatba vel\u00fcnk<\/span><\/span><\/h4><\/header><div class=\"bt_bb_separator bt_bb_border_style_solid bt_bb_top_spacing_small bt_bb_bottom_spacing_small\" data-bt-override-class=\"null\"><\/div><div data-bb-version=\"4.7.6\" class=\"bt_bb_service bt_bb_color_scheme_7 bt_bb_style_borderless bt_bb_size_xlarge bt_bb_shape_circle bt_bb_target_self bt_bb_align_inherit\" style=\"; --primary-color:#353535; --secondary-color:#191919;\" data-bt-override-class=\"{&quot;bt_bb_size_&quot;:{&quot;current_class&quot;:&quot;bt_bb_size_xlarge&quot;,&quot;def&quot;:&quot;xlarge&quot;},&quot;bt_bb_align_&quot;:{&quot;current_class&quot;:&quot;bt_bb_align_inherit&quot;,&quot;def&quot;:&quot;inherit&quot;}}\"><a href=\"tel:0036301016510\"  target=\"_self\"  title=\"0036 (0) 30 101 6510\"  data-ico-dentistry=\"&#xe92c;\" class=\"bt_bb_icon_holder\"><\/a><div class=\"bt_bb_service_content\"><div class=\"bt_bb_service_content_title\"><a href=\"tel:0036301016510\" target=\"_self\" title=\"0036 (0) 30 101 6510\">0036 (0) 30 101 6510<\/a><\/div><div class=\"bt_bb_service_content_text\">MEDISMILE-Hotline<\/div><\/div><\/div><div class=\"bt_bb_separator bt_bb_border_style_solid bt_bb_top_spacing_small bt_bb_bottom_spacing_small\" data-bt-override-class=\"null\"><\/div><div data-bb-version=\"4.7.6\" class=\"bt_bb_service bt_bb_color_scheme_7 bt_bb_style_borderless bt_bb_size_xlarge bt_bb_shape_circle bt_bb_target_self bt_bb_align_inherit\" style=\"; --primary-color:#353535; --secondary-color:#191919;\" data-bt-override-class=\"{&quot;bt_bb_size_&quot;:{&quot;current_class&quot;:&quot;bt_bb_size_xlarge&quot;,&quot;def&quot;:&quot;xlarge&quot;},&quot;bt_bb_align_&quot;:{&quot;current_class&quot;:&quot;bt_bb_align_inherit&quot;,&quot;def&quot;:&quot;inherit&quot;}}\"><a href=\"mailto:info@medi-smile.com\"  target=\"_self\"  title=\"info@medi-smile.com\"  data-ico-icon7stroke=\"&#xe63b;\" class=\"bt_bb_icon_holder\"><\/a><div class=\"bt_bb_service_content\"><div class=\"bt_bb_service_content_title\"><a href=\"mailto:info@medi-smile.com\" target=\"_self\" title=\"info@medi-smile.com\">info@medi-smile.com<\/a><\/div><div class=\"bt_bb_service_content_text\">E-Mail<\/div><\/div><\/div><div class=\"bt_bb_separator bt_bb_border_style_none bt_bb_bottom_spacing_normal\" data-bt-override-class=\"null\"><\/div><div class=\"bt_bb_column_inner_highlight\"><\/div><\/div><\/div><\/div><\/div><\/div><\/div><\/div><\/div><\/div><!-- cell_inner --><\/div><!-- cell --><\/div><!-- port --><\/section><\/p>\n","protected":false},"excerpt":{"rendered":"","protected":false},"author":1,"featured_media":0,"parent":4523,"menu_order":9,"comment_status":"closed","ping_status":"closed","template":"","meta":{"footnotes":""},"class_list":["post-4458","page","type-page","status-publish","hentry"],"_links":{"self":[{"href":"https:\/\/medi-smile.com\/hu\/wp-json\/wp\/v2\/pages\/4458","targetHints":{"allow":["GET"]}}],"collection":[{"href":"https:\/\/medi-smile.com\/hu\/wp-json\/wp\/v2\/pages"}],"about":[{"href":"https:\/\/medi-smile.com\/hu\/wp-json\/wp\/v2\/types\/page"}],"author":[{"embeddable":true,"href":"https:\/\/medi-smile.com\/hu\/wp-json\/wp\/v2\/users\/1"}],"replies":[{"embeddable":true,"href":"https:\/\/medi-smile.com\/hu\/wp-json\/wp\/v2\/comments?post=4458"}],"version-history":[{"count":3,"href":"https:\/\/medi-smile.com\/hu\/wp-json\/wp\/v2\/pages\/4458\/revisions"}],"predecessor-version":[{"id":4950,"href":"https:\/\/medi-smile.com\/hu\/wp-json\/wp\/v2\/pages\/4458\/revisions\/4950"}],"up":[{"embeddable":true,"href":"https:\/\/medi-smile.com\/hu\/wp-json\/wp\/v2\/pages\/4523"}],"wp:attachment":[{"href":"https:\/\/medi-smile.com\/hu\/wp-json\/wp\/v2\/media?parent=4458"}],"curies":[{"name":"wp","href":"https:\/\/api.w.org\/{rel}","templated":true}]}}