{"id":4471,"date":"2023-11-21T15:17:54","date_gmt":"2023-11-21T14:17:54","guid":{"rendered":"https:\/\/medi-smile.com\/koeltsegkoncepcionk"},"modified":"2024-08-11T11:51:36","modified_gmt":"2024-08-11T09:51:36","slug":"koeltsegkoncepcionk","status":"publish","type":"page","link":"https:\/\/medi-smile.com\/hu\/araink\/koeltsegkoncepcionk","title":{"rendered":"K\u00f6lts\u00e9gkoncepci\u00f3nk"},"content":{"rendered":"<p><section data-bb-version=\"4.7.6\" id=\"bt_bb_section69daef312508b\" class=\"bt_bb_section bt_bb_layout_boxed_1200 bt_bb_vertical_align_top bt_bb_top_spacing_normal bt_bb_bottom_spacing_medium\" style=\"background-size:100% auto;\" data-bt-override-class=\"{&quot;bt_bb_top_spacing_&quot;:{&quot;current_class&quot;:&quot;bt_bb_top_spacing_normal&quot;,&quot;def&quot;:&quot;normal&quot;},&quot;bt_bb_bottom_spacing_&quot;:{&quot;current_class&quot;:&quot;bt_bb_bottom_spacing_medium&quot;,&quot;def&quot;:&quot;medium&quot;}}\"><div class=\"bt_bb_port\"><div class=\"bt_bb_cell\"><div class=\"bt_bb_cell_inner\"><div class=\"bt_bb_row \"  data-bt-override-class=\"{}\"><div class=\"bt_bb_row_holder\" ><div  class=\"bt_bb_column col-xxl-12 col-xl-12 col-xs-12 col-sm-12 col-md-12 col-lg-12 bt_bb_vertical_align_top bt_bb_align_left bt_bb_padding_normal bt_bb_animation_fade_in animate\"  data-width=\"12\" data-bt-override-class=\"{}\"><div class=\"bt_bb_column_content\"><div class=\"bt_bb_separator bt_bb_border_style_none bt_bb_top_spacing_small\" data-bt-override-class=\"null\"><\/div><header data-bb-version=\"4.7.6\" class=\"bt_bb_headline bt_bb_font_weight_bolder bt_bb_subheadline_text_transform_default bt_bb_color_scheme_17 bt_bb_dash_none bt_bb_size_large bt_bb_align_inherit bt_bb_dash_type_none\" style=\"font-size: 1.5rem;; --primary-color:#353535; --secondary-color:#d6a82a;\" data-bt-override-class=\"{&quot;bt_bb_size_&quot;:{&quot;current_class&quot;:&quot;bt_bb_size_large&quot;,&quot;def&quot;:&quot;large&quot;},&quot;bt_bb_align_&quot;:{&quot;current_class&quot;:&quot;bt_bb_align_inherit&quot;,&quot;def&quot;:&quot;inherit&quot;}}\"><h1 class=\"bt_bb_headline_tag\"><span class=\"bt_bb_headline_content\"><span><small>MEDISMILE Budapest<\/small>K\u00f6lts\u00e9gkoncepci\u00f3nk<\/span><\/span><\/h1><\/header><div class=\"bt_bb_separator bt_bb_border_style_none bt_bb_top_spacing_extra_small bt_bb_bottom_spacing_small\" data-bt-override-class=\"null\"><\/div><header data-bb-version=\"4.7.6\" class=\"bt_bb_headline bt_bb_font_weight_bolder bt_bb_subheadline_text_transform_default bt_bb_color_scheme_4 bt_bb_dash_none bt_bb_size_medium bt_bb_align_inherit bt_bb_dash_type_none\" style=\"font-size: 80% !important;; --primary-color:#d6a82a; --secondary-color:#ffffff;\" data-bt-override-class=\"{&quot;bt_bb_size_&quot;:{&quot;current_class&quot;:&quot;bt_bb_size_medium&quot;,&quot;def&quot;:&quot;medium&quot;},&quot;bt_bb_align_&quot;:{&quot;current_class&quot;:&quot;bt_bb_align_inherit&quot;,&quot;def&quot;:&quot;inherit&quot;}}\"><h2 class=\"bt_bb_headline_tag\"><span class=\"bt_bb_headline_content\"><span>MEDISMILE: Kiv\u00e1l\u00f3 min\u0151s\u00e9g\u0171 fog\u00e1szat \u00e9s eszt\u00e9tika megfizethet\u0151 \u00e1ron<\/span><\/span><\/h2><\/header><div class=\"bt_bb_separator bt_bb_border_style_none bt_bb_top_spacing_extra_small bt_bb_bottom_spacing_small\" data-bt-override-class=\"null\"><\/div><div  class=\"bt_bb_text\" ><\/p>\n<p>A Medismile Budapestn\u00e9l hisz\u00fcnk abban, hogy a min\u0151s\u00e9gi fog\u00e1szati ell\u00e1t\u00e1s \u00e9s az eszt\u00e9tikai orvosl\u00e1s lehet \u00e9s kell, hogy megfizethet\u0151 legyen. Forradalmi k\u00f6lts\u00e9gkoncepci\u00f3nk lehet\u0151v\u00e9 teszi, hogy els\u0151 oszt\u00e1ly\u00fa kezel\u00e9seket k\u00edn\u00e1ljunk p\u00e1ratlan \u00e1ron.<\/p>\n<p>\n<\/div><div class=\"bt_bb_separator bt_bb_border_style_none bt_bb_top_spacing_extra_small bt_bb_bottom_spacing_small\" data-bt-override-class=\"null\"><\/div><header data-bb-version=\"4.7.6\" class=\"bt_bb_headline bt_bb_font_weight_bolder bt_bb_subheadline_text_transform_default bt_bb_color_scheme_17 bt_bb_dash_bottom bt_bb_size_normal bt_bb_align_inherit bt_bb_dash_type_circle\" style=\"; --primary-color:#353535; --secondary-color:#d6a82a;\" data-bt-override-class=\"{&quot;bt_bb_size_&quot;:{&quot;current_class&quot;:&quot;bt_bb_size_normal&quot;,&quot;def&quot;:&quot;normal&quot;},&quot;bt_bb_align_&quot;:{&quot;current_class&quot;:&quot;bt_bb_align_inherit&quot;,&quot;def&quot;:&quot;inherit&quot;}}\"><h3 class=\"bt_bb_headline_tag\"><span class=\"bt_bb_headline_content\"><span>Sz\u00e1mos szolg\u00e1ltat\u00e1s m\u00e1r benne van a csomag \u00e1rainkban<\/span><\/span><\/h3><\/header><div class=\"bt_bb_separator bt_bb_border_style_none bt_bb_top_spacing_extra_small bt_bb_bottom_spacing_small\" data-bt-override-class=\"null\"><\/div><div  class=\"bt_bb_text\" ><\/p>\n<p>Els\u0151sorban olyan kezel\u00e9si csomagokat k\u00edn\u00e1lunk, amelyeket k\u00fcl\u00f6n\u00f6sen kedvez\u0151en tudunk kalkul\u00e1lni. Ezek m\u00e1r \u00e1tfog\u00f3 szolg\u00e1ltat\u00e1sokat tartalmaznak. Ezek k\u00f6z\u00e9 tartozik egy r\u00e9szletes konzult\u00e1ci\u00f3 \u00e9s anamn\u00e9zisfelv\u00e9tel, hogy megismerj\u00fck \u00e9s a legapr\u00f3bb r\u00e9szletekig meg\u00e9rts\u00fck az \u00d6n konkr\u00e9t ig\u00e9nyeit \u00e9s elv\u00e1r\u00e1sait. Diagnosztik\u00e1nk a legmodernebb 3D-s r\u00f6ntgenfelv\u00e9teleket, modell- \u00e9s funkcion\u00e1lis elemz\u00e9seket is mag\u00e1ban foglalja \u2013 az \u00d6n sz\u00e1m\u00e1ra k\u00fcl\u00f6n k\u00f6lts\u00e9g n\u00e9lk\u00fcl.<\/p>\n<p>\n<\/div><div class=\"bt_bb_separator bt_bb_border_style_none bt_bb_top_spacing_extra_small bt_bb_bottom_spacing_small\" data-bt-override-class=\"null\"><\/div><header data-bb-version=\"4.7.6\" class=\"bt_bb_headline bt_bb_font_weight_bolder bt_bb_subheadline_text_transform_default bt_bb_color_scheme_17 bt_bb_dash_bottom bt_bb_size_normal bt_bb_align_inherit bt_bb_dash_type_circle\" style=\"; --primary-color:#353535; --secondary-color:#d6a82a;\" data-bt-override-class=\"{&quot;bt_bb_size_&quot;:{&quot;current_class&quot;:&quot;bt_bb_size_normal&quot;,&quot;def&quot;:&quot;normal&quot;},&quot;bt_bb_align_&quot;:{&quot;current_class&quot;:&quot;bt_bb_align_inherit&quot;,&quot;def&quot;:&quot;inherit&quot;}}\"><h4 class=\"bt_bb_headline_tag\"><span class=\"bt_bb_headline_content\"><span>Hat\u00e9konys\u00e1g \u00e9s technol\u00f3gia: \u00e1rel\u0151ny\u00fcnk alappill\u00e9rei<\/span><\/span><\/h4><\/header><div class=\"bt_bb_separator bt_bb_border_style_none bt_bb_top_spacing_extra_small bt_bb_bottom_spacing_small\" data-bt-override-class=\"null\"><\/div><div  class=\"bt_bb_text\" ><\/p>\n<p>Egyed\u00fcl\u00e1ll\u00f3 munkafolyamat-koncepci\u00f3nk a k\u00f6lts\u00e9gszerkezet\u00fcnk kulcsa. A kezel\u00e9si folyamat minden l\u00e9p\u00e9s\u00e9t optimaliz\u00e1ltuk \u2013 az els\u0151 konzult\u00e1ci\u00f3t\u00f3l a kezel\u00e9s befejez\u00e9s\u00e9ig. Csapataink magasan k\u00e9pzett fogorvosokb\u00f3l \u00e9s labor\u00e1nsokb\u00f3l \u00e1llnak, akik k\u00f6z\u00fcl n\u00e9h\u00e1nyan fogorvosi diplom\u00e1t is szereztek. Ez a szak\u00e9rtelem lehet\u0151v\u00e9 teszi sz\u00e1munkra a hat\u00e9kony munkav\u00e9gz\u00e9st an\u00e9lk\u00fcl, hogy a min\u0151s\u00e9g rov\u00e1s\u00e1ra menn\u00e9nk.<\/p>\n<p>H\u00e1zon bel\u00fcli laborat\u00f3riumunkban a leg\u00fajabb technol\u00f3gi\u00e1t \u00e9s digit\u00e1lis megold\u00e1sokat haszn\u00e1ljuk, hogy minimaliz\u00e1ljuk az anyagkop\u00e1st, mik\u00f6zben maximaliz\u00e1ljuk munk\u00e1nk pontoss\u00e1g\u00e1t. Digit\u00e1lis elj\u00e1r\u00e1saink gyorsabb \u00e9s pontosabb kezel\u00e9st tesznek lehet\u0151v\u00e9, ami viszont k\u00f6lts\u00e9gel\u0151ny\u00f6ket jelent p\u00e1cienseink sz\u00e1m\u00e1ra.<\/p>\n<p>\n<\/div><div class=\"bt_bb_separator bt_bb_border_style_none bt_bb_top_spacing_extra_small bt_bb_bottom_spacing_small\" data-bt-override-class=\"null\"><\/div><header data-bb-version=\"4.7.6\" class=\"bt_bb_headline bt_bb_font_weight_bolder bt_bb_subheadline_text_transform_default bt_bb_color_scheme_17 bt_bb_dash_bottom bt_bb_size_normal bt_bb_align_inherit bt_bb_dash_type_circle\" style=\"; --primary-color:#353535; --secondary-color:#d6a82a;\" data-bt-override-class=\"{&quot;bt_bb_size_&quot;:{&quot;current_class&quot;:&quot;bt_bb_size_normal&quot;,&quot;def&quot;:&quot;normal&quot;},&quot;bt_bb_align_&quot;:{&quot;current_class&quot;:&quot;bt_bb_align_inherit&quot;,&quot;def&quot;:&quot;inherit&quot;}}\"><h4 class=\"bt_bb_headline_tag\"><span class=\"bt_bb_headline_content\"><span>Hitvall\u00e1sunk: Hozz\u00e1f\u00e9rhet\u0151 orvosl\u00e1s a profitmaximaliz\u00e1l\u00e1s helyett<\/span><\/span><\/h4><\/header><div class=\"bt_bb_separator bt_bb_border_style_none bt_bb_top_spacing_extra_small bt_bb_bottom_spacing_small\" data-bt-override-class=\"null\"><\/div><div  class=\"bt_bb_text\" ><\/p>\n<p>A Medismile Budapestn\u00e9l nem a profit maximaliz\u00e1l\u00e1sa az els\u0151dleges c\u00e9lunk, hanem az, hogy a j\u00f3 orvosl\u00e1s mindenki sz\u00e1m\u00e1ra el\u00e9rhet\u0151v\u00e9 v\u00e1ljon. Meggy\u0151z\u0151d\u00e9s\u00fcnk, hogy az els\u0151 oszt\u00e1ly\u00fa orvosi ell\u00e1t\u00e1s megfizethet\u0151 is lehet. Ez a hitvall\u00e1s minden tev\u00e9kenys\u00e9g\u00fcnkben r\u00f6gz\u00edtve van, \u00e9s ez hat\u00e1rozza meg az \u00e1raz\u00e1sunkat is. Arra t\u00f6reksz\u00fcnk, hogy ne csak a legjobb fog\u00e1szati \u00e9s eszt\u00e9tikai ell\u00e1t\u00e1st k\u00edn\u00e1ljuk \u00d6nnek, hanem a legjobb szolg\u00e1ltat\u00e1sokat is, amelyek megfizethet\u0151ek.<\/p>\n<p>\n<\/div><div class=\"bt_bb_separator bt_bb_border_style_none bt_bb_top_spacing_extra_small bt_bb_bottom_spacing_small\" data-bt-override-class=\"null\"><\/div><header data-bb-version=\"4.7.6\" class=\"bt_bb_headline bt_bb_font_weight_bolder bt_bb_subheadline_text_transform_default bt_bb_color_scheme_17 bt_bb_dash_bottom bt_bb_size_normal bt_bb_align_inherit bt_bb_dash_type_circle\" style=\"; --primary-color:#353535; --secondary-color:#d6a82a;\" data-bt-override-class=\"{&quot;bt_bb_size_&quot;:{&quot;current_class&quot;:&quot;bt_bb_size_normal&quot;,&quot;def&quot;:&quot;normal&quot;},&quot;bt_bb_align_&quot;:{&quot;current_class&quot;:&quot;bt_bb_align_inherit&quot;,&quot;def&quot;:&quot;inherit&quot;}}\"><h4 class=\"bt_bb_headline_tag\"><span class=\"bt_bb_headline_content\"><span>MEDISMILE Budapest: Ahol a min\u0151s\u00e9g tal\u00e1lkozik a megfizethet\u0151s\u00e9ggel<\/span><\/span><\/h4><\/header><div class=\"bt_bb_separator bt_bb_border_style_none bt_bb_top_spacing_extra_small bt_bb_bottom_spacing_small\" data-bt-override-class=\"null\"><\/div><div  class=\"bt_bb_text\" ><\/p>\n<p>A Medismile Budapesten a min\u0151s\u00e9g, az innov\u00e1ci\u00f3 \u00e9s a hozz\u00e1f\u00e9rhet\u0151s\u00e9g szimbi\u00f3zis\u00e1t tal\u00e1lja. Megh\u00edvjuk \u00d6nt, hogy legyen r\u00e9szese k\u00fcldet\u00e9s\u00fcnknek, hogy mindenki sz\u00e1m\u00e1ra kiv\u00e1l\u00f3 fogorvosi \u00e9s arceszt\u00e9tikai ell\u00e1t\u00e1st ny\u00fajtsunk. Mert szil\u00e1rdan hisz\u00fcnk abban, hogy a j\u00f3 orvosl\u00e1s az az orvosl\u00e1s, amely eljut az emberekhez \u00e9s megfizethet\u0151 is!<\/p>\n<p>Keressen minket szem\u00e9lyesen \u2013 megtal\u00e1ljuk az \u00d6n sz\u00e1m\u00e1ra megfelel\u0151 megold\u00e1st.<\/p>\n<p>\n<\/div><\/div><\/div><\/div><\/div><\/div><!-- cell_inner --><\/div><!-- cell --><\/div><!-- port --><\/section><section data-bb-version=\"4.7.6\" id=\"bt_bb_section69daef31266bc\" class=\"bt_bb_section bt_bb_layout_boxed_1200 bt_bb_vertical_align_top bt_bb_top_spacing_medium bt_bb_bottom_spacing_medium section-links-visible\"  data-bt-override-class=\"{&quot;bt_bb_top_spacing_&quot;:{&quot;current_class&quot;:&quot;bt_bb_top_spacing_medium&quot;,&quot;def&quot;:&quot;medium&quot;},&quot;bt_bb_bottom_spacing_&quot;:{&quot;current_class&quot;:&quot;bt_bb_bottom_spacing_medium&quot;,&quot;def&quot;:&quot;medium&quot;}}\"><div class=\"bt_bb_port\"><div class=\"bt_bb_cell\"><div class=\"bt_bb_cell_inner\"><div class=\"bt_bb_row \"  data-bt-override-class=\"{}\"><div class=\"bt_bb_row_holder\" ><div  class=\"bt_bb_column col-xxl-3 col-xl-3 bt_bb_vertical_align_middle bt_bb_align_center bt_bb_padding_normal bt_bb_animation_fade_in move_up animate\" style=\"border-right: 1px solid rgba(34,34,34,.1);\" data-width=\"3\" data-bt-override-class=\"{}\"><div class=\"bt_bb_column_content\"><div data-bb-version=\"4.9.1\" class=\"bt_bb_service bt_bb_color_scheme_7 bt_bb_style_borderless bt_bb_size_xlarge bt_bb_shape_circle bt_bb_target_self bt_bb_align_inherit\" style=\"; --primary-color:#353535; --secondary-color:#191919;\" data-bt-override-class=\"{&quot;bt_bb_size_&quot;:{&quot;current_class&quot;:&quot;bt_bb_size_xlarge&quot;,&quot;def&quot;:&quot;xlarge&quot;},&quot;bt_bb_align_&quot;:{&quot;current_class&quot;:&quot;bt_bb_align_inherit&quot;,&quot;def&quot;:&quot;inherit&quot;}}\"><a href=\"tel:0036301016510\"  target=\"_self\"  title=\"0036 (0) 30 101 6510\"  data-ico-medical=\"&#xe915;\" class=\"bt_bb_icon_holder\"><\/a><div class=\"bt_bb_service_content\"><div class=\"bt_bb_service_content_title\"><a href=\"tel:0036301016510\" target=\"_self\" title=\"0036 (0) 30 101 6510\">0036 (0) 30 101 6510<\/a><\/div><div class=\"bt_bb_service_content_text\">Telefonos El\u00e9rhet\u0151s\u00e9g<\/div><\/div><\/div><div class=\"bt_bb_separator bt_bb_border_style_none bt_bb_bottom_spacing_small bt_bb_hidden_md bt_bb_hidden_lg\" data-bt-override-class=\"null\"><\/div><\/div><\/div><div  class=\"bt_bb_column col-xxl-3 col-xl-3 bt_bb_vertical_align_middle bt_bb_align_center bt_bb_padding_normal bt_bb_animation_fade_in move_up animate\" style=\"border-right: 1px solid rgba(34,34,34,.1);\" data-width=\"3\" data-bt-override-class=\"{}\"><div class=\"bt_bb_column_content\"><div data-bb-version=\"4.9.1\" class=\"bt_bb_service bt_bb_color_scheme_7 bt_bb_style_borderless bt_bb_size_xlarge bt_bb_shape_circle bt_bb_target_blank bt_bb_align_inherit\" style=\"; --primary-color:#353535; --secondary-color:#191919;\" data-bt-override-class=\"{&quot;bt_bb_size_&quot;:{&quot;current_class&quot;:&quot;bt_bb_size_xlarge&quot;,&quot;def&quot;:&quot;xlarge&quot;},&quot;bt_bb_align_&quot;:{&quot;current_class&quot;:&quot;bt_bb_align_inherit&quot;,&quot;def&quot;:&quot;inherit&quot;}}\"><a href=\"https:\/\/maps.app.goo.gl\/CpjEMbhJDy9JAoMx5\" target=\"_blank\" title=\"C\u00edm:\" data-ico-medical=\"&#xe929;\" class=\"bt_bb_icon_holder\" rel=\"noopener\"><\/a><div class=\"bt_bb_service_content\"><div class=\"bt_bb_service_content_title\"><a href=\"https:\/\/maps.app.goo.gl\/CpjEMbhJDy9JAoMx5\" target=\"_blank\" title=\"C\u00edm:\" rel=\"noopener\">C\u00edm:<\/a><\/div><div class=\"bt_bb_service_content_text\">Szervita t\u00e9r 8,1052 Budapest, Magyarorsz\u00e1g<\/div><\/div><\/div><div class=\"bt_bb_separator bt_bb_border_style_none bt_bb_bottom_spacing_small bt_bb_hidden_md bt_bb_hidden_lg\" data-bt-override-class=\"null\"><\/div><\/div><\/div><div  class=\"bt_bb_column col-xxl-3 col-xl-3 bt_bb_vertical_align_middle bt_bb_align_center bt_bb_padding_normal bt_bb_animation_fade_in move_up animate\" style=\"border-right: 1px solid rgba(34,34,34,.1);\" data-width=\"3\" data-bt-override-class=\"{}\"><div class=\"bt_bb_column_content\"><div data-bb-version=\"4.7.5\" class=\"bt_bb_service bt_bb_color_scheme_7 bt_bb_style_borderless bt_bb_size_xlarge bt_bb_shape_circle bt_bb_target_self bt_bb_align_inherit\" style=\"; --primary-color:#353535; --secondary-color:#191919;\" data-bt-override-class=\"{&quot;bt_bb_size_&quot;:{&quot;current_class&quot;:&quot;bt_bb_size_xlarge&quot;,&quot;def&quot;:&quot;xlarge&quot;},&quot;bt_bb_align_&quot;:{&quot;current_class&quot;:&quot;bt_bb_align_inherit&quot;,&quot;def&quot;:&quot;inherit&quot;}}\"><span  data-ico-dentalcare=\"&#xe92e;\" class=\"bt_bb_icon_holder\"><\/span><div class=\"bt_bb_service_content\"><div class=\"bt_bb_service_content_title\">Nyitva tart\u00e1s<\/div><div class=\"bt_bb_service_content_text\">H\u00e9tf\u0151t\u0151l p\u00e9ntekig: 09:00 - 17:00<\/div><\/div><\/div><div class=\"bt_bb_separator bt_bb_border_style_none bt_bb_bottom_spacing_small bt_bb_hidden_md bt_bb_hidden_lg\" data-bt-override-class=\"null\"><\/div><\/div><\/div><div  class=\"bt_bb_column col-xxl-3 col-xl-3 bt_bb_vertical_align_middle bt_bb_align_center bt_bb_padding_normal bt_bb_animation_fade_in move_up animate\"  data-width=\"3\" data-bt-override-class=\"{}\"><div class=\"bt_bb_column_content\"><div data-bb-version=\"4.7.5\" class=\"bt_bb_service bt_bb_color_scheme_7 bt_bb_style_borderless bt_bb_size_xlarge bt_bb_shape_circle bt_bb_target_self bt_bb_align_inherit\" style=\"; --primary-color:#353535; --secondary-color:#191919;\" data-bt-override-class=\"{&quot;bt_bb_size_&quot;:{&quot;current_class&quot;:&quot;bt_bb_size_xlarge&quot;,&quot;def&quot;:&quot;xlarge&quot;},&quot;bt_bb_align_&quot;:{&quot;current_class&quot;:&quot;bt_bb_align_inherit&quot;,&quot;def&quot;:&quot;inherit&quot;}}\"><a href=\"mailto:info@medi-smile.com\"  target=\"_self\"  title=\"info@medi-smile.com\"  data-ico-medical=\"&#xe91b;\" class=\"bt_bb_icon_holder\"><\/a><div class=\"bt_bb_service_content\"><div class=\"bt_bb_service_content_title\"><a href=\"mailto:info@medi-smile.com\" target=\"_self\" title=\"info@medi-smile.com\">info@medi-smile.com<\/a><\/div><div class=\"bt_bb_service_content_text\">\u00cdrjon nek\u00fcnk<\/div><\/div><\/div><\/div><\/div><\/div><\/div><\/div><!-- cell_inner --><\/div><!-- cell --><\/div><!-- port --><\/section><\/p>\n","protected":false},"excerpt":{"rendered":"","protected":false},"author":1,"featured_media":0,"parent":4650,"menu_order":1,"comment_status":"closed","ping_status":"closed","template":"","meta":{"footnotes":""},"class_list":["post-4471","page","type-page","status-publish","hentry"],"_links":{"self":[{"href":"https:\/\/medi-smile.com\/hu\/wp-json\/wp\/v2\/pages\/4471","targetHints":{"allow":["GET"]}}],"collection":[{"href":"https:\/\/medi-smile.com\/hu\/wp-json\/wp\/v2\/pages"}],"about":[{"href":"https:\/\/medi-smile.com\/hu\/wp-json\/wp\/v2\/types\/page"}],"author":[{"embeddable":true,"href":"https:\/\/medi-smile.com\/hu\/wp-json\/wp\/v2\/users\/1"}],"replies":[{"embeddable":true,"href":"https:\/\/medi-smile.com\/hu\/wp-json\/wp\/v2\/comments?post=4471"}],"version-history":[{"count":6,"href":"https:\/\/medi-smile.com\/hu\/wp-json\/wp\/v2\/pages\/4471\/revisions"}],"predecessor-version":[{"id":4952,"href":"https:\/\/medi-smile.com\/hu\/wp-json\/wp\/v2\/pages\/4471\/revisions\/4952"}],"up":[{"embeddable":true,"href":"https:\/\/medi-smile.com\/hu\/wp-json\/wp\/v2\/pages\/4650"}],"wp:attachment":[{"href":"https:\/\/medi-smile.com\/hu\/wp-json\/wp\/v2\/media?parent=4471"}],"curies":[{"name":"wp","href":"https:\/\/api.w.org\/{rel}","templated":true}]}}