{"id":4613,"date":"2019-12-30T09:58:44","date_gmt":"2019-12-30T08:58:44","guid":{"rendered":"https:\/\/medi-smile.com\/footer"},"modified":"2026-01-18T12:39:12","modified_gmt":"2026-01-18T11:39:12","slug":"footer","status":"publish","type":"page","link":"https:\/\/medi-smile.com\/hu\/footer","title":{"rendered":"Footer"},"content":{"rendered":"<p><section data-bb-version=\"4.7.6\" id=\"bt_bb_section69f4586998826\" class=\"bt_bb_section bt_bb_layout_boxed_1200 bt_bb_vertical_align_top bt_bb_top_spacing_medium bt_bb_bottom_spacing_normal footer-main\" style=\"background-position:0;background-size:contain;\" data-bt-override-class=\"{&quot;bt_bb_top_spacing_&quot;:{&quot;current_class&quot;:&quot;bt_bb_top_spacing_medium&quot;,&quot;def&quot;:&quot;medium&quot;},&quot;bt_bb_bottom_spacing_&quot;:{&quot;current_class&quot;:&quot;bt_bb_bottom_spacing_normal&quot;,&quot;def&quot;:&quot;normal&quot;}}\"><div class=\"bt_bb_background_image_holder_wrapper\"><div class=\"bt_bb_background_image_holder btLazyLoadBackground\"  data-background_image_src=\"https:\/\/medi-smile.com\/wp-content\/uploads\/2023\/11\/Zahn-Gesicht-Aesthetik-Medi-smile-Budapest-Ungarn.png\" data-parallax-zoom-start=\"1\" data-parallax-zoom-end=\"1\" data-parallax-blur-start=\"0\" data-parallax-blur-end=\"0\" data-parallax-opacity-start=\"1\" data-parallax-opacity-end=\"1\" style=\" background-image: url(&#039;https:\/\/medi-smile.com\/wp-content\/plugins\/bold-page-builder\/img\/blank.gif&#039;);\"><\/div><\/div><div class=\"bt_bb_port\"><div class=\"bt_bb_cell\"><div class=\"bt_bb_cell_inner\"><div class=\"bt_bb_row  bt_bb_column_gap_30\" style=\"; --column-gap:30px;\" data-bt-override-class=\"{}\"><div class=\"bt_bb_row_holder\" ><div  class=\"bt_bb_column col-xxl-3 col-xl-3 bt_bb_vertical_align_top bt_bb_align_left bt_bb_padding_normal\"  data-width=\"3\" data-bt-override-class=\"{}\"><div class=\"bt_bb_column_content\"><div data-bb-version=\"4.7.6\"  class=\"bt_bb_text\" ><\/p>\n<p>\n<span class=\"footer-h6\">MEDI<b>SMILE<\/b><\/span><\/p>\n<p>\n<\/div><div data-bb-version=\"4.7.6\" class=\"bt_bb_separator bt_bb_border_style_none bt_bb_top_spacing_none bt_bb_bottom_spacing_normal\" data-bt-override-class=\"{&quot;bt_bb_top_spacing_&quot;:{&quot;current_class&quot;:&quot;bt_bb_top_spacing_none&quot;,&quot;def&quot;:&quot;none&quot;},&quot;bt_bb_bottom_spacing_&quot;:{&quot;current_class&quot;:&quot;bt_bb_bottom_spacing_normal&quot;,&quot;def&quot;:&quot;normal&quot;}}\"><\/div><div  class=\"bt_bb_text\" style=\"line-height: 1.875;\"><\/p>\n<p>\nMEDISMILE Budapest &#8211; az \u00d6n hozz\u00e1\u00e9rt\u0151 szak\u00e9rt\u0151i csapata az \u00faj \u00e9s sz\u00e9p fogak\u00e9rt, \u00e1llkapocs korrekci\u00f3k\u00e9rt \u00e9s arceszt\u00e9tik\u00e1\u00e9rt.<\/p>\n<p>V\u00e1rjuk szeretettel!<\/p>\n<p>\n<\/div><div class=\"bt_bb_separator bt_bb_border_style_none bt_bb_bottom_spacing_small\" data-bt-override-class=\"null\"><\/div><div data-bb-version=\"4.7.6\"  class=\"bt_bb_text\" ><\/p>\n<p>\nSzervita t\u00e9r 8,<br \/>\n1052 Budapest<\/p>\n<p>\n<\/div><div class=\"bt_bb_separator bt_bb_border_style_none bt_bb_bottom_spacing_small\" data-bt-override-class=\"null\"><\/div><div data-bb-version=\"5.0.3\" class=\"bt_bb_icon bt_bb_color_scheme_7 bt_bb_style_borderless bt_bb_size_xsmall bt_bb_shape_circle bt_bb_target_self bt_bb_align_inherit\" style=\"; --primary-color:#353535; --secondary-color:#191919;\" data-bt-override-class=\"{&quot;bt_bb_size_&quot;:{&quot;current_class&quot;:&quot;bt_bb_size_xsmall&quot;,&quot;def&quot;:&quot;xsmall&quot;},&quot;bt_bb_align_&quot;:{&quot;current_class&quot;:&quot;bt_bb_align_inherit&quot;,&quot;def&quot;:&quot;inherit&quot;}}\"><a href=\"tel:0036301016510\"  target=\"_self\"  title=\"0036 (0) 30 101 6510\"  data-ico-fontawesome5solid=\"&#xf879;\" class=\"bt_bb_icon_holder\"><span>0036 (0) 30 101 6510<\/span><\/a><\/div><div class=\"bt_bb_separator bt_bb_border_style_none bt_bb_bottom_spacing_small\" data-bt-override-class=\"null\"><\/div><div data-bb-version=\"5.0.3\" class=\"bt_bb_icon bt_bb_color_scheme_7 bt_bb_style_borderless bt_bb_size_xsmall bt_bb_shape_circle bt_bb_target_self bt_bb_align_inherit\" style=\"; --primary-color:#353535; --secondary-color:#191919;\" data-bt-override-class=\"{&quot;bt_bb_size_&quot;:{&quot;current_class&quot;:&quot;bt_bb_size_xsmall&quot;,&quot;def&quot;:&quot;xsmall&quot;},&quot;bt_bb_align_&quot;:{&quot;current_class&quot;:&quot;bt_bb_align_inherit&quot;,&quot;def&quot;:&quot;inherit&quot;}}\"><a href=\"tel:004915151892653\"  target=\"_self\"  title=\"0049 (0) 151 5189 2653\"  data-ico-fontawesome5solid=\"&#xf3cd;\" class=\"bt_bb_icon_holder\"><span>0049 (0) 151 5189 2653<\/span><\/a><\/div><div class=\"bt_bb_separator bt_bb_border_style_none bt_bb_bottom_spacing_small\" data-bt-override-class=\"null\"><\/div><div data-bb-version=\"4.7.5\" class=\"bt_bb_icon bt_bb_color_scheme_7 bt_bb_style_borderless bt_bb_size_xsmall bt_bb_shape_circle bt_bb_target_self bt_bb_align_inherit\" style=\"; --primary-color:#353535; --secondary-color:#191919;\" data-bt-override-class=\"{&quot;bt_bb_size_&quot;:{&quot;current_class&quot;:&quot;bt_bb_size_xsmall&quot;,&quot;def&quot;:&quot;xsmall&quot;},&quot;bt_bb_align_&quot;:{&quot;current_class&quot;:&quot;bt_bb_align_inherit&quot;,&quot;def&quot;:&quot;inherit&quot;}}\"><a href=\"mailto:info@medi-smile.com\"  target=\"_self\"  title=\"info@medi-smile.com\"  data-ico-fontawesome5solid=\"&#xf0e0;\" class=\"bt_bb_icon_holder\"><span>info@medi-smile.com<\/span><\/a><\/div><div class=\"bt_bb_separator bt_bb_border_style_none bt_bb_bottom_spacing_small\" data-bt-override-class=\"null\"><\/div><div data-bb-version=\"4.7.6\" class=\"bt_bb_icon bt_bb_color_scheme_7 bt_bb_style_borderless bt_bb_size_xsmall bt_bb_shape_circle bt_bb_target_blank bt_bb_align_inherit\" style=\"; --primary-color:#353535; --secondary-color:#191919;\" data-bt-override-class=\"{&quot;bt_bb_size_&quot;:{&quot;current_class&quot;:&quot;bt_bb_size_xsmall&quot;,&quot;def&quot;:&quot;xsmall&quot;},&quot;bt_bb_align_&quot;:{&quot;current_class&quot;:&quot;bt_bb_align_inherit&quot;,&quot;def&quot;:&quot;inherit&quot;}}\"><a href=\"https:\/\/medi-smile.com\/hu\"  target=\"_blank\"  title=\"medi-smile.com\"  data-ico-fontawesome5solid=\"&#xf57d;\" class=\"bt_bb_icon_holder\"><span>medi-smile.com<\/span><\/a><\/div><div class=\"bt_bb_separator bt_bb_border_style_none bt_bb_bottom_spacing_normal\" data-bt-override-class=\"null\"><\/div><\/div><\/div><div  class=\"bt_bb_column col-xxl-3 col-xl-3 bt_bb_vertical_align_top bt_bb_align_left bt_bb_padding_normal\"  data-width=\"3\" data-bt-override-class=\"{}\"><div class=\"bt_bb_column_content\"><div data-bb-version=\"4.7.6\"  class=\"bt_bb_text\" ><\/p>\n<p>\n<span class=\"footer-h6\">R\u00f3lunk<\/span><\/p>\n<p>\n<\/div><div data-bb-version=\"4.7.6\" class=\"bt_bb_separator bt_bb_border_style_none bt_bb_top_spacing_none bt_bb_bottom_spacing_normal\" data-bt-override-class=\"{&quot;bt_bb_top_spacing_&quot;:{&quot;current_class&quot;:&quot;bt_bb_top_spacing_none&quot;,&quot;def&quot;:&quot;none&quot;},&quot;bt_bb_bottom_spacing_&quot;:{&quot;current_class&quot;:&quot;bt_bb_bottom_spacing_normal&quot;,&quot;def&quot;:&quot;normal&quot;}}\"><\/div><div data-bb-version=\"4.7.6\" class=\"bt_bb_custom_menu bt_bb_direction_vertical\"><div class=\"menu-rolunk-container\"><ul id=\"menu-rolunk\" class=\"menu\"><li id=\"menu-item-4717\" class=\"menu-item menu-item-type-post_type menu-item-object-page menu-item-4717\"><a href=\"https:\/\/medi-smile.com\/hu\/a-medismile-rol\">A MEDISMILE-r\u00f3l<\/a><\/li>\n<li id=\"menu-item-4718\" class=\"menu-item menu-item-type-post_type menu-item-object-page menu-item-4718\"><a href=\"https:\/\/medi-smile.com\/hu\/a-medismile-rol\/a-filozofiank\">A Filoz\u00f3fi\u00e1nk<\/a><\/li>\n<li id=\"menu-item-4719\" class=\"menu-item menu-item-type-post_type menu-item-object-page menu-item-4719\"><a href=\"https:\/\/medi-smile.com\/hu\/a-medismile-rol\/dr-dr-hans-krehn\">Dr. Dr. Hans Krehn<\/a><\/li>\n<li id=\"menu-item-4720\" class=\"menu-item menu-item-type-post_type menu-item-object-page menu-item-4720\"><a href=\"https:\/\/medi-smile.com\/hu\/a-medismile-rol\/dr-dr-veronika-krehn\">Dr. Dr. Veronika Krehn<\/a><\/li>\n<li id=\"menu-item-4721\" class=\"menu-item menu-item-type-post_type menu-item-object-page menu-item-4721\"><a href=\"https:\/\/medi-smile.com\/hu\/a-medismile-rol\/a-csapatunk\">A csapatunk<\/a><\/li>\n<li id=\"menu-item-4722\" class=\"menu-item menu-item-type-post_type menu-item-object-page menu-item-4722\"><a href=\"https:\/\/medi-smile.com\/hu\/a-medismile-rol\/high-end-fogaszati-laboratoriumunk\">High-end fog\u00e1szati laborat\u00f3riumunk<\/a><\/li>\n<li id=\"menu-item-4655\" class=\"menu-item menu-item-type-post_type menu-item-object-page menu-item-4655\"><a href=\"https:\/\/medi-smile.com\/hu\/araink\/koeltsegek-es-arak\">K\u00f6lts\u00e9gek \u00e9s \u00e1rak<\/a><\/li>\n<li id=\"menu-item-4723\" class=\"menu-item menu-item-type-post_type menu-item-object-page menu-item-4723\"><a href=\"https:\/\/medi-smile.com\/hu\/a-medismile-rol\/medismile-elhelyezkedes\">MEDISMILE Elhelyezked\u00e9s<\/a><\/li>\n<li id=\"menu-item-4724\" class=\"menu-item menu-item-type-post_type menu-item-object-page menu-item-4724\"><a href=\"https:\/\/medi-smile.com\/hu\/a-medismile-rol\/utazasszervezes\">Utaz\u00e1sszervez\u00e9s<\/a><\/li>\n<li id=\"menu-item-4725\" class=\"menu-item menu-item-type-post_type menu-item-object-page menu-item-4725\"><a href=\"https:\/\/medi-smile.com\/hu\/a-medismile-rol\/medismile-kapcsolat\">MEDISMILE kapcsolat<\/a><\/li>\n<\/ul><\/div><\/div><div class=\"bt_bb_separator bt_bb_border_style_none bt_bb_bottom_spacing_normal\" data-bt-override-class=\"null\"><\/div><\/div><\/div><div  class=\"bt_bb_column col-xxl-3 col-xl-3 bt_bb_vertical_align_top bt_bb_align_left bt_bb_padding_normal\"  data-width=\"3\" data-bt-override-class=\"{}\"><div class=\"bt_bb_column_content\"><div data-bb-version=\"4.7.6\"  class=\"bt_bb_text\" ><\/p>\n<p>\n<span class=\"footer-h6\">Fogak<\/span><\/p>\n<p>\n<\/div><div data-bb-version=\"4.7.6\" class=\"bt_bb_separator bt_bb_border_style_none bt_bb_top_spacing_none bt_bb_bottom_spacing_normal\" data-bt-override-class=\"{&quot;bt_bb_top_spacing_&quot;:{&quot;current_class&quot;:&quot;bt_bb_top_spacing_none&quot;,&quot;def&quot;:&quot;none&quot;},&quot;bt_bb_bottom_spacing_&quot;:{&quot;current_class&quot;:&quot;bt_bb_bottom_spacing_normal&quot;,&quot;def&quot;:&quot;normal&quot;}}\"><\/div><div data-bb-version=\"4.7.6\" class=\"bt_bb_custom_menu bt_bb_direction_vertical\"><div class=\"menu-footer-zaehne-ungarisch-container\"><ul id=\"menu-footer-zaehne-ungarisch\" class=\"menu\"><li id=\"menu-item-4569\" class=\"menu-item menu-item-type-post_type menu-item-object-page menu-item-4569\"><a href=\"https:\/\/medi-smile.com\/hu\/uj-fogak\/uj-fogak-egy-nap-alatt\">\u00daj fogak egy nap alatt<\/a><\/li>\n<li id=\"menu-item-4570\" class=\"menu-item menu-item-type-post_type menu-item-object-page menu-item-4570\"><a href=\"https:\/\/medi-smile.com\/hu\/uj-fogak\/fogaszati-implantatumok\">Fog\u00e1szati implant\u00e1tumok<\/a><\/li>\n<li id=\"menu-item-4571\" class=\"menu-item menu-item-type-post_type menu-item-object-page menu-item-4571\"><a href=\"https:\/\/medi-smile.com\/hu\/uj-fogak\/fogpotlas-protetika\">Fogp\u00f3tl\u00e1s \/ Protetika<\/a><\/li>\n<li id=\"menu-item-4572\" class=\"menu-item menu-item-type-post_type menu-item-object-page menu-item-4572\"><a href=\"https:\/\/medi-smile.com\/hu\/szep-fogak\/aligner-terapia\">Aligner-ter\u00e1pia<\/a><\/li>\n<li id=\"menu-item-4573\" class=\"menu-item menu-item-type-post_type menu-item-object-page menu-item-4573\"><a href=\"https:\/\/medi-smile.com\/hu\/szep-fogak\/bleaching\">Bleaching<\/a><\/li>\n<li id=\"menu-item-4574\" class=\"menu-item menu-item-type-post_type menu-item-object-page menu-item-4574\"><a href=\"https:\/\/medi-smile.com\/hu\/szep-fogak\/veneers\">Veneers<\/a><\/li>\n<li id=\"menu-item-4575\" class=\"menu-item menu-item-type-post_type menu-item-object-page menu-item-4575\"><a href=\"https:\/\/medi-smile.com\/hu\/allkapocs-korrekcio\/allcsontelteresek-cmd\">\u00c1llcsontelt\u00e9r\u00e9sek (CMD)<\/a><\/li>\n<li id=\"menu-item-4576\" class=\"menu-item menu-item-type-post_type menu-item-object-page menu-item-4576\"><a href=\"https:\/\/medi-smile.com\/hu\/allkapocs-korrekcio\/allkapocsizuelet-terapia\">\u00c1llkapocs\u00edz\u00fclet ter\u00e1pia<\/a><\/li>\n<li id=\"menu-item-4577\" class=\"menu-item menu-item-type-post_type menu-item-object-page menu-item-4577\"><a href=\"https:\/\/medi-smile.com\/hu\/allkapocs-korrekcio\/allkapocsizueleti-sebeszet\">\u00c1llkapocs\u00edz\u00fcleti seb\u00e9szet<\/a><\/li>\n<li id=\"menu-item-4578\" class=\"menu-item menu-item-type-post_type menu-item-object-page menu-item-4578\"><a href=\"https:\/\/medi-smile.com\/hu\/uj-fogak\/fajdalommentes-fogaszati-kezeles\">F\u00e1jdalommentes fog\u00e1szati kezel\u00e9s<\/a><\/li>\n<\/ul><\/div><\/div><div class=\"bt_bb_separator bt_bb_border_style_none bt_bb_bottom_spacing_normal\" data-bt-override-class=\"null\"><\/div><\/div><\/div><div  class=\"bt_bb_column col-xxl-3 col-xl-3 bt_bb_vertical_align_top bt_bb_align_left bt_bb_padding_normal\"  data-width=\"3\" data-bt-override-class=\"{}\"><div class=\"bt_bb_column_content\"><div data-bb-version=\"4.7.6\"  class=\"bt_bb_text\" ><\/p>\n<p>\n<span class=\"footer-h6\">Eszt\u00e9tika<\/span><\/p>\n<p>\n<\/div><div data-bb-version=\"4.7.6\" class=\"bt_bb_separator bt_bb_border_style_none bt_bb_top_spacing_none bt_bb_bottom_spacing_normal\" data-bt-override-class=\"{&quot;bt_bb_top_spacing_&quot;:{&quot;current_class&quot;:&quot;bt_bb_top_spacing_none&quot;,&quot;def&quot;:&quot;none&quot;},&quot;bt_bb_bottom_spacing_&quot;:{&quot;current_class&quot;:&quot;bt_bb_bottom_spacing_normal&quot;,&quot;def&quot;:&quot;normal&quot;}}\"><\/div><div data-bb-version=\"4.7.6\" class=\"bt_bb_custom_menu bt_bb_direction_vertical\"><div class=\"menu-footer-gesicht-ungarisch-container\"><ul id=\"menu-footer-gesicht-ungarisch\" class=\"menu\"><li id=\"menu-item-4579\" class=\"menu-item menu-item-type-post_type menu-item-object-page menu-item-4579\"><a href=\"https:\/\/medi-smile.com\/hu\/arcesztetika\/elethosszig-tarto-esztetika\">\u00c9lethosszig tart\u00f3 eszt\u00e9tika<\/a><\/li>\n<li id=\"menu-item-4580\" class=\"menu-item menu-item-type-post_type menu-item-object-page menu-item-4580\"><a href=\"https:\/\/medi-smile.com\/hu\/arcesztetika\/borerosito\">B\u0151rer\u0151s\u00edt\u0151<\/a><\/li>\n<li id=\"menu-item-4581\" class=\"menu-item menu-item-type-post_type menu-item-object-page menu-item-4581\"><a href=\"https:\/\/medi-smile.com\/hu\/arcesztetika\/mezoterapia-rancterapia\">Mezoter\u00e1pia \/ R\u00e1ncter\u00e1pia<\/a><\/li>\n<li id=\"menu-item-4582\" class=\"menu-item menu-item-type-post_type menu-item-object-page menu-item-4582\"><a href=\"https:\/\/medi-smile.com\/hu\/arcesztetika\/hialuron-toeltoanyag\">Hialuron \/ t\u00f6lt\u0151anyag<\/a><\/li>\n<li id=\"menu-item-4583\" class=\"menu-item menu-item-type-post_type menu-item-object-page menu-item-4583\"><a href=\"https:\/\/medi-smile.com\/hu\/arcesztetika\/anti-aging-kezeles\">Anti-aging kezel\u00e9s<\/a><\/li>\n<li id=\"menu-item-4584\" class=\"menu-item menu-item-type-post_type menu-item-object-page menu-item-4584\"><a href=\"https:\/\/medi-smile.com\/hu\/arcesztetika\/szalbefuzeses-emeles-folyekony-emeles\">Sz\u00e1lbef\u0171z\u00e9ses emel\u00e9s \/ foly\u00e9kony emel\u00e9s<\/a><\/li>\n<li id=\"menu-item-4585\" class=\"menu-item menu-item-type-post_type menu-item-object-page menu-item-4585\"><a href=\"https:\/\/medi-smile.com\/hu\/arcesztetika\/sebeszeti-emelesek\">Seb\u00e9szeti emel\u00e9sek<\/a><\/li>\n<li id=\"menu-item-4586\" class=\"menu-item menu-item-type-post_type menu-item-object-page menu-item-4586\"><a href=\"https:\/\/medi-smile.com\/hu\/arcesztetika\/vampiremeles-prp-plazmaemeles\">V\u00e1mp\u00edremel\u00e9s (PRP-plazmaemel\u00e9s)<\/a><\/li>\n<li id=\"menu-item-4587\" class=\"menu-item menu-item-type-post_type menu-item-object-page menu-item-4587\"><a href=\"https:\/\/medi-smile.com\/hu\/arcesztetika\/radiofrekvencias-terapia\">Radi\u00f3frekvenci\u00e1s ter\u00e1pia<\/a><\/li>\n<\/ul><\/div><\/div><div class=\"bt_bb_separator bt_bb_border_style_none bt_bb_bottom_spacing_normal\" data-bt-override-class=\"null\"><\/div><\/div><\/div><\/div><\/div><\/div><!-- cell_inner --><\/div><!-- cell --><\/div><!-- port --><\/section><section data-bb-version=\"4.7.6\" id=\"bt_bb_section69f45869a520a\" class=\"bt_bb_section bt_bb_color_scheme_1 bt_bb_layout_boxed_1200 bt_bb_vertical_align_top bt_bb_top_spacing_none bt_bb_bottom_spacing_none copy-background\" style=\"; --section-primary-color:#ffffff; --section-secondary-color:#191919;\" data-bt-override-class=\"{&quot;bt_bb_top_spacing_&quot;:{&quot;current_class&quot;:&quot;bt_bb_top_spacing_none&quot;,&quot;def&quot;:&quot;none&quot;},&quot;bt_bb_bottom_spacing_&quot;:{&quot;current_class&quot;:&quot;bt_bb_bottom_spacing_none&quot;,&quot;def&quot;:&quot;none&quot;}}\"><div class=\"bt_bb_port\"><div class=\"bt_bb_cell\"><div class=\"bt_bb_cell_inner\"><div class=\"bt_bb_row  bt_bb_hidden_xs bt_bb_hidden_ms bt_bb_hidden_sm\"  data-bt-override-class=\"{}\"><div class=\"bt_bb_row_holder\" ><div  class=\"bt_bb_column col-xxl-6 col-xl-6 col-xs-12 col-sm-6 col-md-6 col-lg-6 bt_bb_vertical_align_top bt_bb_align_left bt_bb_padding_normal\"  data-width=\"6\" data-bt-override-class=\"{}\"><div class=\"bt_bb_column_content\"><div class=\"bt_bb_separator bt_bb_border_style_none bt_bb_top_spacing_extra_small bt_bb_bottom_spacing_small\" data-bt-override-class=\"null\"><\/div><div  class=\"bt_bb_text\" ><\/p>\n<p>\u00a9 2026 &#8211; MEDISMILE Budapest &#8211; Fog\u00e1szat \u00e9s arceszt\u00e9tika<\/p>\n<p>\n<\/div><div class=\"bt_bb_separator bt_bb_border_style_none bt_bb_top_spacing_extra_small bt_bb_bottom_spacing_small\" data-bt-override-class=\"null\"><\/div><\/div><\/div><div data-bb-version=\"4.7.6\"  class=\"bt_bb_column col-xxl-6 col-xl-6 col-xs-12 col-sm-6 col-md-6 col-lg-6 bt_bb_vertical_align_top bt_bb_align_left bt_bb_padding_normal\"  data-width=\"6\" data-bt-override-class=\"{&quot;bt_bb_align_&quot;:{&quot;current_class&quot;:&quot;bt_bb_align_left&quot;,&quot;def&quot;:&quot;left&quot;},&quot;bt_bb_padding_&quot;:{&quot;current_class&quot;:&quot;bt_bb_padding_normal&quot;,&quot;def&quot;:&quot;normal&quot;}}\"><div class=\"bt_bb_column_content\"><div class=\"bt_bb_separator bt_bb_border_style_none bt_bb_top_spacing_extra_small bt_bb_bottom_spacing_small\" data-bt-override-class=\"null\"><\/div><div class=\"bt_bb_custom_menu btBottomFooterMenu bt_bb_direction_vertical\"><div class=\"menu-footer-menu-2-container\"><ul id=\"menu-footer-menu-2\" class=\"menu\"><li id=\"menu-item-4045\" class=\"bt_bb_back_to_top menu-item menu-item-type-custom menu-item-object-custom menu-item-4045\"><a href=\"#top\">UP<\/a><\/li>\n<li id=\"menu-item-4046\" class=\"menu-item menu-item-type-post_type menu-item-object-page menu-item-4046\"><a href=\"https:\/\/medi-smile.com\/hu\/adatvedelem\">Adatv\u00e9delem<\/a><\/li>\n<li id=\"menu-item-4047\" class=\"menu-item menu-item-type-post_type menu-item-object-page menu-item-4047\"><a href=\"https:\/\/medi-smile.com\/hu\/impresszum\">Impresszum<\/a><\/li>\n<\/ul><\/div><\/div><div class=\"bt_bb_separator bt_bb_border_style_none bt_bb_top_spacing_extra_small bt_bb_bottom_spacing_small\" data-bt-override-class=\"null\"><\/div><\/div><\/div><\/div><\/div><div class=\"bt_bb_row  bt_bb_hidden_md bt_bb_hidden_lg\"  data-bt-override-class=\"{}\"><div class=\"bt_bb_row_holder\" ><div  class=\"bt_bb_column col-xxl-12 col-xl-12 bt_bb_vertical_align_top bt_bb_align_center bt_bb_mobile_align_to_both_edges bt_bb_padding_normal\"  data-width=\"12\" data-bt-override-class=\"{}\"><div class=\"bt_bb_column_content\"><div class=\"bt_bb_separator bt_bb_border_style_none bt_bb_top_spacing_extra_small bt_bb_bottom_spacing_small\" data-bt-override-class=\"null\"><\/div><div  class=\"bt_bb_text\" ><\/p>\n<p>\u00a9 2026 &#8211; MEDISMILE Budapest &#8211; Fog\u00e1szat \u00e9s arceszt\u00e9tika<\/p>\n<p>\n<\/div><div class=\"bt_bb_separator bt_bb_border_style_none bt_bb_top_spacing_extra_small bt_bb_bottom_spacing_small\" data-bt-override-class=\"null\"><\/div><div class=\"bt_bb_custom_menu btBottomFooterMenu bt_bb_direction_vertical\"><div class=\"menu-footer-menu-2-container\"><ul id=\"menu-footer-menu-3\" class=\"menu\"><li class=\"bt_bb_back_to_top menu-item menu-item-type-custom menu-item-object-custom menu-item-4045\"><a href=\"#top\">UP<\/a><\/li>\n<li class=\"menu-item menu-item-type-post_type menu-item-object-page menu-item-4046\"><a href=\"https:\/\/medi-smile.com\/hu\/adatvedelem\">Adatv\u00e9delem<\/a><\/li>\n<li class=\"menu-item menu-item-type-post_type menu-item-object-page menu-item-4047\"><a href=\"https:\/\/medi-smile.com\/hu\/impresszum\">Impresszum<\/a><\/li>\n<\/ul><\/div><\/div><div class=\"bt_bb_separator bt_bb_border_style_none bt_bb_top_spacing_extra_small bt_bb_bottom_spacing_small\" data-bt-override-class=\"null\"><\/div><\/div><\/div><\/div><\/div><div data-bb-version=\"4.7.6\" class=\"bt_bb_row \"  data-bt-override-class=\"{}\"><div class=\"bt_bb_row_holder\" ><div data-bb-version=\"4.7.6\"  class=\"bt_bb_column col-xxl-12 col-xl-12 col-xs-12 col-sm-12 col-md-12 col-lg-12 bt_bb_vertical_align_top bt_bb_align_left bt_bb_padding_normal\"  data-width=\"12\" data-bt-override-class=\"{}\"><div class=\"bt_bb_column_content\"><\/div><\/div><\/div><\/div><\/div><!-- cell_inner --><\/div><!-- cell --><\/div><!-- port --><\/section><\/p>\n","protected":false},"excerpt":{"rendered":"","protected":false},"author":1,"featured_media":0,"parent":0,"menu_order":102,"comment_status":"closed","ping_status":"closed","template":"","meta":{"footnotes":""},"class_list":["post-4613","page","type-page","status-publish","hentry"],"_links":{"self":[{"href":"https:\/\/medi-smile.com\/hu\/wp-json\/wp\/v2\/pages\/4613","targetHints":{"allow":["GET"]}}],"collection":[{"href":"https:\/\/medi-smile.com\/hu\/wp-json\/wp\/v2\/pages"}],"about":[{"href":"https:\/\/medi-smile.com\/hu\/wp-json\/wp\/v2\/types\/page"}],"author":[{"embeddable":true,"href":"https:\/\/medi-smile.com\/hu\/wp-json\/wp\/v2\/users\/1"}],"replies":[{"embeddable":true,"href":"https:\/\/medi-smile.com\/hu\/wp-json\/wp\/v2\/comments?post=4613"}],"version-history":[{"count":8,"href":"https:\/\/medi-smile.com\/hu\/wp-json\/wp\/v2\/pages\/4613\/revisions"}],"predecessor-version":[{"id":5243,"href":"https:\/\/medi-smile.com\/hu\/wp-json\/wp\/v2\/pages\/4613\/revisions\/5243"}],"wp:attachment":[{"href":"https:\/\/medi-smile.com\/hu\/wp-json\/wp\/v2\/media?parent=4613"}],"curies":[{"name":"wp","href":"https:\/\/api.w.org\/{rel}","templated":true}]}}