{"id":4668,"date":"2020-01-03T08:46:49","date_gmt":"2020-01-03T07:46:49","guid":{"rendered":"https:\/\/medi-smile.com\/a-medismile-rol\/dr-dr-hans-krehn"},"modified":"2023-12-31T14:21:53","modified_gmt":"2023-12-31T13:21:53","slug":"dr-dr-hans-krehn","status":"publish","type":"page","link":"https:\/\/medi-smile.com\/hu\/a-medismile-rol\/dr-dr-hans-krehn","title":{"rendered":"Dr. Dr. Hans Krehn"},"content":{"rendered":"<p><section data-bb-version=\"4.7.6\" id=\"bt_bb_section69de2ceb556f8\" class=\"bt_bb_section bt_bb_layout_boxed_1200 bt_bb_vertical_align_top bt_bb_background_overlay_light_solid bt_bb_top_spacing_none bt_bb_bottom_spacing_none\" style=\"background-position:center top;\" data-bt-override-class=\"{&quot;bt_bb_top_spacing_&quot;:{&quot;current_class&quot;:&quot;bt_bb_top_spacing_none&quot;,&quot;def&quot;:&quot;none&quot;},&quot;bt_bb_bottom_spacing_&quot;:{&quot;current_class&quot;:&quot;bt_bb_bottom_spacing_none&quot;,&quot;def&quot;:&quot;none&quot;}}\"><div class=\"bt_bb_background_image_holder_wrapper\"><div class=\"bt_bb_background_image_holder btLazyLoadBackground\"  data-background_image_src=\"https:\/\/medi-smile.com\/wp-content\/uploads\/2023\/11\/Zahnarzt-Medismile-Budapest-Ungarn.jpg\" data-parallax-zoom-start=\"1\" data-parallax-zoom-end=\"1\" data-parallax-blur-start=\"0\" data-parallax-blur-end=\"0\" data-parallax-opacity-start=\"1\" data-parallax-opacity-end=\"1\" style=\" background-image: url(&#039;https:\/\/medi-smile.com\/wp-content\/plugins\/bold-page-builder\/img\/blank.gif&#039;);\"><\/div><\/div><div class=\"bt_bb_port\"><div class=\"bt_bb_cell\"><div class=\"bt_bb_cell_inner\"><div data-bb-version=\"4.7.6\" class=\"bt_bb_row  bt_bb_column_gap_medium\"  data-bt-override-class=\"{}\"><div class=\"bt_bb_row_holder\" ><div data-bb-version=\"4.7.6\"  class=\"bt_bb_column col-xxl-6 col-xl-6 bt_bb_vertical_align_bottom bt_bb_align_left bt_bb_padding_normal bt_bb_animation_fade_in animate\"  data-width=\"6\" data-bt-override-class=\"{&quot;bt_bb_align_&quot;:{&quot;current_class&quot;:&quot;bt_bb_align_left&quot;,&quot;def&quot;:&quot;left&quot;},&quot;bt_bb_padding_&quot;:{&quot;current_class&quot;:&quot;bt_bb_padding_normal&quot;,&quot;def&quot;:&quot;normal&quot;}}\"><div class=\"bt_bb_column_content\"><div data-bb-version=\"4.7.6\" class=\"bt_bb_separator bt_bb_border_style_none bt_bb_top_spacing_medium bt_bb_bottom_spacing_none bt_bb_hidden_sm bt_bb_hidden_md bt_bb_hidden_lg bt_bb_hidden_xl\" data-bt-override-class=\"{&quot;bt_bb_top_spacing_&quot;:{&quot;current_class&quot;:&quot;bt_bb_top_spacing_medium&quot;,&quot;def&quot;:&quot;medium&quot;},&quot;bt_bb_bottom_spacing_&quot;:{&quot;current_class&quot;:&quot;bt_bb_bottom_spacing_none&quot;,&quot;def&quot;:&quot;none&quot;}}\"><\/div><header data-bb-version=\"4.7.5\" class=\"bt_bb_headline bt_bb_font_weight_bolder bt_bb_subheadline_text_transform_default bt_bb_color_scheme_17 bt_bb_dash_none bt_bb_size_huge bt_bb_align_inherit bt_bb_dash_type_none\" style=\"; --primary-color:#353535; --secondary-color:#d6a82a;\" data-bt-override-class=\"{&quot;bt_bb_size_&quot;:{&quot;current_class&quot;:&quot;bt_bb_size_huge&quot;,&quot;def&quot;:&quot;huge&quot;},&quot;bt_bb_align_&quot;:{&quot;current_class&quot;:&quot;bt_bb_align_inherit&quot;,&quot;def&quot;:&quot;inherit&quot;}}\"><h1 class=\"bt_bb_headline_tag\"><span class=\"bt_bb_headline_content\"><span><small>Dr. Dr. Hans<\/small>Krehn<\/span><\/span><\/h1><\/header><div class=\"bt_bb_separator bt_bb_border_style_none bt_bb_bottom_spacing_small\" data-bt-override-class=\"null\"><\/div><div  class=\"bt_bb_text\" ><\/p>\n<p><span style=\"font-size: 110%;\">Nagyfok\u00fa szak\u00e9rtelemmel \u00e9s tapasztalattal teremtj\u00fck meg az \u00d6n ragyog\u00f3 mosoly\u00e1t.<br \/>\nAz \u00d6n fog\u00e1szati eg\u00e9szs\u00e9ge \u00e9s sz\u00e9ps\u00e9ge a szenved\u00e9lyem.<\/span><\/p>\n<p>\n<\/div><div data-bb-version=\"4.7.6\" class=\"bt_bb_separator bt_bb_border_style_none bt_bb_top_spacing_none bt_bb_bottom_spacing_medium bt_bb_hidden_xs bt_bb_hidden_ms\" data-bt-override-class=\"{&quot;bt_bb_top_spacing_&quot;:{&quot;current_class&quot;:&quot;bt_bb_top_spacing_none&quot;,&quot;def&quot;:&quot;none&quot;},&quot;bt_bb_bottom_spacing_&quot;:{&quot;current_class&quot;:&quot;bt_bb_bottom_spacing_medium&quot;,&quot;def&quot;:&quot;medium&quot;}}\"><\/div><div data-bb-version=\"4.7.6\" class=\"bt_bb_separator bt_bb_border_style_none bt_bb_top_spacing_none bt_bb_bottom_spacing_medium bt_bb_hidden_xs bt_bb_hidden_ms\" data-bt-override-class=\"{&quot;bt_bb_top_spacing_&quot;:{&quot;current_class&quot;:&quot;bt_bb_top_spacing_none&quot;,&quot;def&quot;:&quot;none&quot;},&quot;bt_bb_bottom_spacing_&quot;:{&quot;current_class&quot;:&quot;bt_bb_bottom_spacing_medium&quot;,&quot;def&quot;:&quot;medium&quot;}}\"><\/div><div data-bb-version=\"4.7.6\" class=\"bt_bb_separator bt_bb_border_style_none bt_bb_top_spacing_none bt_bb_bottom_spacing_medium bt_bb_hidden_xs bt_bb_hidden_ms\" data-bt-override-class=\"{&quot;bt_bb_top_spacing_&quot;:{&quot;current_class&quot;:&quot;bt_bb_top_spacing_none&quot;,&quot;def&quot;:&quot;none&quot;},&quot;bt_bb_bottom_spacing_&quot;:{&quot;current_class&quot;:&quot;bt_bb_bottom_spacing_medium&quot;,&quot;def&quot;:&quot;medium&quot;}}\"><\/div><\/div><\/div><div  class=\"bt_bb_column col-xxl-6 col-xl-6 bt_bb_vertical_align_bottom bt_bb_align_left bt_bb_padding_double bt_bb_animation_fade_in animate\"  data-width=\"6\" data-bt-override-class=\"{}\"><div class=\"bt_bb_column_content\"><div class=\"bt_bb_separator bt_bb_border_style_none bt_bb_top_spacing_normal\" data-bt-override-class=\"null\"><\/div><div data-bb-version=\"4.7.6\" class=\"bt_bb_image bt_bb_shape_square bt_bb_target_self bt_bb_align_inherit bt_bb_hover_style_simple bt_bb_content_display_always bt_bb_content_align_middle\" data-bt-override-class=\"{&quot;bt_bb_align_&quot;:{&quot;current_class&quot;:&quot;bt_bb_align_inherit&quot;,&quot;def&quot;:&quot;inherit&quot;},&quot;bt_bb_content_display_&quot;:{&quot;current_class&quot;:&quot;bt_bb_content_display_always&quot;,&quot;def&quot;:&quot;always&quot;}}\"><span><img loading=\"lazy\" decoding=\"async\" width=\"530\" height=\"618\" src=\"https:\/\/medi-smile.com\/wp-content\/uploads\/2023\/11\/Dr-Dr-Hans-Krehn-Zahnarzt-Medismile-Budapest-Ungarn.png\" class=\"attachment-full size-full\" alt=\"Dr. Dr. Hans Krehn - Zahnarzt - MEDI-SMILE - Budapest - Ungarn\" data-full_image_src=\"https:\/\/medi-smile.com\/wp-content\/uploads\/2023\/11\/Dr-Dr-Hans-Krehn-Zahnarzt-Medismile-Budapest-Ungarn.png\" title=\"Dr. Dr. Hans Krehn - Zahnarzt - MEDI-SMILE - Budapest - Ungarn\" srcset=\"https:\/\/medi-smile.com\/wp-content\/uploads\/2023\/11\/Dr-Dr-Hans-Krehn-Zahnarzt-Medismile-Budapest-Ungarn.png 530w, https:\/\/medi-smile.com\/wp-content\/uploads\/2023\/11\/Dr-Dr-Hans-Krehn-Zahnarzt-Medismile-Budapest-Ungarn-320x373.png 320w\" sizes=\"auto, (max-width: 530px) 100vw, 530px\" \/><\/span><\/div><\/div><\/div><\/div><\/div><\/div><!-- cell_inner --><\/div><!-- cell --><\/div><!-- port --><\/section><section id=\"bt_bb_section69de2ceb56a1b\" class=\"bt_bb_section bt_bb_layout_boxed_1200 bt_bb_vertical_align_top bt_bb_overlap_columns_right\" style=\"z-index: 1;\" data-bt-override-class=\"null\"><div class=\"bt_bb_port\"><div class=\"bt_bb_cell\"><div class=\"bt_bb_cell_inner\"><div class=\"bt_bb_row \" style=\"margin-top: -85px;\" data-bt-override-class=\"{}\"><div class=\"bt_bb_row_holder\" ><div  class=\"bt_bb_column col-xxl-6 col-xl-6 bt_bb_vertical_align_middle bt_bb_align_left bt_bb_highlight bt_bb_padding_double bt_bb_animation_fade_in move_up animate\" style=\"background-color: rgba(242, 242, 242, 1);\" data-width=\"6\" data-bt-override-class=\"{}\"><div class=\"bt_bb_column_content\"><div class=\"bt_bb_separator bt_bb_border_style_none bt_bb_top_spacing_extra_small bt_bb_bottom_spacing_small\" data-bt-override-class=\"null\"><\/div><header data-bb-version=\"4.7.6\" class=\"bt_bb_headline bt_bb_subheadline_text_transform_default bt_bb_color_scheme_8 bt_bb_dash_none bt_bb_subheadline bt_bb_size_extrasmall bt_bb_align_inherit bt_bb_dash_type_none\" style=\"; --primary-color:#353535; --secondary-color:#ffffff;\" data-bt-override-class=\"{&quot;bt_bb_size_&quot;:{&quot;current_class&quot;:&quot;bt_bb_size_extrasmall&quot;,&quot;def&quot;:&quot;extrasmall&quot;},&quot;bt_bb_align_&quot;:{&quot;current_class&quot;:&quot;bt_bb_align_inherit&quot;,&quot;def&quot;:&quot;inherit&quot;}}\"><h2 class=\"bt_bb_headline_tag\"><span class=\"bt_bb_headline_content\"><span>Garant\u00e1ltan t\u00f6k\u00e9letes mosoly<\/span><\/span><\/h2><div class=\"bt_bb_headline_subheadline\">Szeretn\u00e9, ha visszah\u00edvn\u00e1nk?<\/div><\/header><div class=\"bt_bb_separator bt_bb_border_style_solid bt_bb_top_spacing_small bt_bb_bottom_spacing_small\" style=\"; border-width: 1px\" data-bt-override-class=\"null\"><\/div><div class=\" bt_bb_row_inner\"   data-bt-override-class=\"{}\"><div class=\"bt_bb_row_inner_holder\"  ><div  class=\"bt_bb_column_inner col-xxl-12 col-xl-12 col-xs-12 col-sm-12 col-md-12 col-lg-12 bt_bb_align_left bt_bb_vertical_align_top\"  data-width=\"12\" data-bt-override-class=\"{}\"><div class=\"bt_bb_column_inner_content\"><div data-bb-version=\"4.7.6\"  class=\"bt_bb_text\" ><style id=\"wpforms-css-vars-4689\">\n\t\t\t\t#wpforms-4689 {\n\t\t\t\t\n\t\t\t}\n\t\t\t<\/style><div class=\"wpforms-container wpforms-container-full wpforms-render-modern\" id=\"wpforms-4689\"><form id=\"wpforms-form-4689\" class=\"wpforms-validate wpforms-form wpforms-ajax-form\" data-formid=\"4689\" method=\"post\" enctype=\"multipart\/form-data\" action=\"\/hu\/wp-json\/wp\/v2\/pages\/4668\" data-token=\"560cd4c3bdde98f3be4e574d53aaa29d\" data-token-time=\"1776168171\"><noscript class=\"wpforms-error-noscript\">Please enable JavaScript in your browser to complete this form.<\/noscript><div id=\"wpforms-error-noscript\" style=\"display: none;\">Please enable JavaScript in your browser to complete this form.<\/div><div class=\"wpforms-field-container\"><div id=\"wpforms-4689-field_0-container\" class=\"wpforms-field wpforms-field-name\" data-field-id=\"0\"><label class=\"wpforms-field-label\" for=\"wpforms-4689-field_0\">N\u00e9v <span class=\"wpforms-required-label\" aria-hidden=\"true\">*<\/span><\/label><input type=\"text\" id=\"wpforms-4689-field_0\" class=\"wpforms-field-medium wpforms-field-required\" name=\"wpforms[fields][0]\" aria-errormessage=\"wpforms-4689-field_0-error\" aria-describedby=\"wpforms-4689-field_0-description\" required><div id=\"wpforms-4689-field_0-description\" class=\"wpforms-field-description\">Geben Sie bitte Ihren Vor- und Nachnamen ein...<\/div><\/div><div id=\"wpforms-4689-field_3-container\" class=\"wpforms-field wpforms-field-phone\" data-field-id=\"3\"><label class=\"wpforms-field-label\" for=\"wpforms-4689-field_3\">Telefon <span class=\"wpforms-required-label\" aria-hidden=\"true\">*<\/span><\/label><input type=\"tel\" id=\"wpforms-4689-field_3\" class=\"wpforms-field-medium wpforms-field-required wpforms-smart-phone-field\" data-rule-smart-phone-field=\"true\" name=\"wpforms[fields][3]\" aria-label=\"Telefon\" aria-errormessage=\"wpforms-4689-field_3-error\" aria-describedby=\"wpforms-4689-field_3-description\" required><div id=\"wpforms-4689-field_3-description\" class=\"wpforms-field-description\">Telefonnummer, unter der wir Sie anrufen d\u00fcrfen...<\/div><\/div><div id=\"wpforms-4689-field_4-container\" class=\"wpforms-field wpforms-field-gdpr-checkbox\" data-field-id=\"4\"><label class=\"wpforms-field-label\">GDPR hozz\u00e1j\u00e1rul\u00e1s <span class=\"wpforms-required-label\" aria-hidden=\"true\">*<\/span><\/label><ul id=\"wpforms-4689-field_4\" class=\"wpforms-field-required\"><li class=\"choice-1\"><input type=\"checkbox\" id=\"wpforms-4689-field_4_1\" name=\"wpforms[fields][4][]\" value=\"Hozz\u00e1j\u00e1rulok ahhoz, hogy ez a weboldal t\u00e1rolja a megadott adataimat, hogy a megkeres\u00e9semre v\u00e1laszt kaphassak.\" aria-errormessage=\"wpforms-4689-field_4_1-error\" required ><label class=\"wpforms-field-label-inline\" for=\"wpforms-4689-field_4_1\">Hozz\u00e1j\u00e1rulok ahhoz, hogy ez a weboldal t\u00e1rolja a megadott adataimat, hogy a megkeres\u00e9semre v\u00e1laszt kaphassak.<\/label><\/li><\/ul><\/div><\/div><!-- .wpforms-field-container --><div class=\"wpforms-recaptcha-container wpforms-is-turnstile\" ><div class=\"wpforms-turnstile\" data-sitekey=\"0x4AAAAAAANJ3KL6cPcicjFp\" data-action=\"FormID-4689\"><\/div><input type=\"text\" name=\"g-recaptcha-hidden\" class=\"wpforms-recaptcha-hidden\" style=\"position:absolute!important;clip:rect(0,0,0,0)!important;height:1px!important;width:1px!important;border:0!important;overflow:hidden!important;padding:0!important;margin:0!important;\" data-rule-turnstile=\"1\"><\/div><div class=\"wpforms-submit-container\" ><input type=\"hidden\" name=\"wpforms[id]\" value=\"4689\"><input type=\"hidden\" name=\"page_title\" value=\"\"><input type=\"hidden\" name=\"page_url\" value=\"https:\/\/medi-smile.com\/hu\/wp-json\/wp\/v2\/pages\/4668\"><input type=\"hidden\" name=\"url_referer\" value=\"\"><button type=\"submit\" name=\"wpforms[submit]\" id=\"wpforms-submit-4689\" class=\"wpforms-submit\" data-alt-text=\"A megkeres\u00e9s elk\u00fcld\u00e9sre ker\u00fcl...\" data-submit-text=\"Visszah\u00edv\u00e1s k\u00e9r\u00e9se\" aria-live=\"assertive\" value=\"wpforms-submit\">Visszah\u00edv\u00e1s k\u00e9r\u00e9se<\/button><img loading=\"lazy\" decoding=\"async\" src=\"https:\/\/medi-smile.com\/wp-content\/plugins\/wpforms\/assets\/images\/submit-spin.svg\" class=\"wpforms-submit-spinner\" style=\"display: none;\" width=\"26\" height=\"26\" alt=\"Loading\"><\/div><\/form><\/div>  <!-- .wpforms-container --><\/div><div class=\"bt_bb_column_inner_highlight\"><\/div><\/div><\/div><\/div><\/div><div class=\"bt_bb_separator bt_bb_border_style_none bt_bb_bottom_spacing_normal\" data-bt-override-class=\"null\"><\/div><div class=\"bt_bb_column_highlight\"><\/div><\/div><\/div><div data-bb-version=\"4.7.5\"  class=\"bt_bb_column col-xxl-6 col-xl-6 bt_bb_vertical_align_middle bt_bb_align_center bt_bb_padding_text_indent bt_bb_animation_fade_in move_up animate\"  data-width=\"6\" data-bt-override-class=\"{&quot;bt_bb_align_&quot;:{&quot;current_class&quot;:&quot;bt_bb_align_center&quot;,&quot;def&quot;:&quot;center&quot;},&quot;bt_bb_padding_&quot;:{&quot;current_class&quot;:&quot;bt_bb_padding_text_indent&quot;,&quot;def&quot;:&quot;text_indent&quot;}}\"><div class=\"bt_bb_column_content\" style=\"background-color:rgb(19,166,198);\"><div class=\"bt_bb_separator bt_bb_border_style_none bt_bb_top_spacing_normal bt_bb_bottom_spacing_extra_small\" data-bt-override-class=\"null\"><\/div><div  class=\"bt_bb_text btAccentQuote\" style=\"color: #FFF;\"><\/p>\n<blockquote>\n<p>Ossza meg velem k\u00edv\u00e1ns\u00e1gait, \u00e9s egy\u00fctt megteremtj\u00fck var\u00e1zslatos mosoly\u00e1t. Hamarosan tal\u00e1lkozunk!<\/p>\n<\/blockquote>\n<p>\n<\/div><div class=\"bt_bb_separator bt_bb_border_style_none bt_bb_top_spacing_small\" data-bt-override-class=\"null\"><\/div><div class=\"bt_bb_separator bt_bb_border_style_none bt_bb_top_spacing_normal bt_bb_bottom_spacing_extra_small\" data-bt-override-class=\"null\"><\/div><\/div><\/div><\/div><\/div><\/div><!-- cell_inner --><\/div><!-- cell --><\/div><!-- port --><\/section><section id=\"bt_bb_section69de2ceb599ab\" class=\"bt_bb_section bt_bb_layout_boxed_1200 bt_bb_vertical_align_top bt_bb_top_spacing_medium bt_bb_bottom_spacing_large\"  data-bt-override-class=\"null\"><div class=\"bt_bb_port\"><div class=\"bt_bb_cell\"><div class=\"bt_bb_cell_inner\"><div class=\"bt_bb_row  bt_bb_column_gap_25\" style=\"; --column-gap:25px;\" data-bt-override-class=\"{}\"><div class=\"bt_bb_row_holder\" ><div  class=\"bt_bb_column col-xxl-12 col-xl-12 col-xs-12 col-sm-12 col-md-12 col-lg-12 bt_bb_vertical_align_top bt_bb_align_left bt_bb_padding_normal bt_bb_animation_fade_in animate\"  data-width=\"12\" data-bt-override-class=\"{}\"><div class=\"bt_bb_column_content\"><div class=\" bt_bb_row_inner\"   data-bt-override-class=\"{}\"><div class=\"bt_bb_row_inner_holder\"  ><div  class=\"bt_bb_column_inner col-xxl-12 col-xl-12 col-xs-12 col-sm-12 col-md-12 col-lg-12 bt_bb_align_left bt_bb_vertical_align_top\"  data-width=\"12\" data-bt-override-class=\"{}\"><div class=\"bt_bb_column_inner_content\"><header data-bb-version=\"4.7.6\" class=\"bt_bb_headline bt_bb_subheadline_text_transform_default bt_bb_color_scheme_4 bt_bb_dash_none bt_bb_size_medium bt_bb_align_inherit bt_bb_dash_type_none\" style=\"; --primary-color:#d6a82a; --secondary-color:#ffffff;\" data-bt-override-class=\"{&quot;bt_bb_size_&quot;:{&quot;current_class&quot;:&quot;bt_bb_size_medium&quot;,&quot;def&quot;:&quot;medium&quot;},&quot;bt_bb_align_&quot;:{&quot;current_class&quot;:&quot;bt_bb_align_inherit&quot;,&quot;def&quot;:&quot;inherit&quot;}}\"><h3 class=\"bt_bb_headline_tag\"><span class=\"bt_bb_headline_content\"><span>Dr. med. Dr. med. dent. Hans Krehn<\/span><\/span><\/h3><\/header><div data-bb-version=\"4.7.6\" class=\"bt_bb_separator bt_bb_border_style_none bt_bb_top_spacing_normal bt_bb_bottom_spacing_none\" data-bt-override-class=\"{&quot;bt_bb_top_spacing_&quot;:{&quot;current_class&quot;:&quot;bt_bb_top_spacing_normal&quot;,&quot;def&quot;:&quot;normal&quot;},&quot;bt_bb_bottom_spacing_&quot;:{&quot;current_class&quot;:&quot;bt_bb_bottom_spacing_none&quot;,&quot;def&quot;:&quot;none&quot;}}\"><\/div><div  class=\"bt_bb_text\" ><\/p>\n<p><img loading=\"lazy\" decoding=\"async\" class=\"wp-image-2992 size-full alignright\" src=\"https:\/\/medi-smile.com\/wp-content\/uploads\/2023\/11\/Dr-Dr-Hans-Krehn-Arzt-Zahn-Kiefer-Medismile-Budapest-Ungarn.jpg\" alt=\"Dr. Dr. Hans Krehn - Orvos - Fog - \u00c1llkapocs - Medismile - Budapest - Magyarorsz\u00e1g\" width=\"630\" height=\"420\" srcset=\"https:\/\/medi-smile.com\/wp-content\/uploads\/2023\/11\/Dr-Dr-Hans-Krehn-Arzt-Zahn-Kiefer-Medismile-Budapest-Ungarn.jpg 630w, https:\/\/medi-smile.com\/wp-content\/uploads\/2023\/11\/Dr-Dr-Hans-Krehn-Arzt-Zahn-Kiefer-Medismile-Budapest-Ungarn-320x213.jpg 320w\" sizes=\"auto, (max-width: 630px) 100vw, 630px\" \/>Dr. med. med. dent. Hans Krehn orvos \u00e9s fogorvos, valamint a sz\u00e1j- \u00e9s \u00e1llcsont- \u00e9s \u00e1llcsontseb\u00e9szet szakorvosa hamburgi \u00e9s budapesti rendel\u0151kkel. A budapesti Semmelwei\u00df Egyetemen folytatott hum\u00e1norvosi, majd fogorvosi tanulm\u00e1nyai ut\u00e1n a Charit\u00e9 Berlin, Universit\u00e4tsmedizin Berlin Campus Virchow Klinikum sz\u00e1j- \u00e9s \u00e1llcsont- \u00e9s \u00e1llcsontseb\u00e9szet szakorvosi k\u00e9pz\u00e9s\u00e9t a Charit\u00e9 Berlinben, Prof. Dr. Dr. B. Hoffmeister ir\u00e1ny\u00edt\u00e1sa alatt v\u00e9gezte.<\/p>\n<p>K\u00fcl\u00f6nb\u00f6z\u0151 alkalmazott szakorvosi \u00e1ll\u00e1sok \u00e9s sz\u00e1mos tov\u00e1bb- \u00e9s tov\u00e1bbk\u00e9pz\u00e9s ut\u00e1n Dr. Dr. Hans Krehn 2019-ben megalap\u00edtotta els\u0151 mag\u00e1npraxis\u00e1t Hamburg sz\u00edv\u00e9ben, amelyet feles\u00e9g\u00e9vel, Dr. Dr. Veronika Krehn-nel \u00e9s egy nagy l\u00e9tsz\u00e1m\u00fa munkat\u00e1rsi csapattal egy\u00fctt nagyon sikeresen vezet.<\/p>\n<p>Dr. Krehn r\u00e9g\u00f3ta d\u00e9delgetett v\u00e1gya volt, hogy innovat\u00edv, egyedi kezel\u00e9si koncepci\u00f3it \u00e9s technol\u00f3gi\u00e1it, amelyek egy r\u00e9sz\u00e9t saj\u00e1t maga fejlesztette ki, Magyarorsz\u00e1gon is el\u00e9rhet\u0151v\u00e9 tegye. A MEDISMILE Budapest \u00f6n\u00e1ll\u00f3 rendel\u0151vel Dr. Dr. Krehn a legmagasabb szint\u0171 fog\u00e1szati, seb\u00e9szeti \u00e9s eszt\u00e9tikai szolg\u00e1ltat\u00e1sokat ny\u00fajt hazai \u00e9s nemzetk\u00f6zi p\u00e1cienseinek \u00e9s \u00fcgyfeleinek.<\/p>\n<p>\n<\/div><div data-bb-version=\"4.7.6\" class=\"bt_bb_separator bt_bb_border_style_none bt_bb_top_spacing_none bt_bb_bottom_spacing_small\" data-bt-override-class=\"{&quot;bt_bb_top_spacing_&quot;:{&quot;current_class&quot;:&quot;bt_bb_top_spacing_none&quot;,&quot;def&quot;:&quot;none&quot;},&quot;bt_bb_bottom_spacing_&quot;:{&quot;current_class&quot;:&quot;bt_bb_bottom_spacing_small&quot;,&quot;def&quot;:&quot;small&quot;}}\"><\/div><div class=\"bt_bb_column_inner_highlight\"><\/div><\/div><\/div><\/div><\/div><\/div><\/div><\/div><\/div><div class=\"bt_bb_row \"  data-bt-override-class=\"{}\"><div class=\"bt_bb_row_holder\" ><div  class=\"bt_bb_column col-xxl-12 col-xl-12 col-xs-12 col-sm-12 col-md-12 col-lg-12 bt_bb_vertical_align_top bt_bb_align_left bt_bb_padding_normal bt_bb_animation_fade_in animate\"  data-width=\"12\" data-bt-override-class=\"{}\"><div class=\"bt_bb_column_content\"><div data-bb-version=\"4.7.6\" class=\"bt_bb_separator bt_bb_border_style_none bt_bb_top_spacing_small bt_bb_bottom_spacing_none\" data-bt-override-class=\"{&quot;bt_bb_top_spacing_&quot;:{&quot;current_class&quot;:&quot;bt_bb_top_spacing_small&quot;,&quot;def&quot;:&quot;small&quot;},&quot;bt_bb_bottom_spacing_&quot;:{&quot;current_class&quot;:&quot;bt_bb_bottom_spacing_none&quot;,&quot;def&quot;:&quot;none&quot;}}\"><\/div><header data-bb-version=\"4.7.6\" class=\"bt_bb_headline bt_bb_subheadline_text_transform_default bt_bb_color_scheme_8 bt_bb_dash_none bt_bb_size_small bt_bb_align_inherit bt_bb_dash_type_none\" style=\"; --primary-color:#353535; --secondary-color:#ffffff;\" data-bt-override-class=\"{&quot;bt_bb_size_&quot;:{&quot;current_class&quot;:&quot;bt_bb_size_small&quot;,&quot;def&quot;:&quot;small&quot;},&quot;bt_bb_align_&quot;:{&quot;current_class&quot;:&quot;bt_bb_align_inherit&quot;,&quot;def&quot;:&quot;inherit&quot;}}\"><h4 class=\"bt_bb_headline_tag\"><span class=\"bt_bb_headline_content\"><span>Szakmai karrier<\/span><\/span><\/h4><\/header><div class=\"bt_bb_separator bt_bb_border_style_none bt_bb_top_spacing_normal\" data-bt-override-class=\"null\"><\/div><div  class=\"bt_bb_text\" ><\/p>\n<ul>\n<li>2001-2008: Orvosi tanulm\u00e1nyok a Semmelweis Egyetemen, Budapesten<\/li>\n<li>2007-2011: Fogorvosi tanulm\u00e1nyok a Semmelweis Egyetemen, Budapest<\/li>\n<li>2011-2013: Sz\u00e1j- \u00e9s \u00e1llcsontseb\u00e9szeti szakasszisztens tov\u00e1bbk\u00e9pz\u00e9s a N\u00fcrnbergi D\u00e9li K\u00f3rh\u00e1zban, N\u00fcrnberg Orvosigazgat\u00f3: Prof. Dr. Dr. M. Farmand<\/li>\n<li>2013-2016: Tov\u00e1bbk\u00e9pz\u00e9si asszisztens sz\u00e1j-, \u00e1llcsont- \u00e9s arcseb\u00e9szet &#8211; Charit\u00e9 Universit\u00e4tsmedizin Berlin Campus Virchow Klinikum, orvosigazgat\u00f3: Prof. Dr. Dr. B. Hoffmeister<\/li>\n<li>2016-2017: Dr. R. Zerweck praxis\u00e1ban, Bremerhavenben dolgoz\u00f3 orvos \u00e9s fogorvos<\/li>\n<li>2017: Sz\u00e1j- \u00e9s \u00e1llcsont- \u00e9s arcseb\u00e9szet szakorvosa<\/li>\n<li>2018-2019: Sz\u00e1j- \u00e9s \u00e1llcsont- \u00e9s \u00e1llcsontseb\u00e9szet szakorvosa munkaviszonyban \u00e1llcsont- \u00e9s \u00e1llcsontseb\u00e9szet, sz\u00e1j- \u00e9s \u00e1llcsont- \u00e9s \u00e1llcsontseb\u00e9szeti rendel\u0151 Hamburg-Innenstadt Dr. M. Suhr<\/li>\n<li>2019-2023: A MEDI-KUSS, sz\u00e1j- \u00e9s \u00e1llcsontseb\u00e9szeti arcseb\u00e9szeti praxis l\u00e9trehoz\u00e1sa Hamburg-Innenstadtban<\/li>\n<li>2023 \u00f3ta: A MEDISMILE, sz\u00e1j- \u00e9s \u00e1llcsont- \u00e9s arcseb\u00e9szeti arcseb\u00e9szeti rendel\u0151 megalap\u00edt\u00e1sa, Budapest<\/li>\n<\/ul>\n<p>\n<\/div><\/div><\/div><\/div><\/div><\/div><!-- cell_inner --><\/div><!-- cell --><\/div><!-- port --><\/section><\/p>\n","protected":false},"excerpt":{"rendered":"","protected":false},"author":1,"featured_media":0,"parent":4662,"menu_order":2,"comment_status":"closed","ping_status":"closed","template":"","meta":{"footnotes":""},"class_list":["post-4668","page","type-page","status-publish","hentry"],"_links":{"self":[{"href":"https:\/\/medi-smile.com\/hu\/wp-json\/wp\/v2\/pages\/4668","targetHints":{"allow":["GET"]}}],"collection":[{"href":"https:\/\/medi-smile.com\/hu\/wp-json\/wp\/v2\/pages"}],"about":[{"href":"https:\/\/medi-smile.com\/hu\/wp-json\/wp\/v2\/types\/page"}],"author":[{"embeddable":true,"href":"https:\/\/medi-smile.com\/hu\/wp-json\/wp\/v2\/users\/1"}],"replies":[{"embeddable":true,"href":"https:\/\/medi-smile.com\/hu\/wp-json\/wp\/v2\/comments?post=4668"}],"version-history":[{"count":4,"href":"https:\/\/medi-smile.com\/hu\/wp-json\/wp\/v2\/pages\/4668\/revisions"}],"predecessor-version":[{"id":4696,"href":"https:\/\/medi-smile.com\/hu\/wp-json\/wp\/v2\/pages\/4668\/revisions\/4696"}],"up":[{"embeddable":true,"href":"https:\/\/medi-smile.com\/hu\/wp-json\/wp\/v2\/pages\/4662"}],"wp:attachment":[{"href":"https:\/\/medi-smile.com\/hu\/wp-json\/wp\/v2\/media?parent=4668"}],"curies":[{"name":"wp","href":"https:\/\/api.w.org\/{rel}","templated":true}]}}