{"id":4677,"date":"2023-12-17T20:33:45","date_gmt":"2023-12-17T19:33:45","guid":{"rendered":"https:\/\/medi-smile.com\/a-medismile-rol\/high-end-fogaszati-laboratoriumunk"},"modified":"2023-12-31T14:13:16","modified_gmt":"2023-12-31T13:13:16","slug":"high-end-fogaszati-laboratoriumunk","status":"publish","type":"page","link":"https:\/\/medi-smile.com\/hu\/a-medismile-rol\/high-end-fogaszati-laboratoriumunk","title":{"rendered":"High-end fog\u00e1szati laborat\u00f3riumunk"},"content":{"rendered":"<p><section data-bb-version=\"4.7.6\" id=\"bt_bb_section69dad93d82fda\" class=\"bt_bb_section bt_bb_color_scheme_1 bt_bb_layout_boxed_1200 bt_bb_vertical_align_top bt_bb_background_overlay_alternate_solid bt_bb_top_spacing_none bt_bb_bottom_spacing_none bt_bb_section_show_left_boxed_content\" style=\"; --section-primary-color:#ffffff; --section-secondary-color:#191919;;background-color:rgb(12,153,77);\" data-bt-override-class=\"{&quot;bt_bb_top_spacing_&quot;:{&quot;current_class&quot;:&quot;bt_bb_top_spacing_none&quot;,&quot;def&quot;:&quot;none&quot;},&quot;bt_bb_bottom_spacing_&quot;:{&quot;current_class&quot;:&quot;bt_bb_bottom_spacing_none&quot;,&quot;def&quot;:&quot;none&quot;}}\"><div class=\"bt_bb_background_image_holder_wrapper\"><div class=\"bt_bb_background_image_holder btLazyLoadBackground\"  data-background_image_src=\"https:\/\/medi-smile.com\/wp-content\/uploads\/2023\/11\/Zahnarzt-Medismile-Budapest-Ungarn.jpg\" data-parallax-zoom-start=\"1\" data-parallax-zoom-end=\"1\" data-parallax-blur-start=\"0\" data-parallax-blur-end=\"0\" data-parallax-opacity-start=\"1\" data-parallax-opacity-end=\"1\" style=\" background-image: url(&#039;https:\/\/medi-smile.com\/wp-content\/plugins\/bold-page-builder\/img\/blank.gif&#039;);\"><\/div><\/div><div class=\"bt_bb_port\"><div class=\"bt_bb_cell\"><div class=\"bt_bb_cell_inner\"><div class=\"bt_bb_row  bt_bb_column_gap_25\" style=\"; --column-gap:25px;\" data-bt-override-class=\"{}\"><div class=\"bt_bb_row_holder\" ><div data-bb-version=\"4.7.6\"  class=\"bt_bb_column col-xxl-6 col-xl-6 bt_bb_vertical_align_middle bt_bb_align_left bt_bb_padding_double bt_bb_animation_fade_in animate\" style=\"background-color:rgba(0,219,255,0.63);\" data-width=\"6\" data-bt-override-class=\"{&quot;bt_bb_align_&quot;:{&quot;current_class&quot;:&quot;bt_bb_align_left&quot;,&quot;def&quot;:&quot;left&quot;},&quot;bt_bb_padding_&quot;:{&quot;current_class&quot;:&quot;bt_bb_padding_double&quot;,&quot;def&quot;:&quot;double&quot;}}\"><div class=\"bt_bb_column_content\"><div class=\"bt_bb_separator bt_bb_border_style_none bt_bb_top_spacing_small bt_bb_bottom_spacing_normal\" data-bt-override-class=\"null\"><\/div><div data-bb-version=\"4.7.6\"  class=\"bt_bb_text content-pre\" ><\/p>\n<p>MEDISMILE Budapest<\/p>\n<p>\n<\/div><header data-bb-version=\"4.7.6\" class=\"bt_bb_headline content-h1 bt_bb_font_weight_bolder bt_bb_subheadline_text_transform_default bt_bb_dash_none bt_bb_size_huge bt_bb_align_inherit bt_bb_dash_type_none content-h1\" data-bt-override-class=\"{&quot;bt_bb_size_&quot;:{&quot;current_class&quot;:&quot;bt_bb_size_huge&quot;,&quot;def&quot;:&quot;huge&quot;},&quot;bt_bb_align_&quot;:{&quot;current_class&quot;:&quot;bt_bb_align_inherit&quot;,&quot;def&quot;:&quot;inherit&quot;}}\"><h1 class=\"bt_bb_headline_tag\"><span class=\"bt_bb_headline_content\"><span>High-end fog\u00e1szati laborat\u00f3riumunk<\/span><\/span><\/h1><\/header><div class=\"bt_bb_separator bt_bb_border_style_none bt_bb_bottom_spacing_small\" data-bt-override-class=\"null\"><\/div><header data-bb-version=\"4.7.6\" class=\"bt_bb_headline content-h2 bt_bb_font_weight_bolder bt_bb_subheadline_text_transform_default bt_bb_dash_none bt_bb_size_huge bt_bb_align_inherit bt_bb_dash_type_none content-h2\" data-bt-override-class=\"{&quot;bt_bb_size_&quot;:{&quot;current_class&quot;:&quot;bt_bb_size_huge&quot;,&quot;def&quot;:&quot;huge&quot;},&quot;bt_bb_align_&quot;:{&quot;current_class&quot;:&quot;bt_bb_align_inherit&quot;,&quot;def&quot;:&quot;inherit&quot;}}\"><h2 class=\"bt_bb_headline_tag\"><span class=\"bt_bb_headline_content\"><span>Cs\u00facskateg\u00f3ri\u00e1s fog\u00e1szati technol\u00f3gia<\/span><\/span><\/h2><\/header><\/div><\/div><div data-bb-version=\"4.7.6\"  class=\"bt_bb_column col-xxl-6 col-xl-6 bt_bb_vertical_align_middle bt_bb_align_left btLazyLoadBackground bt_bb_column_background_image bt_bb_mobile_align_to_both_edges bt_bb_padding_normal bt_bb_animation_fade_in animate\" style=\"padding: 0;background-image:url(&#039;https:\/\/medi-smile.com\/wp-content\/plugins\/bold-page-builder\/img\/blank.gif&#039;);\" data-background_image_src='https:\/\/medi-smile.com\/wp-content\/uploads\/2023\/12\/High-End-Labor-Medi-Smile-Budapest-Ungarn.jpg' data-width=\"6\" data-bt-override-class=\"{&quot;bt_bb_align_&quot;:{&quot;current_class&quot;:&quot;bt_bb_align_left&quot;,&quot;def&quot;:&quot;left&quot;},&quot;bt_bb_padding_&quot;:{&quot;current_class&quot;:&quot;bt_bb_padding_normal&quot;,&quot;def&quot;:&quot;normal&quot;}}\"><div class=\"bt_bb_column_content\"><div class=\"bt_bb_separator bt_bb_border_style_none bt_bb_top_spacing_extra_large bt_bb_bottom_spacing_extra_large\" data-bt-override-class=\"null\"><\/div><div class=\"bt_bb_separator bt_bb_border_style_none bt_bb_top_spacing_extra_large bt_bb_bottom_spacing_extra_large\" data-bt-override-class=\"null\"><\/div><\/div><\/div><\/div><\/div><\/div><!-- cell_inner --><\/div><!-- cell --><\/div><!-- port --><\/section><section data-bb-version=\"4.7.6\" id=\"bt_bb_section69dad93d83a02\" class=\"bt_bb_section bt_bb_layout_boxed_1200 bt_bb_vertical_align_top bt_bb_top_spacing_none bt_bb_bottom_spacing_none\" style=\"z-index: 2;background-size:100% auto;\" data-bt-override-class=\"{&quot;bt_bb_top_spacing_&quot;:{&quot;current_class&quot;:&quot;bt_bb_top_spacing_none&quot;,&quot;def&quot;:&quot;none&quot;},&quot;bt_bb_bottom_spacing_&quot;:{&quot;current_class&quot;:&quot;bt_bb_bottom_spacing_none&quot;,&quot;def&quot;:&quot;none&quot;}}\"><div class=\"bt_bb_port\"><div class=\"bt_bb_cell\"><div class=\"bt_bb_cell_inner\"><div class=\"bt_bb_row  bt_bb_column_gap_25\" style=\"margin-top: -3em;; --column-gap:25px;\" data-bt-override-class=\"{}\"><div class=\"bt_bb_row_holder\" ><div  class=\"bt_bb_column col-xxl-8 col-xl-8 bt_bb_vertical_align_top bt_bb_align_left bt_bb_padding_normal bt_bb_animation_fade_in animate\"  data-width=\"8\" data-bt-override-class=\"{}\"><div class=\"bt_bb_column_content\"><div data-bb-version=\"4.7.6\" class=\"bt_bb_separator bt_bb_border_style_none bt_bb_top_spacing_normal bt_bb_bottom_spacing_normal\" data-bt-override-class=\"{&quot;bt_bb_top_spacing_&quot;:{&quot;current_class&quot;:&quot;bt_bb_top_spacing_normal&quot;,&quot;def&quot;:&quot;normal&quot;},&quot;bt_bb_bottom_spacing_&quot;:{&quot;current_class&quot;:&quot;bt_bb_bottom_spacing_normal&quot;,&quot;def&quot;:&quot;normal&quot;}}\"><\/div><header data-bb-version=\"4.7.6\" class=\"bt_bb_headline content-h3 bt_bb_font_weight_bolder bt_bb_subheadline_text_transform_default bt_bb_color_scheme_17 bt_bb_dash_none bt_bb_size_large bt_bb_align_inherit bt_bb_dash_type_none content-h3\" style=\"; --primary-color:#353535; --secondary-color:#d6a82a;\" data-bt-override-class=\"{&quot;bt_bb_size_&quot;:{&quot;current_class&quot;:&quot;bt_bb_size_large&quot;,&quot;def&quot;:&quot;large&quot;},&quot;bt_bb_align_&quot;:{&quot;current_class&quot;:&quot;bt_bb_align_inherit&quot;,&quot;def&quot;:&quot;inherit&quot;}}\"><h3 class=\"bt_bb_headline_tag\"><span class=\"bt_bb_headline_content\"><span>A legmodernebb technik\u00e1k cs\u00facstechnol\u00f3gi\u00e1s budapesti fog\u00e1szati laborat\u00f3riumunkban a t\u00f6k\u00e9letes fogak\u00e9rt.<\/span><\/span><\/h3><\/header><div class=\"bt_bb_separator bt_bb_border_style_none bt_bb_bottom_spacing_small\" data-bt-override-class=\"null\"><\/div><div  class=\"bt_bb_text\" ><\/p>\n<p>Fedezze fel a budapesti Medismile fog\u00e1szati rendel\u0151nkben azt a vil\u00e1got, ahol a legmodernebb technol\u00f3gia \u00e9s a fog\u00e1szati szak\u00e9rtelem egyes\u00fcl, hogy a lehet\u0151 legjobb kezel\u00e9st ny\u00fajthassuk \u00d6nnek. Cs\u00facsmin\u0151s\u00e9g\u0171 laborat\u00f3riumunk a fog\u00e1szat leg\u00fajabb innov\u00e1ci\u00f3ival van felszerelve, hogy \u00faj fogai t\u00f6k\u00e9letesek legyenek.<\/p>\n<h4>CAD\/CAM technol\u00f3gia a t\u00f6k\u00e9letess\u00e9g\u00e9rt:<\/h4>\n<p>CAD\/CAM-technol\u00f3gi\u00e1nk lehet\u0151v\u00e9 teszi, hogy prec\u00edzen \u00e9s hat\u00e9konyan v\u00e9gezz\u00fck el a komplex fog\u00e1szati beavatkoz\u00e1sokat. Seg\u00edts\u00e9g\u00e9vel optimaliz\u00e1ljuk a kezel\u00e9si folyamatot, \u00e9s eszt\u00e9tikailag kellemes \u00e9s funkcion\u00e1lisan kiv\u00e1l\u00f3 eredm\u00e9nyeket k\u00edn\u00e1lunk p\u00e1cienseinknek.<\/p>\n<h4>Revol\u00faci\u00f3s 3D nyomtat\u00e1si technol\u00f3gia:<\/h4>\n<p>Rendel\u0151nk halad a korral, \u00e9s fejlett 3D nyomtat\u00e1si technik\u00e1kat alkalmaz, hogy pontos \u00e9s szem\u00e9lyre szabott fog\u00e1szati megold\u00e1sokat ny\u00fajtson. Ez a technol\u00f3gia lehet\u0151v\u00e9 teszi sz\u00e1munkra a kiv\u00e1l\u00f3 min\u0151s\u00e9g\u0171 fogp\u00f3tl\u00e1sok \u00e9s fogszerkezetek gyors \u00e9s hat\u00e9kony el\u0151\u00e1ll\u00edt\u00e1s\u00e1t.<\/p>\n<h4>Innovat\u00edv szoftverek a legmagasabb min\u0151s\u00e9g\u00e9rt<\/h4>\n<p>Speci\u00e1lis szoftverkieg\u00e9sz\u00edt\u0151kkel biztos\u00edtjuk, hogy a gy\u00e1rt\u00e1si folyamat minden l\u00e9p\u00e9se pontos \u00e9s hibamentes legyen. Ez lehet\u0151v\u00e9 teszi sz\u00e1munkra, hogy garant\u00e1ljuk fog\u00e1szati term\u00e9keink min\u0151s\u00e9g\u00e9t, mik\u00f6zben cs\u00f6kkentj\u00fck a kezel\u00e9si id\u0151t.<\/h4>\n<p>Rendel\u0151nkben ezeket a fejlett technol\u00f3gi\u00e1kat \u00f6tv\u00f6zz\u00fck csapatunk szakmai hozz\u00e1\u00e9rt\u00e9s\u00e9vel, hogy olyan kezel\u00e9st k\u00edn\u00e1lhassunk \u00d6nnek, amely nemcsak technikailag a legmagasabb szint\u0171, hanem a k\u00e9nyelem \u00e9s a betegell\u00e1t\u00e1s tekintet\u00e9ben sem hagy k\u00edv\u00e1nnival\u00f3t maga ut\u00e1n.<\/p>\n<p>Tapasztalja meg a j\u00f6v\u0151 fog\u00e1szat\u00e1t a budapesti Medismile-n\u00e1l &#8211; egy ragyog\u00f3 mosoly\u00e9rt, amelyet a legmodernebb technol\u00f3gia \u00e9s a szakmai szak\u00e9rtelem jellemez.<\/p>\n<p>\n<\/div><div data-bb-version=\"4.7.6\" class=\"bt_bb_separator bt_bb_border_style_none bt_bb_top_spacing_normal bt_bb_bottom_spacing_large\" data-bt-override-class=\"{&quot;bt_bb_top_spacing_&quot;:{&quot;current_class&quot;:&quot;bt_bb_top_spacing_normal&quot;,&quot;def&quot;:&quot;normal&quot;},&quot;bt_bb_bottom_spacing_&quot;:{&quot;current_class&quot;:&quot;bt_bb_bottom_spacing_large&quot;,&quot;def&quot;:&quot;large&quot;}}\"><\/div><\/div><\/div><div data-bb-version=\"4.7.6\"  class=\"bt_bb_column col-xxl-4 col-xl-4 bt_bb_vertical_align_top bt_bb_align_left bt_bb_padding_normal bt_bb_animation_fade_in animate\" style=\"padding:25px;\" data-width=\"4\" data-bt-override-class=\"{&quot;bt_bb_align_&quot;:{&quot;current_class&quot;:&quot;bt_bb_align_left&quot;,&quot;def&quot;:&quot;left&quot;},&quot;bt_bb_padding_&quot;:{&quot;current_class&quot;:&quot;bt_bb_padding_normal&quot;,&quot;def&quot;:&quot;normal&quot;}}\"><div class=\"bt_bb_column_content\"><div data-bb-version=\"4.7.6\" class=\"bt_bb_image bt_bb_shape_square bt_bb_target_self bt_bb_align_inherit bt_bb_hover_style_simple bt_bb_content_display_always bt_bb_content_align_middle\" data-bt-override-class=\"{&quot;bt_bb_align_&quot;:{&quot;current_class&quot;:&quot;bt_bb_align_inherit&quot;,&quot;def&quot;:&quot;inherit&quot;},&quot;bt_bb_content_display_&quot;:{&quot;current_class&quot;:&quot;bt_bb_content_display_always&quot;,&quot;def&quot;:&quot;always&quot;}}\"><span><img loading=\"lazy\" decoding=\"async\" width=\"360\" height=\"285\" src=\"https:\/\/medi-smile.com\/wp-content\/uploads\/2023\/12\/Zahnlabor-Bilderserie-1-Medi-Smile-Budapest-Ungarn.jpg\" class=\"attachment-full size-full\" alt=\"Zahnlabor - Bilderserie - 1 - Medismile - Budapest - Ungarn\" data-full_image_src=\"https:\/\/medi-smile.com\/wp-content\/uploads\/2023\/12\/Zahnlabor-Bilderserie-1-Medi-Smile-Budapest-Ungarn.jpg\" title=\"Zahnlabor - Bilderserie - 1 - Medismile - Budapest - Ungarn\" srcset=\"https:\/\/medi-smile.com\/wp-content\/uploads\/2023\/12\/Zahnlabor-Bilderserie-1-Medi-Smile-Budapest-Ungarn.jpg 360w, https:\/\/medi-smile.com\/wp-content\/uploads\/2023\/12\/Zahnlabor-Bilderserie-1-Medi-Smile-Budapest-Ungarn-320x253.jpg 320w\" sizes=\"auto, (max-width: 360px) 100vw, 360px\" \/><\/span><\/div><div data-bb-version=\"4.7.6\" class=\"bt_bb_separator bt_bb_border_style_none bt_bb_top_spacing_extra_small bt_bb_bottom_spacing_extra_small\" data-bt-override-class=\"{&quot;bt_bb_top_spacing_&quot;:{&quot;current_class&quot;:&quot;bt_bb_top_spacing_extra_small&quot;,&quot;def&quot;:&quot;extra_small&quot;},&quot;bt_bb_bottom_spacing_&quot;:{&quot;current_class&quot;:&quot;bt_bb_bottom_spacing_extra_small&quot;,&quot;def&quot;:&quot;extra_small&quot;}}\"><\/div><div data-bb-version=\"4.7.6\" class=\"bt_bb_image bt_bb_shape_square bt_bb_target_self bt_bb_align_inherit bt_bb_hover_style_simple bt_bb_content_display_always bt_bb_content_align_middle\" data-bt-override-class=\"{&quot;bt_bb_align_&quot;:{&quot;current_class&quot;:&quot;bt_bb_align_inherit&quot;,&quot;def&quot;:&quot;inherit&quot;},&quot;bt_bb_content_display_&quot;:{&quot;current_class&quot;:&quot;bt_bb_content_display_always&quot;,&quot;def&quot;:&quot;always&quot;}}\"><span><img loading=\"lazy\" decoding=\"async\" width=\"360\" height=\"285\" src=\"https:\/\/medi-smile.com\/wp-content\/uploads\/2023\/12\/Zahnlabor-Bilderserie-2-Medi-Smile-Budapest-Ungarn.jpg\" class=\"attachment-full size-full\" alt=\"Zahnlabor - Bilderserie - 2 - Medismile - Budapest - Ungarn\" data-full_image_src=\"https:\/\/medi-smile.com\/wp-content\/uploads\/2023\/12\/Zahnlabor-Bilderserie-2-Medi-Smile-Budapest-Ungarn.jpg\" title=\"Zahnlabor - Bilderserie - 2 - Medismile - Budapest - Ungarn\" srcset=\"https:\/\/medi-smile.com\/wp-content\/uploads\/2023\/12\/Zahnlabor-Bilderserie-2-Medi-Smile-Budapest-Ungarn.jpg 360w, https:\/\/medi-smile.com\/wp-content\/uploads\/2023\/12\/Zahnlabor-Bilderserie-2-Medi-Smile-Budapest-Ungarn-320x253.jpg 320w\" sizes=\"auto, (max-width: 360px) 100vw, 360px\" \/><\/span><\/div><div data-bb-version=\"4.7.6\" class=\"bt_bb_separator bt_bb_border_style_none bt_bb_top_spacing_extra_small bt_bb_bottom_spacing_extra_small\" data-bt-override-class=\"{&quot;bt_bb_top_spacing_&quot;:{&quot;current_class&quot;:&quot;bt_bb_top_spacing_extra_small&quot;,&quot;def&quot;:&quot;extra_small&quot;},&quot;bt_bb_bottom_spacing_&quot;:{&quot;current_class&quot;:&quot;bt_bb_bottom_spacing_extra_small&quot;,&quot;def&quot;:&quot;extra_small&quot;}}\"><\/div><div data-bb-version=\"4.7.6\" class=\"bt_bb_image bt_bb_shape_square bt_bb_target_self bt_bb_align_inherit bt_bb_hover_style_simple bt_bb_content_display_always bt_bb_content_align_middle\" data-bt-override-class=\"{&quot;bt_bb_align_&quot;:{&quot;current_class&quot;:&quot;bt_bb_align_inherit&quot;,&quot;def&quot;:&quot;inherit&quot;},&quot;bt_bb_content_display_&quot;:{&quot;current_class&quot;:&quot;bt_bb_content_display_always&quot;,&quot;def&quot;:&quot;always&quot;}}\"><span><img loading=\"lazy\" decoding=\"async\" width=\"360\" height=\"285\" src=\"https:\/\/medi-smile.com\/wp-content\/uploads\/2023\/12\/Zahnlabor-Bilderserie-5-Medi-Smile-Budapest-Ungarn.jpg\" class=\"attachment-full size-full\" alt=\"Zahnlabor - Bilderserie - 5 - Medismile - Budapest - Ungarn\" data-full_image_src=\"https:\/\/medi-smile.com\/wp-content\/uploads\/2023\/12\/Zahnlabor-Bilderserie-5-Medi-Smile-Budapest-Ungarn.jpg\" title=\"Zahnlabor - Bilderserie - 5 - Medismile - Budapest - Ungarn\" srcset=\"https:\/\/medi-smile.com\/wp-content\/uploads\/2023\/12\/Zahnlabor-Bilderserie-5-Medi-Smile-Budapest-Ungarn.jpg 360w, https:\/\/medi-smile.com\/wp-content\/uploads\/2023\/12\/Zahnlabor-Bilderserie-5-Medi-Smile-Budapest-Ungarn-320x253.jpg 320w\" sizes=\"auto, (max-width: 360px) 100vw, 360px\" \/><\/span><\/div><div data-bb-version=\"4.7.6\" class=\"bt_bb_separator bt_bb_border_style_none bt_bb_top_spacing_extra_small bt_bb_bottom_spacing_extra_small\" data-bt-override-class=\"{&quot;bt_bb_top_spacing_&quot;:{&quot;current_class&quot;:&quot;bt_bb_top_spacing_extra_small&quot;,&quot;def&quot;:&quot;extra_small&quot;},&quot;bt_bb_bottom_spacing_&quot;:{&quot;current_class&quot;:&quot;bt_bb_bottom_spacing_extra_small&quot;,&quot;def&quot;:&quot;extra_small&quot;}}\"><\/div><div data-bb-version=\"4.7.6\" class=\"bt_bb_image bt_bb_shape_square bt_bb_target_self bt_bb_align_inherit bt_bb_hover_style_simple bt_bb_content_display_always bt_bb_content_align_middle\" data-bt-override-class=\"{&quot;bt_bb_align_&quot;:{&quot;current_class&quot;:&quot;bt_bb_align_inherit&quot;,&quot;def&quot;:&quot;inherit&quot;},&quot;bt_bb_content_display_&quot;:{&quot;current_class&quot;:&quot;bt_bb_content_display_always&quot;,&quot;def&quot;:&quot;always&quot;}}\"><span><img loading=\"lazy\" decoding=\"async\" width=\"360\" height=\"285\" src=\"https:\/\/medi-smile.com\/wp-content\/uploads\/2023\/12\/Zahnlabor-Bilderserie-4-Medi-Smile-Budapest-Ungarn.jpg\" class=\"attachment-full size-full\" alt=\"https:\/\/medi-smile.com\/wp-content\/uploads\/2023\/12\/Zahnlabor-Bilderserie-4-Medi-Smile-Budapest-Ungarn.jpg\" data-full_image_src=\"https:\/\/medi-smile.com\/wp-content\/uploads\/2023\/12\/Zahnlabor-Bilderserie-4-Medi-Smile-Budapest-Ungarn.jpg\" title=\"Zahnlabor - Bilderserie - 4 - Medismile - Budapest - Ungarn\" srcset=\"https:\/\/medi-smile.com\/wp-content\/uploads\/2023\/12\/Zahnlabor-Bilderserie-4-Medi-Smile-Budapest-Ungarn.jpg 360w, https:\/\/medi-smile.com\/wp-content\/uploads\/2023\/12\/Zahnlabor-Bilderserie-4-Medi-Smile-Budapest-Ungarn-320x253.jpg 320w\" sizes=\"auto, (max-width: 360px) 100vw, 360px\" \/><\/span><\/div><\/div><\/div><\/div><\/div><\/div><!-- cell_inner --><\/div><!-- cell --><\/div><!-- port --><\/section><\/p>\n","protected":false},"excerpt":{"rendered":"","protected":false},"author":1,"featured_media":0,"parent":4662,"menu_order":5,"comment_status":"closed","ping_status":"closed","template":"","meta":{"footnotes":""},"class_list":["post-4677","page","type-page","status-publish","hentry"],"_links":{"self":[{"href":"https:\/\/medi-smile.com\/hu\/wp-json\/wp\/v2\/pages\/4677","targetHints":{"allow":["GET"]}}],"collection":[{"href":"https:\/\/medi-smile.com\/hu\/wp-json\/wp\/v2\/pages"}],"about":[{"href":"https:\/\/medi-smile.com\/hu\/wp-json\/wp\/v2\/types\/page"}],"author":[{"embeddable":true,"href":"https:\/\/medi-smile.com\/hu\/wp-json\/wp\/v2\/users\/1"}],"replies":[{"embeddable":true,"href":"https:\/\/medi-smile.com\/hu\/wp-json\/wp\/v2\/comments?post=4677"}],"version-history":[{"count":2,"href":"https:\/\/medi-smile.com\/hu\/wp-json\/wp\/v2\/pages\/4677\/revisions"}],"predecessor-version":[{"id":4679,"href":"https:\/\/medi-smile.com\/hu\/wp-json\/wp\/v2\/pages\/4677\/revisions\/4679"}],"up":[{"embeddable":true,"href":"https:\/\/medi-smile.com\/hu\/wp-json\/wp\/v2\/pages\/4662"}],"wp:attachment":[{"href":"https:\/\/medi-smile.com\/hu\/wp-json\/wp\/v2\/media?parent=4677"}],"curies":[{"name":"wp","href":"https:\/\/api.w.org\/{rel}","templated":true}]}}