{"id":4680,"date":"2019-12-30T11:28:19","date_gmt":"2019-12-30T10:28:19","guid":{"rendered":"https:\/\/medi-smile.com\/a-medismile-rol\/medismile-elhelyezkedes"},"modified":"2024-08-11T11:28:30","modified_gmt":"2024-08-11T09:28:30","slug":"medismile-elhelyezkedes","status":"publish","type":"page","link":"https:\/\/medi-smile.com\/hu\/a-medismile-rol\/medismile-elhelyezkedes","title":{"rendered":"MEDISMILE Elhelyezked\u00e9s"},"content":{"rendered":"<p><section data-bb-version=\"4.7.6\" id=\"bt_bb_section69d6629b4258b\" class=\"bt_bb_section bt_bb_color_scheme_2 bt_bb_layout_wide bt_bb_vertical_align_top bt_bb_top_spacing_extra_small bt_bb_bottom_spacing_none\" style=\"; --section-primary-color:#191919; --section-secondary-color:#ffffff;\" data-bt-override-class=\"{&quot;bt_bb_top_spacing_&quot;:{&quot;current_class&quot;:&quot;bt_bb_top_spacing_extra_small&quot;,&quot;def&quot;:&quot;extra_small&quot;},&quot;bt_bb_bottom_spacing_&quot;:{&quot;current_class&quot;:&quot;bt_bb_bottom_spacing_none&quot;,&quot;def&quot;:&quot;none&quot;}}\"><div class=\"bt_bb_port\"><div class=\"bt_bb_cell\"><div class=\"bt_bb_cell_inner\"><div data-bb-version=\"4.7.6\" class=\"bt_bb_row \"  data-bt-override-class=\"{}\"><div class=\"bt_bb_row_holder\" ><div  class=\"bt_bb_column col-xxl-12 col-xl-12 bt_bb_vertical_align_top bt_bb_align_left bt_bb_padding_normal\" style=\"margin-top: -35px;\" data-width=\"12\" data-bt-override-class=\"{}\"><div class=\"bt_bb_column_content\"><div data-bb-version=\"4.7.6\" class=\"bt_bb_google_maps bt_bb_map bt_bb_google_maps_info_right bt_bb_map_type_interactive bt_bb_google_maps_with_content bt_bb_map_with_content\" style=\"margin-top:25px;\" data-center=\"yes\"><div class=\"bt_bb_google_maps_map bt_bb_map_map\" id=\"map_canvas69d6629b428e9\" data-height=\"600\" data-api-key=\"AIzaSyAc1-9kDjmoCqt_axWitazNAXYS5OLcpJo\" data-map-type=\"interactive\" data-zoom=\"15\" data-init-finished=\"false\" data-custom-style=\"WwogICAgewogICAgICAgICJmZWF0dXJlVHlwZSI6ICJhZG1pbmlzdHJhdGl2ZSIsCiAgICAgICAgImVsZW1lbnRUeXBlIjogImxhYmVscy50ZXh0LmZpbGwiLAogICAgICAgICJzdHlsZXJzIjogWwogICAgICAgICAgICB7CiAgICAgICAgICAgICAgICAiY29sb3IiOiAiIzQ0NDQ0NCIKICAgICAgICAgICAgfQogICAgICAgIF0KICAgIH0sCiAgICB7CiAgICAgICAgImZlYXR1cmVUeXBlIjogImxhbmRzY2FwZSIsCiAgICAgICAgImVsZW1lbnRUeXBlIjogImFsbCIsCiAgICAgICAgInN0eWxlcnMiOiBbCiAgICAgICAgICAgIHsKICAgICAgICAgICAgICAgICJjb2xvciI6ICIjZjJmMmYyIgogICAgICAgICAgICB9CiAgICAgICAgXQogICAgfSwKICAgIHsKICAgICAgICAiZmVhdHVyZVR5cGUiOiAicG9pIiwKICAgICAgICAiZWxlbWVudFR5cGUiOiAiYWxsIiwKICAgICAgICAic3R5bGVycyI6IFsKICAgICAgICAgICAgewogICAgICAgICAgICAgICAgInZpc2liaWxpdHkiOiAib2ZmIgogICAgICAgICAgICB9CiAgICAgICAgXQogICAgfSwKICAgIHsKICAgICAgICAiZmVhdHVyZVR5cGUiOiAicm9hZCIsCiAgICAgICAgImVsZW1lbnRUeXBlIjogImFsbCIsCiAgICAgICAgInN0eWxlcnMiOiBbCiAgICAgICAgICAgIHsKICAgICAgICAgICAgICAgICJzYXR1cmF0aW9uIjogLTEwMAogICAgICAgICAgICB9LAogICAgICAgICAgICB7CiAgICAgICAgICAgICAgICAibGlnaHRuZXNzIjogNDUKICAgICAgICAgICAgfQogICAgICAgIF0KICAgIH0sCiAgICB7CiAgICAgICAgImZlYXR1cmVUeXBlIjogInJvYWQuaGlnaHdheSIsCiAgICAgICAgImVsZW1lbnRUeXBlIjogImFsbCIsCiAgICAgICAgInN0eWxlcnMiOiBbCiAgICAgICAgICAgIHsKICAgICAgICAgICAgICAgICJ2aXNpYmlsaXR5IjogInNpbXBsaWZpZWQiCiAgICAgICAgICAgIH0KICAgICAgICBdCiAgICB9LAogICAgewogICAgICAgICJmZWF0dXJlVHlwZSI6ICJyb2FkLmFydGVyaWFsIiwKICAgICAgICAiZWxlbWVudFR5cGUiOiAibGFiZWxzLmljb24iLAogICAgICAgICJzdHlsZXJzIjogWwogICAgICAgICAgICB7CiAgICAgICAgICAgICAgICAidmlzaWJpbGl0eSI6ICJvZmYiCiAgICAgICAgICAgIH0KICAgICAgICBdCiAgICB9LAogICAgewogICAgICAgICJmZWF0dXJlVHlwZSI6ICJ0cmFuc2l0IiwKICAgICAgICAiZWxlbWVudFR5cGUiOiAiYWxsIiwKICAgICAgICAic3R5bGVycyI6IFsKICAgICAgICAgICAgewogICAgICAgICAgICAgICAgInZpc2liaWxpdHkiOiAib2ZmIgogICAgICAgICAgICB9CiAgICAgICAgXQogICAgfSwKICAgIHsKICAgICAgICAiZmVhdHVyZVR5cGUiOiAid2F0ZXIiLAogICAgICAgICJlbGVtZW50VHlwZSI6ICJhbGwiLAogICAgICAgICJzdHlsZXJzIjogWwogICAgICAgICAgICB7CiAgICAgICAgICAgICAgICAiY29sb3IiOiAiIzBlNTRhZSIKICAgICAgICAgICAgfSwKICAgICAgICAgICAgewogICAgICAgICAgICAgICAgInZpc2liaWxpdHkiOiAib24iCiAgICAgICAgICAgIH0KICAgICAgICBdCiAgICB9Cl0=\"><\/div><span class=\"bt_bb_google_maps_content_toggler bt_bb_map_content_toggler\"><\/span><div class=\"bt_bb_google_maps_content bt_bb_map_content\"><div class=\"bt_bb_google_maps_content_wrapper bt_bb_map_content_wrapper\"><div data-bb-version=\"4.7.6\" class=\"bt_bb_google_maps_location bt_bb_map_location\" data-lat=\"47.4956836\" data-lng=\"19.0528116\" data-icon=\"https:\/\/medi-smile.com\/wp-content\/uploads\/2023\/11\/MEDISMILE-Map-marker.png\"><div data-bb-version=\"4.7.6\" class=\"bt_bb_image bt_bb_shape_square bt_bb_target_self bt_bb_align_inherit bt_bb_hover_style_simple bt_bb_content_display_always bt_bb_content_align_middle\" data-bt-override-class=\"{&quot;bt_bb_align_&quot;:{&quot;current_class&quot;:&quot;bt_bb_align_inherit&quot;,&quot;def&quot;:&quot;inherit&quot;},&quot;bt_bb_content_display_&quot;:{&quot;current_class&quot;:&quot;bt_bb_content_display_always&quot;,&quot;def&quot;:&quot;always&quot;}}\"><span><img loading=\"lazy\" decoding=\"async\" width=\"350\" height=\"250\" src=\"https:\/\/medi-smile.com\/wp-content\/uploads\/2023\/11\/Medismile-Standort-Budapest-Ungarn.jpg\" class=\"attachment-full size-full\" alt=\"MEDI-SMILE - Standort - Budapest - Ungarn\" data-full_image_src=\"https:\/\/medi-smile.com\/wp-content\/uploads\/2023\/11\/Medismile-Standort-Budapest-Ungarn.jpg\" title=\"MEDI-SMILE - Standort - Budapest - Ungarn\" srcset=\"https:\/\/medi-smile.com\/wp-content\/uploads\/2023\/11\/Medismile-Standort-Budapest-Ungarn.jpg 350w, https:\/\/medi-smile.com\/wp-content\/uploads\/2023\/11\/Medismile-Standort-Budapest-Ungarn-320x229.jpg 320w\" sizes=\"auto, (max-width: 350px) 100vw, 350px\" \/><\/span><\/div><div class=\"bt_bb_separator bt_bb_border_style_none bt_bb_bottom_spacing_small\" data-bt-override-class=\"null\"><\/div><header data-bb-version=\"4.7.6\" class=\"bt_bb_headline bt_bb_font_weight_bolder bt_bb_subheadline_text_transform_default bt_bb_color_scheme_17 bt_bb_dash_none bt_bb_size_medium bt_bb_align_inherit bt_bb_dash_type_none\" style=\"; --primary-color:#353535; --secondary-color:#d6a82a;\" data-bt-override-class=\"{&quot;bt_bb_size_&quot;:{&quot;current_class&quot;:&quot;bt_bb_size_medium&quot;,&quot;def&quot;:&quot;medium&quot;},&quot;bt_bb_align_&quot;:{&quot;current_class&quot;:&quot;bt_bb_align_inherit&quot;,&quot;def&quot;:&quot;inherit&quot;}}\"><h2 class=\"bt_bb_headline_tag\"><span class=\"bt_bb_headline_content\"><span><small>MEDISMILE<\/small>K\u00f6sz\u00f6nt\u00f6m \u00f6n\u00f6ket!<\/span><\/span><\/h2><\/header><div class=\"bt_bb_separator bt_bb_border_style_none bt_bb_top_spacing_small\" data-bt-override-class=\"null\"><\/div><div data-bb-version=\"4.7.6\" class=\"btWorkingHours  bt_bb_working_hours_has_link\" ><div class=\"btWorkingHoursInner\"><div class=\"bt_bb_working_hours_inner_row\"><div class=\"bt_bb_working_hours_inner_wrapper\"><div class=\"bt_bb_working_hours_inner_title\">H\u00e9tf\u0151<\/div><div class=\"bt_bb_working_hours_inner_content\">09:00 - 17:00<\/div><div class=\"bt_bb_working_hours_inner_link\"><a href=\"\" title=\"&lt;br \/&gt;\"><br \/><\/a><\/div><\/div><\/div><div class=\"bt_bb_working_hours_inner_row\"><div class=\"bt_bb_working_hours_inner_wrapper\"><div class=\"bt_bb_working_hours_inner_title\">Kedd<\/div><div class=\"bt_bb_working_hours_inner_content\">09:00 - 17:00<\/div><div class=\"bt_bb_working_hours_inner_link\"><a href=\"\" title=\"&lt;br \/&gt;\"><br \/><\/a><\/div><\/div><\/div><div class=\"bt_bb_working_hours_inner_row\"><div class=\"bt_bb_working_hours_inner_wrapper\"><div class=\"bt_bb_working_hours_inner_title\">Szerda<\/div><div class=\"bt_bb_working_hours_inner_content\">09:00 - 17:00<\/div><div class=\"bt_bb_working_hours_inner_link\"><a href=\"\" title=\"&lt;br \/&gt;\"><br \/><\/a><\/div><\/div><\/div><div class=\"bt_bb_working_hours_inner_row\"><div class=\"bt_bb_working_hours_inner_wrapper\"><div class=\"bt_bb_working_hours_inner_title\">Cs\u00fct\u00f6rt\u00f6k<\/div><div class=\"bt_bb_working_hours_inner_content\">09:00 - 17:00<\/div><div class=\"bt_bb_working_hours_inner_link\"><a href=\"\" title=\"&lt;br \/&gt;\"><br \/><\/a><\/div><\/div><\/div><div class=\"bt_bb_working_hours_inner_row\"><div class=\"bt_bb_working_hours_inner_wrapper\"><div class=\"bt_bb_working_hours_inner_title\">P\u00e9ntek<\/div><div class=\"bt_bb_working_hours_inner_content\">09:00 - 17:00<\/div><div class=\"bt_bb_working_hours_inner_link\"><a href=\"\" title=\"&lt;br \/&gt;\"><br \/><\/a><\/div><\/div><\/div><div class=\"bt_bb_working_hours_inner_row\"><div class=\"bt_bb_working_hours_inner_wrapper\"><div class=\"bt_bb_working_hours_inner_title\">Szombat \u00e9s vas\u00e1rnap<\/div><div class=\"bt_bb_working_hours_inner_content\">Z\u00e1rva<\/div><\/div><\/div><\/div><\/div><\/div><\/div><\/div><\/div><\/div><\/div><\/div><\/div><\/div><!-- cell_inner --><\/div><!-- cell --><\/div><!-- port --><\/section><section data-bb-version=\"4.7.6\" id=\"bt_bb_section69d6629b43684\" class=\"bt_bb_section bt_bb_layout_boxed_1200 bt_bb_vertical_align_top bt_bb_top_spacing_medium bt_bb_bottom_spacing_medium section-links-visible\"  data-bt-override-class=\"{&quot;bt_bb_top_spacing_&quot;:{&quot;current_class&quot;:&quot;bt_bb_top_spacing_medium&quot;,&quot;def&quot;:&quot;medium&quot;},&quot;bt_bb_bottom_spacing_&quot;:{&quot;current_class&quot;:&quot;bt_bb_bottom_spacing_medium&quot;,&quot;def&quot;:&quot;medium&quot;}}\"><div class=\"bt_bb_port\"><div class=\"bt_bb_cell\"><div class=\"bt_bb_cell_inner\"><div class=\"bt_bb_row \"  data-bt-override-class=\"{}\"><div class=\"bt_bb_row_holder\" ><div  class=\"bt_bb_column col-xxl-3 col-xl-3 bt_bb_vertical_align_middle bt_bb_align_center bt_bb_padding_normal bt_bb_animation_fade_in move_up animate\" style=\"border-right: 1px solid rgba(34,34,34,.1);\" data-width=\"3\" data-bt-override-class=\"{}\"><div class=\"bt_bb_column_content\"><div data-bb-version=\"4.9.1\" class=\"bt_bb_service bt_bb_color_scheme_7 bt_bb_style_borderless bt_bb_size_xlarge bt_bb_shape_circle bt_bb_target_self bt_bb_align_inherit\" style=\"; --primary-color:#353535; --secondary-color:#191919;\" data-bt-override-class=\"{&quot;bt_bb_size_&quot;:{&quot;current_class&quot;:&quot;bt_bb_size_xlarge&quot;,&quot;def&quot;:&quot;xlarge&quot;},&quot;bt_bb_align_&quot;:{&quot;current_class&quot;:&quot;bt_bb_align_inherit&quot;,&quot;def&quot;:&quot;inherit&quot;}}\"><a href=\"tel:0036301016510\"  target=\"_self\"  title=\"0036 (0) 30 101 6510\"  data-ico-medical=\"&#xe915;\" class=\"bt_bb_icon_holder\"><\/a><div class=\"bt_bb_service_content\"><div class=\"bt_bb_service_content_title\"><a href=\"tel:0036301016510\" target=\"_self\" title=\"0036 (0) 30 101 6510\">0036 (0) 30 101 6510<\/a><\/div><div class=\"bt_bb_service_content_text\">Telefonos El\u00e9rhet\u0151s\u00e9g<\/div><\/div><\/div><div class=\"bt_bb_separator bt_bb_border_style_none bt_bb_bottom_spacing_small bt_bb_hidden_md bt_bb_hidden_lg\" data-bt-override-class=\"null\"><\/div><\/div><\/div><div  class=\"bt_bb_column col-xxl-3 col-xl-3 bt_bb_vertical_align_middle bt_bb_align_center bt_bb_padding_normal bt_bb_animation_fade_in move_up animate\" style=\"border-right: 1px solid rgba(34,34,34,.1);\" data-width=\"3\" data-bt-override-class=\"{}\"><div class=\"bt_bb_column_content\"><div data-bb-version=\"4.9.1\" class=\"bt_bb_service bt_bb_color_scheme_7 bt_bb_style_borderless bt_bb_size_xlarge bt_bb_shape_circle bt_bb_target_blank bt_bb_align_inherit\" style=\"; --primary-color:#353535; --secondary-color:#191919;\" data-bt-override-class=\"{&quot;bt_bb_size_&quot;:{&quot;current_class&quot;:&quot;bt_bb_size_xlarge&quot;,&quot;def&quot;:&quot;xlarge&quot;},&quot;bt_bb_align_&quot;:{&quot;current_class&quot;:&quot;bt_bb_align_inherit&quot;,&quot;def&quot;:&quot;inherit&quot;}}\"><a href=\"https:\/\/maps.app.goo.gl\/CpjEMbhJDy9JAoMx5\" target=\"_blank\" title=\"C\u00edm:\" data-ico-medical=\"&#xe929;\" class=\"bt_bb_icon_holder\" rel=\"noopener\"><\/a><div class=\"bt_bb_service_content\"><div class=\"bt_bb_service_content_title\"><a href=\"https:\/\/maps.app.goo.gl\/CpjEMbhJDy9JAoMx5\" target=\"_blank\" title=\"C\u00edm:\" rel=\"noopener\">C\u00edm:<\/a><\/div><div class=\"bt_bb_service_content_text\">Szervita t\u00e9r 8,1052 Budapest, Magyarorsz\u00e1g<\/div><\/div><\/div><div class=\"bt_bb_separator bt_bb_border_style_none bt_bb_bottom_spacing_small bt_bb_hidden_md bt_bb_hidden_lg\" data-bt-override-class=\"null\"><\/div><\/div><\/div><div  class=\"bt_bb_column col-xxl-3 col-xl-3 bt_bb_vertical_align_middle bt_bb_align_center bt_bb_padding_normal bt_bb_animation_fade_in move_up animate\" style=\"border-right: 1px solid rgba(34,34,34,.1);\" data-width=\"3\" data-bt-override-class=\"{}\"><div class=\"bt_bb_column_content\"><div data-bb-version=\"4.7.6\" class=\"bt_bb_service bt_bb_color_scheme_7 bt_bb_style_borderless bt_bb_size_xlarge bt_bb_shape_circle bt_bb_target_self bt_bb_align_inherit\" style=\"; --primary-color:#353535; --secondary-color:#191919;\" data-bt-override-class=\"{&quot;bt_bb_size_&quot;:{&quot;current_class&quot;:&quot;bt_bb_size_xlarge&quot;,&quot;def&quot;:&quot;xlarge&quot;},&quot;bt_bb_align_&quot;:{&quot;current_class&quot;:&quot;bt_bb_align_inherit&quot;,&quot;def&quot;:&quot;inherit&quot;}}\"><span  data-ico-dentalcare=\"&#xe92e;\" class=\"bt_bb_icon_holder\"><\/span><div class=\"bt_bb_service_content\"><div class=\"bt_bb_service_content_title\">Nyitva tart\u00e1s<\/div><div class=\"bt_bb_service_content_text\">H\u00e9tf\u0151t\u0151l p\u00e9ntekig:<br \/><br \/>\n09:00 - 17:00<\/div><\/div><\/div><div class=\"bt_bb_separator bt_bb_border_style_none bt_bb_bottom_spacing_small bt_bb_hidden_md bt_bb_hidden_lg\" data-bt-override-class=\"null\"><\/div><\/div><\/div><div  class=\"bt_bb_column col-xxl-3 col-xl-3 bt_bb_vertical_align_middle bt_bb_align_center bt_bb_padding_normal bt_bb_animation_fade_in move_up animate\"  data-width=\"3\" data-bt-override-class=\"{}\"><div class=\"bt_bb_column_content\"><div data-bb-version=\"4.7.5\" class=\"bt_bb_service bt_bb_color_scheme_7 bt_bb_style_borderless bt_bb_size_xlarge bt_bb_shape_circle bt_bb_target_self bt_bb_align_inherit\" style=\"; --primary-color:#353535; --secondary-color:#191919;\" data-bt-override-class=\"{&quot;bt_bb_size_&quot;:{&quot;current_class&quot;:&quot;bt_bb_size_xlarge&quot;,&quot;def&quot;:&quot;xlarge&quot;},&quot;bt_bb_align_&quot;:{&quot;current_class&quot;:&quot;bt_bb_align_inherit&quot;,&quot;def&quot;:&quot;inherit&quot;}}\"><a href=\"mailto:info@medi-smile.com\"  target=\"_self\"  title=\"info@medi-smile.com\"  data-ico-medical=\"&#xe91b;\" class=\"bt_bb_icon_holder\"><\/a><div class=\"bt_bb_service_content\"><div class=\"bt_bb_service_content_title\"><a href=\"mailto:info@medi-smile.com\" target=\"_self\" title=\"info@medi-smile.com\">info@medi-smile.com<\/a><\/div><div class=\"bt_bb_service_content_text\">\u00cdrjon nek\u00fcnk<\/div><\/div><\/div><\/div><\/div><\/div><\/div><\/div><!-- cell_inner --><\/div><!-- cell --><\/div><!-- port --><\/section><\/p>\n","protected":false},"excerpt":{"rendered":"","protected":false},"author":1,"featured_media":3017,"parent":4662,"menu_order":6,"comment_status":"closed","ping_status":"closed","template":"","meta":{"footnotes":""},"class_list":["post-4680","page","type-page","status-publish","has-post-thumbnail","hentry"],"_links":{"self":[{"href":"https:\/\/medi-smile.com\/hu\/wp-json\/wp\/v2\/pages\/4680","targetHints":{"allow":["GET"]}}],"collection":[{"href":"https:\/\/medi-smile.com\/hu\/wp-json\/wp\/v2\/pages"}],"about":[{"href":"https:\/\/medi-smile.com\/hu\/wp-json\/wp\/v2\/types\/page"}],"author":[{"embeddable":true,"href":"https:\/\/medi-smile.com\/hu\/wp-json\/wp\/v2\/users\/1"}],"replies":[{"embeddable":true,"href":"https:\/\/medi-smile.com\/hu\/wp-json\/wp\/v2\/comments?post=4680"}],"version-history":[{"count":6,"href":"https:\/\/medi-smile.com\/hu\/wp-json\/wp\/v2\/pages\/4680\/revisions"}],"predecessor-version":[{"id":4920,"href":"https:\/\/medi-smile.com\/hu\/wp-json\/wp\/v2\/pages\/4680\/revisions\/4920"}],"up":[{"embeddable":true,"href":"https:\/\/medi-smile.com\/hu\/wp-json\/wp\/v2\/pages\/4662"}],"wp:featuredmedia":[{"embeddable":true,"href":"https:\/\/medi-smile.com\/hu\/wp-json\/wp\/v2\/media\/3017"}],"wp:attachment":[{"href":"https:\/\/medi-smile.com\/hu\/wp-json\/wp\/v2\/media?parent=4680"}],"curies":[{"name":"wp","href":"https:\/\/api.w.org\/{rel}","templated":true}]}}